{"id":96,"date":"2012-11-18T15:07:28","date_gmt":"2012-11-18T14:07:28","guid":{"rendered":"https:\/\/blog.univ-angers.fr\/yvesdenechere\/?page_id=96"},"modified":"2025-01-12T10:55:26","modified_gmt":"2025-01-12T09:55:26","slug":"lhistoire-de-ladoption-internationale-a-loral","status":"publish","type":"page","link":"https:\/\/blog.univ-angers.fr\/yvesdenechere\/lhistoire-de-ladoption-internationale-a-loral\/","title":{"rendered":"Adoption internationale"},"content":{"rendered":"<p><em>NB pour les publications et les interventions dans les m\u00e9dias, se reporter \u00e0 ces pages.<\/em><\/p>\n<p><strong>Interventions sur le th\u00e8me de l\u2019adoption dans des colloques et s\u00e9minaires universitaires fran\u00e7ais et internationaux :<\/strong><\/p>\n<h5>&#8211; Magdeburg, International Conference <em>Politics of Child Adoption in 20th Century<\/em>, \u00ab\u00a0Illicit practices in International Adoption in France. What responsabilities?\u00a0\u00bb, janvier 2025.<\/h5>\n<h5>&#8211; Colloque du centenaire de l&rsquo;adoption, \u00ab\u00a0Un si\u00e8cle d&rsquo;adoption des enfants en France\u00a0\u00bb, Angers, juin 2023.<\/h5>\n<h5><span style=\"font-size: 14px\">&#8211; Rencontres MAI <\/span><em>La volont\u00e9 de savoir<\/em><span style=\"font-size: 14px\"> : \u00ab\u00a0<\/span>Acteurs<span style=\"font-size: 14px\">\u00a0concern\u00e9s, acteurs impliqu\u00e9s : faire face aux pratiques illicites dans l&rsquo;adoption internationale\u00a0\u00bb, Paris, 7 d\u00e9cembre 2021.<\/span><\/h5>\n<h5><span style=\"color: #333333;font-size: 14px;font-style: normal\">&#8211; Colloque MAI<\/span><span style=\"color: #333333;font-size: 14px;font-style: normal\">\u00a0<\/span><i style=\"color: #333333\">Adoption internationale : Quelle(s) histoire(s) ?<\/i><span style=\"color: #333333;font-size: 14px;font-style: normal\">\u00a0<\/span><span style=\"color: #333333;font-size: 14px;font-style: normal\">: \u00ab L&rsquo;adoption internationale en perspective : permanences et \u00e9volutions, XX<\/span><span style=\"color: #333333;font-style: normal;font-size: 10px;line-height: 1;height: 0px;vertical-align: baseline\">e<\/span><span style=\"color: #333333;font-size: 14px;font-style: normal\">-XXI<\/span><span style=\"color: #333333;font-style: normal;font-size: 10px;line-height: 1;height: 0px;vertical-align: baseline\">e\u00a0<\/span><span style=\"color: #333333;font-size: 14px;font-style: normal\">si\u00e8cles \u00bb, Paris, 16 octobre 2019.<\/span><\/h5>\n<h5>&#8211; Colloque : Fr\u00e8res et s\u0153urs du Moyen-\u00e2ge \u00e0 nos jours \u2013 Universit\u00e9 de Toulouse, 22-23 mars 2012 : \u00ab Vivre un id\u00e9al de fraternit\u00e9 universelle : la Tribu Arc en ciel de Jos\u00e9phine Baker\u00bb.<br \/>\n&#8211; Colloque : M\u00e9moire(s) canadienne(s) &#8211; Universit\u00e9 de Rennes 2, 12-15 juin 2013 : \u00ab Histoire et m\u00e9moire(s) des adoptions d\u2019enfants qu\u00e9b\u00e9cois en France depuis les ann\u00e9es 1960 \u00bb.<\/h5>\n<h5>&#8211; Congr\u00e8s de la Soci\u00e9t\u00e9 Fran\u00e7aise de Th\u00e9rapie Familiale Psychanalytique (SFTFP), Paris, 17 janvier 2015 : \u00ab\u00a0Familles d\u00e9sorient\u00e9es dans l&rsquo;histoire\u00a0\u00bb.<br \/>\n&#8211; Congr\u00e8s de l&rsquo;Association Fran\u00e7aise des Psychologues de l&rsquo;Education Nationale (AFPEN), Angers, 24-26 septembre 2015 : \u00ab\u00a0R\u00eaves et r\u00e9alit\u00e9s dans l&rsquo;adoption et le parrainage\u00a0\u00bb.<\/h5>\n<h5>&#8211; S\u00e9minaire scientifique commun de l\u2019Universit\u00e9 du Qu\u00e9bec \u00e0 Montr\u00e9al, de l\u2019Universit\u00e9 de Trois Rivi\u00e8res, de l\u2019Universit\u00e9 de Sherbrooke et de l\u2019Universit\u00e9 d\u2019Angers : Jeunesse et r\u00e9gulations sociales. Regards compar\u00e9s Canada-France, 19e-20e si\u00e8cles (I\u00e8re session, Orford, Qu\u00e9bec, juin 2009) : \u00ab Les associations d\u2019aide \u00e0 l\u2019enfance et l\u2019adoption internationale (ann\u00e9es 1960 et 1970) \u00bb<br \/>\n&#8211; S\u00e9minaire de Sciences po Paris (Maurice Va\u00efsse), mai 2009, \u00ab Le Quai d\u2019Orsay et l\u2019adoption internationale \u00bb<br \/>\n&#8211; S\u00e9minaire de la facult\u00e9 d\u2019Histoire de l\u2019Universit\u00e9 A. I. Cuza de Iasi (Roumanie) \u2013 Iasi mai 2010 : \u00ab Vers une histoire de l\u2019adoption internationale \u00bb<br \/>\n&#8211; S\u00e9minaire scientifique commun de l\u2019Universit\u00e9 du Qu\u00e9bec \u00e0 Montr\u00e9al, de l\u2019Universit\u00e9 de Trois Rivi\u00e8res, de l\u2019Universit\u00e9 de Sherbrooke et de l\u2019Universit\u00e9 d\u2019Angers : Jeunesse et r\u00e9gulations sociales. Regards compar\u00e9s Canada-France, 19e-20e si\u00e8cles (IIe session, Angers, mai 2010 : \u00ab Approches historiques compar\u00e9es de l\u2019adoption internationale : France\/Qu\u00e9bec \u00bb<br \/>\n&#8211; S\u00e9minaire \u00ab Pratiques diplomatiques \u00bb (Laurence Badel) \u2013 Institut des Hautes Etudes Europ\u00e9ennes de Strasbourg 27 mars : \u00ab ONG et relations internationales au XXe si\u00e8cle : logiques et pratiques autour des droits des enfants \u00bb<br \/>\n&#8211; S\u00e9minaire : Enfance, parentalit\u00e9s, soci\u00e9t\u00e9, culture (Dr P\u00e9rouse de Montclos) \u2013 H\u00f4pital Sainte-Anne, Paris 15 mai 2012 : \u00ab La question des origines dans l\u2019adoption internationale \u00bb<br \/>\n&#8211; S\u00e9minaire Histoire des r\u00e9gulations sociales \u2013 MSH, Universit\u00e9 d\u2019Angers, 5 octobre 2012 : \u00ab M\u00e9thode de l\u2019histoire de l\u2019adoption internationale \u00bb<br \/>\n&#8211; Journ\u00e9e d&rsquo;\u00e9tude \u00ab Enfance, filiation, images \u00bb &#8211; SFR Confluences, 8 novembre 2013.<\/h5>\n<h5>&#8211; Colloque franco-vietnamien : L\u2019apport des sciences sociales au d\u00e9veloppement socio-\u00e9conomique \u2013 Universit\u00e9 de Hanoi, avril 2011 : \u00ab Les effets du d\u00e9veloppement sur les politiques d\u2019adoption des enfants : l\u2019exemple de la Cor\u00e9e du Sud \u00bb.<\/h5>\n<h5 style=\"color: #333333;font-style: normal\">&#8211; Colloque : Faire la guerre, faire la paix \u2013 CTHS, Perpignan, mai 2011 : \u00ab La France et l\u2019Op\u00e9ration Babylift : sauver et adopter des enfants \u00e0 la fin de la guerre du Vietnam (1975) \u00bb.<br \/>\n&#8211; Colloque : Les \u00e2ges de la vie et le bien-\u00eatre : des mod\u00e8les possibles ? \u2013 CPER 10 LLSHS, Le Croisic, 19 et 20 mai 2011 : avec Liliane Bidet, assistante sociale, \u00ab Bien-\u00eatre et int\u00e9r\u00eat de l\u2019enfant adopt\u00e9 d\u00e9bats et pratiques depuis les ann\u00e9es 1960 \u00bb<\/h5>\n<p>&nbsp;<\/p>\n<p><strong>Conf\u00e9rences publiques sur l\u2019histoire de l\u2019adoption internationale :<\/strong><\/p>\n<h5><span style=\"color: #333333;font-size: 14px;font-style: normal\">&#8211; Cin\u00e9ma Les 400 Coups &#8211; Angers, 6 septembre 2021, projection-d\u00e9bat sur le film \u00ab\u00a0<em>Une histoire \u00e0 soi\u00a0\u00bb<\/em> d&rsquo;Amandine Gay, en pr\u00e9sence de la r\u00e9alisatrice. <\/span><\/h5>\n<h5><span style=\"color: #333333;font-size: 14px;font-style: normal\">&#8211; EFA (Enfance et familles d\u2019Adoption) 49 Angers,\u00a0EFA 06 Nice, EFA 79 Parthenay,\u00a0<\/span><span style=\"color: #333333;font-style: normal;font-weight: 300\">EFA 78 Versailles,<\/span><span style=\"color: #333333;font-style: normal;font-weight: 300\">\u00a0EFA 14 Caen,\u00a0<\/span><span style=\"color: #333333;font-style: normal;font-weight: 300\">EFA 47 Agen,\u00a0<\/span><span style=\"color: #333333;font-style: normal;font-weight: 300\">\u00a0<\/span><span style=\"color: #333333;font-size: 14px;font-style: normal\">EFA 67 Strasbourg,<\/span><span style=\"color: #333333;font-style: normal;font-weight: 300\">\u00a0<\/span><span style=\"color: #333333;font-style: normal;font-weight: 300\">EFA 86 Poitiers, EFA 13 Marseille, EFA 57 Thionville, EFA 62 Calais.<\/span><\/h5>\n<h5><span style=\"color: #333333;font-size: 14px;font-style: normal\">&#8211; Table ronde : \u00ab\u00a0Le jour o\u00f9 l&rsquo;enfant est l\u00e0\u00a0\u00bb &#8211; Conseil g\u00e9n\u00e9ral des Hauts-de-Seine, Nanterre, 7 f\u00e9vrier 2013<\/span><\/h5>\n<h5>&#8211; Table ronde : \u00ab\u00a0L\u2019adoption internationale en pleine mutation\u00a0\u00bb \u2013 M\u00e9decins du Monde, Paris, 7 mars 2012<\/h5>\n<h5>&#8211; Universit\u00e9 du temps libre de Cholet, mars 2010<\/h5>\n<p>&nbsp;<\/p>\n<p><strong>Interventions dans des formations :<\/strong><\/p>\n<p>&#8211; Master \u00ab\u00a0Etudes sur l&rsquo;enfance et la jeunesse\u00a0\u00bb,, interventions depuis l&rsquo;ouverture de cette formation \u00e0 la rentr\u00e9e 2024.<\/p>\n<p>&#8211; Journ\u00e9e de formation \u00e0 l&rsquo;Ecole Nationale de la Magistrature, juillet 2024.<\/p>\n<p>&#8211; Dipl\u00f4me d&rsquo;Universit\u00e9 (DU) \u00ab\u00a0Adoption, attachement et pratiques professionnelles\u00a0\u00bb, Universit\u00e9 d&rsquo;Angers, interventions depuis 2018 sur l&rsquo;histoire de l&rsquo;adoption internationale et de ses pratiques.<\/p>\n<p>&#8211; Dipl\u00f4me d&rsquo;Universit\u00e9 (DU) \u00ab\u00a0Accompagnement \u00e0 la parentalit\u00e9\u00a0\u00bb, interventions depuis 2016 sur parentalit\u00e9s et adoption.<\/p>\n<p><span style=\"color: #333333;font-style: normal;font-weight: 300\">&#8211; Journ\u00e9e de formation de la DGDSS du d\u00e9partement de Maine-et-Loire : Enfants d\u00e9laiss\u00e9s, des r\u00e9ponse \u00e0 construire, Angers, 9 juin 2016.<\/span><\/p>\n<p style=\"color: #333333;font-style: normal\">&#8211; Rassemblements des correspondants d\u00e9partementaux de l\u2019AFA (Agence Fran\u00e7aise de l\u2019Adoption) \u2013 Paris 8 et 18 octobre 2012 : \u00ab L\u2019histoire pour mieux comprendre les r\u00e9alit\u00e9s de l\u2019adoption internationale d\u2019aujourd\u2019hui \u00bb<\/p>\n<p>&#8211; Conf\u00e9rence Internationale Sup\u00e9rieure d\u2019Archives \u2013 Archives Nationales, Paris, 16 novembre 2012 : \u00ab La sp\u00e9cificit\u00e9 de la recherche des origines dans l\u2019adoption internationale \u00bb<\/p>\n<p><strong>Encadrement de travaux universitaires :\u00a0<\/strong><\/p>\n<h4><span style=\"font-size: 14px\">Th\u00e8se de doctorat : <\/span><\/h4>\n<h4><span style=\"font-size: 14px\">&#8211; H\u00e9l\u00e8ne LAFFITTE<\/span><\/h4>\n<h4>Expressions et organisation des personnes adopt\u00e9es d\u2019origine \u00e9trang\u00e8re en France depuis les ann\u00e9es 1980<\/h4>\n<h4>Co-encadrante : Claudine Veuillet-Combier, MCF en psychologie clinique et psychopathologie, LPPL EA 4638<\/h4>\n<h4>Contrat doctoral financ\u00e9 par le programme EnJeu[x]<\/h4>\n<h4>Th\u00e8se soutenue le 20 d\u00e9cembre 2019<\/h4>\n<p>&nbsp;<\/p>\n<h4>\u00a0Th\u00e8se de doctorat :<span style=\"font-size: 14px\">\u00a0<\/span><\/h4>\n<h4>&#8211; Cl\u00e9mence MAHEO<br \/>\nLes op\u00e9rateurs \u00ab\u00a0faiseurs de parent\u00e9\u00a0\u00bb \u00a0face aux mutations et aux risques de l\u2019adoption internationale depuis 2005\u00a0\u00a0\u00a0\u00a0\u00a0\u00a0\u00a0\u00a0\u00a0\u00a0\u00a0\u00a0\u00a0\u00a0\u00a0\u00a0\u00a0\u00a0\u00a0\u00a0\u00a0\u00a0\u00a0\u00a0\u00a0\u00a0\u00a0\u00a0\u00a0\u00a0\u00a0\u00a0\u00a0\u00a0\u00a0\u00a0\u00a0\u00a0\u00a0\u00a0\u00a0\u00a0\u00a0\u00a0\u00a0\u00a0\u00a0\u00a0\u00a0\u00a0\u00a0\u00a0\u00a0\u00a0\u00a0\u00a0\u00a0\u00a0\u00a0\u00a0\u00a0\u00a0\u00a0\u00a0\u00a0\u00a0\u00a0\u00a0\u00a0\u00a0\u00a0\u00a0\u00a0\u00a0\u00a0\u00a0\u00a0\u00a0\u00a0\u00a0\u00a0\u00a0\u00a0\u00a0\u00a0\u00a0\u00a0\u00a0\u00a0\u00a0\u00a0\u00a0\u00a0\u00a0\u00a0\u00a0\u00a0 Th\u00e8se soutenue le 24 avril 2018<\/h4>\n<p>&nbsp;<\/p>\n<h4>Recherche postdoctorale :<\/h4>\n<h4>&#8211; Fabio MACEDO<\/h4>\n<h4>Etude historique sur les pratiques illicites dans l&rsquo;adoption internationale (1950-2020), ann\u00e9e 2022<\/h4>\n<p>&nbsp;<\/p>\n<h4><\/h4>\n<p><strong>Expertise :<\/strong><\/p>\n<p>&#8211; Membre du Conseil scientifique de l&rsquo;Observatoire national de la protection de l&rsquo;enfance (ONPE) en tant que personne qualifi\u00e9e, d\u00e9sign\u00e9 en 2022<\/p>\n<p>&#8211; Membre du Conseil National de l&rsquo;Adoption (CNA), au titre des personnalit\u00e9s qualifi\u00e9es, arr\u00eat\u00e9 de nomination en 2021.<\/p>\n<p>&#8211; Membre du Conseil Sup\u00e9rieur de l\u2019Adoption (CSA), au titre des personnalit\u00e9s qualifi\u00e9es, arr\u00eat\u00e9 de nomination du 31 janvier 2012, jusqu&rsquo;\u00e0 la suppression du CSA en 2016.<\/p>\n<p>&#8211; Membre de l&rsquo;Observatoire d\u00e9partemental de la protection de l&rsquo;enfance de Maine-et-Loire (ODPE 49) depuis 2017.<\/p>\n","protected":false},"excerpt":{"rendered":"<p>NB pour les publications et les interventions dans les m\u00e9dias, se reporter \u00e0 ces pages. Interventions sur le th\u00e8me de l\u2019adoption dans des colloques et s\u00e9minaires universitaires fran\u00e7ais et internationaux : &#8211; Magdeburg, International Conference Politics of Child Adoption in &hellip; <a href=\"https:\/\/blog.univ-angers.fr\/yvesdenechere\/lhistoire-de-ladoption-internationale-a-loral\/\">Continuer la lecture <span class=\"meta-nav\">&rarr;<\/span><\/a><\/p>\n","protected":false},"author":15550,"featured_media":0,"parent":0,"menu_order":0,"comment_status":"closed","ping_status":"closed","template":"","meta":{"footnotes":""},"class_list":["post-96","page","type-page","status-publish","hentry"],"_links":{"self":[{"href":"https:\/\/blog.univ-angers.fr\/yvesdenechere\/wp-json\/wp\/v2\/pages\/96","targetHints":{"allow":["GET"]}}],"collection":[{"href":"https:\/\/blog.univ-angers.fr\/yvesdenechere\/wp-json\/wp\/v2\/pages"}],"about":[{"href":"https:\/\/blog.univ-angers.fr\/yvesdenechere\/wp-json\/wp\/v2\/types\/page"}],"author":[{"embeddable":true,"href":"https:\/\/blog.univ-angers.fr\/yvesdenechere\/wp-json\/wp\/v2\/users\/15550"}],"replies":[{"embeddable":true,"href":"https:\/\/blog.univ-angers.fr\/yvesdenechere\/wp-json\/wp\/v2\/comments?post=96"}],"version-history":[{"count":13,"href":"https:\/\/blog.univ-angers.fr\/yvesdenechere\/wp-json\/wp\/v2\/pages\/96\/revisions"}],"predecessor-version":[{"id":657,"href":"https:\/\/blog.univ-angers.fr\/yvesdenechere\/wp-json\/wp\/v2\/pages\/96\/revisions\/657"}],"wp:attachment":[{"href":"https:\/\/blog.univ-angers.fr\/yvesdenechere\/wp-json\/wp\/v2\/media?parent=96"}],"curies":[{"name":"wp","href":"https:\/\/api.w.org\/{rel}","templated":true}]}}