{"id":353,"date":"2015-11-01T22:00:54","date_gmt":"2015-11-01T21:00:54","guid":{"rendered":"https:\/\/blog.univ-angers.fr\/yvesdenechere\/?page_id=353"},"modified":"2025-01-12T11:22:43","modified_gmt":"2025-01-12T10:22:43","slug":"medias-3","status":"publish","type":"page","link":"https:\/\/blog.univ-angers.fr\/yvesdenechere\/medias-3\/","title":{"rendered":"M\u00e9dias"},"content":{"rendered":"<p><strong><em>Participations \u00e0 des films documentaires :<\/em><\/strong><\/p>\n<p>&#8211; \u00ab\u00a0Adoption internationale : un scandale plan\u00e9taire\u00a0\u00bb, par Christine Tounardre et Sonia Gonzalez, diffus\u00e9 sur Arte en novembre 2024, conseiller historique.<\/p>\n<p>&#8211; \u00ab\u00a01945, les enfants du Chaos\u00a0\u00bb, par Agn\u00e8s Pizzini et Julien Johan, diffus\u00e9 sur Arte en novembre 2022 et sur France TV en janvier 2023, conseiller historique.<\/p>\n<p>&#8211; \u00ab\u00a0N\u00e9s sous l&rsquo;occupation : des b\u00e9b\u00e9s pour la France\u00a0\u00bb et \u00ab\u00a0Enfants d&rsquo;Etat\u00a0\u00bb par Anja Unjer et Renaud Lavergne, diffus\u00e9s sur Arte le 18 janvier 2022, sur France 3 le 27 janvier et sur ARD.<\/p>\n<p>&#8211; \u00ab\u00a0Louise Weiss. Roman d\u2019une Europ\u00e9enne (1893-1983)\u00a0\u00bb, par Catherine de Coppet, diffus\u00e9 sur France Culture, La Fabrique de l&rsquo;histoire, le 3 janvier 2019.<\/p>\n<p>&#8211; \u00ab\u00a0Louise Weiss. Une femme pour l&rsquo;Europe\u00a0\u00bb par Jacques Malaterre, 27 minutes, diffus\u00e9 sur ARTE le 11 f\u00e9vrier 2017. <a href=\"http:\/\/www.arte.tv\/guide\/fr\/054775-003-A\/les-oublies-de-l-histoire\">http:\/\/www.arte.tv\/guide\/fr\/054775-003-A\/les-oublies-de-l-histoire<\/a><\/p>\n<p>&#8211; \u00ab\u00a0Adoption, le choix des nations\u00a0\u00bb par Anne Georget, 86 minutes,\u00a0diffus\u00e9 sur ARTE le 27 octobre 2015. En VOD : <em><em><a href=\"http:\/\/boutique.arte.tv\/f10523-adoption_choix_nations\">http:\/\/boutique.arte.tv\/f10523-adoption_choix_nations<\/a><\/em><\/em><\/p>\n<p>&#8211; \u00ab\u00a0L&rsquo;enfant de la guerre et le secret de sa naissance\u00a0\u00bb diffus\u00e9 sur France 2 le 2 avril 2013.<\/p>\n<p><strong><em>Participations \u00e0 des \u00e9missions de radio et de t\u00e9l\u00e9vision :<\/em><\/strong><\/p>\n<p>&#8211; Nombreuses participations \u00e0 des \u00e9missions de radio et t\u00e9l\u00e9vision suite \u00e0 la publication de l&rsquo;Etude sur les pratiques illicites dans l&rsquo;adoption internationale en France en f\u00e9vrier 2023 : France 3, TV5, France24, RFI, RTS, Radio Classique, RCF, etc.<\/p>\n<p>&#8211; \u00ab\u00a0Adoption internationale : quel prix \u00e0 payer pour les enfants ? \u00ab\u00a0, \u00e9mission Le D\u00e9bat du Jour sur RFI, 22 d\u00e9cembre 2021.<\/p>\n<p>&#8211; \u00ab\u00a0Entr\u00e9e de Jos\u00e9phine Baker au Panth\u00e9on\u00a0\u00bb, RCF, 30 novembre 2021.<\/p>\n<p>&#8211; \u00ab\u00a0La fin de l&rsquo;adoption internationale ?\u00a0\u00bb, \u00e9mission Du grain \u00e0 Moudre sur France Culture le 21 d\u00e9cembre 2016.<\/p>\n<p>&#8211; \u00ab\u00a0Adopter : droits et verrous\u00a0\u00bb, \u00e9mission Culture Monde sur France Culture le\u00a021 janvier 2013<\/p>\n<p>&#8211; \u00ab\u00a0Des femmes d&rsquo;influence sur la sc\u00e8ne internationales : les diplomates\u00a0\u00bb, \u00e9mission Culture Monde sur France Culture le 5 d\u00e9cembre 2013<\/p>\n<p>&#8211; \u00ab\u00a0Les femmes prennent le pouvoir\u00a0\u00bb \u00e9mission C&rsquo;est dans l&rsquo;air sur France 5 le 30 octobre 2007.<\/p>\n<p>&#8211; \u00ab\u00a0Portraits d&rsquo;Europ\u00e9ennes\u00a0\u00bb, s\u00e9rie d&rsquo;\u00e9missions sur Euradionantes, 2010.<\/p>\n<p><em><strong>Articles de presse :<\/strong><\/em><\/p>\n<p><span style=\"text-decoration: underline\"><em>The Conversation :\u00a0<\/em><\/span><\/p>\n<p>\u00ab\u00a0Droits des enfants : histoire d&rsquo;une lente reconnaissance\u00a0\u00bb, 19 novembre 2024 ; repris par Le Journal du Droit des Jeunes en janvier 2025.<\/p>\n<div class=\"article--header\">\u00ab\u00a0Adoption internationale en France : des pratiques illicites syst\u00e9miques ?\u00a0\u00bb, 8 f\u00e9vrier 2023<\/div>\n<p>\u00ab\u00a0Jos\u00e9phine Baker et sa Tribu Arc-en-ciel, au nom de la fraternit\u00e9 universelle\u00a0\u00bb, 22 novembre 2021 ; traduit en anglais le 30 novembre \u00ab\u00a0Josephine Baker&rsquo;s &lsquo;Raimbow Tribe&rsquo; and the pursuit of universal brotherhood\u00a0\u00bb<\/p>\n<p>\u00ab\u00a0Kaboul 2021, Saigon 1975 : l&rsquo;enjeu des images d&rsquo;\u00e9vacuations d&rsquo;enfants\u00a0\u00bb, 26 ao\u00fbt 2021.<\/p>\n<p>\u00ab\u00a0Le fantasme de l&rsquo;orphelin dans l&rsquo;histoire de l&rsquo;adoption\u00a0\u00bb, 9 mai 2021<\/p>\n<p>\u00ab\u00a0Les enfants m\u00e9tis d&rsquo;Indochine \u00ab\u00a0rapatri\u00e9s\u00a0\u00bb en France : une histoire qui commence \u00e0 s&rsquo;\u00e9crire\u00a0\u00bb, 24 janvier 2021<\/p>\n<p>\u00ab\u00a0Adoption internationale : la soif de v\u00e9rit\u00e9 des personnes adopt\u00e9es\u00a0\u00bb, 16 juin 2021.<\/p>\n<p>\u00ab\u00a0Protection et \u00e9mancipation : les deux faces des droits des enfants\u00a0\u00bb, 6 juin 2020.<\/p>\n<p><em><span style=\"text-decoration: underline\">Puzzle<\/span>\u00a0:<\/em><\/p>\n<p>\u00ab\u00a0Adoption internationale : moins adopter, mieux prot\u00e9ger\u00a0\u00bb, avec Fabien Macedo, <em>Puzzle<\/em>, n\u00b01, automne 2024.<\/p>\n<p><span style=\"text-decoration: underline\"><em>Mention dans des articles de presse :\u00a0<\/em><\/span><\/p>\n<p>&#8211; Nombreuses mention et r\u00e9f\u00e9rences dans des articles de presse suite \u00e0 la publication de l&rsquo;Etude sur les pratiques illicites dans l&rsquo;adoption internationale en France en f\u00e9vrier 2023 : AFP, Le Monde, Lib\u00e9ration, La Croix, Est R\u00e9publicain, Ouest-France, Mediapart, L(Humanit\u00e9, Le Nouvel Obs, etc.<\/p>\n<p>\u00ab\u00a0Partout dans le monde, les enfants adopt\u00e9s ill\u00e9galement demandent justice\u00a0\u00bb, <em>Le Monde<\/em>, Angeline Montoya, 10 d\u00e9cembre 2021.<\/p>\n","protected":false},"excerpt":{"rendered":"<p>Participations \u00e0 des films documentaires : &#8211; \u00ab\u00a0Adoption internationale : un scandale plan\u00e9taire\u00a0\u00bb, par Christine Tounardre et Sonia Gonzalez, diffus\u00e9 sur Arte en novembre 2024, conseiller historique. &#8211; \u00ab\u00a01945, les enfants du Chaos\u00a0\u00bb, par Agn\u00e8s Pizzini et Julien Johan, diffus\u00e9 &hellip; <a href=\"https:\/\/blog.univ-angers.fr\/yvesdenechere\/medias-3\/\">Continuer la lecture <span class=\"meta-nav\">&rarr;<\/span><\/a><\/p>\n","protected":false},"author":15550,"featured_media":0,"parent":0,"menu_order":0,"comment_status":"closed","ping_status":"closed","template":"","meta":{"footnotes":""},"class_list":["post-353","page","type-page","status-publish","hentry"],"_links":{"self":[{"href":"https:\/\/blog.univ-angers.fr\/yvesdenechere\/wp-json\/wp\/v2\/pages\/353","targetHints":{"allow":["GET"]}}],"collection":[{"href":"https:\/\/blog.univ-angers.fr\/yvesdenechere\/wp-json\/wp\/v2\/pages"}],"about":[{"href":"https:\/\/blog.univ-angers.fr\/yvesdenechere\/wp-json\/wp\/v2\/types\/page"}],"author":[{"embeddable":true,"href":"https:\/\/blog.univ-angers.fr\/yvesdenechere\/wp-json\/wp\/v2\/users\/15550"}],"replies":[{"embeddable":true,"href":"https:\/\/blog.univ-angers.fr\/yvesdenechere\/wp-json\/wp\/v2\/comments?post=353"}],"version-history":[{"count":1,"href":"https:\/\/blog.univ-angers.fr\/yvesdenechere\/wp-json\/wp\/v2\/pages\/353\/revisions"}],"predecessor-version":[{"id":659,"href":"https:\/\/blog.univ-angers.fr\/yvesdenechere\/wp-json\/wp\/v2\/pages\/353\/revisions\/659"}],"wp:attachment":[{"href":"https:\/\/blog.univ-angers.fr\/yvesdenechere\/wp-json\/wp\/v2\/media?parent=353"}],"curies":[{"name":"wp","href":"https:\/\/api.w.org\/{rel}","templated":true}]}}