{"id":286,"date":"2014-07-18T14:59:54","date_gmt":"2014-07-18T13:59:54","guid":{"rendered":"https:\/\/blog.univ-angers.fr\/yvesdenechere\/?page_id=286"},"modified":"2021-01-20T10:19:03","modified_gmt":"2021-01-20T09:19:03","slug":"international","status":"publish","type":"page","link":"https:\/\/blog.univ-angers.fr\/yvesdenechere\/international\/","title":{"rendered":"Congr\u00e8s\/colloques"},"content":{"rendered":"<p>Participations \u00e0 des congr\u00e8s nationaux et internationaux (2014-2019) :<\/p>\n<h5>&#8211; 24-27 avril 2014, Montr\u00e9al : 60e congr\u00e8s annuel de la Society for French Historical Studies (SFHS)<br \/>\nParticipation au panel propos\u00e9 par le CHRS (UQAM et Sherbrooke) intitul\u00e9 :<br \/>\nCommunication pr\u00e9sent\u00e9e : \u00ab\u00a0Parrainages d&rsquo;enfants \u00e9trangers, guerre et citoyennet\u00e9 (XXe si\u00e8cle)\u00a0\u00bb<br \/>\n&#8211; 23-26 juillet 2014, Londres : 36e congr\u00e8s annuel de l&rsquo;International Standing Conference for History of Education (ISCHE)<br \/>\nResponsable (avec Jo\u00eblle Droux, Universit\u00e9 de Gen\u00e8ve) d&rsquo;un double panel intitul\u00e9 \u00ab\u00a0Child saving and peace-building in 20th century postwar eras: a common ground of humanitarian relief?\u00a0\u00bb<br \/>\nCommunication pr\u00e9sent\u00e9e : \u00ab\u00a0Le Centre International de l&rsquo;Enfance : \u00e9ducation, formation et paix sociale dans l&rsquo;espace colonial fran\u00e7ais en Afrique (1949-1960)\u00a0\u00bb<br \/>\n&#8211; 3-5 septembre 2014, Lyon : premier congr\u00e8s du GIS Institut du Genre<br \/>\nParticipation au panel propos\u00e9 par le Labex \u00c9crire une Nouvelle Histoire de l&rsquo;Europe (ENHE) intitul\u00e9 : \u00ab\u00a0Le genre de la construction europ\u00e9enne\u00a0\u00bb<br \/>\nCommunication pr\u00e9sent\u00e9e : \u00ab\u00a0Le genre du personnel europ\u00e9en communautaire (1958-1992)\u00a0\u00bb<br \/>\n&#8211; 9-10 octobre 2014, Angers : colloque international de l&rsquo;UMR CERHIO : <em>Pour une histoire des droits des enfants. Approches transnationales<\/em><br \/>\nCommunication pr\u00e9sent\u00e9e : Introduction<br \/>\n&#8211; 6-8 novembre 2014, Padoue : colloque international organis\u00e9 le Groupe de Liaison des Professeurs d&rsquo;Histoire Contemporaine aupr\u00e8s de la Commission des Communaut\u00e9s Europ\u00e9ennes et le D\u00e9partement de Science politique, droit et \u00e9tudes internationales de l&rsquo;Universit\u00e9 de Padoue : <em>Peoples and Borders. Seventy yearsof movements of persons in Europe, to Europe, from Europe (1945-2015)<\/em><br \/>\nCommunication pr\u00e9sent\u00e9e : \u00ab\u00a0R\u00e9guler au niveau europ\u00e9en une migration singuli\u00e8re : le Conseil de l\u2019Europe et les adoptions d\u2019enfants entre pays (1950-1967)\u00a0\u00bb<\/h5>\n<h5>&#8211; 17-18\u00a0janvier 2015, Paris : 10e congr\u00e8s de la soci\u00e9t\u00e9 fran\u00e7aise de th\u00e9rapie familiale psychanalytique.<\/h5>\n<h5>Participation \u00e0 la table ronde sur l&rsquo;histoire des familles.<\/h5>\n<h5>&#8211; 26 septembre 2015, Angers : 24e congr\u00e8s national de l&rsquo;AFPEN Association fran\u00e7aise des psychologues de l&rsquo;\u00e9ducation nationale.<\/h5>\n<h5>Conf\u00e9rence prononc\u00e9e : \u00ab\u00a0R\u00eaves et r\u00e9alit\u00e9s dans les parrainages d\u2019enfants \u00e9trangers au XXe si\u00e8cle\u00a0\u00bb<\/h5>\n<h5>&#8211; 27 et 28 octobre 2015, Salamanque : colloque franco-espagnol \u00ab\u00a0Migrations, identit\u00e9, nations\u00a0\u00bb<\/h5>\n<h5>Communication pr\u00e9sent\u00e9e : \u00ab\u00a0Migration et identit\u00e9 des enfants \u00e9trangers adopt\u00e9s en France et en Espagne\u00a0\u00bb<\/h5>\n<h5>&#8211; 20 janvier 2016, Lille : 26e congr\u00e8s de la soci\u00e9t\u00e9 fran\u00e7aise de neurologie p\u00e9diatrique. Conf\u00e9rence prononc\u00e9e :\u00a0\u00a0\u00ab\u00a0Histoire et g\u00e9opolitique des jeunes migrants\u00a0\u00bb<\/h5>\n<h5>&#8211; Colloque\u00a0<i>Children in the move<\/i>, Padoue, 9-10 juin 2017. Pr\u00e9sentation : \u201cBiopolitics and displacements of Children in Ends of French Empire (1945-1975)\u201d.<\/h5>\n<h5 style=\"color: #333333;font-style: normal\">&#8211; Symposium\u00a0<i>Gender and history<\/i>, Bristol (UK), 13-14 avril 2018. Pr\u00e9sentation : \u201cPrivate experiences and personal development of Eurasian girls sent to France at the end of the Indochina War\u201d.<\/h5>\n<h5><span style=\"color: #333333;font-size: 14px;font-style: normal\">&#8211; Children&rsquo;s History Society&rsquo;s biennial conference<\/span><span style=\"color: #333333;font-size: 14px;font-style: normal\">\u00a0<\/span><i style=\"color: #333333\">Children and Youth on the Move<\/i><span style=\"color: #333333;font-size: 14px;font-style: normal\">, Greenwich (UK), 21-23 juin 2018. Pr\u00e9sentation : \u201cYaouleds on the move: \u00ab\u00a0Mrs Massu\u2019s Children\u00a0\u00bb from Algeria to France (1957-1975)\u201d.<\/span><\/h5>\n<h5>&#8211; Worhshop<i> Empire and Globalization(s). Circulations, Exchanges and trans-imperial Cooperation in Africa, 19th-20th century<\/i>\u00a0: \u00ab Le Centre International de l\u2019Enfance en Afrique dans les ann\u00e9es 1950 : un acteur de l\u2019internationalisme et de l\u2019imp\u00e9rialisme fran\u00e7ais \u00bb, Universit\u00e9 de Lausanne, 9-10 mai 2019.<\/h5>\n<h5>&#8211; Workshop <i>Gender Relationships between Occupiers and Occupied during the Allied Occupationof Germany after 1945<\/i>: \u201cThe attitude of the French State towards children born to French soldiers and local women in Germany and Indochina (1945-1954). Comparative approach\u201d, FRIAS Freiburg, 6-7 juin 2019.<\/h5>\n<h5><span style=\"font-size: 14px\">&#8211; Invitation \u00e0 l\u2019Universit\u00e9 du Qu\u00e9bec \u00e0 Montr\u00e9al (UQAM), 3 septembre 2019, conf\u00e9rence prononc\u00e9e : \u00ab Fins de guerre, fin d\u2019empire ; biopolitique de l\u2019enfance et catharsis au XXe si\u00e8cle \u00bb.<\/span><\/h5>\n<h5>&#8211; Invitation \u00e0 l\u2019Universit\u00e9 des sciences sociales de Hanoi (en partenariat avec le service culturel de l\u2019ambassade de France au Vietnam), avril 2019, conf\u00e9rence\u00a0: \u00ab\u00a0Les enfants m\u00e9tis de la guerre d\u2019Indochine\u00a0\u00bb et s\u00e9minaires sur l\u2019adoption des enfants vietnamiens en France.<\/h5>\n<h5><\/h5>\n","protected":false},"excerpt":{"rendered":"<p>Participations \u00e0 des congr\u00e8s nationaux et internationaux (2014-2019) : &#8211; 24-27 avril 2014, Montr\u00e9al : 60e congr\u00e8s annuel de la Society for French Historical Studies (SFHS) Participation au panel propos\u00e9 par le CHRS (UQAM et Sherbrooke) intitul\u00e9 : Communication pr\u00e9sent\u00e9e &hellip; <a href=\"https:\/\/blog.univ-angers.fr\/yvesdenechere\/international\/\">Continuer la lecture <span class=\"meta-nav\">&rarr;<\/span><\/a><\/p>\n","protected":false},"author":15550,"featured_media":0,"parent":0,"menu_order":0,"comment_status":"closed","ping_status":"closed","template":"","meta":{"footnotes":""},"class_list":["post-286","page","type-page","status-publish","hentry"],"_links":{"self":[{"href":"https:\/\/blog.univ-angers.fr\/yvesdenechere\/wp-json\/wp\/v2\/pages\/286","targetHints":{"allow":["GET"]}}],"collection":[{"href":"https:\/\/blog.univ-angers.fr\/yvesdenechere\/wp-json\/wp\/v2\/pages"}],"about":[{"href":"https:\/\/blog.univ-angers.fr\/yvesdenechere\/wp-json\/wp\/v2\/types\/page"}],"author":[{"embeddable":true,"href":"https:\/\/blog.univ-angers.fr\/yvesdenechere\/wp-json\/wp\/v2\/users\/15550"}],"replies":[{"embeddable":true,"href":"https:\/\/blog.univ-angers.fr\/yvesdenechere\/wp-json\/wp\/v2\/comments?post=286"}],"version-history":[{"count":0,"href":"https:\/\/blog.univ-angers.fr\/yvesdenechere\/wp-json\/wp\/v2\/pages\/286\/revisions"}],"wp:attachment":[{"href":"https:\/\/blog.univ-angers.fr\/yvesdenechere\/wp-json\/wp\/v2\/media?parent=286"}],"curies":[{"name":"wp","href":"https:\/\/api.w.org\/{rel}","templated":true}]}}