{"id":13,"date":"2012-09-25T10:29:31","date_gmt":"2012-09-25T09:29:31","guid":{"rendered":"https:\/\/blog.univ-angers.fr\/yvesdenechere\/?page_id=13"},"modified":"2024-07-04T15:40:40","modified_gmt":"2024-07-04T14:40:40","slug":"parcours-et-axes-de-recherche","status":"publish","type":"page","link":"https:\/\/blog.univ-angers.fr\/yvesdenechere\/parcours-et-axes-de-recherche\/","title":{"rendered":"Parcours de recherche"},"content":{"rendered":"<h5>Professeur d\u2019histoire contemporaine \u00e0 l\u2019Universit\u00e9 d\u2019Angers<\/h5>\n<h5><a href=\"mailto:yves.denechere@univ-angers.fr\">yves.denechere@univ-angers.fr<\/a><\/h5>\n<h4><\/h4>\n<h4>Directeur de TEMOS temps, mondes, soci\u00e9t\u00e9s<\/h4>\n<h4>CNRS UMR 9016 Universit\u00e9s d&rsquo;Angers, Bretagne Sud, Le Mans<\/h4>\n<div><a href=\"http:\/\/temos.cnrs.fr\/\">www.temos.cnrs.fr<\/a><\/div>\n<p><a href=\"https:\/\/blog.univ-angers.fr\/yvesdenechere\/files\/2024\/07\/CNRS-TEMOS_2024_bleu.png\"><img loading=\"lazy\" decoding=\"async\" class=\"alignnone size-medium wp-image-623\" src=\"https:\/\/blog.univ-angers.fr\/yvesdenechere\/files\/2024\/07\/CNRS-TEMOS_2024_bleu-300x94.png\" alt=\"\" width=\"300\" height=\"94\" srcset=\"https:\/\/blog.univ-angers.fr\/yvesdenechere\/files\/2024\/07\/CNRS-TEMOS_2024_bleu-300x94.png 300w, https:\/\/blog.univ-angers.fr\/yvesdenechere\/files\/2024\/07\/CNRS-TEMOS_2024_bleu-1024x320.png 1024w, https:\/\/blog.univ-angers.fr\/yvesdenechere\/files\/2024\/07\/CNRS-TEMOS_2024_bleu-768x240.png 768w, https:\/\/blog.univ-angers.fr\/yvesdenechere\/files\/2024\/07\/CNRS-TEMOS_2024_bleu-1536x480.png 1536w, https:\/\/blog.univ-angers.fr\/yvesdenechere\/files\/2024\/07\/CNRS-TEMOS_2024_bleu-2048x640.png 2048w, https:\/\/blog.univ-angers.fr\/yvesdenechere\/files\/2024\/07\/CNRS-TEMOS_2024_bleu-500x156.png 500w\" sizes=\"auto, (max-width: 300px) 100vw, 300px\" \/><\/a><\/p>\n<h4>Directeur du P\u00f4le universitaire lig\u00e9rien d&rsquo;\u00e9tudes sur l&rsquo;enfance et la jeunesse<\/h4>\n<h4>Titulaire de la chaire \u00ab\u00a0Parole et pouvoir d&rsquo;agir des enfants et des jeunes\u00a0\u00bb<\/h4>\n<h4><a href=\"http:\/\/www.enfance-jeunesse.fr\">www.enfance-jeunesse.fr<\/a><\/h4>\n<p><a href=\"https:\/\/blog.univ-angers.fr\/yvesdenechere\/files\/2024\/07\/LOGO-enjeux-long.png\"><img loading=\"lazy\" decoding=\"async\" class=\"alignnone size-medium wp-image-621\" src=\"https:\/\/blog.univ-angers.fr\/yvesdenechere\/files\/2024\/07\/LOGO-enjeux-long-300x127.png\" alt=\"\" width=\"300\" height=\"127\" srcset=\"https:\/\/blog.univ-angers.fr\/yvesdenechere\/files\/2024\/07\/LOGO-enjeux-long-300x127.png 300w, https:\/\/blog.univ-angers.fr\/yvesdenechere\/files\/2024\/07\/LOGO-enjeux-long-1024x435.png 1024w, https:\/\/blog.univ-angers.fr\/yvesdenechere\/files\/2024\/07\/LOGO-enjeux-long-768x326.png 768w, https:\/\/blog.univ-angers.fr\/yvesdenechere\/files\/2024\/07\/LOGO-enjeux-long-1536x652.png 1536w, https:\/\/blog.univ-angers.fr\/yvesdenechere\/files\/2024\/07\/LOGO-enjeux-long-2048x870.png 2048w, https:\/\/blog.univ-angers.fr\/yvesdenechere\/files\/2024\/07\/LOGO-enjeux-long-500x212.png 500w\" sizes=\"auto, (max-width: 300px) 100vw, 300px\" \/><\/a><\/p>\n<p>Maison\u00a0de la Recherche Germaine Tillion<br \/>\n5 bis, boulevard Lavoisier<br \/>\n49045 Angers Cedex 01<br \/>\n02-41-22-63-82<\/p>\n<div id=\"attachment_143\" style=\"width: 310px\" class=\"wp-caption aligncenter\"><a href=\"https:\/\/blog.univ-angers.fr\/yvesdenechere\/files\/2012\/09\/YD-Photo-CO-Antonio-Bozzardi.jpg\"><img loading=\"lazy\" decoding=\"async\" aria-describedby=\"caption-attachment-143\" class=\"size-medium wp-image-143\" src=\"https:\/\/blog.univ-angers.fr\/yvesdenechere\/files\/2012\/09\/YD-Photo-CO-Antonio-Bozzardi-300x200.jpg\" alt=\"\" width=\"300\" height=\"200\" srcset=\"https:\/\/blog.univ-angers.fr\/yvesdenechere\/files\/2012\/09\/YD-Photo-CO-Antonio-Bozzardi-300x200.jpg 300w, https:\/\/blog.univ-angers.fr\/yvesdenechere\/files\/2012\/09\/YD-Photo-CO-Antonio-Bozzardi-1024x683.jpg 1024w, https:\/\/blog.univ-angers.fr\/yvesdenechere\/files\/2012\/09\/YD-Photo-CO-Antonio-Bozzardi-449x300.jpg 449w\" sizes=\"auto, (max-width: 300px) 100vw, 300px\" \/><\/a><p id=\"caption-attachment-143\" class=\"wp-caption-text\">Yves Den\u00e9ch\u00e8re (photo CO Antonio Bozzardi)<\/p><\/div>\n<p><strong>Cursus<\/strong><\/p>\n<p>&#8211; 2005, Habilitation \u00e0 Diriger les Recherches soutenue \u00e0 l\u2019Universit\u00e9 Paris III-Sorbonne Nouvelle le 15 novembre 2005<br \/>\nTitre du dossier de HDR :<br \/>\nHommes, femmes et enfants dans la politique \u00e9trang\u00e8re de la France au XXe si\u00e8cle, socio-histoire des relations internationales<br \/>\nTravail de recherche in\u00e9dit (542 pages) :<br \/>\nLes femmes dans la politique europ\u00e9enne de la France depuis 1979<\/p>\n<p>&#8211; 1998, Th\u00e8se de doctorat :<br \/>\nLa politique espagnole de la France de 1931 \u00e0 1936 : une pratique fran\u00e7aise de rapports in\u00e9gaux, soutenue \u00e0 l&rsquo;Universit\u00e9 de Nantes<\/p>\n<p>&#8211; 1993, Agr\u00e9gation externe d\u2019histoire<\/p>\n<p><strong>Axes de recherche<\/strong><\/p>\n<p>&#8211; Enfants et relations internationales contemporaines\u00a0: adoption internationale, parrainages transnationaux<\/p>\n<p>&#8211; Enjeux de l\u2019enfance et de la jeunesse dans les fins de guerres et les fins d\u2019empires (Deuxi\u00e8me Guerre mondiale, Indochine, Alg\u00e9rie, Vietnam), migrations contraintes.<\/p>\n<p>&#8211; L\u2019espace transnational de la cause des enfants au XXe si\u00e8cle (acteurs, associations, enjeux), droits des enfants.<\/p>\n<p>&#8211; Histoire de l\u2019humanitaire<\/p>\n<p>&#8211; Aspects politiques et soci\u00e9taux de l\u2019histoire de l\u2019int\u00e9gration europ\u00e9enne<\/p>\n<p>&#8211; Femmes et politique en Europe.<\/p>\n<p>&#8211; Histoire sociale transnationale et sociohistoire des relations internationales au XXe si\u00e8cle<\/p>\n<h5><strong>Parcours de recherche<\/strong><br \/>\nLes ann\u00e9es 1990 et d\u00e9but 2000 ont \u00e9t\u00e9 consacr\u00e9es aux relations franco-espagnoles autour de notre th\u00e8se de doctorat d\u2019histoire des relations internationales : La politique espagnole de la France de 1931 \u00e0 1936 (publi\u00e9e sous ce titre en 1999). Elle a trouv\u00e9 son prolongement dans la publication de la biographie de Jean Herbette, journaliste et ambassadeur. D\u2019autres th\u00e9matiques proches ont \u00e9t\u00e9 ensuite travaill\u00e9es, les exil\u00e9s et r\u00e9fugi\u00e9s espagnols en France notamment.<\/h5>\n<h5>En 2002, un premier tournant th\u00e9matique a \u00e9t\u00e9 op\u00e9r\u00e9 vers la question de la place et du r\u00f4le des femmes dans les relations internationales contemporaines, au croisement de deux champs historiques int\u00e9ressants qui se (re)connaissaient peu, celui des femmes et du genre et celui des relations diplomatiques et internationales. Les femmes diplomates constituaient un chantier de recherche \u00e0 d\u00e9fricher qui s\u2019est \u00e9tendu ensuite \u00e0 l\u2019ensemble de la probl\u00e9matique femmes et relations internationales. Le constat de l\u2019implication des femmes politiques fran\u00e7aises dans la construction europ\u00e9enne a conduit au travail de recherche in\u00e9dit pr\u00e9sent\u00e9 pour l\u2019obtention de l\u2019HDR (publi\u00e9 en 2007 sous le titre Ces Fran\u00e7aises qui ont fait l\u2019Europe). Ce travail a \u00e9t\u00e9 prolong\u00e9 sous diff\u00e9rentes formes et l\u2019histoire des femmes et du genre demeure un th\u00e8me privil\u00e9gi\u00e9.<\/h5>\n<h5>Un troisi\u00e8me axe de recherche s\u2019est d\u00e9velopp\u00e9 autour des enfants dans les relations internationales. Trop oubli\u00e9s de l\u2019historiographie des relations internationales, les enfants sont pourtant des protagonistes certes passifs mais importants. On pense imm\u00e9diatement aux enfants victimes des guerres, des relations bilat\u00e9rales conflictuelles entre pays oppos\u00e9s, des embargos commerciaux internationaux ou unilat\u00e9raux\u2026 Les ann\u00e9es 2008-2011 ont \u00e9t\u00e9 essentiellement consacr\u00e9es \u00e0 l\u2019histoire de l\u2019adoption internationale en France. L\u2019ouvrage paru en 2011 sous le titre <em>Des enfants venus de loin. Histoire de l\u2019adoption internationale en France<\/em> constitue une premi\u00e8re synth\u00e8se in\u00e9dite sur ce ph\u00e9nom\u00e8ne de soci\u00e9t\u00e9 r\u00e9cent.<\/h5>\n<p>Les activit\u00e9s de recherche des derni\u00e8res ann\u00e9es ont port\u00e9 essentiellement sur l\u2019histoire des enfants \u00e0 l\u2019\u00e9chelle transnationale, notamment la dimension biopolitique des pratiques humanitaires et des d\u00e9placements d\u2019enfants au XX<sup>e<\/sup> si\u00e8cle. Les parrainages humanitaires d\u2019enfants, l\u2019histoire de Centre International de l\u2019Enfance (dont les archives sont conserv\u00e9es \u00e0 la BU d\u2019Angers), la construction des droits de l\u2019enfant et l\u2019agentivit\u00e9 des enfants et des jeunes ont donn\u00e9 lieu \u00e0 publications. Les enjeux de l\u2019enfance et de la jeunesse pendant les guerres d\u2019Indochine et d\u2019Alg\u00e9rie (biopolitique, migrations contraintes, assimilation) constituent un autre chantier tr\u00e8s actif.<\/p>\n<p>Toutes ces activit\u00e9s s\u2019inscrivent dans l\u2019axe 1 de la politique scientifique de l\u2019UMR TEMOS \u00ab\u00a0Enfance, genre et traces de soi\u00a0: individualit\u00e9s et subjectivit\u00e9s en mouvement\u00a0\u00bb. Elles sont \u00e9galement int\u00e9gr\u00e9es au programme de recherche pluridisciplinaire \u00ab\u00a0EnJeu[x] Enfance et Jeunesse\u00a0\u00bb que je dirige et qui vise \u00e0 structurer les <i>Child Studies<\/i><\/p>\n<p>&nbsp;<\/p>\n<p>Yves Den\u00e9ch\u00e8re dirige l&rsquo;unit\u00e9 de recherche TEMOS, Unit\u00e9 mixte de recherche (UMR 9016)\u00a0<span style=\"color: #333333;font-style: normal;font-weight: 300\">(<\/span><a style=\"font-style: normal;font-weight: 300\" href=\"http:\/\/temos.cnrs.fr\/\">http:\/\/temos.cnrs.fr\/<\/a><span style=\"color: #333333;font-style: normal;font-weight: 300\">)\u00a0<\/span><span style=\"font-weight: 300\">sous tutelle du CNRS, de l&rsquo;Universit\u00e9 d&rsquo;Angers, l&rsquo;Universit\u00e9 Bretagne Sud et Le Mans Universit\u00e9. TEMOS compte 60 enseignant.e.s-chercheur.e.s et autant de doctorant.e.s.<\/span><\/p>\n<p>Yves Den\u00e9ch\u00e8re assure la coordination scientifique du programme EnJeu[x]\u00a0<span style=\"color: #333333;font-style: normal;font-weight: 300\">(<\/span><a style=\"font-style: normal;font-weight: 300\" href=\"http:\/\/enfancejeunesse.fr\/\">http:\/\/enfancejeunesse.fr\/<\/a><span style=\"color: #333333;font-style: normal;font-weight: 300\">).<\/span><span style=\"font-weight: 300\">qui vise \u00e0 structurer la th\u00e9matique scientifique de l\u2019Enfance et de la Jeunesse (comprises comme la p\u00e9riode d\u2019\u00e2ge 0-18 ans, avec des prolongements en fonction des processus \u00e9tudi\u00e9s). Financ\u00e9 par la r\u00e9gion Pays-de-la-Loire et les Universit\u00e9s d&rsquo;Angers, du Maine et de Nantes (2015-2021), le programme a pour objectif de d\u00e9velopper la production de connaissances nouvelles sur le bien-\u00eatre et la qualit\u00e9 de vie des enfants et des jeunes, th\u00e9matique porteuse d\u2019enjeux soci\u00e9taux forts pour l\u2019avenir. S&rsquo;inspirant des Child Studies ou Childhood Studies, l\u2019ambition du consortium (une vingtaine de laboratoires en lettres, langues et sciences humaines et sociales, mais aussi en sant\u00e9, nutrition, sciences de l&rsquo;ing\u00e9nieur&#8230;) est de se positionner \u00e0 5 ans comme un r\u00e9seau de recherche reconnu au niveau europ\u00e9en sur les th\u00e9matiques de l\u2019enfance et de la jeunesse, en lien avec une offre de formation visible, structur\u00e9e et r\u00e9pondant aux attentes des partenaires socio-\u00e9conomiques.<\/span><\/p>\n<p>&nbsp;<\/p>\n<p><a href=\"https:\/\/blog.univ-angers.fr\/yvesdenechere\/files\/2012\/09\/LOGO-ENJEUx_WEB.jpg\">\u00a0<\/a><\/p>\n","protected":false},"excerpt":{"rendered":"<p>Professeur d\u2019histoire contemporaine \u00e0 l\u2019Universit\u00e9 d\u2019Angers yves.denechere@univ-angers.fr Directeur de TEMOS temps, mondes, soci\u00e9t\u00e9s CNRS UMR 9016 Universit\u00e9s d&rsquo;Angers, Bretagne Sud, Le Mans www.temos.cnrs.fr Directeur du P\u00f4le universitaire lig\u00e9rien d&rsquo;\u00e9tudes sur l&rsquo;enfance et la jeunesse Titulaire de la chaire \u00ab\u00a0Parole et &hellip; <a href=\"https:\/\/blog.univ-angers.fr\/yvesdenechere\/parcours-et-axes-de-recherche\/\">Continuer la lecture <span class=\"meta-nav\">&rarr;<\/span><\/a><\/p>\n","protected":false},"author":15550,"featured_media":0,"parent":0,"menu_order":0,"comment_status":"closed","ping_status":"closed","template":"","meta":{"footnotes":""},"class_list":["post-13","page","type-page","status-publish","hentry"],"_links":{"self":[{"href":"https:\/\/blog.univ-angers.fr\/yvesdenechere\/wp-json\/wp\/v2\/pages\/13","targetHints":{"allow":["GET"]}}],"collection":[{"href":"https:\/\/blog.univ-angers.fr\/yvesdenechere\/wp-json\/wp\/v2\/pages"}],"about":[{"href":"https:\/\/blog.univ-angers.fr\/yvesdenechere\/wp-json\/wp\/v2\/types\/page"}],"author":[{"embeddable":true,"href":"https:\/\/blog.univ-angers.fr\/yvesdenechere\/wp-json\/wp\/v2\/users\/15550"}],"replies":[{"embeddable":true,"href":"https:\/\/blog.univ-angers.fr\/yvesdenechere\/wp-json\/wp\/v2\/comments?post=13"}],"version-history":[{"count":20,"href":"https:\/\/blog.univ-angers.fr\/yvesdenechere\/wp-json\/wp\/v2\/pages\/13\/revisions"}],"predecessor-version":[{"id":628,"href":"https:\/\/blog.univ-angers.fr\/yvesdenechere\/wp-json\/wp\/v2\/pages\/13\/revisions\/628"}],"wp:attachment":[{"href":"https:\/\/blog.univ-angers.fr\/yvesdenechere\/wp-json\/wp\/v2\/media?parent=13"}],"curies":[{"name":"wp","href":"https:\/\/api.w.org\/{rel}","templated":true}]}}