{"id":99,"date":"2015-11-15T10:28:03","date_gmt":"2015-11-15T09:28:03","guid":{"rendered":"https:\/\/blog.univ-angers.fr\/voxcampus\/?page_id=99"},"modified":"2022-09-23T22:26:53","modified_gmt":"2022-09-23T21:26:53","slug":"2003-2006","status":"publish","type":"page","link":"https:\/\/blog.univ-angers.fr\/voxcampus\/tous-nos-concerts\/2003-2006\/","title":{"rendered":"2003-2007"},"content":{"rendered":"<p><strong>Concerts donn\u00e9s en 2006-2007<\/strong><\/p>\n<p>Mercredi 20 d\u00e9cembre 2006 &#8211;  Concert de No\u00ebl en l&rsquo;\u00e9glise St L\u00e9onard \u00e0 Angers (avec notamment au programme : la Pavane de Faur\u00e9, de larges extraits du Requiem de Mozart et du Magnificat de Vivaldi)<\/p>\n<p>Dimanche 28 janvier 2007 &#8211; Concert \u00e0 Angers, Eglise de la Madeleine (rue de la Madeleine), \u00e0 17h00.<\/p>\n<p>11 et 12 mars 2007 &#8211; Concerts \u00e0 Angers, Eglise St L\u00e9onard samedi \u00e0 20h30, et Eglise St Laud dimanche \u00e0 15h. Vox Campus a accueilli \u00e0 ces deux occasions l&rsquo;orchestre de l&rsquo;Institut polytechnique de Nancy, l&rsquo;Orchestre C\u00e9sar Franck, le Choeur universitaire du Mans et l&rsquo;Orchestre universitaire de Tours. Oeuvres de Vivaldi, Schubert, Dvorak, Faur\u00e9, Haydn, Haendel et Orff.<\/p>\n<p>Mercredi 25 avril 2007 &#8211; Concert en l&rsquo;\u00e9glise Ste Th\u00e9r\u00e8se (place Ste Th\u00e9r\u00e8se \u00e0 Angers) \u00e0 20h30 : Magnificat de Vivaldi, etc.<\/p>\n<p>Vendredi 11 mai 2007 &#8211; Concert aux Ponts de C\u00e9 (49), Eglise St Maurille \u00e0 20h30.<\/p>\n<p>Jeudi 21 juin 2007 &#8211; F\u00caTE DE LA MUSIQUE \u00e0 Angers, Chapelle des Ursules, \u00e0 21h00 : concert gratuit de Vox Campus avec des oeuvres de Vivaldi [Magnificat], Faur\u00e9, Dvorak, etc.<\/p>\n<p>Mercredi 27 juin 2007 \u00e0 20h30 &#8211; Concert gratuit (\u00e0 Angers, dans une Chapelle des Ursules pleine \u00e0 craquer !) de l&rsquo;Orchestre symphonique de l&rsquo;Ecole sup\u00e9rieure de musique de Molodecno (Bi\u00e9lorussie) et de Vox Campus : Rachmaninov, Vivaldi [Magnificat], Tchaikovsky, Liadov, Dunayevski, Oguinski, Dvorak, et Mozart [lacrymosa et dies Irae du Requiem].<br \/>\n_____________________________________________________________________________________<\/p>\n<p><strong>Concerts donn\u00e9s en 2005-2006<\/strong><\/p>\n<p>Dimanche 18 septembre 2005 \u00e0 17h00 (Chapelle des Ursules, rue des Ursules  \u00e0 Angers) : Le Choeur et l&rsquo;Orchestre de l&rsquo;Universit\u00e9 d&rsquo;Angers ont fait leur rentr\u00e9e et donn\u00e9 leur premier concert de l&rsquo;ann\u00e9e \u00e0 l&rsquo;occasion des \u00ab\u00a0journ\u00e9es du Patrimoine\u00a0\u00bb (programme d&rsquo;oeuvres orchestrales et de chants a capella de 2004-2005).<\/p>\n<p><em>Le d\u00e9c\u00e8s brutal, mercredi 12 octobre 2005, de notre ami, t\u00e9nor de Vox Campus, <strong>Jean-Guy Bellec<\/strong>, a endeuill\u00e9 cette ann\u00e9e universitaire. Une c\u00e9r\u00e9monie s&rsquo;est tenue \u00e0 Angers samedi 15 octobre \u00e0 10h, impasse Charles Berjole, au cours de laquelle la chorale a donn\u00e9 des chants a capella, et plusieurs des concerts ci-dessous lui ont \u00e9t\u00e9 d\u00e9di\u00e9s.<\/em><\/p>\n<p>Mardi 29 novembre 2005 : Campus en musique en collaboration avec l&rsquo;ONPL.<br \/>\nAstrolabe &#8211; Belle Beille : 12h15-12h45 : Quintette de cuivres<br \/>\nEspace culturel de l&rsquo;Universit\u00e9 &#8211; Campus St-Serge : 20h-20h45 : Les peaux lisses (percussions) 20h45-21h45 : Vox Campus (choeur et orchestre) : chants a capella (Alta trinita beata, Signore delle cime, Ay linda amiga, Hymne \u00e0 la Nuit [Rameau], Le Choeur de l&rsquo;hiver [Lully], Notre P\u00e8re &amp; Ubi Caritas [Durufl\u00e9]), extraits du Requiem de Mozart, La Panth\u00e8re rose et ouverture de La Pie voleuse [Rossini].<\/p>\n<p>Mercredi 14 d\u00e9cembre 2005 \u00e0 20h30 : Concert de No\u00ebl \u00e0 l&rsquo;\u00e9glise Sainte Th\u00e9r\u00e8se \u00e0 Angers (programme du 29 novembre)<\/p>\n<p>Dimanche 12 f\u00e9vrier 2006 \u00e0 15h30 (Tours\/Eglise Ste Jeanne d&rsquo;Arc).<\/p>\n<p>Mercredi 22 mars 2006 \u00e0 19h00 : Concert pour les 40 ans de l&rsquo;IUT d&rsquo;Angers (Centre Georges Brassens, all\u00e9e Georges Brassens 49240 AVRILLE). chants a capella (Signore delle cime, Ay linda amiga, Nynie, Hymne \u00e0 la Nuit [Rameau], Le Choeur de l&rsquo;hiver [Lully], Notre P\u00e8re &amp; Ubi Caritas [Durufl\u00e9]), Parties chorales du Requiem de Mozart, La Panth\u00e8re rose et Pump and Circonstances [Elgar].<\/p>\n<p>Mercredi 29 mars 2006 \u00e0 20h30 : Concert avec l&rsquo;orchestre C\u00e9sar Franck. Eglise Ste Th\u00e9r\u00e8se \u00e0 Angers<\/p>\n<p>Vendredi 7 avril 2006 \u00e0 20h30 : Concert \u00e0 l&rsquo;\u00e9glise de B\u00e9con-les-Granits (Haut-Anjou). 1\u00e8re int\u00e9grale du Requiem de Mozart (solistes : Victor Sicard, Guillaume Fran\u00e7ois, Nelly Freslier, Isabelle Villeret).<\/p>\n<p>Dimanche 9 avril 2006 \u00e0 17h : Concert \u00e0 l&rsquo;Abbaye de l&rsquo;Epau (Le Mans) : 2e int\u00e9grale du Requiem de Mozart (solistes : Michel Banchereau, Florian Legrand, Nelly Freslier, Isabelle Villeret) ; Pump and circonstances [Elgar], La Panth\u00e8re rose, chants a capella.<\/p>\n<p>Samedi 13 mai 2006 \u00e0 20h30 : Concert du 15e anniversaire de Vox Campus (choeur et orchestre) et du choeur de l&rsquo;Universit\u00e9 autonome de Madrid (UAM) au Centre des Congr\u00e8s d&rsquo;Angers. Un millier de personnes ont assist\u00e9 \u00e0 ce concert anniversaire. &gt;&gt; Pour en voir des photos, cliquer ici ! &lt;&gt; Pour voir le site du FIMU, cliquer ici ! &lt;&lt;<\/p>\n<p>Mercredi 21 juin 2006 &#8211; F\u00caTE DE LA MUSIQUE \u00e0 Angers, Chapelle des Ursules, \u00e0 21h00 : concert gratuit de Vox Campus (chants a capella, Requiem de Mozart, Ouverture de The fairy Queen de Purcell).<br \/>\n__________________________________________________________________________________<\/p>\n<p><strong>Concerts donn\u00e9s en 2004-2005<\/strong><\/p>\n<p><strong>Samedi 9 octobre 2004<\/strong> \u00e0 20h30 en l&rsquo;\u00e9glise St Serge (avenue Marie Talet, Angers) : Vox Campus et le Choeur bi\u00e9lorusse de Brest-Litovsk ont pr\u00e9sent\u00e9 des choeurs a capella (pour Vox : Come again de Dowland, Ehre sei dir Christe de Sch\u00fctz, O bone Jesu de Anchieta, Il bianco Cigno de Arcadelt, deux chants slavons, Hymne \u00e0 la nuit de Rameau, Notre p\u00e8re de Durufl\u00e9),  des chants populaires bi\u00e9lorusses, des choeurs d&rsquo;op\u00e9ra (Weber, Verdi, Puccini). Les fonds recueillis lors de ce concert sont destin\u00e9s \u00e0 des actions humanitaires en Belarus (victime de Tchernobyl).<\/p>\n<p><strong>Mardi 23 novembre 2004<\/strong> : CAMPUS EN MUSIQUE. Le Quatrombone (aux RU des Beaux-Arts \u00e0 11h45 et de Belle-Beille \u00e0 12h30), l&rsquo;Ensemble 5.3 (Ensemble baroque de l&rsquo;ONPL \u00e0 l&rsquo;Amphigouri \u00e0 20h) et Vox Campus (Choeur \u00e0 20h45 et orchestre \u00e0 21h15 \u00e0 l&rsquo;Amphigouri) donnent une journ\u00e9e de concerts gratuits pour les \u00e9tudiants et personnels de l&rsquo;Universit\u00e9 d&rsquo;Angers. N.B. : Les entr\u00e9es \u00e0 l&rsquo;Amphigouri, situ\u00e9 dans la Maison des Etudiants jouxtant la Pr\u00e9sidence de l&rsquo;Universit\u00e9 (place F. Mitterrand), \u00e9taient libres.<\/p>\n<p><strong>Mercredi 15 d\u00e9cembre 2004<\/strong> \u00e0 20h30 en l&rsquo;\u00e9glise St L\u00e9onard (359 rue St L\u00e9onard, Angers) : Concert de No\u00ebl. Au cours de la premi\u00e8re partie, les petit et grand choeurs de Vox Campus ont ex\u00e9cut\u00e9 des chants a capella (Come again de Dowland, Ehre sei dir Christe de Sch\u00fctz, Quand l&rsquo;ennui f\u00e2cheux vous prend de Roland de Lassus, O bone Jesu de Anchieta, Il bianco Cigno de Arcadelt, Gr\u00e2ce te rends de Jannequin,  un chant slavon, Hymne \u00e0 la nuit de Rameau, Notre p\u00e8re de Durufl\u00e9). La deuxi\u00e8me partie a permis \u00e0 l&rsquo;orchestre de donner l&rsquo;Ouverture de The fairy queen de Purcell, et la Symphonie n\u00b08 de Schubert sous la direction d&rsquo;Olivier Villeret. Une \u00e9x\u00e9cution partielle de la Messe du Couronnement de Mozart a constitu\u00e9 la troisi\u00e8me et derni\u00e8re partie de ce concert. Les solistes en \u00e9taient : Isabelle Villeret, soprano, Nelly Freslier, alto, C\u00e9dric Blandin, t\u00e9nor et Michel Banchereau, basse. Choeur et orchestre de l&rsquo;Universit\u00e9 d&rsquo;Angers plac\u00e9s sous la baguette d&rsquo;Olivier Villeret.<\/p>\n<p><strong>Jeudi 27 janvier \u00e0 19h30<\/strong> : Concert priv\u00e9 \u00e0 la Chapelle des Ursules (ouvert aux participants du colloque de psychologie cognitive).<\/p>\n<p><strong>Mercredi 23 mars \u00e0 20h30<\/strong>, Concert commun de Vox Campus et de l&rsquo;Orchestre B du conservatoire \u00e0 la Cath\u00e9drale d&rsquo;Angers :Chants a capella (O bone Jesu de Anchieta, Il bianco Cigno de Arcadelt, un chant slavon, Hymne \u00e0 la nuit de Rameau, Ubi Caritas et Notre p\u00e8re de Durufl\u00e9), l&rsquo;Ouverture de The fairy queen de Purcell, la Symphonie n\u00b08 de Schubert, la Valse de l&#8217;empereur de J. Strauss (dir. John Lowry) et la Messe du Couronnement de Mozart (dir. Olivier Villeret)<\/p>\n<p><strong>DOREMIFAC <\/strong><\/p>\n<p><em>Le 7e festival DOREMIFAC des Choeurs et Orchestres universitaires s&rsquo;est tenu \u00e0 Angers et en l&rsquo;abbaye de Fontevraud du 8 au 10 avril avec Vox Campus et des ensembles invit\u00e9s.<\/em><\/p>\n<p>o Vendredi 8 avril \u00e0 20h30 : \u00c9glise Ste Th\u00e9r\u00e8se d\u2019Angers<br \/>\n&#8211; Ensemble VOX CAMPUS : Ch\u0153ur et orchestre de l\u2019Universit\u00e9 d\u2019Angers &#8211; Concert payant (messe du Couronnement de Mozart, chants a cappella, 8\u00e8me symphonie de Schubert&#8230;)<\/p>\n<p>o Samedi 9 avril \u00e0 partir de 17h : R\u00e9fectoire de l\u2019Abbaye de Fontevraud &#8211; Concerts gratuits<br \/>\n&#8211; La Chapelle des Chantres de Tours, direction : Jacques Barbier<br \/>\n&#8211; Orchestre Universitaire de Tours,<br \/>\n&#8211; Ch\u0153ur de l\u2019universit\u00e9 du Maine (le Mans), direction : Mme Evelyne B\u00e9ch\u00e9 (choeurs d&rsquo;op\u00e9ras, chants de l&rsquo;Est et gospels)<br \/>\n&#8211; Orchestre de l\u2019universit\u00e9 de Poitiers, direction : M. Benoit Weeger<\/p>\n<p>o Dimanche 10 avril \u00e0 partir de 15 h : Abbatiale de Fontevraud &#8211; Concerts gratuits<br \/>\n&#8211; Ch\u0153ur de l\u2019IUFM, direction : M. Herv\u00e9 Girault<br \/>\n&#8211; Orchestre B du conservatoire d\u2019Angers, direction : M. Richard Lowry<br \/>\n&#8211; Ensemble de anches doubles d\u2019Anjou, ALADAN direction : M. Guy Remaud<br \/>\n&#8211; Ensemble Sirocco (vents), direction : M. Guy Remaud<br \/>\n&#8211; Ch\u0153ur et orchestre de l\u2019universit\u00e9 d\u2019Angers, Vox Campus, direction : M. Olivier Villeret<\/p>\n<p><em>Vox Campus donna au cours de ces journ\u00e9es des chants a capella (Ehre sei dir Christe de Sch\u00fctz, O bone Jesu de Anchieta, Il bianco Cigno de Arcadelt, un chant slavon, Hymne \u00e0 la nuit de Rameau, Ubi Caritas et Notre p\u00e8re de Durufl\u00e9), l&rsquo;Ouverture de The fairy queen de Purcell, la Symphonie n\u00b08 de Schubert et la Messe du Couronnement de Mozart.<\/em><\/p>\n<p><strong>dimanche 17 avril \u00e0 17h<\/strong> : Concert en l&rsquo;\u00e9glise de Souffelweyersheim (bas Rhin), (chants a capella, extraits de The fairy queen de Purcell, Symphonie n\u00b08 de Schubert et Messe du Couronnement de Mozart).<\/p>\n<p><strong>mardi 19 avril<\/strong> \u00e0 17h et <strong>mercredi 20 avril<\/strong> \u00e0 19h : Concerts en Hongrie \u00e0 Papa et Veszprem : chants a capella, extraits de The fairy queen de Purcell, Symphonie n\u00b08 de Schubert et Messe du Couronnement de Mozart.<\/p>\n<p><strong>Samedi 21 mai<\/strong> \u00e0 20H30 et <strong>dimanche 22 mai<\/strong> : Concerts en Bretagne \u00e0 la basilique St Sauveur de Dinan et \u00e0 la cath\u00e9drale St Vincent de St Malo (entr\u00e9e gratuite). Le ch\u0153ur pr\u00e9senta d\u2019abord une partie a cappella. Ensuite, l\u2019orchestre interpr\u00e9ta l\u2019ouverture de \u00ab the Fairy Queen \u00bb de Purcell et la 8\u00e8me symphonie (l\u2019inachev\u00e9e) de Schubert. Enfin, la messe du couronnement de Mozart rassembla ch\u0153ur et orchestre.<\/p>\n<p><strong>Mardi 21 juin 2005<\/strong> &#8211; F\u00caTE DE LA MUSIQUE \u00e0 Angers. Chapelle des Ursules \u00e0 20h30 : concert gratuit de Vox Campus. Au programme : Ubi caritas et Notre p\u00e8re de Durufl\u00e9, La Nuit de Rameau, Tota pulchra est de Bruckner, La Nuit froide et sombre de Lassus, extraits de The Fairy Queen de Purcell, Symphonie n\u00b08 de Schubert (1er mvt) et Messe du Couronnement de Mozart.<br \/>\n_________________________________________________________________________________<\/p>\n<p><strong>Concerts donn\u00e9s en 2003-2004<\/strong><\/p>\n<p><strong>Samedi 6 d\u00e9cembre 2003<\/strong> : concert de Vox Campus et OLDA, orchestre du lyc\u00e9e David D\u2019Angers dirig\u00e9 par Jean-Jo Roux \u00e0 20H30 \u00e0 l\u2019\u00e9glise de Montjean. (Entr\u00e9e payante)<\/p>\n<p><strong>Dimanche 7 d\u00e9cembre<\/strong> : l\u2019orchestre de l\u2019universit\u00e9 d\u2019Angers accueillait l\u2019orchestre universitaire de Besan\u00e7on \u00e0 l\u2019\u00e9glise Ste Th\u00e9r\u00e8se \u00e0 17H. Au programme, la 3\u00e8me symphonie de Schubert, l\u2019ouverture des H\u00e9brides de Mendelsohnn et le 1er concerto grosso de Haendel. Entr\u00e9e \u00e0 7euros, gratuit pour les \u00e9tudiants et demandeurs d\u2019emploi.<\/p>\n<p><strong>Samedi 13 d\u00e9cembre<\/strong> : Vox se produisait aupr\u00e8s d\u2019OLDA pour f\u00eater son anniversaire au centre des congr\u00e8s \u00e0 19H. (entr\u00e9e payante)<\/p>\n<p><strong>Mercredi 17 d\u00e9cembre 2003<\/strong> : concert de No\u00ebl, \u00e0 21H, \u00e0 l\u2019\u00e9glise St Maurice de Chalonnes au profit du CESAME pour les r\u00e9novations d\u2019un lieu d\u2019ateliers th\u00e9rapeutiques. Au programme, le 1er concerto grosso de Haendel, des extraits de l\u2019ode pour l\u2019anniversaire de la reine Marie de Purcell, des extraits de la messe de Ste C\u00e9cile de Gounod, la premi\u00e8re suite de Peer Gynt de Grieg. Entr\u00e9e \u00e0 7 euros.<\/p>\n<p><strong>Dimanche 1er f\u00e9vrier 2004<\/strong> \u00e0 15H: concert sur l\u2019\u00eele de Noirmoutier lors d\u2019un week-end de r\u00e9p\u00e9tition, moment de partage avec les m\u00e9lomanes illiens. (tarifs 5 euros)<\/p>\n<p><strong>Dimanche 14 mars<\/strong> \u00e0 16H : concert \u00e0 la prestigieuse abbaye de l\u2019Epau pr\u00e8s du Mans.<\/p>\n<p><strong>Mercredi 21 avril<\/strong> \u00e0 20H30: concert de chorales hongroises de Veszprem avec Vox Campus (tarif unique \u00e0 5 euros).<br \/>\nVox Campus a re\u00e7u \u00e0 l\u2019\u00e9glise St L\u00e9onard \u00e0 Angers deux formations Hongroises de Veszprem en tourn\u00e9e lors d\u2019une unique soir\u00e9e : le Veszprem university chamber et le Ch\u0153ur mixte de Veszprem dirig\u00e9s par Maria Petrocz-Veres.<br \/>\nAu programme : des titres de Kodaly, Bordos, Lallement, Brahms, Schubert, Durufl\u00e9 (Notre p\u00e8re)\u2026 et le programme de Vox Campus : des extraits de de Peer Gynt de Grieg, l\u2019ouverture des H\u00e9brides de Mendelssohn, des extraits de la messe Ste C\u00e9cile de Gounod.<\/p>\n<p><strong>Vendredi 23 avril<\/strong> \u00e0 20H30 : concert \u00e0 Cand\u00e9 du petit ensemble.<\/p>\n<p><strong>Dimanche 25 avril<\/strong> \u00e0 17H00 : participation au festival d\u2019art sacr\u00e9 d\u2019Evron en Mayenne.<\/p>\n<p><strong>Mercredi 5 mai \u00e0 20H30<\/strong> : Vox Campus a f\u00eat\u00e9 son 150\u00e8me concert depuis sa cr\u00e9ation au grand th\u00e9atre d\u2019Angers. Ev\u00e9nement de l\u2019ann\u00e9e 2003-2004, ce concert a eu lieu devant plus de 500 personnes. Au programme : des oeuvres de Dowland, Sch\u00fctz, Lotti et Arcadelt par l&rsquo;Ensemble vocal, des chants orthodoxes et de Juan de Anchieta par le grand choeur, de Purcell, H\u00e4ndel et Chostakovitch par l&rsquo;orchestre de poche, de F\u00e9lix Mendelssohn et H\u00e4ndel par l&rsquo;orchestre symphonique, et enfin la messe solennelle de Ste C\u00e9cile de Gounod par le Choeur et l&rsquo;Orchestre. La Direction a \u00e9t\u00e9 assur\u00e9e par Olivier Villeret.<\/p>\n<p><strong>Mardi 21 juin 2004<\/strong> &#8211; F\u00caTE DE LA MUSIQUE \u00e0 Angers. Chapelle des Ursules \u00e0 20h30 : concert gratuit de Vox Campus.<br \/>\n_________________________________________________________________________________<\/p>\n","protected":false},"excerpt":{"rendered":"<p>Concerts donn\u00e9s en 2006-2007 Mercredi 20 d\u00e9cembre 2006 &#8211; Concert de No\u00ebl en l&rsquo;\u00e9glise St L\u00e9onard \u00e0 Angers (avec notamment au programme : la Pavane de Faur\u00e9, de larges extraits du Requiem de Mozart et du Magnificat de Vivaldi) Dimanche &hellip; <a href=\"https:\/\/blog.univ-angers.fr\/voxcampus\/tous-nos-concerts\/2003-2006\/\">Continuer la lecture <span class=\"meta-nav\">&rarr;<\/span><\/a><\/p>\n","protected":false},"author":7672,"featured_media":0,"parent":14,"menu_order":11,"comment_status":"closed","ping_status":"open","template":"","meta":{"footnotes":""},"class_list":["post-99","page","type-page","status-publish","hentry"],"_links":{"self":[{"href":"https:\/\/blog.univ-angers.fr\/voxcampus\/wp-json\/wp\/v2\/pages\/99","targetHints":{"allow":["GET"]}}],"collection":[{"href":"https:\/\/blog.univ-angers.fr\/voxcampus\/wp-json\/wp\/v2\/pages"}],"about":[{"href":"https:\/\/blog.univ-angers.fr\/voxcampus\/wp-json\/wp\/v2\/types\/page"}],"author":[{"embeddable":true,"href":"https:\/\/blog.univ-angers.fr\/voxcampus\/wp-json\/wp\/v2\/users\/7672"}],"replies":[{"embeddable":true,"href":"https:\/\/blog.univ-angers.fr\/voxcampus\/wp-json\/wp\/v2\/comments?post=99"}],"version-history":[{"count":1,"href":"https:\/\/blog.univ-angers.fr\/voxcampus\/wp-json\/wp\/v2\/pages\/99\/revisions"}],"predecessor-version":[{"id":724,"href":"https:\/\/blog.univ-angers.fr\/voxcampus\/wp-json\/wp\/v2\/pages\/99\/revisions\/724"}],"up":[{"embeddable":true,"href":"https:\/\/blog.univ-angers.fr\/voxcampus\/wp-json\/wp\/v2\/pages\/14"}],"wp:attachment":[{"href":"https:\/\/blog.univ-angers.fr\/voxcampus\/wp-json\/wp\/v2\/media?parent=99"}],"curies":[{"name":"wp","href":"https:\/\/api.w.org\/{rel}","templated":true}]}}