{"id":974,"date":"2025-03-28T08:49:01","date_gmt":"2025-03-28T07:49:01","guid":{"rendered":"https:\/\/blog.univ-angers.fr\/voxcampus\/?page_id=974"},"modified":"2025-11-24T10:25:38","modified_gmt":"2025-11-24T09:25:38","slug":"2024-2025","status":"publish","type":"page","link":"https:\/\/blog.univ-angers.fr\/voxcampus\/tous-nos-concerts\/2024-2025\/","title":{"rendered":"2025-2026"},"content":{"rendered":"\n<p id=\"block-7cb8445c-40b6-48db-8bf7-69e77e3bd867\"><em>Concerts d\u00e9j\u00e0 programm\u00e9s cette ann\u00e9e :<\/em><\/p>\n\n\n\n<ul class=\"wp-block-list\">\n<li>Mardi 16 et Mercredi 17 d\u00e9cembre : G\u00e9n\u00e9rale et concert de No\u00ebl \u00e0 Angers<\/li>\n\n\n\n<li>Mardi 6 janvier : Concert ch\u0153ur en EHPAD (galette des rois)<\/li>\n\n\n\n<li>Mercredi 7 janvier : Concert orchestre en EHPAD (galette des rois)<\/li>\n\n\n\n<li>Samedi 7 et Dimanche 8 f\u00e9vrier : Week-end \u00ab ouvert \u00bb de travail choral (l\u2019orchestre pr\u00e9sent le dimanche a.m.)<\/li>\n\n\n\n<li>Mercredi 4 mars : Concert de l\u2019orchestre (et des solistes) \u00e0 l\u2019UCO (Amphi Bazin)<\/li>\n\n\n\n<li>Dimanche 15 mars : Rencontre chorale avec un autre ensemble angevin \u00e0 Angers<\/li>\n\n\n\n<li>Samedi 28 et Dimanche 29 mars : Concerts \u00e0 l\u2019ext\u00e9rieur (Paris ou autre)<\/li>\n\n\n\n<li>Mardi 7 avril et Mercredi 8 avril : G\u00e9n\u00e9rale et concert pour le printemps des orgues (\u00e9glise St Serge \u00e0 Angers)<\/li>\n\n\n\n<li>Samedi 18 avril au vendredi 24 avril : tourn\u00e9e (Charentes maritimes).<\/li>\n\n\n\n<li>Samedi 23 mai et Dimanche 24 mai : WE de Pentec\u00f4te \u00e0 Belfort (sous r\u00e9serves)<\/li>\n\n\n\n<li>Vendredi 29, Samedi 30 mai et Dimanche 31 mai : Concerts de gala (35e anniversaire) \u00e0 Segr\u00e9 et \u00e0 Angers<\/li>\n\n\n\n<li>Dimanche 21 juin : Concert F\u00eate de la musique<\/li>\n<\/ul>\n\n\n\n<p><em>Concerts d\u00e9j\u00e0 donn\u00e9s cette ann\u00e9e universitaire:<\/em><\/p>\n\n\n\n<ul class=\"wp-block-list\">\n<li>Dimanche 28 septembre \u00e0 13h : Concert en la Coll\u00e9giale St Martin \u00e0 Angers<\/li>\n\n\n\n<li>Dimanche 28 septembre \u00e0 18h : Concert dans la Galerie de l&rsquo;Apocalypse au Ch\u00e2teau d&rsquo;Angers<\/li>\n\n\n\n<li>Samedi 15 et Dimanche 16 novembre : Week-end de travail et d\u2019int\u00e9gration \u00e0 Kiberen (Quiberon)<\/li>\n<\/ul>\n","protected":false},"excerpt":{"rendered":"<p>Concerts d\u00e9j\u00e0 programm\u00e9s cette ann\u00e9e : Concerts d\u00e9j\u00e0 donn\u00e9s cette ann\u00e9e universitaire:<\/p>\n","protected":false},"author":7672,"featured_media":0,"parent":14,"menu_order":0,"comment_status":"closed","ping_status":"closed","template":"","meta":{"footnotes":""},"class_list":["post-974","page","type-page","status-publish","hentry"],"_links":{"self":[{"href":"https:\/\/blog.univ-angers.fr\/voxcampus\/wp-json\/wp\/v2\/pages\/974","targetHints":{"allow":["GET"]}}],"collection":[{"href":"https:\/\/blog.univ-angers.fr\/voxcampus\/wp-json\/wp\/v2\/pages"}],"about":[{"href":"https:\/\/blog.univ-angers.fr\/voxcampus\/wp-json\/wp\/v2\/types\/page"}],"author":[{"embeddable":true,"href":"https:\/\/blog.univ-angers.fr\/voxcampus\/wp-json\/wp\/v2\/users\/7672"}],"replies":[{"embeddable":true,"href":"https:\/\/blog.univ-angers.fr\/voxcampus\/wp-json\/wp\/v2\/comments?post=974"}],"version-history":[{"count":9,"href":"https:\/\/blog.univ-angers.fr\/voxcampus\/wp-json\/wp\/v2\/pages\/974\/revisions"}],"predecessor-version":[{"id":1074,"href":"https:\/\/blog.univ-angers.fr\/voxcampus\/wp-json\/wp\/v2\/pages\/974\/revisions\/1074"}],"up":[{"embeddable":true,"href":"https:\/\/blog.univ-angers.fr\/voxcampus\/wp-json\/wp\/v2\/pages\/14"}],"wp:attachment":[{"href":"https:\/\/blog.univ-angers.fr\/voxcampus\/wp-json\/wp\/v2\/media?parent=974"}],"curies":[{"name":"wp","href":"https:\/\/api.w.org\/{rel}","templated":true}]}}