{"id":97,"date":"2015-11-14T23:09:58","date_gmt":"2015-11-14T22:09:58","guid":{"rendered":"https:\/\/blog.univ-angers.fr\/voxcampus\/?page_id=97"},"modified":"2023-09-24T14:44:11","modified_gmt":"2023-09-24T13:44:11","slug":"2000-2010","status":"publish","type":"page","link":"https:\/\/blog.univ-angers.fr\/voxcampus\/tous-nos-concerts\/2000-2010\/","title":{"rendered":"1999-2003"},"content":{"rendered":"<p><strong>Concerts donn\u00e9s en 2002-2003<\/strong><\/p>\n<p><strong>Mercredi 2 Octobre 2002<\/strong> &#8211; \u00c0 l&rsquo;invitation et avec la participation de l&rsquo;orchestre de VOX CAMPUS et de son ensemble vocal (30mn), concert de l&rsquo;orchestre Mendelssohn de Veszprem (Hongrie) au th\u00e9\u00e2tre Chanzy (Angers), sous le patronage de l\u2019Unicef et d\u2019Amiti\u00e9s Anjou Hongrie.<\/p>\n<p><strong>Samedi 16 Novembre 2002<\/strong> \u00e0 20h30 &#8211; Concert du choeur et de l&rsquo;orchestre de Vox Campus au th\u00e9\u00e2tre Chanzy (Angers) au profit des handicap\u00e9s (CLH &#8211; organis\u00e9 par le Rotary club). Tarifs de 15 et 10 euros.<br \/>\nAu programme  : L\u2019ouverture d\u2019Egmont et le n\u00b0 2 de la 7\u00e8me de Beethoven par l\u2019orchestre symphonique, des extraits de Didon et En\u00e9e de Purcell par l\u2019ensemble vocal et instrumental, des chants de la Renaissance a capella par le grand ch\u0153ur (Une Puce de Roland de Lassus, Il bianco e dolce cygno d\u2019Arcadelt, O Bone Jesu de J De Anchieta, etc.), un extrait de l\u2019oratorio de No\u00ebl : Tolite Hostias de Camille St Saens.<\/p>\n<p><strong>Dimanche 8 D\u00e9cembre 2002<\/strong> \u00e0 16h, en l&rsquo;\u00e9glise de Beaug\u00e9 &#8211; Concert de cl\u00f4ture du Festival de Beaug\u00e9 (49). M\u00eame programme que le 16\/11\/02.<\/p>\n<p><strong>Mercredi 18 D\u00e9cembre 2002<\/strong> \u00e0 20h30 &#8211; Concert de No\u00ebl du choeur et de l&rsquo;orchestre de Vox Campus \u00e0 l&rsquo;\u00e9glise Sainte Th\u00e9r\u00e8se (Angers). Au programme, devant 130 personnes, l\u2019ensemble vocal et instrumental a donn\u00e9 le 7\u00e8me concerto grosso de Corelli, des extraits de la Suite Holberg de Grieg et de Didon et En\u00e9e de Purcell. L\u2019orchestre symphonique a jou\u00e9 ensuite l\u2019ouverture d\u2019Egmont et le n\u00b0 2 de la 7\u00e8me de Beethoven. Le grand choeur a interpr\u00e9t\u00e9 des chants de la Renaissance a capella par le grand ch\u0153ur : (O Bone Jesu de J. de Anchieta ; Il bianco e dolce cygno d\u2019Arcadelt ; Une Puce de Roland de Lassus ; Le festin du jeudi gras d\u2019A. Banchieri). Le grand ch\u0153ur et l&rsquo;orchestre ont enfin produit des extraits du Magnificat de Bach (n\u00b011 et 12), un extrait de l\u2019Oratorio de No\u00ebl (Tollite Hostias) de Camille St Saens, l&rsquo;Ave Maria de Jean-Jo Roux, La cigale et la fourmi (La Fontaine \/ Mozart) et Stille nacht.<\/p>\n<p><strong>Dimanche 26 janvier 2003<\/strong> \u00e0 15h00 &#8211; Concert \u00e0 la salle Jacques Brel de Montreuil-Juign\u00e9. Concert gratuit. En premi\u00e8re partie, les musiciens de l&rsquo;\u00e9cole de musique : classe de chant, classe de formation musicale, orchestre \u00e0 cordes de l&rsquo;\u00e9cole, Kordiddl, et des \u00e9l\u00e8ves pianistes. En seconde partie le petit ensemble de Vox Campus : Purcell, Corelli, la petite suite d&rsquo;Holberg. Concert organis\u00e9 par l&rsquo;\u00e9cole de musique.<\/p>\n<p><strong>6\u00e8me Festival international de ch\u0153urs et orchestres universitaires DOREMIFAC <\/strong><\/p>\n<p><strong>Vendredi 11 avril<\/strong> &#8211; Concert de VOX CAMPUS, ch\u0153ur et orchestre de l\u2019universit\u00e9 d\u2019Angers, \u00e0 la cath\u00e9drale St Maurice d\u2019Angers \u00e0 20h30. Au programme : Concerto grosso de Corelli, Didon et En\u00e9e de Purcell, Chants a capella (O Bone Jesu de J. de Anchieta ; Il bianco e dolce cygno d\u2019Arcadelt), MAGNIFICAT de Bach, 1er et deuxi\u00e8me mouvement de la 7e symphonie de Beethoven, Tolite hostias de Saint-Saens.<\/p>\n<p><strong>Samedi 12 avril<\/strong> &#8211; Concerts continus de 18h30 \u00e0 22h30 de plusieurs ensembles invit\u00e9s : le ch\u0153ur Universitaire de Nantes, l\u2019ensemble universitaire du Mans et de Vox Campus \u00e0 la chapelle des Ursules, Angers.<\/p>\n<p><strong>Dimanche 18 mai 2003<\/strong> \u00e0 17h &#8211; Concert du choeur et de l&rsquo;orchestre de Vox Campus aux Greniers Saint-Jean (Angers) en partenariat avec des Associations de d\u00e9port\u00e9s. \u00ab\u00a0L&rsquo;impossible oubli\u00a0\u00bb : lecture de po\u00e8mes \u00e9crits par des d\u00e9port\u00e9s, intercal\u00e9s avec des extraits musicaux comme le 7\u00e8me Concerto Grosso de Corelli, l&rsquo;Ouverture d&rsquo;Egmont de Beethoven, Magnificat de Bach, Il bianco e Dolce Cygno d&rsquo;Arcadelt, Didon et En\u00e9e de Purcell, des chants de la r\u00e9sistance et de la d\u00e9portation (le Chant des partisans, le Chant des marais&#8230;) et des oeuvres a capella&#8230;  Exposition \u00ab\u00a0R\u00e9sistance et d\u00e9portation\u00a0\u00bb ouverte de 14h00 \u00e0 21h00. Gratuit.<\/p>\n<p><strong>Samedi 21 juin 2003 <\/strong>&#8211; F\u00eate de la musique \u00e0 Angers. A la Chapelle des Ursules : concert gratuit de Vox Campus \u00e0 21h. Au programme :des extraits du Magnificat, Purcell, Beethoven.<br \/>\n_____________________________________________________________________________________<\/p>\n<p><strong>Concerts donn\u00e9s en 2001-2002<\/strong><\/p>\n<p><em>A l&rsquo;invitation de VOX CAMPUS, deux s\u00e9ries de concerts tch\u00e8ques ont \u00e9t\u00e9 donn\u00e9s en d\u00e9but d&rsquo;ann\u00e9e :<\/em><\/p>\n<p>&#8211; Chorale JESTED de Liberec (R\u00e9publique tch\u00e8que) sous la direction de Petr Palka<br \/>\nPoulenc (la Blanche neige), Dvorak (Stabat mater), Haendel (Allellujah), Tupsky (Milostive leto), Komarovsky (Starocesky choral), etc.<br \/>\nSamedi 29 septembre 2001 \u00e0 20h30 en l&rsquo;Eglise Sainte Th\u00e9r\u00e8se \u00e0 Angers et dimanche 30 septembre 2001 \u00e0 16h en l&rsquo;Eglise de Savenni\u00e8res (49)<\/p>\n<p>&#8211; Chorale universitaire de Hradec Kralov\u00e9 (R\u00e9publique tch\u00e8que) + Chorale de Vox Campus<br \/>\nOeuvres de Michna, Gluck, Charpentier, Negro-spirituals, jazz, etc. + Signore delle Cime, Aita gurea, Nynie, Cantate domino, etc.<br \/>\nDimanche 14 octobre \u00e0 16h en l&rsquo;Eglise Saint L\u00e9onard \u00e0 Angers et mardi 16 octobre \u00e0 20h30 \u00e0 l&rsquo;Amphigouri (Pr\u00e9sidence de l&rsquo;Universit\u00e9).<\/p>\n<p><strong>Samedi 2 D\u00e9cembre<\/strong> &#8211; Concert pour le march\u00e9 de No\u00ebl de Seiches sur Loir.<\/p>\n<p><strong>Mercredi 19 D\u00e9cembre 2001<\/strong> &#8211; Concert de No\u00ebl avec la Chorale Orfeo au Bon Pasteur.<\/p>\n<p><strong>Samedi 19 Janvier 2002<\/strong> &#8211; Concert commun avec l\u2019Orchestre du Lyc\u00e9e David d\u2019Angers \u00e0 20h30 au Th\u00e9\u00e2tre Chanzy.<\/p>\n<p><strong>Samedi 2 F\u00e9vrier<\/strong> &#8211; Concert \u00e0 Segr\u00e9 (Eglise, 20h30)<\/p>\n<p><strong>Dimanche 10 Mars<\/strong> \u00e0 15h30 &#8211; Concert au dortoir de l\u2019Abbaye de l\u2019Epau (route de Chang\u00e9, 72530 Yvr\u00e9 l&rsquo;Ev\u00eaque) (chants a capella, Ma m\u00e8re l&rsquo;Oye de Ravel, Petite suite de Debussy, Tollite hostias de Saint Saens, Ave Maria de J.-J. Roux, Extraits de Didon et En\u00e9e de Purcell et du Requiem de M. Durufl\u00e9).<\/p>\n<p><strong>Tourn\u00e9e en Espagne (Madrid et Andalousie) du 6 au 14 Avril 2002<\/strong> : Concerts \u00e0 Saragosse (\u00e0 l&rsquo;Auditorio) devant un millier de personnes et \u00e0 l&rsquo;\u00e9glise de Colmenar de Viejo (Madrid) devant 500 personnes, en commun avec le choeur et l&rsquo;orchestre de l&rsquo;UAM. Au programme : 1\u00e8re symphonie de Beethoven et Requiem de Durufl\u00e9.<\/p>\n<p><strong>Ve Festival international des choeurs et orchestres universitaires DOREMIFAC :<\/strong><\/p>\n<p><strong>Samedi 27 avril 2002<\/strong> : Concerts des choristes de l&rsquo;Universit\u00e9 de Veszprem (Hongrie) \u00e0 Bouchemaine (Eglise, 21h)<\/p>\n<p><strong>Dimanche 28 avril 2002<\/strong> \u00e0 16h00 : Concert des choristes de l&rsquo;Universit\u00e9 de Veszprem (Hongrie) et de VOX CAMPUS \u00e0 l&rsquo;\u00e9glise Saint Serge, avenue Marie Talet \u00e0 Angers.<\/p>\n<p><strong>Lundi 29 avril 2002<\/strong> : Concerts des choristes de l&rsquo;Universit\u00e9 de Veszprem (Hongrie) \u00e0 la facult\u00e9 de Droit (12h) et au kiosque du jardin du Mail (apr\u00e8s-midi) \u00e0 Angers.<\/p>\n<p><strong>Mardi 30 avril 2002<\/strong> : Concerts des choristes de l&rsquo;Universit\u00e9 de Veszprem (Hongrie) au Th\u00e9atre de SAUMUR (20h30).<\/p>\n<p><strong>Mercredi 1er mai 2002<\/strong> \u00e0 17h00 : Concert des Chorale franco-allemande de Paris, choeur Orf\u00e9o d&rsquo;Angers, Choeur et orchestre de l&rsquo;Universit\u00e9 Autonome de Madrid (UAM), Choeur et Orchestre de l&rsquo;Universit\u00e9 d&rsquo;Angers (VOX CAMPUS) en la Cath\u00e9drale Saint Maurice, \u00e0 Angers. Au programme, en particulier : le Requiem de Durufl\u00e9.<\/p>\n<p><strong>Jeudi 2 mai 2002<\/strong>, apr\u00e8s-midi: Concert des Choeur et orchestre de l&rsquo;Universit\u00e9 Autonome de Madrid (UAM) au kiosque du jardin du Mail \u00e0 Angers.<\/p>\n<p><strong>Jeudi 2 mai 2002<\/strong> \u00e0 20h30 : Concert des \u00e9l\u00e8ves du CNR (orchestre A et chorale) et de la CUN ( Chorale Universitaire de Nantes) en l&rsquo;\u00e9glise Sainte Th\u00e9r\u00e8se, \u00e0 Angers (Doutre\/CHR).<\/p>\n<p><strong>Samedi 4 mai 2002<\/strong> \u00e0 20h30 : Concert de cl\u00f4ture du Festival DOREMIFAC \u00e0 l&rsquo;Abbaye de Fontevraud. Les Choeur et orchestres de l&rsquo;Universit\u00e9 Autonome de Madrid (UAM) et Choeur et Orchestre de l&rsquo;Universit\u00e9 d&rsquo;Angers (VOX CAMPUS) : Requiem de Durufl\u00e9.<\/p>\n<p><strong>Vendredi 21 juin 2002 \u00e0 20h00<\/strong> &#8211; F\u00eate de la musique, version chorale de VOX CAMPUS, \u00e0 la Chapelle des Ursules (rue des Ursules \u00e0 Angers).<br \/>\n_____________________________________________________________________________________<\/p>\n<p><strong>Concerts donn\u00e9s en 2000-2001<\/strong><\/p>\n<p><strong>Samedi 21 et dimanche 22 octobre 2000<\/strong> \u00e0 Besan\u00e7on (Doubs). Au programme : Missa Gallica de Bernard Lallement.<\/p>\n<p><strong>Lundi 11 novembre 2000<\/strong> \u00e0 Saint Etienne (Loire). Au programme : Missa Gallica de Bernard Lallement et oeuvres nouvelles de l&rsquo;ann\u00e9e 2000-2001<\/p>\n<p><strong>Mercredi 20 d\u00e9cembre 2000<\/strong> \u00e0 20h30 : Concert de No\u00ebl en l&rsquo;Eglise Saint L\u00e9onard (353 rue Saint L\u00e9onard, \u00e0 Angers). Au programme : chants russes (Snamy bog, Nynie&#8230;), basque (Aita gurea) italiens (Signore della cime, Alta trinita beata, Cantate domino). Ouvertures de Carmen (Bizet) et Dom Giovanni (Mozart), 2\u00e8me mouvement du Concerto pour piano, trompette et Orchestre de Dimitri Chostakovitch, 4\u00e8me mouvement de la Symphonie du Nouveau Monde d&rsquo;Antonin Dvorak et \u00ab\u00a0Kyrie\u00a0\u00bb de la Messe Saint Wenceslas d&rsquo;Adam Michna. Direction Olivier Villeret.<br \/>\nCe concert \u00e9tait organis\u00e9 en commun avec \u00ab\u00a0les Ma\u00eetr&rsquo;onomes\u00a0\u00bb, chorale de l&rsquo;IUFM Pays de Loire-Angers sous la direction d&rsquo;Herv\u00e9 Girault, au profit de l&rsquo;Association HANDICAP-EVASION.<\/p>\n<p><strong>Mercredi 24 janvier 2001<\/strong> \u00e0 20h30 : Concert dans la salle de l&rsquo;Od\u00e9on du Lyc\u00e9e David d&rsquo;Angers au profit de l&rsquo;Atelier Mali du Lyc\u00e9e angevin.<br \/>\nPrix d&rsquo;entr\u00e9e : 40F (tarif plein) ou 20F (scolaires et \u00e9tudiants).<\/p>\n<p><strong>Samedi 27 janvier 2001<\/strong> \u00e0 20h30 : Eglise de Faye d&rsquo;Anjou (en co-organisation avec l\u2019Echo Musical de Faye).<\/p>\n<p><strong>Samedi 17 mars 2001<\/strong> \u00e0 20h30 : concert \u00e0 Paris, en l&rsquo;\u00e9glise (pleine !) Notre Dame du Perp\u00e9tuel Secours (55 bd M\u00e9nilmontant, 75011 &#8211; M\u00e9tro P\u00e8re Lachaise). Au programme : chants italiens (Signore della cime, Alta trinita beata, Cantate domino, Salade italienne), Ouvertures de Carmen (Bizet) et Dom Giovanni (Mozart), 1er et 4\u00e8me mouvements de la Symphonie du Nouveau Monde d&rsquo;Antonin Dvorak, larges extraits de la Messe Saint Wenceslas d&rsquo;Adam Michna.<\/p>\n<p><strong>Tourn\u00e9e en R\u00e9publique Tch\u00e8que du 31 mars au 8 Avril 2001.<\/strong> Trois concerts ont \u00e9t\u00e9 donn\u00e9s devant une assistance nombreuse : le mardi 3 avril en l&rsquo;Eglise de la Vierge Marie \u00e0 Hradec Kralove, le mercredi 4 avril en l&rsquo;Eglise Saint Nicolas \u00e0 Liberec, et le vendredi 6 avril au temple hussite (\u00e0 c\u00f4t\u00e9 de Dejvika) \u00e0 Prague, en commun avec des chorales tch\u00e8ques (chorale de l&rsquo;Institut de p\u00e9dagogie de l&rsquo;Universit\u00e9 de Hradec Kralove, chorale Jested de Liberec et choeur de femme de l&rsquo;Institut de musique de l&rsquo;Universit\u00e9 Charles). Vox Campus a pu visiter les trois villes cit\u00e9es ainsi que Premysl.<\/p>\n<p><strong>4e Festival d&rsquo;Angers des Choeurs et Orchestres Universitaires  du 28 avril au 12 mai 2001.<\/strong><\/p>\n<p><strong>Samedi 28 avril<\/strong> : Concert \u00e0 20h30 en l&rsquo;\u00e9glise de la Trinit\u00e9 (Doutre)<br \/>\nVox Campus et le Choeur universitaire de Rennes donneront en particulier l&rsquo;int\u00e9grale de la Messe Saint Wenceslas d&rsquo;Adam Michna (\u00e9galement au programme : chants a capella par les deux chorales ; oeuvres orchestrales dont la Symphonie du Nouveau Monde d&rsquo;Antonin Dvorak). Pr\u00e8s de 450 personnes ont assist\u00e9 \u00e0 ce concert gratuit.<\/p>\n<p><strong>Dimanche 29 avril<\/strong> : concert \u00e0 16h en l&rsquo;\u00e9glise de la Trinit\u00e9 (Doutre) devant 220 personnes.<br \/>\n&#8211; Messe en Fa Majeur de J.S. BACH, \u0152euvres de GUERRERO, ANCHIETA et Enrique MU\u00d1OZ, par l\u2019ensemble vocal et instrumental de l\u2019Universit\u00e9 Autonome de Madrid ; direction : Enrique Mu\u00f1oz<br \/>\n&#8211; Stabat Mater de Pergol\u00e8se par l&rsquo;ensemble vocal et instrumental de Vox Campus.<br \/>\n10\u00e8me anniversaire de Vox Campus aux greniers Saint Jean (auquel tous les anciens de Vox Campus \u00e9taient invit\u00e9s \u00e0 participer). Repas \u00e0 13h et Pot \u00e0 18h. Allocutions de repr\u00e9sentants de l&rsquo;Universit\u00e9 d&rsquo;Angers, des Villes d&rsquo;Angers et de Saumur.<\/p>\n<p><strong>Lundi 30 avril<\/strong> : concert \u00e0 20h30 en l&rsquo;\u00e9glise de Savenni\u00e8res (49)<br \/>\n&#8211; Messe en Fa Majeur de J.S. BACH, \u0152euvres de GUERRERO, ANCHIETA et Enrique MU\u00d1OZ, par l\u2019Ensemble vocal et instrumental de l\u2019Universit\u00e9 Autonome de Madrid ; direction : Enrique Mu\u00f1oz. Une soixantaine de personnes se sont d\u00e9plac\u00e9es jusqu&rsquo;\u00e0 la vieille et tr\u00e8s \u00ab\u00a0acoustique\u00a0\u00bb \u00e9glise de Savenni\u00e8res.<\/p>\n<p><strong>Mercredi 9 mai<\/strong> : Concert \u00e0 20h30 en l&rsquo;\u00e9glise de La Trinit\u00e9 . Orchestre de Vox Campus et Orchestres A B et C du CNR.<\/p>\n<p><strong>Samedi 12 mai 2001<\/strong> : Concert \u00e0 20h30 Cunault. Extraits de Carmen de Bizet et de la 9e symphonie de Dvorak ; Messe Saint Wenceslas d&rsquo;Adam Michna. Environ 400 personnes ont assist\u00e9 \u00e0 ce concert cloturant le festival.<\/p>\n<p><strong>Mercredi 16 mai 2001<\/strong> de 19h \u00e0 23h. R\u00e9p\u00e9tition publique \u00e0 l&rsquo;Amphigouri (St Serge).<\/p>\n<p><strong>Jeudi 21 juin 2001<\/strong> \u00e0 20h30 : Concert \u00ab notes.gif (1808 octets) F\u00eate notes.gif (1808 octets) de notes.gif (1808 octets) la notes.gif (1808 octets) Musique notes.gif (1808 octets) \u00bb. Au programme : chants a capella de l&rsquo;ann\u00e9e, programme de piano par une jeune pianiste hongroise, Stabat mater de Pergol\u00e8se (solistes : I. Villeret et B. Tolstuchow). Plus de 250 personnes ont assist\u00e9 \u00e0 ce concert gratuit dans la Chapelle des Ursules, rue des Ursules \u00e0 Angers.<br \/>\n_____________________________________________________________________________________<\/p>\n<p><strong>Concerts donn\u00e9s en 1999-2000<\/strong><\/p>\n<p><strong>Lundi 11 octobre 1999<\/strong> \u00e0 19h30 \u00e0 l&rsquo;Amphigouri (Maison des \u00e9tudiants de Saint Serge, all\u00e9e F. Mitterrand). Concert de la chorale uniquement (oeuvres a capella du programme de l&rsquo;ann\u00e9e 1999).<\/p>\n<p><strong>Samedi 16 octobre 1999<\/strong> \u00e0 21h00 et dimanche 17 octobre 1999 \u00e0 14h30 \u00e0 CAEN (Calvados). Concerts de la FCOUF avec les ensembles de Caen, Angers, Nantes et Le Mans. Au programme : la \u00ab Fantasie \u00bb de Beethoven et le Requiem de Faur\u00e9.<\/p>\n<p><strong>Mercredi 15 d\u00e9cembre 1999<\/strong> \u00e0 20h30 en l&rsquo;\u00e9glise de la Trinit\u00e9 (\u00e0 Angers, rue Beaurepaire) avec la chorale Lig\u00e9ralis d&rsquo;Avrill\u00e9 (dirig\u00e9e par Abdon van den Broucke, pour des oeuvres de Saint-Saens, Franck et Gounod). Au programme de Vox Campus : oeuvres a capella (chants Russes : S&rsquo;namy bog, Tibi\u00e9 Payom, Nynie Atpoutchayechi, Le Don paisible ; Chant basque : Aita Gurea ; Negro spiritual : Nobody knows ; J.-B. Lully : Le choeur de l&rsquo;Hiver), oeuvres pour orchestre (J. Haydn : concerto pour trompette [Soliste : Antoine Beaut\u00e9] ; Borodine : Les steppes de l&rsquo;Asie centrale) et extraits (Kyrie, Gloria) de la Missa Gallica de B. Lallement [Solistes : Isabelle Villeret, Nelly Freslier, Jorge Gon\u00e7alves, Micka\u00ebl Ripoche). Direction : Olivier Villeret.<\/p>\n<p><strong>Mardi 18 janvier 2000<\/strong> \u00e0 l&rsquo;Amphigouri (\u00e0 20h30, Maison des \u00e9tudiants de Saint Serge, all\u00e9e F. Mitterrand). Concert de la chorale uniquement (dont des chants Russes : S&rsquo;namy bog, Tibi\u00e9 Payom, Nynie Atpoutchayechi, Le Don paisible, un chant basque : Aita Gurea ; trois negro-spirituals : Nobody knows, Deep river, Mary had a baby ; chants de C. Jannequin : Gr\u00e2ce te rends, de J.-B. Lully : Le choeur de l&rsquo;Hiver et de G. Faur\u00e9 : Cantique de Jean Racine).<\/p>\n<p><strong>Samedi 5 et dimanche 6 f\u00e9vrier 2000<\/strong> : Week-end de travail avec Bernard Lallement, compositeur de la Missa Gallica.<\/p>\n<p><strong>Samedi 25 mars 2000<\/strong> \u00e0 20h30 \u00e0 l&rsquo;\u00e9glise de St Pavin au Mans (choeur et orchestre). Chants Russes : S&rsquo;namy bog, Tibi\u00e9 Payom, Nynie Atpoutchayechi, Le Don paisible, Chant basque : Aita Gurea, J.-B. Lully : Le choeur de l&rsquo;Hiver  ; Borodine : Les steppes de l&rsquo;Asie centrale. Missa Gallica de (et pr\u00e9sent\u00e9e par) Bernard Lallement [Solistes : Isabelle Villeret, Nelly Freslier, Christian Herbreteau, Micka\u00ebl Ripoche]. Direction : Olivier Villeret.<\/p>\n<p><strong>Vendredi 7 avril 2000<\/strong> \u00e0 20h30 \u00e0 l&rsquo;\u00e9glise de Villemoisan (dans le cadre du 4e festival d&rsquo;art choral en B\u00e9connais). Chants Russes : S&rsquo;namy bog, Tibi\u00e9 Payom, Nynie Atpoutchayechi, Le Don paisible, Chant basque : Aita Gurea, C. Jannequin : Gr\u00e2ce te rends ; J.-B. Lully : Le choeur de l&rsquo;Hiver  ; Borodine : Les steppes de l&rsquo;Asie centrale. Missa Gallica de Bernard Lallement [Solistes : Isabelle Villeret, Brigitte Tolstuchow, Nelly Freslier, Christian Herbreteau, Micka\u00ebl Ripoche]. Direction : Olivier Villeret.<\/p>\n<p><strong>Samedi 8 avril 2000<\/strong> \u00e0 20h30 \u00e0 l&rsquo;\u00e9glise de Bouchemaine. M\u00eame programme qu&rsquo;\u00e0 Villemoisan.<\/p>\n<p><strong>Chorale et orchestre au cours de la tourn\u00e9e en Hongrie, en avril 2000<\/strong><br \/>\nTourn\u00e9e du samedi 15 au dimanche 23 Avril 2000 : Concerts \u00e0 Budapest, Versprem et Kecskemet. Sur la route du retour, concert \u00ab\u00a0improvis\u00e9\u00a0\u00bb dans les rues de Salzburg. Programme de l&rsquo;ann\u00e9e.<\/p>\n<p><strong>3e Festival d&rsquo;Angers des Choeurs et Orchestres Universitaires  du mercredi 3 au lundi 8 mai 2000<\/strong><br \/>\n&#8211; mercredi 3 mai \u00e0 20h30 : Concert inaugural de Vox Campus devant 200 \u00e9tudiants et universitaires (Grand hall de la facult\u00e9 de droit, site Saint Serge de l&rsquo;Universit\u00e9 d&rsquo;Angers, all\u00e9e F. Mitterrand \u00e0 Angers) : Musique russe, chorale et orchestrale (Dans les steppes de l&rsquo;Asie centrale et danses Polovtsiennes de Borodine). Direction : Olivier Villeret<br \/>\n&#8211; vendredi 5 mai \u00e0 20h30 : R\u00e9p\u00e9tition publique (70 spectateurs) de l&rsquo;ensemble vocal et orchestral du Choeur et Orchestre de l&rsquo;Universit\u00e9 Autonome de Madrid [UAM] (Amphigouri, Maison des \u00e9tudiants de Saint Serge, all\u00e9e F. Mitterrand) : Motets de Durufl\u00e9, Requiem de Vasquez. Direction : Enrique Munoz-Rubio<br \/>\n&#8211; samedi 6 mai \u00e0 15h00 : Conf\u00e9rence au Forum FNAC-Angers de Bernard Lallement, compositeur de la Missa Gallica, devant 60 participants.<br \/>\n&#8211; samedi 6 mai \u00e0 17h00 : Concert en l&rsquo;\u00e9glise Sainte Th\u00e9r\u00e8se d&rsquo;Angers, devant 300 personnes, de l&rsquo;Ensemble vocal et orchestral du Choeur et de l&rsquo;Orchestre de l&rsquo;Universit\u00e9 Autonome de Madrid : Motets de Durufl\u00e9, Requiem de Vasquez. Direction : Enrique Munoz-Rubio<br \/>\n&#8211; samedi 6 mai \u00e0 20h30 : Concert en l&rsquo;\u00e9glise Sainte Th\u00e9r\u00e8se d&rsquo;Angers de Vox Campus : Missa Gallica de B. Lallement. Solistes : Isabelle Villeret, Brigitte Tolstuchow, Nelly Freslier, Christian Herbreteau, Pol Corvez. Direction : Olivier Villeret. Ce concert a rassembl\u00e9 pr\u00e8s de 600 spectateurs.<br \/>\n&#8211; dimanche 7 mai au matin : AUBADES donn\u00e9es de fa\u00e7on impromptue dans diff\u00e9rents lieux patrimoniaux de la Ville d&rsquo;Angers par les ensembles universitaires pr\u00e9sents au 3e Festival et\/ou au Festival national des choeurs scolaires.<br \/>\n&#8211; dimanche 7 mai \u00e0 15h : Concert en l&rsquo;\u00e9glise Sainte Th\u00e9r\u00e8se d&rsquo;Angers de la Chorale Universitaire de Strasbourg : Chants de la Renaissance italienne de Gastoldi. 100 spectateurs.<br \/>\n&#8211; dimanche 7 mai \u00e0 17h : Concert en l&rsquo;\u00e9glise Sainte Th\u00e9r\u00e8se d&rsquo;Angers du Choeur Universitaire de Nantes [CUN] : Motets de Mendelssohn (Psalm 43 et Geistliches Lied), Requiem de Mozart. 400 spectateurs.<br \/>\n&#8211; dimanche 7 mai \u00e0 20h00 : Concert dans le cadre du Festival national des choeurs scolaires au Centre des congr\u00e8s d&rsquo;Angers. Participation de Vox Campus [20 mn] : extraits de la Missa Gallica de B. Lallement. Direction : Olivier Villeret<\/p>\n<p><strong>Mercredi 21 juin 2000 \u00e0 20h30<\/strong> : Concert de fin d&rsquo;ann\u00e9e \u00e0 l&rsquo;occasion de la F\u00eate de la Musique : musique russe (liturgie orthodoxe, balala\u00efkas, chants folkloriques) et Crucifixus \u00e0 8 voix d&rsquo;Antonio Lotti. Cela se passait \u00e0 la Chapelle des Ursules (d\u00e9cidemment beaucoup trop petite en de telles occasions !), rue des Ursules \u00e0 Angers.<\/p>\n","protected":false},"excerpt":{"rendered":"<p>Concerts donn\u00e9s en 2002-2003 Mercredi 2 Octobre 2002 &#8211; \u00c0 l&rsquo;invitation et avec la participation de l&rsquo;orchestre de VOX CAMPUS et de son ensemble vocal (30mn), concert de l&rsquo;orchestre Mendelssohn de Veszprem (Hongrie) au th\u00e9\u00e2tre Chanzy (Angers), sous le patronage &hellip; <a href=\"https:\/\/blog.univ-angers.fr\/voxcampus\/tous-nos-concerts\/2000-2010\/\">Continuer la lecture <span class=\"meta-nav\">&rarr;<\/span><\/a><\/p>\n","protected":false},"author":7672,"featured_media":0,"parent":14,"menu_order":12,"comment_status":"closed","ping_status":"open","template":"","meta":{"footnotes":""},"class_list":["post-97","page","type-page","status-publish","hentry"],"_links":{"self":[{"href":"https:\/\/blog.univ-angers.fr\/voxcampus\/wp-json\/wp\/v2\/pages\/97","targetHints":{"allow":["GET"]}}],"collection":[{"href":"https:\/\/blog.univ-angers.fr\/voxcampus\/wp-json\/wp\/v2\/pages"}],"about":[{"href":"https:\/\/blog.univ-angers.fr\/voxcampus\/wp-json\/wp\/v2\/types\/page"}],"author":[{"embeddable":true,"href":"https:\/\/blog.univ-angers.fr\/voxcampus\/wp-json\/wp\/v2\/users\/7672"}],"replies":[{"embeddable":true,"href":"https:\/\/blog.univ-angers.fr\/voxcampus\/wp-json\/wp\/v2\/comments?post=97"}],"version-history":[{"count":1,"href":"https:\/\/blog.univ-angers.fr\/voxcampus\/wp-json\/wp\/v2\/pages\/97\/revisions"}],"predecessor-version":[{"id":723,"href":"https:\/\/blog.univ-angers.fr\/voxcampus\/wp-json\/wp\/v2\/pages\/97\/revisions\/723"}],"up":[{"embeddable":true,"href":"https:\/\/blog.univ-angers.fr\/voxcampus\/wp-json\/wp\/v2\/pages\/14"}],"wp:attachment":[{"href":"https:\/\/blog.univ-angers.fr\/voxcampus\/wp-json\/wp\/v2\/media?parent=97"}],"curies":[{"name":"wp","href":"https:\/\/api.w.org\/{rel}","templated":true}]}}