{"id":94,"date":"2015-11-14T22:15:15","date_gmt":"2015-11-14T21:15:15","guid":{"rendered":"https:\/\/blog.univ-angers.fr\/voxcampus\/?page_id=94"},"modified":"2023-09-24T14:44:37","modified_gmt":"2023-09-24T13:44:37","slug":"2011-2012","status":"publish","type":"page","link":"https:\/\/blog.univ-angers.fr\/voxcampus\/tous-nos-concerts\/2011-2012\/","title":{"rendered":"2011-2015"},"content":{"rendered":"<p><strong>Concerts de la saison 2014-2015<\/strong><\/p>\n<p>&#8211; Dimanche 21 septembre 2013 \u00e0 15h00 au Grand Th\u00e9\u00e2tre d&rsquo;Angers &#8211; F\u00caTE DU PATRIMOINE et concert gratuit de Vox Campus (chants a capella, oeuvres orchestrales et messe des moineaux de Mozart)<\/p>\n<p>&#8211; Dimanche 9 novembre \u00e0 16h \u00e0 la Cath\u00e9drale de Vannes : oeuvres orchestrales et chorales, Spatzenmesse de Mozart, Hallelujah du Messie de H\u00e4ndel<\/p>\n<p>&#8211; Dimanche 7 d\u00e9cembre au Grand Th\u00e9\u00e2tre d&rsquo;Angers : Concert Anthony Burgess avec en premi\u00e8re partie des oeuvres de Henry Purcell (Ouvertures des Fun\u00e9railles de la Reine Mary et de The Fairy Queen, extraits de Didon et \u00c9n\u00e9e), de H\u00e4ndel (Finale de Music for the Royal Fireworks), de Jean-Philippe Rameau (Danse des Sauvages), de Bizet (ouverture de Carmen, Farandole de L&rsquo;Arl\u00e9sienne) et de Klaus Badelt (Pirates des Cara\u00efbes) sous la direction d&rsquo;Olivier Villeret et, en deuxi\u00e8me partie, A\/B de Paul Phillips, Petite Symphonie pour Strasbourg et Marche pour une R\u00e9volution d&rsquo;Anthony Burgess sous la direction de Paul Phillips.<\/p>\n<p>&#8211; Mardi 9 d\u00e9cembre \u00e0 Bouchemaine \u00e0 20h : Concert au Centre Pastel de Loire (pour les c\u00e9r\u00e9brol\u00e9s\u00e9s) : oeuvres orchestrales et chorales (Bizet, Burgess, Purcell, Mozart, H\u00e4ndel).<\/p>\n<p>&#8211; Mercredi 17 d\u00e9cembre aux Ponts-de-C\u00e9 \u00e0 20h30 : Concert de fin d&rsquo;ann\u00e9e en l&rsquo;\u00e9glise Saint Aubin : oeuvres orchestrales et chorales (Bizet, Burgess, Purcell, Mozart, H\u00e4ndel)<\/p>\n<p>&#8211; Mercredi 14 janvier \u00e0 la Maison de retraite de Villev\u00eaque (Couleurs du temps)<\/p>\n<p>&#8211; Vendredi 6 Mars \u00e0 19h : Concert de l\u2019orchestre Vox Campus \u00ab Gala de pharmacie \u00bb aux Greniers St Jean<\/p>\n<p>&#8211; Samedi 21 Mars de 14h \u00e0 17h : concert de Vox Campus pendant la remise des dipl\u00f4mes \u00e0 l&rsquo;UFR de droit et de sciences \u00e9conomiques.<\/p>\n<p>&#8211; Mercredi 8 Avril : Concert \u00e0 la Chapelle St Thomas (UCO)<\/p>\n<p>&#8211; Samedi 11 Avril \u00e0 20h30 : Concert \u00e0 Burgos, Patio de la Casa del cordon<\/p>\n<p>&#8211; Dimanche 12 Avril \u00e0 19h30 : Concert \u00e0 Villadiego, Eglise Santa Maria, avec la chorale \u00ab Los Canamares \u00bb direction Javier Calzada.<\/p>\n<p>&#8211; Jeudi 16 Avril 2015 \u00e0 19h00 : Concert au Centre culturel \u00ab Latin Arte \u00bb \u00e0 Madrid en commun avec le Choeur et Orchestre de l&rsquo;Universit\u00e9 Autonome de Madrid<\/p>\n<p>&#8211; Mardi 19 Mai : Concert commun \u00e0 la chapelle des Ursules des classes CHAM et de Vox Campus<\/p>\n<p>&#8211; Mercredi 3 Juin \u00e0 20h : Concert CH\u0152UR et ORCHESTRE Pour le personnel de l\u2019Universit\u00e9 d\u2019Angers Chapelle du Bon Pasteur \u00e0 Angers<\/p>\n<p>&#8211; Samedi 6 juin \u00e0 20h au Grand Th\u00e9\u00e2tre d&rsquo;Angers, Concert autour du Didon et En\u00e9e de Purcell. Chorale seule : 1) Tourdion, 2) Gaudete Christus est natus, 3) Marice Durufl\u00e9 : Notre p\u00e8re, 4) Madina : A\u00efta Gurea, 5) Nkossissik\u00e9l\u00e9 li Africa, 6) God be with you, 7)  Ay Linda Amiga, 8) Kodaly : Ave Maria. Orchestre seul : 1) Rameau : Danse des Sauvages, 2) Purcell : Ouverture \u00ab Fairy Queen \u00bb, 3) Georges Bizet : Ouverture de \u00ab Carmen \u00bb et 4) Farandole de la 2\u00e8 suite de \u00ab l&rsquo;Arl\u00e9sienne \u00bb, 5) Paul Phillips : Extraits de \u00ab A\/B \u00bb, 6) Anthony Burgess : Marche pour une R\u00e9volution, 7) Lully : Marche pour la c\u00e9r\u00e9monie des Turcs, 8) Charpentier : Ouverture du Te Deum, 9) Beethoven : Ouverture d\u2019Egmont, 10) Haendel : Music for the royal fireworks, Choeur et Orchestre : Didon et En\u00e9e de Purcell et Hallelujah de Haendel.<\/p>\n<p>&#8211; Samedi 2O juin \u00e0 20h: Concert commun de Vox Campus avec la Chorale de Chatou (Chapelle des Ursules)<\/p>\n<p>&#8211; Dimanche 21 juin \u00e0 20h: F\u00caTE DE LA MUSIQUE \u00e0 Angers (Chapelle des Ursules)<\/p>\n<p>&#8211; Dimanche 5 juillet \u00e0 16h : Concert commun de Vox Campus avec le Choeur et Orchestre de l&rsquo;Universit\u00e9 Autonome de Madrid (Chapelle des Ursules)<br \/>\n__________________________________________________________________________________<\/p>\n<p><strong>Concerts donn\u00e9s au cours de la saison 2013-2014<\/strong><\/p>\n<p><strong>1. Dimanche 15 septembre 2013<\/strong> \u00e0 15h30 &#8211; F\u00caTE DU PATRIMOINE et concert gratuit de Vox Campus au grand th\u00e9\u00e2tre d&rsquo;Angers (Foyer). Oeuvres chorales et orchestrales de l&rsquo;ann\u00e9e 2012-2013, dont le Gaude Mater Polonia et des extraits de la Missa Gallica. (Orchestre : Danse des Sauvages de Rameau, Fireworks de H\u00e4ndel, Ouverture de Carmen de Bizet : Chorale : Popule meus, Goizian, Le Ch\u0153ur de l&rsquo;hiver, Slava vichny, N&rsquo;kosi)<\/p>\n<p><strong>2. Vendredi 27 septembre<\/strong> \u00e0 19h au Grand Th\u00e9\u00e2tre d&rsquo;Angers : Flash mob pour la nuit des chercheurs (20 min)<\/p>\n<p><strong>3. Dimanche 6 octobre<\/strong> \u00e0 16h : concert en l&rsquo;\u00e9glise d&rsquo;Aubign\u00e9 sur Layon<\/p>\n<p><strong>4. Dimanche 10 novembre<\/strong> \u00e0 16h : concert \u00e0 la cath\u00e9drale de Vannes : oeuvres orchestrales de H\u00e4ndel (Fireworks), Berlioz (Marche de R\u00e1k\u00f3czy), Bizet (L&rsquo;Arl\u00e9sienne, Carmen) ; oeuvres a capella et oeuvres pour ch\u0153ur et orchestre (extraits de la Missa Gallica de B. Lallement et de la Spatzenmesse de Mozart, Hallelujah de H\u00e4ndel).<\/p>\n<p><strong>5. Vendredi 6 d\u00e9cembre<\/strong> \u00e0 20h : Concert avec la chorale universitaire de Burgos \u00e0 la Chapelle des Ursules, Angers : chants a capella et oeuvres orchestrales du programme de Vox Campus ; oeuvres contemporaines espagnoles du ch\u0153ur de Burgos. Oeuvres communes : Notre P\u00e8re de Durufl\u00e9, Cantique de Jean Racine de Faur\u00e9, Hallelujah de H\u00e4ndel.<\/p>\n<p><strong>7. Mercredi 18 d\u00e9cembre<\/strong> : Concert de no\u00ebl \u00e9glise St Aubin des Ponts de C\u00e9 (19h) 20h30 euvres orchestrales de H\u00e4ndel (Fireworks), Berlioz (Marche de R\u00e1k\u00f3czy), Bizet (L&rsquo;Arl\u00e9sienne, Carmen) ; oeuvres a capella et oeuvres pour ch\u0153ur et orchestre (extraits de la Missa Gallica de B. Lallement et de la Spatzenmesse de Mozart, Hallelujah de H\u00e4ndel).<\/p>\n<p><strong>8. Dimanche 2 f\u00e9vrier<\/strong> : Concert \u00e0 Poitiers<\/p>\n<p><strong>9. Samedi 22 f\u00e9vrier<\/strong> : Concert \u00e0 la facult\u00e9 de droit-\u00ab\u00a0sciences \u00e9conomiques\u00a0\u00bb d&rsquo;Angers pour la remise des dipl\u00f4mes de master.<\/p>\n<p><strong>10. Dimanche 23 f\u00e9vrier<\/strong> : concert avec la chorale de Mayet, Chapelle des Ursules \u00e0 Angers (voir les photos)<\/p>\n<p><strong>11-13. Du 1er au 9 mars<\/strong> : Tourn\u00e9e en AUTRICHE HONGRIE avec des Concerts \u00e0 Veszprem, Vienne et Salzburg<\/p>\n<p><strong>14. Vendredi 14 mars<\/strong> ; concert pour le gala de Pharmacie<\/p>\n<p><strong>15. Mercredi 9 avril<\/strong> : Concert en l&rsquo;\u00e9glise de Savenni\u00e8res<\/p>\n<p><strong>16. Mercredi 23 avril<\/strong> : Concert en l&rsquo;\u00e9glise de la Trinit\u00e9 dans la Doutre \u00e0 Angers<\/p>\n<p><strong>17. Vendredi 23 mai<\/strong> \u00e0 19h30 : Concert pour les personnels de l&rsquo;Universit\u00e9 d&rsquo;Angers \u00e0 l&rsquo;Abbaye Saint Martin \u00e0 Angers<br \/>\n<em>Chants a cappella<\/em> : Traditionnel letton \u00ab\u00a0Put Vejini\u00a0\u00bb &#8211; Traditionnel basque \u00ab\u00a0A\u00efta Gurea\u00a0\u00bb &#8211; Maurice Duruffl\u00e9 \u00ab\u00a0Notre p\u00e8re\u00a0\u00bb &#8211; Kodaly Zoltan \u00ab\u00a0Ave Maria\u00a0\u00bb &#8211; Hommage \u00e0 Nelson Mandela \u00ab\u00a0Nkossissik\u00e9l\u00e9\u00a0\u00bb<br \/>\n<em>\u0152uvres symphoniques<\/em> : Jean Philippe Rameau \u00ab\u00a0Danse des sauvages\u00a0\u00bb &#8211; Georg Friedrich Haendel \u00ab\u00a0Music for the royal fireworks\u00a0\u00bb (extrait) &#8211; Georges Bizet \u00ab\u00a0Farandole\u00a0\u00bb \u00ab\u00a0et Ouverture de Carmen &#8211; Hector Berlioz \u00ab\u00a0Marche de Rackozi\u00a0\u00bb &#8211; Klaus Badelt \u00ab\u00a0Pirates des cara\u00efbes\u00a0\u00bb<br \/>\n<em>Ch\u0153ur et orchestre<\/em> : Mozart \u00ab\u00a0Spatzenmesse\u00a0\u00bb &#8211; H\u00e4ndel \u00ab\u00a0Hallellujah\u00a0\u00bb<\/p>\n<p><strong>18. Samedi 31 mai<\/strong> \u00e0 20h30 : concert commun de Vox Campus et de l&rsquo;Orchestre universitaire d&rsquo;Osnabr\u00fcck au Grand Th\u00e9\u00e2tre d&rsquo;Angers, sous les directions d&rsquo;Olivier Villeret et de Thomas Holland-Moritz (voir l&rsquo;annonce)<br \/>\n<em>1\u00e8re partie<\/em> (orchestre de Vox Campus \/ Olivier Villeret) : Jean Philippe Rameau \/ Danse des sauvages, Georg Friedrich H\u00e4ndel \/ Final de Music for the royal fireworks , Georges Bizet \/ Ouverture Carmen, Hector Berlioz \/ Marche hongroise, Darius Milhaud \/ Concerto pour percussions<br \/>\n<em>2e partie<\/em> (Vox Campus \/ Olivier Villeret) : Wolfgang Amadeus Mozart \/  Spatzenmesse<br \/>\n<em>3e partie<\/em> (Osnabr\u00fcck \/ Thomas Holland Moritz) : F\u00e9lix Mendelssohn \/ Ouverture des H\u00e9brides, Franz Schubert \/ 8\u00e8me symphonie \u00ab inachev\u00e9e \u00bb<br \/>\n<em>4e partie<\/em> (Vox Campus et Osnabr\u00fcck ) : Gabriel Faur\u00e9 \/ Cantique de Jean Racine. (Dir : Thomas Holland Moritz), Georges Bizet \/ Farandole de la 2\u00e8me suite de l&rsquo;Arl\u00e9sienne.(Dir. : Olivier Villeret puis Thomas Holland Moritz), Georg Friedrich H\u00e4ndel \/ Hallellujah Dir. : Olivier Villeret)<\/p>\n<p><strong>19. Samedi 21 juin<\/strong> F\u00caTE DE LA MUSIQUE \u00e0 Angers : concert aux Ursules avec C.U. de La Rochelle<br \/>\n__________________________________________________________________________________<\/p>\n<p><strong>Concerts de la saison 2012-2013<\/strong><\/p>\n<p><strong>1. Mardi 4 d\u00e9cembre 2012<\/strong> &#8211; R\u00e9p\u00e9tition publique &#8211; Concert au CESAME (Ste Gemmes) : \u0153uvres orchestrales et a capella<br \/>\n<strong>2. Vendredi 14 d\u00e9cembre 2012<\/strong> &#8211; Concert de chants de No\u00ebl au stade Jean-Bouin \u00e0 Angers \u00e0 l&rsquo;occasion du match SCO-Auxerre.<br \/>\n<strong>3. Mercredi 19 d\u00e9cembre 2012<\/strong> &#8211; Concert de No\u00ebl \u00e0 la Chapelle des Ursules \u00e0 Angers (chants a capella, oeuvres orchestrales, extraits de la Misa Criola d&rsquo;Ariel Ramirez et de la Missa Gallica de Bernard Lallement).<br \/>\n<strong>4. Dimanche 17 f\u00e9vrier 2013<\/strong> &#8211; Concert en l&rsquo;\u00e9glise de Mayet (Sarthe) avec la chorale Polysons de Mayet.<br \/>\n<strong>5. Vendredi 15 Mars<\/strong> &#8211; Orchestre : Gala de Pharmacie \u00e0 Angers<br \/>\n<strong>6. Dimanche 24 Mars<\/strong> &#8211; Concert \u00e0 La M\u00e9nitr\u00e9<br \/>\n<strong>7. Samedi 6 avril 13h<\/strong> &#8211; Concert au kiosque du jardin du Luxembourg<br \/>\n<strong>8. Samedi 6 avril 20h<\/strong> &#8211; Concert \u00e0 Ste Th\u00e9r\u00e8se de Chatou<br \/>\n<strong>9. Samedi 7 avril 15h<\/strong> &#8211; Concert \u00e0 St Albert le Grand \u00e0 Paris (M\u00b0 Glaci\u00e8re, rue de la glaci\u00e8re)<br \/>\n<strong>10. Mercredi 17 Avril<\/strong> &#8211; Concert \u00e0 la Chapelle des Ursules avec Chorale Universitaire de Poitiers<br \/>\n<strong>11. Dimanche 21 Avril<\/strong> &#8211; Concert \u00e0 D\u00fcsseldorf<br \/>\n<strong>12. Mardi 23 Avril<\/strong> &#8211; Concert \u00e0 Osnabruck<br \/>\n<strong>13. vendredi 26 Avril<\/strong> &#8211; Concert \u00e0 Berlin (\u00e9cole franco-allemande)<br \/>\n<strong>14. Mardi 14 mai<\/strong> &#8211; Concert avec OLDA \u00e0 Angers<br \/>\n<strong>15. Samedi 25 mai<\/strong> &#8211; 300e concert de Vox Campus au Grand th\u00e9\u00e2tre d&rsquo;Angers<br \/>\n<strong>16. Vendredi 21 juin 2013<\/strong> &#8211; F\u00caTE DE LA MUSIQUE \u00e0 Angers : concert gratuit de Vox Campus \u00e0 la Chapelle des Ursules (Mairie d&rsquo;Angers).<br \/>\n_________________________________________________________________________________<\/p>\n<p><strong>Concerts donn\u00e9s en 2011-2012<\/strong><\/p>\n<p><strong>1. Dimanche 18 septembre<\/strong> de 14h30 \u00e0 15h55 &#8211; F\u00caTE DU PATRIMOINE \u00e0 Angers : concert gratuit de Vox Campus et de la chorale universitaire de D\u00fcsseldorf (UNICHOR der Heinrich-Heine-Universit\u00e4t D\u00fcsseldorf) \u00e0 la Chapelle des Ursules (Mairie d&rsquo;Angers). Oeuvres a capella (A\u00efta gurea, Bogoroditse, N&rsquo;kosi), pour orchestre (Soupers du Roy de Lalande, ouverture du Te deum de Charpentier, 1e symphonie de Beethoven), pour choeur et orchestre (extraits du Requiem, de la Kr\u00f6nungsmesse et de la Spaurmesse de Mozart).<\/p>\n<p><strong>2. Lundi 19 septembre<\/strong> \u00e0 20h30 : concert de la chorale universitaire de D\u00fcsseldorf (UNICHOR der Heinrich-Heine-Universit\u00e4t D\u00fcsseldorf) sur le th\u00e8me \u00abLa Chorale des animaux\u00bb (Tierische Chormusik) \u00e0 la Chapelle des Ursules (Mairie d&rsquo;Angers). Pr\u00e9ambule par la chorale Vox Campus.<\/p>\n<p><strong>3. Vendredi 14 octobre<\/strong> \u00e0 17h : Vox Campus a donn\u00e9 deux chants (A\u00efta Gurea, Bogoriditse) et le Lacrymosa du Requiem de Mozart \u00e0 la Facult\u00e9 des Sciences d&rsquo;Angers lors de la c\u00e9r\u00e9monie d&rsquo;hommage \u00e0 l&rsquo;ancien premier vice-pr\u00e9sident de l&rsquo;Universit\u00e9 d&rsquo;Angers, G\u00e9rard Moguedet, brutalement d\u00e9c\u00e9d\u00e9 la semaine pr\u00e9c\u00e9dente. G\u00e9rard Moguedet fut un soutien et un ami fid\u00e8le de Vox Campus.<\/p>\n<p><strong>4. Jeudi 24 novembre<\/strong> \u00e0 20h15 : concert de la nuit des IUT. B\u00e2timent E de l&rsquo;IUT d&rsquo;Angers<\/p>\n<p><strong>5. Mercredi 14 d\u00e9cembre<\/strong> 2011 \u00e0 20h30 : concert de No\u00ebl \u00e0 la Chapelle des Ursules (Mairie d&rsquo;Angers). I. Chorale : Tourdion, Mon c\u0153ur se recommande \u00e0 vous, Now is the month of maying (Morley), Ehre sei dir Christe(Sch\u00fctz), Nkosisik\u00e9l\u00e9, Goizian \u2013 II. Orchestre : Ouverture de Fairy Queen (Purcell), Dans les steppes de l\u2019asie centrale &amp; Danses Polovtsiennes (Borodine), Concerto pour piano n\u00b02 (1er mvt) (Rachmaninov), Kij\u00e9 (Prokofiev) \u2013 III. Choeur et orchestre : Gloria (Vivaldi), Belle qui tient ma vie, canticorum Jubilo, La cigale.<\/p>\n<p><strong>6. Mercredi 4 janvier 2012<\/strong> \u00e0 19h : concert C3RF.<\/p>\n<p><strong>7. Vendredi 6 janvier<\/strong> \u00e0 20h30 : concert avec OLDA \u00e0 la facult\u00e9 de Droit-EG d&rsquo;Angers. OLDA : Valse de Tcha\u00efkovsky, Symphonie n\u00b07 (allegretto) de Beethoven, La Moldau de Smetana, Nimrod d&rsquo;Elgar, Ave Maria de Caccini, Valse de Chostakovitch, Cin\u00e9ma : paradiso d&rsquo;Ennio Morricone, The lord of the ring d&rsquo; Howard Shore. VOX : Tourdion, Mon c\u0153ur se recommande \u00e0 vous, Nkosisik\u00e9l\u00e9 li Africa, Ehre Sei dir Christe d&rsquo;Heinrich Sch\u00fctz, Canticorum Jubilo de Haendel, Ouverture de Fairy Queen d&rsquo;Henry Purcell, Dans les steppes de l&rsquo;Asie centrale et Danses polovtsiennes du Prince Igor d&rsquo;Alexandre Borodine.  Gloria de Vivaldi.<\/p>\n<p><strong>8.-11 Du samedi 18 f\u00e9vrier au dimanche 26 f\u00e9vrier 2012<\/strong> : concerts en Angleterre  (Londres \u2013 Oxford \u2013 Liverpool \u2013 Wigan).<\/p>\n<p><strong>12. Vendredi 16 mars<\/strong> : GALA PHARMACIE (orchestre)<\/p>\n<p><strong>13. Mercredi 21 mars<\/strong> \u00e0 18h : concert \u00e0 l&rsquo;occasion de la passation des pouvoirs \u00e0 la pr\u00e9sidence de l&rsquo;universit\u00e9 d&rsquo;Angers (Amphi Bodin de la Facult\u00e9 de droit)<\/p>\n<p><strong>14. Dimanche 1er avril<\/strong> \u00e0 16h : concert \u00e0 Juign\u00e9 S\/Loire (salle Aim\u00e9 Moron)<\/p>\n<p><strong>15. Dimanche 29 avril<\/strong> \u00e0 17h : concert \u00e0 l&rsquo;\u00e9glise de Cunault<\/p>\n<p><strong>16. Samedi 5 mai<\/strong> : concert priv\u00e9 \u00e0 l&rsquo;abbatiale Saint Martin \u00e0 Angers<\/p>\n<p><strong>17. Samedi 12 mai<\/strong> : concert \u00e0 Angers avec la chorale de Chatou<\/p>\n<p><strong>18. Mardi 15 mai<\/strong> \u00e0 20H30 : CONCERT DE GALA EN LA CATH\u00c9DRALE D&rsquo;ANGERS. Chants a capella (Mon c\u0153ur se recommande \u00e0 vous, Ehre sei dir Christe, Goizian Goizic, Nkosisik\u00e9l\u00e9 li Africa&#8230;) ou avec orchestre (Gaude Mater Polonia); oeuvres orchestrales (, ouvertures de Fairy queen de Purcell et du Te Deum de Charpentier, Danse slave n\u00b08 de Dvorak, Danses polovtsiennes, Extraits de L&rsquo;Arl\u00e9sienne) et Gloria de Vivaldi (solistes: Isabelle Villeret et Nelly Freslier).<\/p>\n<p><strong>19. Jeudi 21 juin 2012<\/strong> &#8211; F\u00caTE DE LA MUSIQUE \u00e0 Angers : concert gratuit de Vox Campus \u00e0 la Chapelle des Ursules (Mairie d&rsquo;Angers).<br \/>\n_________________________________________________________________________________<\/p>\n","protected":false},"excerpt":{"rendered":"<p>Concerts de la saison 2014-2015 &#8211; Dimanche 21 septembre 2013 \u00e0 15h00 au Grand Th\u00e9\u00e2tre d&rsquo;Angers &#8211; F\u00caTE DU PATRIMOINE et concert gratuit de Vox Campus (chants a capella, oeuvres orchestrales et messe des moineaux de Mozart) &#8211; Dimanche 9 &hellip; <a href=\"https:\/\/blog.univ-angers.fr\/voxcampus\/tous-nos-concerts\/2011-2012\/\">Continuer la lecture <span class=\"meta-nav\">&rarr;<\/span><\/a><\/p>\n","protected":false},"author":7672,"featured_media":0,"parent":14,"menu_order":4,"comment_status":"closed","ping_status":"open","template":"","meta":{"footnotes":""},"class_list":["post-94","page","type-page","status-publish","hentry"],"_links":{"self":[{"href":"https:\/\/blog.univ-angers.fr\/voxcampus\/wp-json\/wp\/v2\/pages\/94","targetHints":{"allow":["GET"]}}],"collection":[{"href":"https:\/\/blog.univ-angers.fr\/voxcampus\/wp-json\/wp\/v2\/pages"}],"about":[{"href":"https:\/\/blog.univ-angers.fr\/voxcampus\/wp-json\/wp\/v2\/types\/page"}],"author":[{"embeddable":true,"href":"https:\/\/blog.univ-angers.fr\/voxcampus\/wp-json\/wp\/v2\/users\/7672"}],"replies":[{"embeddable":true,"href":"https:\/\/blog.univ-angers.fr\/voxcampus\/wp-json\/wp\/v2\/comments?post=94"}],"version-history":[{"count":1,"href":"https:\/\/blog.univ-angers.fr\/voxcampus\/wp-json\/wp\/v2\/pages\/94\/revisions"}],"predecessor-version":[{"id":726,"href":"https:\/\/blog.univ-angers.fr\/voxcampus\/wp-json\/wp\/v2\/pages\/94\/revisions\/726"}],"up":[{"embeddable":true,"href":"https:\/\/blog.univ-angers.fr\/voxcampus\/wp-json\/wp\/v2\/pages\/14"}],"wp:attachment":[{"href":"https:\/\/blog.univ-angers.fr\/voxcampus\/wp-json\/wp\/v2\/media?parent=94"}],"curies":[{"name":"wp","href":"https:\/\/api.w.org\/{rel}","templated":true}]}}