{"id":848,"date":"2023-09-24T14:36:16","date_gmt":"2023-09-24T13:36:16","guid":{"rendered":"https:\/\/blog.univ-angers.fr\/voxcampus\/?page_id=848"},"modified":"2025-09-18T21:14:45","modified_gmt":"2025-09-18T20:14:45","slug":"2023-2024","status":"publish","type":"page","link":"https:\/\/blog.univ-angers.fr\/voxcampus\/tous-nos-concerts\/2023-2024\/","title":{"rendered":"2023-2025"},"content":{"rendered":"\n<h1 class=\"wp-block-heading\"><em>Concerts donn\u00e9s en 2024-2025:<\/em><\/h1>\n\n\n\n<ul id=\"block-0b8b82a3-a5cc-4ac1-916c-9fe0fe8dd094\" class=\"wp-block-list\">\n<li>Dimanche 6 octobre : Concert en l&rsquo;\u00e9glise des Rosiers s\/Loire<\/li>\n\n\n\n<li>Dimanche 17 novembre : Concert \u00e0 la Cath\u00e9drale de Vannes<\/li>\n\n\n\n<li>Mercredi 18 d\u00e9cembre : Concert de No\u00ebl en l\u2019\u00e9glise Ste Th\u00e9r\u00e8se, place Sainte-Th\u00e9r\u00e8se \u00e0 Angers (Doutre)<\/li>\n\n\n\n<li>Mercredi 5 mars : concert de l&rsquo;orchestre dans l&rsquo;amphith\u00e9\u00e2tre Bazin de l&rsquo;UCO<\/li>\n\n\n\n<li>Samedi 8 mars : concert en l&rsquo;\u00e9glise St-Louis-en-l&rsquo;\u00cele, \u00cele St-Louis \u00e0 Paris<\/li>\n\n\n\n<li>Dimanche 9 mars : concert en l&rsquo;\u00e9glise St-Jean-Bosco, Paris XXe<\/li>\n\n\n\n<li>Tourn\u00e9e aux Pays-bas du 15 au 18 avril 2025, avec des concerts \u00e0 Haarlem, Oosterhout et Amsterdam.<\/li>\n\n\n\n<li>Samedi 3 mai : Participation de l\u2019orchestre au concert de l\u2019OLDA au Centre de Congr\u00e8s d&rsquo;Angers.<\/li>\n\n\n\n<li>Jeudi 8 mai : Concert \u00e0 17h \u00e0 la Cath\u00e9drale d&rsquo;Angers (\u0153uvres diverses dans le cadre de la c\u00e9l\u00e9bration de la fin de la deuxi\u00e8me guerre mondiale en Europe). Ce concert, qui alternait pi\u00e8ces musicales et r\u00e9cits lus par des \u00e9tudiant.e.s en Histoire et Lettres de l&rsquo;Universit\u00e9 d&rsquo;Angers a r\u00e9uni un millier de personnes.<\/li>\n\n\n\n<li>Samedi 24 mai : Concert \u00e0 20h30 en l&rsquo;\u00e9glise St Jean de Monplaisir \u00e0 Angers* (avec notamment l&rsquo;int\u00e9grale de la Messe du Couronnement de Mozart). Entr\u00e9es payantes.<\/li>\n\n\n\n<li>Dimanche 25 mai : Concert \u00e0 Nyoiseau*<\/li>\n\n\n\n<li>Samedi 21 juin : F\u00eate de la musique et concert \u00e0 l&rsquo;\u00e9glise St Serge. Entr\u00e9e libre.<\/li>\n<\/ul>\n\n\n\n<p id=\"block-68f497b9-779f-4afe-b066-da62f76f3e2b\">* Concerts communs avec la Chorale de Segr\u00e9 Anjou bleu<\/p>\n\n\n\n<p><em><strong>Concerts ou prestations au cours de l&rsquo;ann\u00e9e universitaire 2023-2024<\/strong><\/em><\/p>\n\n\n\n<p><strong>Jeudi 14 septembre<\/strong>: hommage de Vox Campus \u00e0 notre ami St\u00e9phane Garnier, chanteur du pupitre basse, lors de sa s\u00e9pulture en l&rsquo;\u00e9glise de la Madeleine \u00e0 Angers: Lacrymosa du Requiem de Mozart, Aita Gurea (Notre p\u00e8re en basque), Signore delle Cime, Ninye.<\/p>\n\n\n\n<ul class=\"wp-block-list\">\n<li><strong>Dimanche 8 Octobre \u00e0 15h<\/strong> : Concert de Vox Campus aux Greniers St Jean avec l&rsquo;Harmonie de Beaufay.<\/li>\n\n\n\n<li><strong>Samedi 14 Octobre<\/strong> : concert de Vox Campus \u00e0 21h dans l&rsquo;\u00e9glise de Montjean avec la Chorale Universitaire de Nantes (CUN).<\/li>\n\n\n\n<li><strong>Samedi 18 et dimanche 19 novembre<\/strong> : Week-end de travail \u00e0 Quiberon en Bretagne et concert le dimanche \u00e0 16h \u00e0 la Cath\u00e9drale de Vannes (programme de l&rsquo;an dernier).<\/li>\n\n\n\n<li><strong>Mercredi 20 d\u00e9cembre<\/strong> : concert de No\u00ebl en l\u2019\u00e9glise St-Jean de Monplaisir \u00e0 Angers<\/li>\n\n\n\n<li><strong>Dimanche 14 janvier \u00e0 15h&nbsp; <\/strong>Concert \u00e0 St Lambert du Lattay (49)<\/li>\n\n\n\n<li><strong>Mercredi 21 f\u00e9vrier<\/strong> : Concert de l\u2019orchestre et des solistes \u00e0 l\u2019UCO Amphi Bazin<\/li>\n\n\n\n<li><strong>Samedi 23 et Dimanche 24 mars<\/strong> : Concerts \u00e0 Paris avec nos amis de LBVV (chorale du 20\u00e8me arrondissement).<\/li>\n\n\n\n<li><strong>Mercredi 3 avril<\/strong> : Concert pour le festival universitaire Spectacurieux  (\u0153uvres diverses : orchestrales, chants a capella ou orchestr\u00e9s)<\/li>\n\n\n\n<li><strong>Vendredi 5 avril<\/strong> : concert de l&rsquo;<strong>Orchestre<\/strong> Vox Campus aux Greniers St Jean pour le gala de pharmacie.<\/li>\n\n\n\n<li><strong>Samedi 13 avril \u00e0 20h<\/strong> : Concert du ch\u0153ur de Vox Campus en l&rsquo;\u00e9glise Sainte Madeleine \u00e0 Segr\u00e9, avec Vincent Grappy \u00e0 l&rsquo;orgue hybride.<\/li>\n\n\n\n<li><strong>Dimanche 14 avril \u00e0 17h<\/strong> : Concert du ch\u0153ur de Vox Campus, salle \u00c9mile Joulain au Lion d&rsquo;Angers, avec Vincent Grappy \u00e0 l&rsquo;orgue hybride.<\/li>\n\n\n\n<li><strong>Mercredi 29 mai<\/strong> : Concert de gala du ch\u0153ur et de l&rsquo;orchestre au Grand Th\u00e9\u00e2tre d\u2019Angers, avec l\u2019\u0153uvre pr\u00e9par\u00e9e pendant l&rsquo;ann\u00e9e : le <strong>Jubilate Deo de Dan Forrest<\/strong>.<\/li>\n\n\n\n<li><strong>Vendredi 21 juin<\/strong> <strong>\u00e0 20h30<\/strong> : Concert pour la F\u00eate de la musique (\u0153uvres diverses : orchestrales, chants a capella ou orchestr\u00e9s). \u00c9glise Saint Serge \u00e0 Angers.<\/li>\n\n\n\n<li><strong>Dimanche 23 juin \u00e0 16h<\/strong> : Concert de f\u00eate de Vox Campus aux Greniers Saint-Jean \u00e0 Angers (concert priv\u00e9 interne \u00e0 l&rsquo;association Vox Campus).<\/li>\n<\/ul>\n","protected":false},"excerpt":{"rendered":"<p>Concerts donn\u00e9s en 2024-2025: * Concerts communs avec la Chorale de Segr\u00e9 Anjou bleu Concerts ou prestations au cours de l&rsquo;ann\u00e9e universitaire 2023-2024 Jeudi 14 septembre: hommage de Vox Campus \u00e0 notre ami St\u00e9phane Garnier, chanteur du pupitre basse, lors &hellip; <a href=\"https:\/\/blog.univ-angers.fr\/voxcampus\/tous-nos-concerts\/2023-2024\/\">Continuer la lecture <span class=\"meta-nav\">&rarr;<\/span><\/a><\/p>\n","protected":false},"author":7672,"featured_media":0,"parent":14,"menu_order":1,"comment_status":"closed","ping_status":"closed","template":"","meta":{"footnotes":""},"class_list":["post-848","page","type-page","status-publish","hentry"],"_links":{"self":[{"href":"https:\/\/blog.univ-angers.fr\/voxcampus\/wp-json\/wp\/v2\/pages\/848","targetHints":{"allow":["GET"]}}],"collection":[{"href":"https:\/\/blog.univ-angers.fr\/voxcampus\/wp-json\/wp\/v2\/pages"}],"about":[{"href":"https:\/\/blog.univ-angers.fr\/voxcampus\/wp-json\/wp\/v2\/types\/page"}],"author":[{"embeddable":true,"href":"https:\/\/blog.univ-angers.fr\/voxcampus\/wp-json\/wp\/v2\/users\/7672"}],"replies":[{"embeddable":true,"href":"https:\/\/blog.univ-angers.fr\/voxcampus\/wp-json\/wp\/v2\/comments?post=848"}],"version-history":[{"count":18,"href":"https:\/\/blog.univ-angers.fr\/voxcampus\/wp-json\/wp\/v2\/pages\/848\/revisions"}],"predecessor-version":[{"id":1037,"href":"https:\/\/blog.univ-angers.fr\/voxcampus\/wp-json\/wp\/v2\/pages\/848\/revisions\/1037"}],"up":[{"embeddable":true,"href":"https:\/\/blog.univ-angers.fr\/voxcampus\/wp-json\/wp\/v2\/pages\/14"}],"wp:attachment":[{"href":"https:\/\/blog.univ-angers.fr\/voxcampus\/wp-json\/wp\/v2\/media?parent=848"}],"curies":[{"name":"wp","href":"https:\/\/api.w.org\/{rel}","templated":true}]}}