{"id":613,"date":"2022-07-03T10:36:39","date_gmt":"2022-07-03T09:36:39","guid":{"rendered":"https:\/\/blog.univ-angers.fr\/voxcampus\/?page_id=613"},"modified":"2023-09-24T14:47:07","modified_gmt":"2023-09-24T13:47:07","slug":"2022-2023","status":"publish","type":"page","link":"https:\/\/blog.univ-angers.fr\/voxcampus\/tous-nos-concerts\/2022-2023\/","title":{"rendered":"2019-2023"},"content":{"rendered":"\n<p><strong>2022-2023<\/strong><\/p>\n\n\n\n<p><em>Concerts donn\u00e9s en 2022-2023 <\/em><\/p>\n\n\n\n<ul class=\"wp-block-list\">\n<li><strong>Dimanche 18 septembre \u00e0 17h30<\/strong> : concert en l&rsquo;\u00e9glise St Serge \u00e0 Angers (49) dans le cadre des journ\u00e9es du patrimoine.<\/li>\n\n\n\n<li><strong>Dimanche 9 octobre \u00e0 15h<\/strong> : concert en l&rsquo;\u00e9glise des Rosiers-sur-Loire (49)<\/li>\n\n\n\n<li><strong>Mardi 25 octobre \u00e0 20h30<\/strong> : concert en l&rsquo;\u00e9glise St-Serge \u00e0 Angers avec le Ch\u0153ur d\u2019enfants des Pays-Bas <strong>Les Rossignols d\u2019Oosterhout<\/strong> (<a href=\"https:\/\/oosterhoutsenachtegalen.nl\/causes\/algemeen\/\">Oosterhoutse Nachtegalen<\/a>) qui avait donn\u00e9 un concert seul en l&rsquo;\u00e9glise de Saint Mathurin sur Loire le dimanche 23 octobre \u00e0 17h.<\/li>\n\n\n\n<li><strong>Dimanche 27 novembre \u00e0 16h<\/strong> en l&rsquo;\u00e9glise de Varennes-sur-Loire.<\/li>\n\n\n\n<li><strong>Mercredi 14 d\u00e9cembre \u00e0 20h30<\/strong> : Concert du solstice d&rsquo;hiver \u00e0 Angers, \u00e9glise St-Jean \u00e0 Monplaisir (Angers).<\/li>\n\n\n\n<li><strong>Mercredi 8 mars<\/strong> : concert en<strong> hommage \u00e0 Philip O&rsquo;Prey<\/strong>, amphith\u00e9\u00e2tre Bazin de l&rsquo;UCO (orchestre et solistes seuls).<\/li>\n\n\n\n<li><strong>Vendredi 17 mars<\/strong> : Gala de Pharmacie (orchestre seul)<\/li>\n\n\n\n<li><strong>Samedi 18 mars <\/strong>: Distribution des dipl\u00f4mes \u00e0 l&rsquo;UFR Droit-\u00e9conomie-gestion (ensembles orchestraux)<\/li>\n\n\n\n<li><strong>Samedi 1er avril \u00e0 20h30<\/strong> : concert en l&rsquo;\u00e9glise Notre-Dame-du-Pr\u00e9 au Mans (72)<\/li>\n\n\n\n<li><strong>Dimanche 2 avril<\/strong> : concert \u00e0 Mamers (72)<\/li>\n\n\n\n<li><strong>Mercredi 5 avril \u00e0 20h30<\/strong> : concert dans le cadre du festival <a href=\"https:\/\/festival.univ-angers.fr\/\">Spectacurieux<\/a> de l&rsquo;Universit\u00e9 d&rsquo;Angers. Lieu : Le Quart\u2019Ney, Maison de quartier associative, place Ney, Angers<\/li>\n\n\n\n<li><strong>Dimanche 14 mai \u00e0 15h30<\/strong> : concert du trenti\u00e8me anniversaire de Vox Campus au Centre des congr\u00e8s d&rsquo;Angers. Ce concert donn\u00e9 devant pr\u00e8s d&rsquo;un millier de personnes comportait une premi\u00e8re partie orchestrale [<strong>Fanfare<\/strong> inaugurale de <em>La P\u00e9ri<\/em> de Paul Dukas ; <strong>Nimrod<\/strong>, extrait des <em>Variations Enigma<\/em> d&rsquo;Edward Elgar ; extraits du <strong>Concerto grosso n\u00b08<\/strong> d&rsquo;Arcangelo Corelli ; <strong>Ouverture<\/strong> des <em>Royal Fireworks<\/em> de Georg Friedrich H\u00e4ndel ; <strong>Tango pour Claude<\/strong> de Richard Galliano (avec Vanessa Rousseau \u00e0 l&rsquo;accord\u00e9on) ; extrait des <strong>Chronicles of Narnia<\/strong> de Harry Gregson Williams ;<strong> La mort de Didon<\/strong> de Henry Purcell (avec Gwendolyn Oud, mezzo soprano) et <strong>Danzon n\u00b02<\/strong> d&rsquo;Arturo Marquez] et une partie avec ch\u0153ur et orchestre [<strong>Rugissements plaintifs du Dniepr majestueux<\/strong>, chant ukrainien sur un po\u00e8me de Chevchenko, de tr\u00e8s larges extraits de la <strong>Messe de l&rsquo;Homme arm\u00e9<\/strong> de Karl Jenkins (solistes : Isabelle Villeret, soprano, Alyssia Dong, alto, Fabrice Brugnon, t\u00e9nor, Alexis retailleau, basse) et en bis le chant basque <strong>Hegoak<\/strong>.<\/li>\n\n\n\n<li><strong>Mercredi 21 juin<\/strong> : f\u00eate de la musique \u00e0 Angers. \u00c9glise St Serge \u00e0 20h.<\/li>\n<\/ul>\n\n\n\n<h1 class=\"wp-block-heading\">2021-2022<\/h1>\n\n\n\n<p><em>Concerts donn\u00e9s en 2021-2022<\/em><br>&#8211; <strong>Vendredi 3 D\u00e9cembre \u00e0 19h<\/strong>: C\u00e9r\u00e9monie et F\u00eate pour les trente ans de Vox Campus &#8211; Greniers St Jean (Angers). <strong>Sur invitation seulement.<\/strong><br>&#8211; <strong>Mercredi 15 D\u00e9cembre \u00e0 20h30<\/strong>: Concert Vox Campus &#8211; \u00e9glise St Jean, Monplaisir (Angers). <strong>Entr\u00e9e libre.<\/strong> Au programme: Purcell, Delalande, H\u00e4ndel, Mozart, Moussorgski, Borodine, Orff, Piazzola, Chostakovitch, Lallement.<br>&#8211; <strong>Mercredi 16 mars<\/strong>: Concert de l&rsquo;orchestre, amphi Bazin des Facult\u00e9s libres de l&rsquo;Ouest, Angers<br>&#8211; <strong>Vendredi 18 mars<\/strong>: Concert de l&rsquo;Orchestre &#8211; Gala de pharmacie \u00e0 Angers<br>&#8211; <strong>Samedi 26 &#8211; Dimanche 27 mars<\/strong>: Concerts avec l&rsquo;ensemble Les Belles Voix de la Ville (LBVV) \u00e0 Paris. Le samedi \u00e0 16h30 \u00e0 l&rsquo;Oratoire du Louvre (145 rue Saint Honor\u00e9, Paris 1er) et le dimanche \u00e0 15h \u00e0 l&rsquo;\u00e9glise Saint Jean Bosco (79 rue Alexandre Dumas, Paris 20e).<br>&#8211; <strong>Samedi 2 avril \u00e0 20h30<\/strong>: concert par Vox Campus et Sympho&rsquo;Campus de Le Mans dans le cadre du Festival de la cr\u00e9ation universitaire. Th\u00e9\u00e2tre Chanzy, avenue de Chanzy \u00e0 Angers.<br>&#8211; <strong>Dimanche 1er mai<\/strong> : Concert en l&rsquo;\u00e9glise de Cunault (49)<br>&#8211; <strong>Mardi 21 juin<\/strong>: F\u00eate de la musique en l&rsquo;\u00e9glise Saint-Serge d&rsquo;Angers.<br>&#8211; <strong>Sam 25 et dim 26 juin<\/strong>: Accueil de l&rsquo;ensemble choral LBVV et concerts communs \u00e0 l&rsquo;\u00e9glise de Saint-Mathurin-sur-Loire (le 25) et \u00e0 l&rsquo;\u00e9glise de la trinit\u00e9 d&rsquo;Angers (le 26).<br>&#8211; <strong>Vendredi 1er juillet<\/strong>: concert \u00e0 l&rsquo;occasion des 50 ans de l\u2019Universit\u00e9 au ch\u00e2teau du Plessis Mac\u00e9 (49) (Lully, chants ukrainien et slavon, Ipolitov-Ivanov, chant basque, gospel, etc.)<\/p>\n\n\n\n<h1 class=\"wp-block-heading\">2020-2021<\/h1>\n\n\n\n<p>Planning des concerts qui \u00e9taient pr\u00e9vus au cours de la saison 2020-2021 (tous ont d\u00fb \u00eatre annul\u00e9s ou report\u00e9s en raison de la crise sanitaire li\u00e9e au COVID-19)<br>&#8211; <strong>Vendredi 11 d\u00e9cembre<\/strong> : Concert de l&rsquo;orchestre et r\u00e9ception ensemble de Le Mans au Quart Ney (Angers)<br>&#8211; <strong>Mercredi 16 d\u00e9cembre<\/strong> : Concert de No\u00ebl<br>&#8211; <strong>Mercredi 6 janvier<\/strong> : Concert EHPAD Villev\u00eaque<br>&#8211; <strong>Dimanche 14 f\u00e9vrier<\/strong> : Audition chorale Canto G\u00e9n\u00e9ral<br>&#8211; <strong>Mercredi 17 f\u00e9vrier<\/strong> : Concert de l&rsquo;orchestre \u00e0 l&rsquo;amphith\u00e9\u00e2tre Bazin des FLO<br>&#8211; <strong>Vendredi 19 mars<\/strong> : Gala de pharmacie (orchestre)<br>&#8211; <strong>Sam 20 Dim 21 mars<\/strong> : Concert \u00e0 Paris<br>&#8211; <strong>Mercredi 14 avril<\/strong> : Festival \u00e9tudiant, salle Claude Chabrol \u00e0 Angers (sous r\u00e9serves)<br>&#8211; <strong>Sam 24 Ven 30 avril<\/strong> : Tourn\u00e9e en Hollande<br>&#8211; <strong>Jeu 13 Sam 15 mai<\/strong> : Concert du 30\u00e8me anniversaire de Vox Campus<br>&#8211; <strong>Samedi 5 &amp; Dim 6 juin<\/strong> : Week end \u00e0 la mer ou concert \u00e0 Cunault<br>&#8211; <strong>Vendredi 18 juin<\/strong> : Concert au Plessis Mac\u00e9 (sous r\u00e9serves)<br>&#8211; <strong>Lun 21 juin<\/strong> : F\u00eate de la musique \u00e0 Angers<\/p>\n\n\n\n<p><strong>2019-2020<\/strong><\/p>\n\n\n\n<p><em>Concerts donn\u00e9s en 2019-2020<\/em><br>&#8211; <strong>Dimanche 13 octobre<\/strong> de 15h \u00e0 16h30 : Concert en l&rsquo;\u00e9glise Notre-Dame-de-Locmaria \u00e0 Quiberon. \u0152uvres orchestrales (Ouverture de Fairy Queen de Purcell, Danse slave n\u00b08 de Dvorak, extrait du Te Deum de Charpentier, Danse des sauvages de Rameau), a capella (Il bianco et dolce cigno, Dio del cielo, H\u00e9goak, A\u00efta Gurea, Nkossissik\u00e9l\u00e9, Razbo\u00efnika, Complainte du N\u00e9y\u00e9) et pour ch\u0153ur et orchestre (extraits du Te Deum de H\u00e4ndel et du Canto general de Th\u00e9odorakis, Bro Gozh ma zadou).<br>&#8211; <strong>Mercredi 13 novembre<\/strong> : Concert Ch\u0153ur et orchestre Vox Campus avec la Musique militaire des transmissions de Rennes au Grand th\u00e9\u00e2tre d\u2019Angers (GTA) (Vox Campus : Antonin DVORAK-Danse slave n\u00b08, Ronan HARDIMAN-The lord of the dance, Mikis THEODORAKIS-Extrait du Canto General \/\/ Musique des Transmissions : Louis GANNE-Le P\u00e8re La Victoire, Paul DUKAS-L\u2019apprenti sorcier, John WILLIAMS-Dance of the witch, Alan MENKEN-Enchanted \/\/ Tous : Modeste MOUSSORGSKI-La grande porte de Kiev+ La Nuit sur le mont chauve, Aaron COPLAND-Fanfare for the common man, Howard SHORE-The Fellowship of the ring, John WILLIAM-Harry Potter, Hector BERLIOZ-Marseillaise)<br>&#8211; <strong>Dimanche 8 d\u00e9cembre<\/strong> : Concert avec chorale d\u2019enfant de Murcie en l&rsquo;\u00e9glise St Serge (CHORALE)<br>&#8211; <strong>Vendredi 13 d\u00e9cembre<\/strong> : Concert UNIVERSIT\u00c9 Le Mans EVE (ORCHESTRE)<br>&#8211; <strong>Mercredi 18 d\u00e9cembre<\/strong> : Concert de No\u00ebl \u00e0 Monplaisir (\u00e9glise Saint Jean)<br>&#8211; <strong>Mercredi 8 janvier<\/strong> : Concert \u00e0 l\u2019EHPAD de Villev\u00eaque (CHORALE et ORCHESTRE)<br>&#8211; <strong>Mercredi 12 f\u00e9vrier<\/strong> : Concert \u00e0 l\u2019UCO, amphi Bazin (ORCHESTRE) <\/p>\n\n\n\n<p>En raison de la crise sanitaire de la COVID-19, la saison 2019-2020 s&rsquo;est arr\u00eat\u00e9e l\u00e0&#8230; \u00c0 l&rsquo;ann\u00e9e prochaine !<\/p>\n","protected":false},"excerpt":{"rendered":"<p>2022-2023 Concerts donn\u00e9s en 2022-2023 2021-2022 Concerts donn\u00e9s en 2021-2022&#8211; Vendredi 3 D\u00e9cembre \u00e0 19h: C\u00e9r\u00e9monie et F\u00eate pour les trente ans de Vox Campus &#8211; Greniers St Jean (Angers). Sur invitation seulement.&#8211; Mercredi 15 D\u00e9cembre \u00e0 20h30: Concert Vox &hellip; <a href=\"https:\/\/blog.univ-angers.fr\/voxcampus\/tous-nos-concerts\/2022-2023\/\">Continuer la lecture <span class=\"meta-nav\">&rarr;<\/span><\/a><\/p>\n","protected":false},"author":7672,"featured_media":0,"parent":14,"menu_order":2,"comment_status":"closed","ping_status":"closed","template":"","meta":{"footnotes":""},"class_list":["post-613","page","type-page","status-publish","hentry"],"_links":{"self":[{"href":"https:\/\/blog.univ-angers.fr\/voxcampus\/wp-json\/wp\/v2\/pages\/613","targetHints":{"allow":["GET"]}}],"collection":[{"href":"https:\/\/blog.univ-angers.fr\/voxcampus\/wp-json\/wp\/v2\/pages"}],"about":[{"href":"https:\/\/blog.univ-angers.fr\/voxcampus\/wp-json\/wp\/v2\/types\/page"}],"author":[{"embeddable":true,"href":"https:\/\/blog.univ-angers.fr\/voxcampus\/wp-json\/wp\/v2\/users\/7672"}],"replies":[{"embeddable":true,"href":"https:\/\/blog.univ-angers.fr\/voxcampus\/wp-json\/wp\/v2\/comments?post=613"}],"version-history":[{"count":28,"href":"https:\/\/blog.univ-angers.fr\/voxcampus\/wp-json\/wp\/v2\/pages\/613\/revisions"}],"predecessor-version":[{"id":852,"href":"https:\/\/blog.univ-angers.fr\/voxcampus\/wp-json\/wp\/v2\/pages\/613\/revisions\/852"}],"up":[{"embeddable":true,"href":"https:\/\/blog.univ-angers.fr\/voxcampus\/wp-json\/wp\/v2\/pages\/14"}],"wp:attachment":[{"href":"https:\/\/blog.univ-angers.fr\/voxcampus\/wp-json\/wp\/v2\/media?parent=613"}],"curies":[{"name":"wp","href":"https:\/\/api.w.org\/{rel}","templated":true}]}}