{"id":6,"date":"2015-09-08T16:16:40","date_gmt":"2015-09-08T15:16:40","guid":{"rendered":"https:\/\/blog.univ-angers.fr\/voxcampus\/?page_id=6"},"modified":"2026-03-06T21:12:37","modified_gmt":"2026-03-06T20:12:37","slug":"infos-pratiques-et-contacts","status":"publish","type":"page","link":"https:\/\/blog.univ-angers.fr\/voxcampus\/infos-pratiques-et-contacts\/","title":{"rendered":"Infos &amp; contacts"},"content":{"rendered":"<p><em>Adresse postale :<\/em><br \/>\nVox Campus<br \/>\nCh\u0153ur et Orchestre de l&rsquo;Universit\u00e9 d&rsquo;Angers<br \/>\n15 rue de Hirondelles<br \/>\n49070 Beaucouz\u00e9<\/p>\n<p>Contact par mail : voxcampusangers49@gmail.com<br \/>\nT\u00e9l\u00e9phone : 06 80 99 19 14<\/p>\n","protected":false},"excerpt":{"rendered":"<p>Adresse postale : Vox Campus Ch\u0153ur et Orchestre de l&rsquo;Universit\u00e9 d&rsquo;Angers 15 rue de Hirondelles 49070 Beaucouz\u00e9 Contact par mail : voxcampusangers49@gmail.com T\u00e9l\u00e9phone : 06 80 99 19 14<\/p>\n","protected":false},"author":15657,"featured_media":0,"parent":0,"menu_order":8,"comment_status":"closed","ping_status":"closed","template":"","meta":{"footnotes":""},"class_list":["post-6","page","type-page","status-publish","hentry"],"_links":{"self":[{"href":"https:\/\/blog.univ-angers.fr\/voxcampus\/wp-json\/wp\/v2\/pages\/6","targetHints":{"allow":["GET"]}}],"collection":[{"href":"https:\/\/blog.univ-angers.fr\/voxcampus\/wp-json\/wp\/v2\/pages"}],"about":[{"href":"https:\/\/blog.univ-angers.fr\/voxcampus\/wp-json\/wp\/v2\/types\/page"}],"author":[{"embeddable":true,"href":"https:\/\/blog.univ-angers.fr\/voxcampus\/wp-json\/wp\/v2\/users\/15657"}],"replies":[{"embeddable":true,"href":"https:\/\/blog.univ-angers.fr\/voxcampus\/wp-json\/wp\/v2\/comments?post=6"}],"version-history":[{"count":5,"href":"https:\/\/blog.univ-angers.fr\/voxcampus\/wp-json\/wp\/v2\/pages\/6\/revisions"}],"predecessor-version":[{"id":1093,"href":"https:\/\/blog.univ-angers.fr\/voxcampus\/wp-json\/wp\/v2\/pages\/6\/revisions\/1093"}],"wp:attachment":[{"href":"https:\/\/blog.univ-angers.fr\/voxcampus\/wp-json\/wp\/v2\/media?parent=6"}],"curies":[{"name":"wp","href":"https:\/\/api.w.org\/{rel}","templated":true}]}}