{"id":58,"date":"2015-10-29T15:50:19","date_gmt":"2015-10-29T14:50:19","guid":{"rendered":"https:\/\/blog.univ-angers.fr\/voxcampus\/?page_id=58"},"modified":"2023-09-24T14:42:31","modified_gmt":"2023-09-24T13:42:31","slug":"2015-2016","status":"publish","type":"page","link":"https:\/\/blog.univ-angers.fr\/voxcampus\/tous-nos-concerts\/2015-2016\/","title":{"rendered":"2015-2019"},"content":{"rendered":"<p><em>Concerts donn\u00e9s au cours de l&rsquo;ann\u00e9e 2018-2019 :<\/em><\/p>\n<p>&#8211; DIMANCHE 11 NOVEMBRE<br \/>\n15h : Concert centenaire de l\u2019armistice Cath\u00e9drale d\u2019Angers (Chorale)<br \/>\n&#8211; MERCREDI 21 NOVEMBRE<br \/>\nConf\u00e9rence sur le cor (Bernard le Pogam) et petit concert de cl\u00f4ture<br \/>\n&#8211; SAMEDI 24 et DIMANCHE 25 NOVEMBRE<br \/>\nWeek-end de travail. La Turballe.<br \/>\n&#8211; MARDI 4 DECEMBRE<br \/>\n18h30 : 50 ans de la facult\u00e9 de droit (Orchestre)<br \/>\n&#8211; MERCREDI 19 DECEMBRE<br \/>\nConcert de No\u00ebl en l&rsquo;\u00e9glise Ste Marie (Belle Beille)<br \/>\n&#8211; MERCREDI 9 JANVIER<br \/>\nConcert galette des rois \u00e0 l\u2019EHPAD de Villev\u00eaque<br \/>\n&#8211; VENDREDI 22 MARS<br \/>\nGala de pharmacie aux greniers St Jean (Orchestre)<br \/>\n&#8211; MERCREDI 27 MARS<br \/>\nSpectacle : Qui a tu\u00e9 Mozart ? Chapelle des Ursules \u00e0 Angers<br \/>\n&#8211; DIMANCHE 31 MARS \u00e0 15h<br \/>\nConcert \u00e0 Paris (\u00c9glise St Martin, 10\u00e8me arrondissement)<br \/>\n&#8211; MERCREDI 3 AVRIL<br \/>\nFestival de cr\u00e9ation universitaire \u00ables PROM\u2019S\u00bb<br \/>\n&#8211; DIMANCHE 28 AVRIL \u00e0 16h<br \/>\nConcert dans l\u2019abbatiale de Cunault<br \/>\n&#8211; SAMEDI 1er JUIN \u00e0 20h<br \/>\nConcert \u00ab masque angevin \u00bb au Grand Th\u00e9\u00e2tre d&rsquo;Angers<br \/>\n&#8211; VENDREDI 21 JUIN \u00e0 20h30<br \/>\nF\u00eate de la musique, \u00c9glise Saint-Serge (Angers)<\/p>\n<p><em>Concerts donn\u00e9s au cours de l&rsquo;ann\u00e9e 2017-2018 :<\/em><\/p>\n<p>1) <strong>Samedi 16 septembre<\/strong> \u00e0 13h30 au Grand Th\u00e9\u00e2tre d&rsquo;Angers, \u00abConcert du patrimoine\u00bb:  Albrici (sonate \u00e0 cinq), Corelli (7e concerto grosso), J. Gilles (Kyrie de la Messe des morts), G.F. Haendel (Te Deum de Dettingen 1, 5, 7, 14, 17, 18), Folklore breton (Ton Bale Kadoudal, Ton Disanv), Negro Spiritual (What\u2019s the devil said).<br \/>\n2) <strong>dimanche 22 octobre \u00e0 15h<\/strong> : Concert en l&rsquo;\u00e9glise de Quiberon.<br \/>\n3) <strong>Mercredi 15 novembre \u00e0 20h<\/strong> Conf\u00e9rence-concert avec P. Barbier (\u00e0 l&rsquo;UFR m\u00e9decine).<em> Nota bene : L\u2019acad\u00e9mie Fran\u00e7aise, lors de sa s\u00e9ance du jeudi 22 juin 2017 a d\u00e9cern\u00e9 le prix Thiers (prix d\u2019histoire) \u00e0 Patrick Barbier pour son livre \u00ab Voyage dans la Rome baroque, le Vatican, les princes et les f\u00eates musicales \u00bb paru l\u2019an pass\u00e9 chez Grasset (288 p. 19 euros). Il recevra son prix sous la coupole fin novembre. \u00c0 cette occasion conf\u00e9rence-concert sur le Baroque.<\/em><br \/>\n4) <strong>Vendredi 8 d\u00e9cembre \u00e0 20h30<\/strong> Concert des petits Ensembles et de l&rsquo;ensemble de musique m\u00e9di\u00e9vale de Villadi\u00e9go dans l&rsquo;\u00e9glise Ste Th\u00e9r\u00e8se (Doutres). <em>Journ\u00e9e avec Javier Calzada et son ensemble de musique m\u00e9di\u00e9vale.<\/em><br \/>\n5) <strong>Mercredi 20 D\u00e9cembre<\/strong> : Concert de No\u00ebl en l&rsquo;\u00e9glise St Jean du quartier Monplaisir \u00e0 Angers<br \/>\n6) <strong>Samedi 3 au vendredi 9 mars<\/strong> : Tourn\u00e9e annuelle en Espagne: Burgos et Madrid.<br \/>\n7) <strong>Vendredi 23 mars<\/strong> concert de l&rsquo;orchestre Vox Campus au Gala de pharmacie aux Greniers St Jean.<br \/>\n8) <strong>Dimanche 25 mars \u00e0 15h30<\/strong> : Concert de Gala au Grand Th\u00e9\u00e2tre d\u2019Angers. 1. Arcangelo CORELLI : Concerto Grosso n\u00b07 ; 2. Jean Gilles : Messe des morts (extraits) ; 3. Peter WARLOCK : Capriol suite ; 4. Edward ELGAR : Nimrod (de la suite Enigma) ; 5. Mikha\u00efl IPOLITOV-IVANOV : Procession of the sardar ; 6. Ronan HARDIMAN : The Lord of the dance ; 8. Georg Friedrich H\u00c4NDEL : Te Deum de Dettingen (extraits)<br \/>\n9) <strong>Dimanche 8 avril \u00e0 15h<\/strong> : Concert en l&rsquo;\u00e9glise St Martin-des-champs \u00e0 Paris sous la direction de Jean-Philippe Dequin et Olivier Villeret. \u0152uvres de H\u00e4ndel (Dettingen Te Deum), Corelli, Warlock, Hardiman et Chostakovitch.<br \/>\n10) <strong>Mercredi 6 juin<\/strong>  Concert en l&rsquo;\u00e9glise de Savenni\u00e8res (programme de l&rsquo;ann\u00e9e)<br \/>\n11) <strong>Jeudi 21 juin<\/strong> F\u00eate de la musique et concerte en la chapelle des Ursules \u00e0 Angers.<br \/>\n12) <strong>Dimanche 16 septembre \u00e0 17h<\/strong>: concert \u00ab\u00a0Journ\u00e9e du patrimoine\u00a0\u00bb de Vox Campus et de la chorale Arpeggione de Montfermeil en la Chapelle des Ursules (Mairie d&rsquo;Angers) avec des \u0153uvres orchestrales (Procession du Sardar de Mikhail Mikhailovich Ippolitov-Ivanov, Capriol suite de Peter Warlock et Lord of the dance de Ronan Hardiman), a capella (Il bianco e dolce cigno, Aita Gurea, Complainte du N\u00e9y\u00e9, Razbo\u00efnica) et pour ch\u0153ur et orchestre (Dettingen Te Deum de H\u00e4ndel).<\/p>\n<p><em>Activit\u00e9s au cours de l&rsquo;ann\u00e9e 2017-2018 :<\/em><\/p>\n<p>&#8211; <strong>jeudi 21 septembre<\/strong> 9h-16h, tenue du Stand de Vox Campus lors du \u00abCampus dies\u00bb sur le Campus de Belle Beille.<br \/>\n&#8211; <strong>samedi 21 et dimanche 22 octobre<\/strong>: Week-end de travail \u00e0 Penthi\u00e8vre dans la presqu\u2019\u00eele de Quiberon. D\u00e9part le samedi 8h d\u2019Angers, retour 20h30 le dimanche. Co\u00fbt 60 euros.<\/p>\n<p><em>Concerts donn\u00e9s au cours de l&rsquo;ann\u00e9e 2016-2017 :<\/em><\/p>\n<p>1) <strong>Dimanche 18 septembre<\/strong> \u00e0 14h au Grand Th\u00e9\u00e2tre d&rsquo;Angers (foyer), \u00abConcert du patrimoine\u00bb.<br \/>\n2) <strong>Mercredi 9 novembre<\/strong> \u00e0 20h, Concert \u00ab\u00a0Unisson\u00a0\u00bb avec la musique militaire de Rennes au Grand th\u00e9\u00e2tre d&rsquo;Angers.<br \/>\n3) <strong>Samedi 12 novembre<\/strong> \u00e0 15h : Concert en l&rsquo;\u00e9glise de Quiberon avec des chants a capella (La Complainte du n\u00e9y\u00e9, Il bianco e dolce cygno de J. Arcadelt, Gr\u00e2ce te rends de C. Jannequin, A\u00efta Gurea, God be with you, Nkossisik\u00e9l\u00e9 li Africa), \u0153uvres orchestrales (Fairy Queen de Pucell, ouverture de Carmen de Bizet, musiques bretonnes) et pour ch\u0153ur et orchestre (That&rsquo;s what the devil said, extraits du Stabat Mater de Pergol\u00e8se et du Te Deum de Dettingen de H\u00e4ndel)<br \/>\n4) <strong>Samedi 26 Novembre<\/strong> \u00e0 20h, Concert pour l&rsquo;inauguration de la Tapisserie r\u00e9alis\u00e9e par les habitants de Rochefort s\/Loire  en l&rsquo;\u00e9glise de Rochefort s\/Loire.<br \/>\n5) <strong>Mercredi 14 D\u00e9cembre \u00e0 20h30<\/strong> : Concert de No\u00ebl en l&rsquo;\u00e9glise de la Trinit\u00e9 \u00e0 Angers. Orchestre : Henry Purcell-Ouverture de Fairy Queen 1,2,4 ; J.B. Pergol\u00e8se &#8211; Stabat Mater 1, 2, 9 ; G. Bizet &#8211; Ouverture de Carmen ; M. Moussorgski\/M. Ravel &#8211; Promenade, Kiev ;<br \/>\nChoeur : J. Arcadelt &#8211; Il Bianco e dolce cygno ; C. Jannequin &#8211; Gr\u00e2ce te rend ; Liturgie basque\t&#8211; A\u00efta gurea ; Folklore Acadien &#8211; Complainte du n\u00e9y\u00e9 ; spirituals &#8211; God be with you ; Nkossissik\u00e9k\u00e9 Li Africa<br \/>\nCHOEUR ET ORCHESTRE : J.J. Roux\t&#8211; Ave Maria ; G.F. Haendel &#8211; Te Deum de Dettingen 1, 7, 12, 14, 18<br \/>\nBis : Folklore Breton : Ton Bale Kadoudal et Ton Disanv ; spirituals &#8211; What\u2019s the devil said<br \/>\n6) <strong>Vendredi 17 mars<\/strong>, Gala de pharmacie<br \/>\n7) Concerts \u00e0 Paris : <strong>Samedi 25<\/strong> \u00e0 13h30 (kiosque \u00e0 musique du Jardin du Luxembourg) et <strong>Dimanche 26 mars<\/strong> \u00e0 15h (\u00e9glise Notre-Dame du travail, Paris XIVe). Au programme : J.B. Lully (Marche pour la c\u00e9r\u00e9monie des Turcs), H. Purcell (Ouverture de Fairy Queen 1\/2\/4), M.A. Charpentier (Ouverture Te Deum), J.P. Rameau (Danse des sauvages), G. Bizet (ouverture de Carmen), K. Badelt (Pirate des cara\u00efbes), Folklore Acadien (Complainte du n\u00e9y\u00e9), Enoch Sontonga (Nkossissik\u00e9k\u00e9 Li Africa), G.F. Haendel (Te Deum de Dettingen 7, 14, 1, 18), Folklore breton (Ton Bale Kadoudal, Ton Disanv), Negro Spiritual (What\u2019s the devil said)<br \/>\n8) <strong>Samedi 29 avril<\/strong>: Concert au Grand th\u00e9\u00e2tre d&rsquo;Angers \u00e0 20h.<br \/>\n9) <strong>Lundi 1, Mardi 2, Mercredi 3 mai<\/strong>, travail avec Soli Tutti, et concert de Soli Tutti en l&rsquo;\u00e9glise de La Trinit\u00e9 \u00e0 Angers le mercredi 3 mai \u00e0 20h30<br \/>\n10) <strong>dimanche 14 mai<\/strong>, Concert \u00e0 Angers avec le ch\u0153ur R\u00e9sonnances de Le Mans.<br \/>\n11) vendredi 9 juin \u00e0 19h, concert en plein air au Kiosque du Mail d&rsquo;Angers, \u00e0 l&rsquo;occasion du 140\u00e8me anniversaire du Kiosque du Mail.<br \/>\n12) <strong>Mercredi 21 juin \u00e0 20h30<\/strong>, F\u00eate de la musique: concert \u00e0 l&rsquo;ex-chapelle des Ursules (Mairie d&rsquo;Angers)<\/p>\n<p><em>Activit\u00e9s au cours de l&rsquo;ann\u00e9e 2016-2017 :<\/em><\/p>\n<p>&#8211; <strong>jeudi 22 septembre<\/strong> 10h-16h, tenue du Stand de Vox Campus lors du \u00abCampus day\u00bb sur le Campus de belle Beille.<br \/>\n&#8211; <strong>vendredi 11 et samedi 12 novembre<\/strong>, week-end de travail \u00e0 Quiberon.<br \/>\n&#8211; <strong>dimanche 30 avril<\/strong>, Banquet annuel de Vox Campus (Salle Molli\u00e8res \u00e0 Angers).<\/p>\n<p><em>Concerts donn\u00e9s au cours de l&rsquo;ann\u00e9e 2015-2016 :<\/em><\/p>\n<p>1. <strong>Dimanche 20 Septembre \u00e0 14h30<\/strong> : Concert au Grand Th\u00e9\u00e2tre d&rsquo;Angers (Foyer) \u00e0 l&rsquo;occasion des Journ\u00e9es du patrimoine<br \/>\n2. <strong>Jeudi 24 septembre \u00e0 12h30<\/strong> : concert inaugural de l&rsquo;ann\u00e9e universitaire \u00e0 l&rsquo;occasion du Campus Day (Campus de Belle Beille)<br \/>\n3. <strong>Vendredi 25 septembre \u00e0 19h<\/strong> : concert \u00e0 l&rsquo;occasion de la Nuit europ\u00e9enne des chercheurs<br \/>\n4. <strong>Dimanche 25 octobre \u00e0 15h<\/strong> : Concert commun avec le Wigan Communauty Choir \u00e0 la Chapelle des Ursules (Mairie d&rsquo;Angers)<br \/>\n5. <strong>Dimanche 8 novembre \u00e0 16h<\/strong> : Concert \u00e0 la Cath\u00e9drale de Vannes<br \/>\n6. <strong>Mercredi 16 d\u00e9cembre \u00e0 20h30<\/strong> : Concert de No\u00ebl 20h30 \u00e0 l&rsquo;\u00e9glise St Jean, derri\u00e8re la place de l&rsquo;Europe (quartier Monplaisir, Angers). Au programme Lully, Purcell, Bach, Bizet, Debussy, etc. pour des chants <em>a capella<\/em>, des \u0153uvres orchestrales et des \u0153uvres pour ch\u0153ur et orchestre.<br \/>\n7. <strong>Mercredi 20 janvier<\/strong> : Concert priv\u00e9 \u00e0 l&rsquo;EHPAD \u00ab\u00a0Couleurs du temps\u00a0\u00bb \u00e0 Villev\u00eaque (\u0153uvres a capella et pour orchestre, Didon et \u00c9n\u00e9e de Purcell)<br \/>\n8. <strong>Du 23 f\u00e9vrier au 12 mars 2016 <\/strong>: participation de petits ch\u0153urs (4&#215;3) de Vox Campus aux repr\u00e9sentations de \u00ab Chat en poche \u00bb, de Feydeau, au th\u00e9\u00e2tre Le Quai \u00e0 Angers (mise en sc\u00e8ne de Fr\u00e9d\u00e9ric B\u00e9lier-Garcia).<br \/>\n9. <strong>Mardi 8 mars<\/strong> : Concert anniversaire de l\u2019IUT aux Greniers Saint-Jean \u00e0 Angers<br \/>\n10. <strong>Vendredi 11 mars<\/strong> : concert de Gala en pharmacie (Orchestre)<br \/>\n11. <strong>Dimanche 13 mars \u00e0 16h<\/strong> : Concert au Mans (\u00e9glise St Aldric) avec la chorale \u00ab R\u00e9sonnances \u00bb qui introduisit le concert avec trois chants de Rachmaninov. Programme de Vox Campus: J.B. Lully: Marche pour la c\u00e9r\u00e9monie des turcs, H. Purcell: ouverture de Fairy Queen, G. Bizet: Farandole de l\u2019Arl\u00e9sienne, C. Debussy: Petite suite (\u00abEn bateau\u00bb &amp; \u00abCort\u00e8ge\u00bb), J. Arcadelt: Il bianco e dolce cygno, Nkossissik\u00e9l\u00e9, J.S. Bach: Jesus bleibet meine Freude, J.J. Roux: Ave Maria, H. Purcell: Didon et En\u00e9e (35, 36,37), Negro spiritual: Devil.<br \/>\n12-13. <strong>Du samedi 9 avril au samedi 16 avril<\/strong>, tourn\u00e9e en Toscane avec notamment deux concerts \u00e0 Pise : les mercredi 13 \u00e0 21h (musique sacr\u00e9e, Chiesa del Carmine, in collaborazione con il Coro dell\u2019Universit\u00e0 di Pisa) et vendredi 15 \u00e0 18h (Logge di Banchi, en pr\u00e9sence du maire de Pise).<br \/>\n14. <strong>Samedi 7 mai<\/strong> \u00e0 20h : premier des deux concerts f\u00eatant le 25\u00e8me anniversaire de Vox Campus dans la salle T900 du Th\u00e9\u00e2tre <em>Le Quai<\/em>. La premi\u00e8re partie de soir\u00e9e \u00e9tait constitu\u00e9e par des \u0153uvres pour orchestre (Lully-C\u00e9r\u00e9monie des Turcs, Purcell-Ouverture de Fairy Queen, Debussy-Petite suite, Mozart-Concerto pour piano n\u00b021, Bizet-Farandole&#8230;), a capella (Aita Gurea, Arcadelt-Il bianco e dolce cygno, Nkossissik\u00e9l\u00e9) et pour ch\u0153ur et orchestre (Bach-Jesus bleibet meine Freude, Jean-Jo Roux-Ave Maria, Purcell-Mort de Didon, spiritual-That&rsquo;s what the devil said). En deuxi\u00e8me partie de soir\u00e9e, Vox Campus a donn\u00e9 de larges extraits des <strong>Carmina Burana<\/strong> de Carl Orff.<br \/>\n15. <strong>Dimanche 22 mai \u00e0 16h<\/strong> : Concert avec la chorale universitaire de Toru\u0144 (Pologne) en l&rsquo;\u00e9glise de la Trinit\u00e9 \u00e0 Angers (Doutre). Remarque: le lundi 23 mai \u00e0 20h dans l&rsquo;ancienne Chapelle des Ursules (mairie d&rsquo;Angers), le ch\u0153ur de Toru\u0144 a donn\u00e9 un second concert en Anjou.<br \/>\n16. <strong>Samedi 4 juin<\/strong> \u00e0 20h : second Concert du 25\u00e8me anniversaire de Vox Campus au Grand Th\u00e9\u00e2tre d&rsquo;Angers avec les <strong>Carmina Burana<\/strong> de Carl Orff.<br \/>\n17. <strong>Dimanche 21 juin<\/strong> : F\u00eate de la Musique aux Ursules \u00e0 Angers (\u0153uvres orchestrales de Lully, Purcell, Debussy, Offenbach etc., chorales et pour ch\u0153ur et orchestre).<\/p>\n","protected":false},"excerpt":{"rendered":"<p>Concerts donn\u00e9s au cours de l&rsquo;ann\u00e9e 2018-2019 : &#8211; DIMANCHE 11 NOVEMBRE 15h : Concert centenaire de l\u2019armistice Cath\u00e9drale d\u2019Angers (Chorale) &#8211; MERCREDI 21 NOVEMBRE Conf\u00e9rence sur le cor (Bernard le Pogam) et petit concert de cl\u00f4ture &#8211; SAMEDI 24 &hellip; <a href=\"https:\/\/blog.univ-angers.fr\/voxcampus\/tous-nos-concerts\/2015-2016\/\">Continuer la lecture <span class=\"meta-nav\">&rarr;<\/span><\/a><\/p>\n","protected":false},"author":7672,"featured_media":0,"parent":14,"menu_order":3,"comment_status":"closed","ping_status":"open","template":"","meta":{"footnotes":""},"class_list":["post-58","page","type-page","status-publish","hentry"],"_links":{"self":[{"href":"https:\/\/blog.univ-angers.fr\/voxcampus\/wp-json\/wp\/v2\/pages\/58","targetHints":{"allow":["GET"]}}],"collection":[{"href":"https:\/\/blog.univ-angers.fr\/voxcampus\/wp-json\/wp\/v2\/pages"}],"about":[{"href":"https:\/\/blog.univ-angers.fr\/voxcampus\/wp-json\/wp\/v2\/types\/page"}],"author":[{"embeddable":true,"href":"https:\/\/blog.univ-angers.fr\/voxcampus\/wp-json\/wp\/v2\/users\/7672"}],"replies":[{"embeddable":true,"href":"https:\/\/blog.univ-angers.fr\/voxcampus\/wp-json\/wp\/v2\/comments?post=58"}],"version-history":[{"count":1,"href":"https:\/\/blog.univ-angers.fr\/voxcampus\/wp-json\/wp\/v2\/pages\/58\/revisions"}],"predecessor-version":[{"id":727,"href":"https:\/\/blog.univ-angers.fr\/voxcampus\/wp-json\/wp\/v2\/pages\/58\/revisions\/727"}],"up":[{"embeddable":true,"href":"https:\/\/blog.univ-angers.fr\/voxcampus\/wp-json\/wp\/v2\/pages\/14"}],"wp:attachment":[{"href":"https:\/\/blog.univ-angers.fr\/voxcampus\/wp-json\/wp\/v2\/media?parent=58"}],"curies":[{"name":"wp","href":"https:\/\/api.w.org\/{rel}","templated":true}]}}