{"id":4,"date":"2015-09-08T16:10:01","date_gmt":"2015-09-08T15:10:01","guid":{"rendered":"https:\/\/blog.univ-angers.fr\/voxcampus\/?page_id=4"},"modified":"2022-09-20T09:08:57","modified_gmt":"2022-09-20T08:08:57","slug":"presentation","status":"publish","type":"page","link":"https:\/\/blog.univ-angers.fr\/voxcampus\/presentation\/","title":{"rendered":"Pr\u00e9sentation"},"content":{"rendered":"<h1><span style=\"font-size: x-large;color: #000000\"><span style=\"font-family: Comic Sans MS\">Plus de 100 choristes, 80 instrumentistes<br \/>\n<\/span><\/span><\/h1>\n<h1 style=\"text-align: left\" align=\"center\"><span style=\"color: #000000\"><span style=\"font-size: large\"><span style=\"font-family: Comic Sans MS\">Un ensemble musical \u00e9tudiant, mais pas seulement<\/span><\/span><\/span><\/h1>\n<p><span style=\"color: #000000\">Beaucoup des membres de la chorale et de l&rsquo;orchestre sont \u00e9tudiants \u00e0 l&rsquo;<b>Universit\u00e9 d&rsquo;Angers<\/b>, aux Facult\u00e9s libres de l&rsquo;ouest (UCO) ou dans d&rsquo;autres \u00e9tablissements publics ou priv\u00e9s d&rsquo;enseignement sup\u00e9rieur. Le reste est compos\u00e9 de personnels de l&rsquo;<b>Universit\u00e9 d&rsquo;Angers<\/b>, de l&rsquo;\u00c9ducation Nationale, ou de personnes ext\u00e9rieures. Chaque ann\u00e9e, une dizaine d&rsquo;\u00e9tudiants \u00e9trangers de passage \u00e0 l&rsquo;<b>Universit\u00e9 d&rsquo;Angers<\/b> pour un an rejoignent la chorale ou l&rsquo;orchestre. Pour eux, <em><b>Vox Campus<\/b><\/em> constitue une occasion d&rsquo;int\u00e9grer le milieu estudiantin angevin et de d\u00e9couvrir la langue fran\u00e7aise \u00e0 travers la musique. Certains d&rsquo;entre eux sont m\u00eames \u00e0 l&rsquo;origine de tourn\u00e9es dans leurs pays d&rsquo;origine&#8230;<\/span><\/p>\n<h1><span style=\"color: #000000\"><span style=\"font-size: large\"><span style=\"font-family: Comic Sans MS\">Des amateurs et des professionnels&nbsp;<\/span><\/span><\/span><\/h1>\n<p><span style=\"color: #000000\"> Du n\u00e9ophyte au premier prix de Conservatoire, choristes et instrumentistes se retrouvent pour partager une passion commune : la Musique. De la m\u00e9decine au droit, en passant par les langues, les maths, l&rsquo;environnement&#8230; de toutes les r\u00e9gions de France et des cinq continents, de 17 \u00e0 77 ans, la diversit\u00e9 fait la richesse de l&rsquo;ensemble.<\/span><\/p>\n<p>Une professeure de chant (Fabienne Borget, puis Brigitte Tolstuchow ; aujourd&rsquo;hui B\u00e9atrice de Changy) auditionne chaque nouveau choriste afin de le placer dans le pupitre (soprano, alto, t\u00e9nor ou basse) qui correspond le mieux \u00e0 sa tessiture vocale. Chaque semaine, elle soutient le ch\u0153ur par l&rsquo;enseignement de la technique vocale.<br \/>\nDes cours de solf\u00e8ge ont \u00e9t\u00e9 dispens\u00e9s certaines ann\u00e9es. L&rsquo;utilisation par les choristes de fichiers musicaux informatiques permet enfin un travail des \u0153uvres au programme en dehors des heures de r\u00e9p\u00e9tition.<\/p>\n<p>Pour Olivier Villeret : \u00ab des activit\u00e9s culturelles au sein de l&rsquo;Universit\u00e9 constituent un excellent moyen de d\u00e9velopper les potentialit\u00e9s des \u00e9tudiants, de leur permettre de vivre une aventure collective dans un univers individualiste et surtout d&rsquo;animer un campus trop souvent per\u00e7u comme un lieu sans \u00e2me, exclusivement r\u00e9serv\u00e9 \u00e0 l&rsquo;\u00e9tude \u00bb.<\/p>\n<p><a href=\"https:\/\/blog.univ-angers.fr\/voxcampus\/files\/2015\/09\/Fest2.jpg\"><img loading=\"lazy\" decoding=\"async\" src=\"https:\/\/blog.univ-angers.fr\/voxcampus\/files\/2015\/09\/Fest2-300x167.jpg\" alt=\"Fest2\" class=\"alignnone size-medium wp-image-93\" width=\"300\" height=\"167\" srcset=\"https:\/\/blog.univ-angers.fr\/voxcampus\/files\/2015\/09\/Fest2-300x167.jpg 300w, https:\/\/blog.univ-angers.fr\/voxcampus\/files\/2015\/09\/Fest2.jpg 401w\" sizes=\"auto, (max-width: 300px) 100vw, 300px\" \/><\/a><\/p>\n","protected":false},"excerpt":{"rendered":"<p>Plus de 100 choristes, 80 instrumentistes Un ensemble musical \u00e9tudiant, mais pas seulement Beaucoup des membres de la chorale et de l&rsquo;orchestre sont \u00e9tudiants \u00e0 l&rsquo;Universit\u00e9 d&rsquo;Angers, aux Facult\u00e9s libres de l&rsquo;ouest (UCO) ou dans d&rsquo;autres \u00e9tablissements publics ou priv\u00e9s &hellip; <a href=\"https:\/\/blog.univ-angers.fr\/voxcampus\/presentation\/\">Continuer la lecture <span class=\"meta-nav\">&rarr;<\/span><\/a><\/p>\n","protected":false},"author":15657,"featured_media":0,"parent":0,"menu_order":1,"comment_status":"closed","ping_status":"closed","template":"","meta":{"footnotes":""},"class_list":["post-4","page","type-page","status-publish","hentry"],"_links":{"self":[{"href":"https:\/\/blog.univ-angers.fr\/voxcampus\/wp-json\/wp\/v2\/pages\/4","targetHints":{"allow":["GET"]}}],"collection":[{"href":"https:\/\/blog.univ-angers.fr\/voxcampus\/wp-json\/wp\/v2\/pages"}],"about":[{"href":"https:\/\/blog.univ-angers.fr\/voxcampus\/wp-json\/wp\/v2\/types\/page"}],"author":[{"embeddable":true,"href":"https:\/\/blog.univ-angers.fr\/voxcampus\/wp-json\/wp\/v2\/users\/15657"}],"replies":[{"embeddable":true,"href":"https:\/\/blog.univ-angers.fr\/voxcampus\/wp-json\/wp\/v2\/comments?post=4"}],"version-history":[{"count":1,"href":"https:\/\/blog.univ-angers.fr\/voxcampus\/wp-json\/wp\/v2\/pages\/4\/revisions"}],"predecessor-version":[{"id":662,"href":"https:\/\/blog.univ-angers.fr\/voxcampus\/wp-json\/wp\/v2\/pages\/4\/revisions\/662"}],"wp:attachment":[{"href":"https:\/\/blog.univ-angers.fr\/voxcampus\/wp-json\/wp\/v2\/media?parent=4"}],"curies":[{"name":"wp","href":"https:\/\/api.w.org\/{rel}","templated":true}]}}