{"id":27,"date":"2015-09-09T10:51:16","date_gmt":"2015-09-09T09:51:16","guid":{"rendered":"https:\/\/blog.univ-angers.fr\/voxcampus\/?page_id=27"},"modified":"2025-04-12T15:51:12","modified_gmt":"2025-04-12T14:51:12","slug":"tournees-et-accueil","status":"publish","type":"page","link":"https:\/\/blog.univ-angers.fr\/voxcampus\/tournees-et-accueil\/","title":{"rendered":"Tourn\u00e9es &amp; accueils"},"content":{"rendered":"<p><strong>TOURN\u00c9ES \u00c0 TRAVERS LE MONDE<\/strong><\/p>\n<p>Chaque ann\u00e9e, aux vacances universitaires de printemps, d&rsquo;hiver ou \u00e0 la Pentec\u00f4te, Vox Campus organise une tourn\u00e9e en France ou \u00e0 l&rsquo;\u00e9tranger, o\u00f9 le ch\u0153ur et l&rsquo;orchestre pr\u00e9sentent leur programme musical de l&rsquo;ann\u00e9e. C&rsquo;est l&rsquo;occasion pour de nombreux \u00e9tudiants de participer \u00e0 un voyage \u00e0 des prix tr\u00e8s r\u00e9duits et de conna\u00eetre mieux encore leurs compagnons de Vox Campus.<\/p>\n<p>Depuis sa cr\u00e9ation, Vox Campus a pu se produire :<\/p>\n<p>&#8211; En Ukraine, du 12 au 20 Avril 1992. Deux concerts : le premier dans le village \u00ab historique \u00bb de Zvenigorod, le second \u00e0 l&rsquo;Universit\u00e9 de LVIV. Au cours de cette premi\u00e8re tourn\u00e9e \u00ab\u00a0historique\u00a0\u00bb, Vox Campus a \u00e9galement pu traverser et visiter la Boh\u00e8me-Moravie (Prague), le sud de la Pologne (Cracovie) et, au retour, la Hongrie (Budapest) et l&rsquo;Autriche (Salzburg).<br \/>&#8211; En Allemagne, du 27 F\u00e9v. au 6 Mars 1993. Concert en l&rsquo;\u00e9glise S. Matthieu de PASSAU.<br \/>&#8211; En Italie, du 24 au 30 Avril 1994. Concerts en les \u00e9glises S. Frediano de LUCQUES et S. Michele in Borgo de PISE. Concert \u00ab\u00a0improvis\u00e9\u00a0\u00bb \u00e0 Sienne.<br \/>&#8211; En Pologne, du 15 au 22 Avril 1995. Concerts \u00e0 Grudziadz et \u00e0 Torun.<br \/>&#8211; Au Canada, du 19 au 26 Avril 1996. Concerts \u00e0 Montr\u00e9al (2, dont l&rsquo;un dans la Christ Church Cathedral), \u00e0 Masson-Angers et \u00e0 Qu\u00e9bec (au Mus\u00e9e de la Civilisation).<br \/>&#8211; Au B\u00e9n\u00e9lux, en Avril 1997. Concerts \u00e0 La Rochette, Haarlem et \u00e0 l&rsquo;Abbaye de Floreffe.<br \/>&#8211; En Espagne, du 4 au 11 Avril 1998. Concert \u00e0 Madrid (Eglise de la Atocha) \u00e0 l&rsquo;invitation du Choeur de l&rsquo;Universit\u00e9 Autonome de Madrid et de son chef titulaire, Enrique Munoz. Concerts \u00ab\u00a0improvis\u00e9s\u00a0\u00bb \u00e0 Barcelone.<br \/>&#8211; Au Portugal et en Espagne, du 10 au 18 Avril 1999. Concerts \u00e0 Plasencia (Extr\u00e9madure) avec la Chorale universitaire de Caceres, \u00e0 Tres Cantos (pr\u00e8s de Madrid), et \u00e0 Colmenar de Viejo avec les Choeur et Orchestre de l&rsquo;Universit\u00e9 Autonome de Madrid (ce dernier concert sous la baguette d&rsquo;Enrique Munoz). Concerts \u00ab\u00a0improvis\u00e9s\u00a0\u00bb \u00e0 Co\u00efmbra (Portugal) et \u00e0 Caceres (Extr\u00e9madure).<br \/>&#8211; En Hongrie et en Autriche, du 15 au 23 Avril 2000. Concerts \u00e0 Budapest, Veszprem et Kecskemet. Concert \u00ab\u00a0improvis\u00e9\u00a0\u00bb dans les rues de Salzburg.<br \/>&#8211; En Tch\u00e9quie, du 31 mars au 8 Avril 2001. Concerts \u00e0 Prague, Hradec Kralove et Liberec.<br \/>&#8211; En Espagne, du 6 au 14 Avril 2002. Concerts \u00e0 l&rsquo;Auditorio de Saragosse (Aragon) et \u00e0 l&rsquo;\u00e9glise de Colmenar de Viejo (Castille) avec les Choeur et Orchestre de l&rsquo;Universit\u00e9 Autonome de Madrid (au programme : premi\u00e8re symphonie de Beethoven et Requiem de Durufl\u00e9, sous la baguette d&rsquo;Olivier Villeret et d&rsquo;Enrique Munoz). Visites de Grenade et S\u00e9ville (Andalousie).<br \/>&#8211; En Alsace et en Hongrie, du 16 au 23 Avril 2005. Concerts \u00e0 Souffelweyersheim, Veszprem et Papa (ci-contre, \u00e0 Budapest).<br \/>&#8211; \u00c0 la 20\u00b0 FIMU de Belfort, les 3 et 4 juin 2006. Deux concerts \u00e0 la Cath\u00e9drale Saint Christophe.<br \/>&#8211; \u00c0 Osnabr\u00fcck et \u00e0 Copenhague, du 14 au 21 f\u00e9vrier 2009. Deux concerts \u00e0 Osnabr\u00fcck (\u00e9glise St Martin de Hagen am Teutoburger Wald, le 15 au soir ; \u00e9glise Ste Catherine, le 16 au soir) et deux concerts \u00e0 Copenhague (le 18 \u00e0 midi au Restaurant universitaire et le 19, en fin d&rsquo;apr\u00e8s midi, \u00e0 la station de m\u00e9tro Frederiksberg).<br \/>&#8211; En Bavi\u00e8re (Parsberg, Bayreuth) et en Tch\u00e9quie (Prague, Hradec Kralove) du 20 au 27 f\u00e9vrier 2010.<br \/>&#8211; Au Pays basque et dans l&rsquo;\u00c9tat espagnol du 26 f\u00e9vrier au 6 mars 2011 (Concerts \u00e0 Biarritz, Tres Cantos, Tol\u00e8de, Madrid et Bilbao)<br \/>&#8211; En Angleterre du samedi 18 au dimanche 26 f\u00e9vrier 2012 (Londres \u2013 Oxford \u2013 Liverpool \u2013 Wigan).<br \/>&#8211; En Allemagne du samedi 20 au dimanche 28 avril 2013 (Osnabr\u00fcck \u2013 D\u00fcsseldorf \u2013 Berlin). Concerts \u00e0 Dusseldorf avec la chorale de l&rsquo;Universit\u00e9 et \u00e0 l&rsquo;Universit\u00e9 d&rsquo;Osnabr\u00fcck. Concert \u00e0 l&rsquo;\u00e9cole primaire fran\u00e7aise de Berlin.<br \/>&#8211; En Autriche (Salzburg et Vienne) et en Hongrie (Budapest) du 1er au 8 mars 2014.<br \/>&#8211; En Espagne en avril 2015 avec un concert le 11 \u00e0 Burgos (Patio de la Casa del cordon), un autre le 12 \u00e0 Villadiego, \u00c9glise Santa Maria, avec la chorale \u00ab Los Canamares \u00bb (direction Javier Calzada) et un troisi\u00e8me le 16 au Centre culturel \u00ab Latin Arte \u00bb \u00e0 Madrid en commun avec le Ch\u0153ur et Orchestre de l\u2019Universit\u00e9 Autonome de Madrid (direction Enrique Munoz) .<br \/>&#8211;\u00a0 En Toscane du 9 au 16 avril 2016, tourn\u00e9e\u00a0 avec notamment deux concerts \u00e0 Pise : le 13, Chiesa del Carmine, (musique sacr\u00e9e, in collaborazione con il Coro dell\u2019Universit\u00e0 di Pisa) et le 15\u00a0 dans la Logge di Banchi, en pr\u00e9sence du maire de Pise.<br \/>&#8211;\u00a0 En Espagne du 3 au 9 mars 2018, tourn\u00e9e \u00e0 Burgos et Madrid.<br \/>&#8211;\u00a0 Aux Pays-bas du 13 au 18 avril 2025, avec trois concerts \u00e0 Haarlem et Oosterhout le 15 avril et \u00e0 Amsterdam le 16 avril.<\/p>\n<p><strong>ACCUEILS \u00c0 ANGERS DE CHORALES ET D&rsquo;ORCHESTRES EUROP\u00c9ENS<\/strong><\/p>\n<p>&#8211; Orchestre Universitaire de Passau (Allemagne) &#8211; 1993<br \/>&#8211; Chorale Universitaire de Saint Jacques de Compostelle (Espagne) &#8211; mars 1993<br \/>&#8211; Chorale Universitaire de Torun (<em>Chor Kameralny<\/em> &#8211; Pologne) &#8211; septembre 1994 et du 22 au 24 mai 2016<br \/>&#8211; Chorale Universitaire de Caceres (Espagne) &#8211; mars 1997<br \/>&#8211; Chorale de l&rsquo;Universit\u00e9 Autonome de Madrid et Orchestre \u00ab La Vihuela \u00bb (Espagne) le 1\/5\/98<br \/>&#8211; Ch\u0153ur et Orchestre de l&rsquo;Universit\u00e9 Autonome de Madrid du 26 au 28 mars 1999, les 5 et 6 mai 2000, du 28 avril au 1 mai 2001, du 1er au 4 mai 2002, du 3 au 6 juillet 2015.<br \/>&#8211; Ch\u0153ur Jested de Liberec (Tch\u00e9quie) du 28 au 30 septembre 2001<br \/>&#8211; Ch\u0153ur et Orchestre Universitaire de Hradec Kralove (Tch\u00e9quie) du 13 au 17 octobre 2001<br \/>&#8211; Ch\u0153ur Universitaire de Veszprem (Hongrie) du 26 au 30 avril 2002 ; du 14 au 17 mars 2011<br \/>&#8211; Orchestre symphonique de l&rsquo;\u00c9cole sup\u00e9rieure de musique de Molodecno (Bi\u00e9lorussie) du 25 au 29 mai 2007<br \/>&#8211; Ch\u0153ur de Hradec Kralove (Tch\u00e9quie) du 28 au 29 mars 2010<br \/>&#8211; Ch\u0153ur universitaire de D\u00fcsseldorf (<em>Unichor der Heinrich-Heine-Universit\u00e4t<\/em>) du 18 au 19 septembre 2011<br \/>&#8211; Orchestre universitaire d&rsquo;Osnabr\u00fcck du 29 mai au 1er juin 2014 (\u00e0 l&rsquo;occasion du 50e anniversaire du jumelage d&rsquo;Angers, Osnabr\u00fcck et Harlem)<br \/>&#8211; <em>Wigan Communauty Choir<\/em> (Angleterre) du 24 au 27 octobre 2015.<br \/>&#8211; Ch\u0153ur d&rsquo;enfants Les Rossignols d\u2019Oosterhout (<em>Het Oosterhouts Nachtegaalkoor<\/em> ; Pays-Bas) du 22 au 28 octobre 2022.<br \/>&#8211; <em>Albura<\/em>, ensemble de fl\u00fbtes et percussions baroques hispaniques dirig\u00e9 par Angela Morales, du 24 au 30 mars 2024, avec concert le 29 mars en l&rsquo;\u00e9glise de Savenni\u00e8res.<\/p>\n<p>&nbsp;<\/p>\n\n\n<p><\/p>\n","protected":false},"excerpt":{"rendered":"<p>TOURN\u00c9ES \u00c0 TRAVERS LE MONDE Chaque ann\u00e9e, aux vacances universitaires de printemps, d&rsquo;hiver ou \u00e0 la Pentec\u00f4te, Vox Campus organise une tourn\u00e9e en France ou \u00e0 l&rsquo;\u00e9tranger, o\u00f9 le ch\u0153ur et l&rsquo;orchestre pr\u00e9sentent leur programme musical de l&rsquo;ann\u00e9e. C&rsquo;est l&rsquo;occasion &hellip; <a href=\"https:\/\/blog.univ-angers.fr\/voxcampus\/tournees-et-accueil\/\">Continuer la lecture <span class=\"meta-nav\">&rarr;<\/span><\/a><\/p>\n","protected":false},"author":15657,"featured_media":0,"parent":0,"menu_order":3,"comment_status":"closed","ping_status":"closed","template":"","meta":{"footnotes":""},"class_list":["post-27","page","type-page","status-publish","hentry"],"_links":{"self":[{"href":"https:\/\/blog.univ-angers.fr\/voxcampus\/wp-json\/wp\/v2\/pages\/27","targetHints":{"allow":["GET"]}}],"collection":[{"href":"https:\/\/blog.univ-angers.fr\/voxcampus\/wp-json\/wp\/v2\/pages"}],"about":[{"href":"https:\/\/blog.univ-angers.fr\/voxcampus\/wp-json\/wp\/v2\/types\/page"}],"author":[{"embeddable":true,"href":"https:\/\/blog.univ-angers.fr\/voxcampus\/wp-json\/wp\/v2\/users\/15657"}],"replies":[{"embeddable":true,"href":"https:\/\/blog.univ-angers.fr\/voxcampus\/wp-json\/wp\/v2\/comments?post=27"}],"version-history":[{"count":17,"href":"https:\/\/blog.univ-angers.fr\/voxcampus\/wp-json\/wp\/v2\/pages\/27\/revisions"}],"predecessor-version":[{"id":1004,"href":"https:\/\/blog.univ-angers.fr\/voxcampus\/wp-json\/wp\/v2\/pages\/27\/revisions\/1004"}],"wp:attachment":[{"href":"https:\/\/blog.univ-angers.fr\/voxcampus\/wp-json\/wp\/v2\/media?parent=27"}],"curies":[{"name":"wp","href":"https:\/\/api.w.org\/{rel}","templated":true}]}}