{"id":23,"date":"2015-10-29T15:19:24","date_gmt":"2015-10-29T14:19:24","guid":{"rendered":"https:\/\/blog.univ-angers.fr\/voxcampus\/?page_id=23"},"modified":"2025-11-21T19:19:02","modified_gmt":"2025-11-21T18:19:02","slug":"partitions","status":"publish","type":"page","link":"https:\/\/blog.univ-angers.fr\/voxcampus\/partitions\/","title":{"rendered":"Partitions"},"content":{"rendered":"<p><strong>PARTITIONS DU DOMAINE PUBLIC EN LIGNE<\/strong><\/p>\n<p><em>Partitions de la chorale <\/em><em>travaill\u00e9es r\u00e9cemment<\/em><em> :<\/em><\/p>\n<p><strong>\u2013 <\/strong><strong>Everybody sing Freedom : <a href=\"https:\/\/blog.univ-angers.fr\/voxcampus\/files\/2024\/09\/Everybody-sing-Freedom.pdf\">PDF<\/a><br \/>\u2013 Lully, Lulla, Lullay : <a href=\"https:\/\/blog.univ-angers.fr\/voxcampus\/files\/2024\/09\/Lully-Lulla-Lullay.pdf\">PDF<\/a><br \/>\u2013 Mary had a baby : <a href=\"https:\/\/blog.univ-angers.fr\/voxcampus\/files\/2024\/09\/Mary-Had-a-Baby.pdf\">PDF<\/a><br \/>\u2013 Hegoak (chant basque) : <a href=\"https:\/\/blog.univ-angers.fr\/voxcampus\/files\/2015\/10\/HEGOAK.pdf\">PDF<\/a>, <a href=\"https:\/\/blog.univ-angers.fr\/voxcampus\/files\/2015\/10\/HEGOAK.mus\">MUS<\/a>, <a href=\"https:\/\/blog.univ-angers.fr\/voxcampus\/files\/2015\/10\/Hegoat-MIDI.zip\">MIDI<\/a>, <a href=\"https:\/\/blog.univ-angers.fr\/voxcampus\/files\/2015\/10\/Hegoat-MP3.zip\">MP3<\/a> ;<br \/>\u2013 Maitia nun zira<\/strong> (chant basque) : <strong><a href=\"https:\/\/blog.univ-angers.fr\/voxcampus\/files\/2015\/10\/Maitia-nun-zira-chant-basque.pdf\">PDF<\/a>, <a href=\"https:\/\/blog.univ-angers.fr\/voxcampus\/files\/2015\/10\/Maitia-nun-zira.mus\">MUS<\/a>, <a href=\"https:\/\/blog.univ-angers.fr\/voxcampus\/files\/2015\/10\/Maita-non-zira-MIDI.zip\">MIDI<\/a>, <a href=\"https:\/\/blog.univ-angers.fr\/voxcampus\/files\/2015\/10\/Maitia-non-zira-MP3.zip\">MP3<\/a> ;<br \/>\u2013 Aita Gurea<\/strong> (liturgie basque)<strong> : <a href=\"https:\/\/blog.univ-angers.fr\/voxcampus\/files\/2024\/03\/Aita-Gurea.pdf\">PDF<\/a> ; <a href=\"https:\/\/blog.univ-angers.fr\/voxcampus\/files\/2015\/10\/Aita-Gurea.mus\">MUS<\/a> ; <a href=\"https:\/\/blog.univ-angers.fr\/voxcampus\/files\/2015\/10\/aita-gurea.zip\">MIDI<\/a> ;<br \/>\u2013 Gaudete, <\/strong>de Theodoricus Petri Rwtha [c. 1560-1617] :<strong> <a href=\"https:\/\/blog.univ-angers.fr\/voxcampus\/files\/2022\/12\/Gaudete-Christus-est-natus.pdf\">PDF<\/a> ; <a href=\"https:\/\/blog.univ-angers.fr\/voxcampus\/files\/2022\/12\/Gaudete-Christus-est-natus.mus\">MUS<\/a> ;<br \/>\u2013 Ave Verum Corpus, <\/strong>de Mozart (motet)<strong> : <a href=\"https:\/\/blog.univ-angers.fr\/voxcampus\/files\/2024\/03\/Mozart-Ave-verum-corpus.pdf\">PDF<\/a> ; <\/strong><strong><a href=\"https:\/\/blog.univ-angers.fr\/voxcampus\/files\/2024\/03\/Mozart-Kv618-S.mid\">MIDI-S<\/a> ; <a href=\"https:\/\/blog.univ-angers.fr\/voxcampus\/files\/2024\/03\/Mozart-Kv618-A.mid\">MIDI-A<\/a> ; <a href=\"https:\/\/blog.univ-angers.fr\/voxcampus\/files\/2024\/03\/Mozart-Kv618-T.mid\">MIDI-T<\/a> ; <a href=\"https:\/\/blog.univ-angers.fr\/voxcampus\/files\/2024\/03\/Mozart-Kv618-B.mid\">MIDI-B<\/a> ;<br \/>\u2013 La Cigale et la fourmi, <\/strong>de La Fontaine, sur un canon de Mozart [1756-1791] <strong>: <a href=\"https:\/\/blog.univ-angers.fr\/voxcampus\/files\/2022\/09\/La-Cigale-et-la-fourmi.pdf\">PDF<\/a> ; <a href=\"https:\/\/blog.univ-angers.fr\/voxcampus\/files\/2022\/09\/La-Cigale-et-la-fourmi.mus\">MUS<\/a> ;<br \/>\u2013 Nynie Otpochtaiechy, <\/strong>de Lirine (liturgie orthodoxe russe) <strong><a href=\"https:\/\/blog.univ-angers.fr\/voxcampus\/files\/2015\/10\/Nynie-2022-version-2.pdf\">PDF<\/a> ; <a href=\"https:\/\/blog.univ-angers.fr\/voxcampus\/files\/2015\/10\/Nynie-otpouchtchaiechy.mus\">MUS<\/a> ;<br \/>\u2013 Riev\u00e9 ta stogni\u00e9 Dnipr chirokyi <\/strong>(chant ukrainien) <strong><a href=\"https:\/\/blog.univ-angers.fr\/voxcampus\/files\/2015\/10\/RIEVIE-TA-STOGNIE-Folk-Ukraine-2022.pdf\">PDF<\/a>, <a href=\"https:\/\/blog.univ-angers.fr\/voxcampus\/files\/2015\/10\/RIEVIE-TA-STOGNIE-Folk-Ukraine-2022-version-2.mus\">MUS<\/a> ;<br \/>\u2013 God be with you <\/strong>(negro-spiritual) ; <strong><a href=\"https:\/\/blog.univ-angers.fr\/voxcampus\/files\/2015\/10\/God-be-with-you-2022.pdf\">PDF<\/a>, <a href=\"https:\/\/blog.univ-angers.fr\/voxcampus\/files\/2015\/10\/God-be-with-you.mus\">MUS<\/a>, <a href=\"https:\/\/blog.univ-angers.fr\/voxcampus\/files\/2015\/10\/God-be-with-you-MIDI.zip\">MIDI<\/a>, <a href=\"https:\/\/blog.univ-angers.fr\/voxcampus\/files\/2015\/10\/GodBeWithYou-MP3.zip\">MP3<\/a> ;<br \/>\u2013 Salade italienne <\/strong>(1861), farce musicale de Franz Friedrich Richard Gen\u00e9e [1823-1895] ;<strong><a href=\"https:\/\/blog.univ-angers.fr\/voxcampus\/files\/2022\/10\/Salade-italienne.pdf\">PDF<\/a> ; <a href=\"https:\/\/blog.univ-angers.fr\/voxcampus\/files\/2022\/10\/Salade-italienne.mus\">MUS<\/a> ;<br \/>&#8211; Signore delle cime <\/strong>(chant italien)<strong><a href=\"https:\/\/blog.univ-angers.fr\/voxcampus\/files\/2015\/10\/Signore-delle-cime.pdf\">PDF<\/a>, <a href=\"https:\/\/blog.univ-angers.fr\/voxcampus\/files\/2015\/10\/Signore-delle-cime1.mus\">MUS<\/a>, <a href=\"https:\/\/blog.univ-angers.fr\/voxcampus\/files\/2015\/10\/Signore-delle-cime1.zip\">MID<\/a>, <a href=\"https:\/\/blog.univ-angers.fr\/voxcampus\/files\/2015\/10\/Signore-delle-cime.zip\">MP3<\/a>.<br \/>&#8211; Bro Gozh ma Zado\u00f9 <\/strong>(chant breton)<strong><a href=\"https:\/\/blog.univ-angers.fr\/voxcampus\/files\/2015\/10\/Bro-goz-ma-zadou.pdf\">PDF<\/a> ;<br \/>&#8211; Hanaq pachap kusikuynin <\/strong>(chant en quechua du XVI<sup>e<\/sup> si\u00e8cle)<strong><a href=\"https:\/\/blog.univ-angers.fr\/voxcampus\/files\/2015\/10\/Hanaq-pachap-kusikuynin.pdf\">PDF<\/a>, <a href=\"https:\/\/blog.univ-angers.fr\/voxcampus\/files\/2015\/10\/Hanaq-pachap-kusikuynin.mus\">MUS<\/a>.<\/strong><\/p>\n<p><em>\u0152uvre pour ch\u0153ur et orchestre pr\u00e9par\u00e9e en 2024-2025 : <strong><br \/>\u2013<\/strong> <\/em><strong>Kr\u00f6nungsmesse<\/strong><em> (messe du couronnement) de <\/em><strong>Mozart <\/strong>[1756-1791]<strong> : <a href=\"https:\/\/blog.univ-angers.fr\/voxcampus\/files\/2024\/09\/MOZART-Kronungs-Messe.pdf\">PDF<\/a> ; MIDI (<a href=\"https:\/\/blog.univ-angers.fr\/voxcampus\/files\/2024\/09\/KM-Tutti.zip\">Tutti<\/a>, <a href=\"https:\/\/blog.univ-angers.fr\/voxcampus\/files\/2024\/09\/KM-Sopran.zip\">Soprani<\/a>, <a href=\"https:\/\/blog.univ-angers.fr\/voxcampus\/files\/2024\/09\/KM-Alti.zip\">Alti<\/a>, <a href=\"https:\/\/blog.univ-angers.fr\/voxcampus\/files\/2024\/09\/KM-Tenor.zip\">Tenori<\/a>, <a href=\"https:\/\/blog.univ-angers.fr\/voxcampus\/files\/2024\/09\/KM-Bass.zip\">Bassi<\/a>) ;<\/strong><\/p>\n<p><em>Partitions de la chorale travaill\u00e9es il y a quelques ann\u00e9es :<\/em><\/p>\n<p>&#8211; <strong>M\u00e9lodie c\u00e9venole<\/strong> (chant occitan) <a href=\"https:\/\/blog.univ-angers.fr\/voxcampus\/files\/2015\/10\/M%C3%A9lodie_Cevenole.pdf\">PDF<\/a>, <a href=\"https:\/\/blog.univ-angers.fr\/voxcampus\/files\/2015\/10\/Melodie-cevenole.mus\">MUS<\/a>, <a href=\"https:\/\/blog.univ-angers.fr\/voxcampus\/files\/2015\/10\/Melodie-cevenole-MIDI.zip\">MIDI<\/a><br \/>&#8211; <strong>L&rsquo;Escaouette<\/strong> (traditionnel acadien) ; <a href=\"https:\/\/blog.univ-angers.fr\/voxcampus\/files\/2015\/10\/Escaouette.pdf\">PDF<\/a>, <a href=\"https:\/\/blog.univ-angers.fr\/voxcampus\/files\/2015\/10\/Escaouette.mus\">MUS<\/a>, <a href=\"https:\/\/blog.univ-angers.fr\/voxcampus\/files\/2015\/10\/lEscaouette.zip\">MIDI<\/a>.<br \/>&#8211; <strong>Complainte du n\u00e9y\u00e9<\/strong> (traditionnel acadien) ; <a href=\"https:\/\/blog.univ-angers.fr\/voxcampus\/files\/2015\/10\/Complainte-du-Ney%C3%A9.pdf\">PDF<\/a>, <a href=\"https:\/\/blog.univ-angers.fr\/voxcampus\/files\/2015\/10\/Complainte-du-ney%C3%A9.mus\">MUS<\/a>, <a href=\"https:\/\/blog.univ-angers.fr\/voxcampus\/files\/2015\/10\/complainte-du-ney%C3%A9.zip\">MIDI<\/a>.<br \/>&#8211; <strong>Dio vi Salvi Regina<\/strong> (chant corse) <a href=\"https:\/\/blog.univ-angers.fr\/voxcampus\/files\/2015\/10\/DIO-VI-SALVI.pdf\">PDF<\/a>, <a href=\"https:\/\/blog.univ-angers.fr\/voxcampus\/files\/2015\/10\/DIO-VI-SALVI-REGINA.mus\">MUS<\/a><br \/>&#8211; <strong>Ay Linda Amiga<\/strong>, chant espagnol du XVIe si\u00e8cle ; <a href=\"https:\/\/blog.univ-angers.fr\/voxcampus\/files\/2015\/10\/Ay-Linda-amiga.pdf\">PDF<\/a> ; <a href=\"https:\/\/blog.univ-angers.fr\/voxcampus\/files\/2015\/10\/Ay-Linda-amiga.mus\">Ay Linda amiga<\/a><br \/>&#8211; <strong>Hoy comamos y bebamos<\/strong> de Juan del Enzina [1468-1529] ; <a href=\"https:\/\/blog.univ-angers.fr\/voxcampus\/files\/2015\/10\/Oy-comamos-y-bebamos.mus.pdf\">PDF<\/a> ; <a href=\"https:\/\/blog.univ-angers.fr\/voxcampus\/files\/2015\/10\/Oy-comamos-y-bebamos.mus\">MUS<\/a> ; <a href=\"https:\/\/blog.univ-angers.fr\/voxcampus\/files\/2015\/10\/Hoy-comamos-y-bebamos-MIDI.zip\">MIDI<\/a> + lien vers <a href=\"http:\/\/atrilesmudos.blogspot.fr\/2014\/11\/juan-del-enzina-1468-1529-oy-comamos-y.html\">deux interpr\u00e9tations<\/a><br \/>&#8211; <strong>O Eril\u00e9<\/strong> (chant sud-africain) <a href=\"https:\/\/blog.univ-angers.fr\/voxcampus\/files\/2015\/10\/ERILE.pdf\">PDF<\/a>, <a href=\"https:\/\/blog.univ-angers.fr\/voxcampus\/files\/2015\/10\/ERILE.mus\">MUS<\/a><br \/>&#8211; <strong>Nkosissikele<\/strong>, chant sud-africain (hymne) ; <a href=\"https:\/\/blog.univ-angers.fr\/voxcampus\/files\/2015\/10\/Nkosi-sikelela-iAfrica.pdf\">PDF<\/a> ; <a href=\"https:\/\/blog.univ-angers.fr\/voxcampus\/files\/2015\/10\/Nkosi-sikelela-iAfrica.mus\">MUS<\/a> ; <a href=\"https:\/\/blog.univ-angers.fr\/voxcampus\/files\/2015\/10\/Nkosi-sikelela-Africa.zip\">MIDI<\/a><br \/><strong>\u2013 That\u2019s what the Devil said<\/strong>, spiritual ; <strong><a href=\"https:\/\/blog.univ-angers.fr\/voxcampus\/files\/2015\/10\/Thats-what-the-Devil-said.mus.pdf\">PDF<\/a> ; <a href=\"https:\/\/blog.univ-angers.fr\/voxcampus\/files\/2015\/10\/Thats-what-the-Devil-said1.mus\">MUS<\/a> ; <a href=\"https:\/\/blog.univ-angers.fr\/voxcampus\/files\/2015\/10\/That-what-the-Devil-said.zip\">MIDI<\/a> ;<\/strong><br \/><strong>\u2013 Mon c\u0153ur se recommande \u00e0 vous<\/strong><b>,<\/b> de Roland de Lassus [1532-1594] ; <strong><a href=\"https:\/\/blog.univ-angers.fr\/voxcampus\/files\/2022\/09\/Mon-coeur-se-recommande-a-vous.pdf\">PDF<\/a> ; <a href=\"https:\/\/blog.univ-angers.fr\/voxcampus\/files\/2022\/09\/Mon-coeur-se-recommande-a-vous.mus\">MUS<\/a> ;<\/strong><br \/><strong>\u2013 Pour un plaisir<\/strong>, de Claudin de Sermisy [c. 1490\u20131562] ; <strong><a href=\"https:\/\/blog.univ-angers.fr\/voxcampus\/files\/2022\/09\/Pour-un-plaisir-Sermisy.pdf\">PDF<\/a> ; <a href=\"https:\/\/blog.univ-angers.fr\/voxcampus\/files\/2022\/09\/Pour-un-plaisir-Sermisy-1.mus\">MUS<\/a> ;<br \/><\/strong>&#8211; <strong>Gaudeamus igitur<\/strong>, anonyme (texte et musique des 13e et 18e si\u00e8cles) ; <a href=\"https:\/\/blog.univ-angers.fr\/voxcampus\/files\/2015\/10\/Gaudeamus-igitur.pdf\">PDF<\/a> ; <a href=\"https:\/\/blog.univ-angers.fr\/voxcampus\/files\/2015\/10\/Gaudeamus-igitur.mus\">MUS<\/a><br \/>&#8211; <strong>Fair Phyllis<\/strong>, madrigal de John Farmer [1570-1606] ; <a href=\"https:\/\/blog.univ-angers.fr\/voxcampus\/files\/2015\/10\/Fair-Phyllis.pdf\">PDF<\/a> ; <a href=\"https:\/\/blog.univ-angers.fr\/voxcampus\/files\/2015\/10\/Fair_Phyllis_MID.zip\">MID<\/a> et <a href=\"https:\/\/blog.univ-angers.fr\/voxcampus\/files\/2015\/10\/Fair-Phyllis.mus\">MUS<\/a> ; <a href=\"http:\/\/www.acc.umu.se\/~akadkor\/early\/IVM2_Farmer_John.html\">MP3<\/a><br \/>&#8211; <strong>Gr\u00e2ce te rends, Seigneur Dieu<\/strong>, de Cl\u00e9ment Jannequin [1485-1558] ; <a href=\"https:\/\/blog.univ-angers.fr\/voxcampus\/files\/2015\/10\/Gr%C3%A2ce-te-rends-Seigneur-Dieu-de-tes-biens.pdf\">PDF<\/a> ; <a href=\"https:\/\/blog.univ-angers.fr\/voxcampus\/files\/2015\/10\/Gr%C3%A2ce-te-rends-Seigneur-Dieu-de-tes-biens.mus\">MUS<\/a> ; <a href=\"https:\/\/blog.univ-angers.fr\/voxcampus\/files\/2015\/10\/GTR.zip\">MIDI<\/a><br \/>&#8211; <strong>Le Tourdion<\/strong>, de Pierre Attaingnant [1494-1551] ; <a href=\"https:\/\/blog.univ-angers.fr\/voxcampus\/files\/2015\/10\/Tourdion.pdf\">PDF<\/a> ; <a href=\"https:\/\/blog.univ-angers.fr\/voxcampus\/files\/2015\/10\/Tourdion.mus\">MUS<\/a><br \/>&#8211; <strong>Il Bianco et dolce cigno<\/strong>, de Jacques Arcadelt [1507-1568] ; <a href=\"https:\/\/blog.univ-angers.fr\/voxcampus\/files\/2015\/09\/Il-bianco-e-dolce-cigno.pdf\">PDF<\/a> ; <a href=\"https:\/\/blog.univ-angers.fr\/voxcampus\/files\/2015\/10\/Il-bianco-e-dolce-cigno.mus\">MUS<\/a> ; <a href=\"https:\/\/blog.univ-angers.fr\/voxcampus\/files\/2015\/10\/Il-bianco-dolce-cigno.zip\">MIDI<\/a><br \/>&#8211; <strong>La, la, la, je ne l&rsquo;ose dire<\/strong> de Pierre Certon [1510\/1515-1572] ; <a href=\"https:\/\/blog.univ-angers.fr\/voxcampus\/files\/2015\/10\/Lalala-Certon.pdf\">PDF<\/a> ; <a href=\"https:\/\/blog.univ-angers.fr\/voxcampus\/files\/2015\/10\/Lalala-Certon.mus\">MUS<\/a> ; <a href=\"https:\/\/blog.univ-angers.fr\/voxcampus\/files\/2015\/10\/Lalala-Certon-MIDI.zip\">MIDI<\/a><br \/>&#8211; <strong>Belle qui tient ma vie<\/strong>, de Thoinot Arbeau [1520-1595] ; <a href=\"https:\/\/blog.univ-angers.fr\/voxcampus\/files\/2015\/10\/BQTMV-Th-Arbeau.pdf\">PDF<\/a> ; <a href=\"https:\/\/blog.univ-angers.fr\/voxcampus\/files\/2015\/10\/BQTMV-Th-Arbeau.mus\">MUS<\/a> ; <a href=\"https:\/\/blog.univ-angers.fr\/voxcampus\/files\/2015\/10\/BQTMV-TArbeau-MIDI.zip\">MIDI<\/a> + version en castillan <a href=\"https:\/\/blog.univ-angers.fr\/voxcampus\/files\/2015\/10\/AmorQueMe-Cautivas.pdf\">PDF<\/a><br \/>&#8211; <strong>Une Puce<\/strong>, de Roland de Lassus [1532-1594] ; <a href=\"https:\/\/blog.univ-angers.fr\/voxcampus\/files\/2015\/10\/Une-puce.pdf\">PDF<\/a> ; <a href=\"https:\/\/blog.univ-angers.fr\/voxcampus\/files\/2015\/10\/Une-puce.mus\">MUS<\/a><br \/>&#8211; <strong>Chanson \u00e0 boire<\/strong>, de Gabriel Bataille [1574-1630] ; <a href=\"https:\/\/blog.univ-angers.fr\/voxcampus\/files\/2015\/10\/Qui-veut-chasser-une-migraine.pdf\">PDF<\/a> ; <a href=\"https:\/\/blog.univ-angers.fr\/voxcampus\/files\/2015\/10\/Qui-veut-chasser-une-migraine.mus\">MUS<\/a><br \/>&#8211; <strong>Razboinica<\/strong> (anonyme &#8211; liturgie orthodoxe russe) <a href=\"https:\/\/blog.univ-angers.fr\/voxcampus\/files\/2015\/10\/Razboinika.pdf\">PDF<\/a>, <a href=\"https:\/\/blog.univ-angers.fr\/voxcampus\/files\/2015\/10\/Razboinika.mus\">MUS<\/a>, <a href=\"https:\/\/blog.univ-angers.fr\/voxcampus\/files\/2015\/10\/Razboinica-Midi.zip\">MIDI<\/a> ;<br \/>&#8211; <strong>Tebe Poem<\/strong> (D. Bortniansky &#8211; liturgie orthodoxe russe) ; <a href=\"https:\/\/blog.univ-angers.fr\/voxcampus\/files\/2015\/10\/Bortniansky-Tebe-poem.pdf\">PDF<\/a> ; <a href=\"https:\/\/blog.univ-angers.fr\/voxcampus\/files\/2015\/10\/Bortniansky-Tebe-poem.mus\">MUS<\/a> ; <a href=\"https:\/\/blog.univ-angers.fr\/voxcampus\/files\/2015\/10\/Bortniansky-Tebe-poem.MID.zip\">MIDI<\/a><br \/>&#8211; <strong>Bagarodits\u00e9 di\u00e9vo<\/strong> (liturgie orthodoxe russe) <a href=\"https:\/\/blog.univ-angers.fr\/voxcampus\/files\/2015\/10\/bagarodits%C3%A9-di%C3%A9vo.pdf\">PDF<\/a>, <a href=\"https:\/\/blog.univ-angers.fr\/voxcampus\/files\/2015\/10\/Bagarodits%C3%A9-di%C3%A9vo.zip\">MIDI<\/a>.<br \/>&#8211; <strong>S&rsquo;nami Bog<\/strong> (anonyme &#8211; liturgie orthodoxe russe) ; <a href=\"https:\/\/blog.univ-angers.fr\/voxcampus\/files\/2015\/10\/SNAMI-BOG-2022.pdf\">PDF<\/a>, <a href=\"https:\/\/blog.univ-angers.fr\/voxcampus\/files\/2015\/10\/Snami-bog.mus\">MUS<\/a> ;<br \/>&#8211; <strong>Cantate Domino<\/strong>, de Claudio Monteverdi [1567-1643] ; <a href=\"https:\/\/blog.univ-angers.fr\/voxcampus\/files\/2015\/10\/Cantate-Domino.pdf\">PDF<\/a> ; <a href=\"https:\/\/blog.univ-angers.fr\/voxcampus\/files\/2015\/10\/Cantate-domino.mus\">MUS<\/a><br \/>&#8211; <strong>Mort de Didon<\/strong> (extrait de <strong>Didon et \u00c9n\u00e9e<\/strong>) de H. Purcell [1659-1695] <a href=\"https:\/\/blog.univ-angers.fr\/voxcampus\/files\/2015\/10\/PURCELL-Didos-death.pdf\">PDF<\/a>, <a href=\"https:\/\/blog.univ-angers.fr\/voxcampus\/files\/2015\/10\/PURCELL-Didos-death.mus\">MUS<\/a>, <a href=\"https:\/\/blog.univ-angers.fr\/voxcampus\/files\/2015\/10\/Didons-death-MIDI.zip\">MIDI<\/a>, <a href=\"https:\/\/blog.univ-angers.fr\/voxcampus\/files\/2015\/10\/Didos-death-MP3.zip\">MP3<\/a> ;<br \/>&#8211; <strong>Messe des morts<\/strong> de Jean Gilles [1668-1705] : fichiers <a href=\"https:\/\/imslp.org\/wiki\/Requiem_(Gilles%2C_Jean)\">PDF (manuscrit original)<\/a> et <a href=\"https:\/\/blog.univ-angers.fr\/voxcampus\/files\/2015\/10\/Gilles-jean-requiem-midi.zip\">MIDI<\/a> ou <a href=\"https:\/\/blog.univ-angers.fr\/voxcampus\/files\/2015\/10\/MUS-ReqGilles.zip\">MUS<\/a> (n\u00b01 \u00e0 13).<br \/>&#8211; <strong>Jesus bleibet meine Freude<\/strong>, de J.-S. Bach [1685-1750] ; <a href=\"https:\/\/blog.univ-angers.fr\/voxcampus\/files\/2025\/11\/Jesus-bleibet-meine-Freude.pdf\">PDF<\/a> ;\u00a0<br \/>&#8211; <strong><a href=\"https:\/\/en.wikipedia.org\/wiki\/Dettingen_Te_Deum\">Te Deum de Dettingen<\/a><\/strong> de Georg Friedrich H\u00e4ndel [1685-1759] ; <strong>PDF<\/strong> <a href=\"http:\/\/www.cantatedomino.org\/cd\/dettingen-te-deum-hwv-283--handel-.php\">Complet<\/a> ou <strong><a href=\"https:\/\/blog.univ-angers.fr\/voxcampus\/files\/2015\/10\/Dettingen-Chor-PDF1.zip\">par n\u00b0<\/a><\/strong> ; <strong><a href=\"https:\/\/blog.univ-angers.fr\/voxcampus\/files\/2015\/10\/Dettingen-MUS.zip\">MUS<\/a><\/strong> (1 \u00e0 7, 9&amp;10, 13 \u00e0 16 et 18) ; <strong>MIDI<\/strong> <a href=\"https:\/\/blog.univ-angers.fr\/voxcampus\/files\/2015\/10\/Dett-Sop1.zip\">Soprano 1<\/a>, <a href=\"https:\/\/blog.univ-angers.fr\/voxcampus\/files\/2015\/10\/Dett-Sop2.zip\">Soprano 2<\/a>, <a href=\"https:\/\/blog.univ-angers.fr\/voxcampus\/files\/2015\/10\/Dett-Alto.zip\">Alto<\/a>, <a href=\"https:\/\/blog.univ-angers.fr\/voxcampus\/files\/2015\/10\/Dett-Tenor.zip\">T\u00e9nor<\/a>, <a href=\"https:\/\/blog.univ-angers.fr\/voxcampus\/files\/2015\/10\/Dett-Basse.zip\">Basse<\/a> ;<br \/>&#8211; <strong>Hallelujah<\/strong> de G. W. F. Haendel [1685-1759] ; <a href=\"https:\/\/blog.univ-angers.fr\/voxcampus\/files\/2015\/10\/Hallelujah-Haendel.pdf\">PDF<\/a> ; <a href=\"https:\/\/blog.univ-angers.fr\/voxcampus\/files\/2015\/10\/Hallelujah-Haendel.mus\">MUS<\/a> ; <a href=\"https:\/\/blog.univ-angers.fr\/voxcampus\/files\/2015\/10\/Hallelujah-H%C3%A4ndel-Sopran.zip\">MP3-Soprano<\/a> ; <a href=\"https:\/\/blog.univ-angers.fr\/voxcampus\/files\/2015\/10\/Hallelujah-H%C3%A4ndel-Alt.zip\">MP3-Alto<\/a> ; <a href=\"https:\/\/blog.univ-angers.fr\/voxcampus\/files\/2015\/10\/Hallelujah-H%C3%A4ndel-Tenor.zip\">MP3-T\u00e9nor<\/a> ; <a href=\"https:\/\/blog.univ-angers.fr\/voxcampus\/files\/2015\/10\/Hallelujah-H%C3%A4ndel-Bass.zip\">MP3-Basse<\/a> ;<br \/>&#8211; <strong>Danse des Sauvages (<a href=\"https:\/\/fr.wikipedia.org\/wiki\/Les_Indes_galantes\">Indes Galantes<\/a>)<\/strong> de <a href=\"https:\/\/fr.wikipedia.org\/wiki\/Jean-Philippe_Rameau\">J.-Philippe Rameau<\/a> [1683-1764] ; <a href=\"https:\/\/blog.univ-angers.fr\/voxcampus\/files\/2015\/10\/Sauvages-Rameau.pdf\">PDF-int\u00e9gral<\/a> ; <a href=\"https:\/\/blog.univ-angers.fr\/voxcampus\/files\/2015\/10\/Danse-desSauvages.pdf\">PDF-Choeur<\/a> ; <a href=\"https:\/\/blog.univ-angers.fr\/voxcampus\/files\/2015\/10\/Danse-desSauvages.mus\">MUS<\/a> ; <a href=\"https:\/\/blog.univ-angers.fr\/voxcampus\/files\/2015\/10\/Danse-des-sauvages-MIDI.zip\">MIDI<\/a> ;<br \/>&#8211; <strong>Lacrimosa<\/strong> (extrait du <strong>Requiem<\/strong>) de W. A. Mozart [1756-1791] <a href=\"https:\/\/blog.univ-angers.fr\/voxcampus\/files\/2015\/10\/MOZART-Requiem-Lacrimosa.pdf\">PDF<\/a>, <a href=\"https:\/\/blog.univ-angers.fr\/voxcampus\/files\/2015\/10\/MOZART-Requiem-Lacrimosa.mus\">MUS<\/a>, <a href=\"https:\/\/blog.univ-angers.fr\/voxcampus\/files\/2015\/10\/LacriMozart-MIDI.zip\">MIDI<\/a>, <a href=\"https:\/\/blog.univ-angers.fr\/voxcampus\/files\/2015\/10\/LacriMozart-MP3.zip\">MP3<\/a>.<br \/>&#8211; <strong>Marche fun\u00e8bre<\/strong> (<a href=\"https:\/\/blog.univ-angers.fr\/voxcampus\/files\/2015\/10\/GSFeT-Apoth%C3%A9ose.pdf\">Apoth\u00e9ose<\/a> de la Grande symphonie fun\u00e8bre et triomphale de Berlioz):<br \/>a) soprani et alti =&gt; <a href=\"https:\/\/blog.univ-angers.fr\/voxcampus\/files\/2015\/10\/Marche-fun%C3%A8bre-Berlioz-Sop-Alti.pdf\">PDF<\/a>, <a href=\"https:\/\/blog.univ-angers.fr\/voxcampus\/files\/2015\/10\/Marche-fun%C3%A8bre-Sop-Alti.mus\">MUS<\/a> et fichiers musicaux MIDI et MP3 (piano ou voix synth\u00e9tique) des <a href=\"https:\/\/blog.univ-angers.fr\/voxcampus\/files\/2015\/10\/MF-Berlioz-Sop.zip\">Soprani<\/a> et <a href=\"https:\/\/blog.univ-angers.fr\/voxcampus\/files\/2015\/10\/MF-Berlioz-Alto.zip\">Alti<\/a> ;<br \/>b) t\u00e9nors 1 et 2 =&gt; <a href=\"https:\/\/blog.univ-angers.fr\/voxcampus\/files\/2015\/10\/Marche-fun%C3%A8bre-Berlioz-Tenors.pdf\">PDF<\/a>, <a href=\"https:\/\/blog.univ-angers.fr\/voxcampus\/files\/2015\/10\/Marche-fun%C3%A8bre-t%C3%A9nors.mus\">MUS<\/a> et fichiers musicaux MIDI et MP3 (piano ou voix synth\u00e9tique) des <a href=\"https:\/\/blog.univ-angers.fr\/voxcampus\/files\/2015\/10\/MF-Berlioz-T1.zip\">T\u00e9nors 1<\/a> et <a href=\"https:\/\/blog.univ-angers.fr\/voxcampus\/files\/2015\/10\/MF-Berlioz-T2.zip\">T\u00e9nors 2<\/a> ;<br \/>c) basses 1 et 2 =&gt; <a href=\"https:\/\/blog.univ-angers.fr\/voxcampus\/files\/2015\/10\/Marche-fun%C3%A8bre-Berlioz-Basses.pdf\">PDF<\/a>, <a href=\"https:\/\/blog.univ-angers.fr\/voxcampus\/files\/2015\/10\/Marche-fun%C3%A8bre-basses.mus\">MUS<\/a> et fichiers musicaux MIDI et MP3 (piano ou voix synth\u00e9tique) des <a href=\"https:\/\/blog.univ-angers.fr\/voxcampus\/files\/2015\/10\/MF-Berlioz-B1.zip\">Basses 1<\/a> et <a href=\"https:\/\/blog.univ-angers.fr\/voxcampus\/files\/2015\/10\/MF-Berlioz-B2.zip\">Basses 2<\/a>.<br \/>&#8211; <strong>La Marseillaise<\/strong> d&rsquo;<a href=\"https:\/\/fr.wikipedia.org\/wiki\/Hector_Berlioz\">Hector Berlioz<\/a> <a href=\"https:\/\/blog.univ-angers.fr\/voxcampus\/files\/2015\/10\/La-Marseillaise.pdf\">PDF<\/a>, <a href=\"https:\/\/blog.univ-angers.fr\/voxcampus\/files\/2015\/10\/La-Marseillaise-MUS.zip\">MUS<\/a><br \/>&#8211; <strong>Lamentation de Maccrimon<\/strong> de <a href=\"https:\/\/fr.wikipedia.org\/wiki\/Paul_Ladmirault\">Paul Ladmirault<\/a> (1877-1944) ; <a href=\"https:\/\/blog.univ-angers.fr\/voxcampus\/files\/2015\/10\/Lamentation-de-Maccrimon-Paul-Ladmirault.pdf\">PDF<\/a> ; <a href=\"https:\/\/blog.univ-angers.fr\/voxcampus\/files\/2015\/10\/Lamentation-de-Maccrimon.mus\">MUS<\/a> ; <a href=\"https:\/\/blog.univ-angers.fr\/voxcampus\/files\/2015\/10\/Lamentation-de-Maccrimon-MIDI.zip\">MIDI<\/a> ;<br \/>&#8211; <strong>\u00c9l\u00e9gie pour Martin Luther King<\/strong>, d&rsquo;Enrique Mu\u00f1oz ; <a href=\"https:\/\/blog.univ-angers.fr\/voxcampus\/files\/2015\/10\/Elegie-pour-ML-King.pdf\">PDF<\/a>, <a href=\"https:\/\/blog.univ-angers.fr\/voxcampus\/files\/2015\/10\/Elegie-pour-ML-King.mus\">MUS<\/a>, <a href=\"https:\/\/blog.univ-angers.fr\/voxcampus\/files\/2015\/10\/Elegie-pour-ML-King-MIDI.zip\">MIDI<\/a>, <a href=\"http:\/\/www.terrehappydegroupe.fr\/videos\/elegie-a-martin-luther-king.html\">[+vid\u00e9o]<\/a>.<\/p>\n<p><em>Nota bene<\/em> :<\/p>\n<p>-Les fichiers <strong>MIDI<\/strong> associ\u00e9s aux chants pr\u00e9c\u00e9dents sont parfois t\u00e9l\u00e9chargeables regroup\u00e9s en fichiers ZIP pour les <a href=\"https:\/\/blog.univ-angers.fr\/voxcampus\/files\/2022\/10\/SOPRANE-20221006T192057Z-001.zip\">sopranos<\/a>, les <a href=\"https:\/\/blog.univ-angers.fr\/voxcampus\/files\/2022\/10\/ALTO-20221006T192019Z-001.zip\">altos<\/a>, les <a href=\"https:\/\/blog.univ-angers.fr\/voxcampus\/files\/2022\/10\/TENOR-20221006T192035Z-001.zip\">t\u00e9nors<\/a>, les <a href=\"https:\/\/blog.univ-angers.fr\/voxcampus\/files\/2022\/10\/BASSE-20221006T192048Z-001.zip\">basses<\/a>, et les <a href=\"https:\/\/blog.univ-angers.fr\/voxcampus\/files\/2022\/10\/SOLISTES-20221006T192108Z-001.zip\">solistes<\/a>. Il en existe \u00e9galement pour les <a href=\"https:\/\/blog.univ-angers.fr\/voxcampus\/files\/2022\/10\/TUTTI-20221006T192117Z-001.zip\">Tutti<\/a>.\u00a0 Ces fichiers <strong>MIDI<\/strong> peuvent \u00eatre lus par la plupart des logiciels multim\u00e9dias (citons notamment le logiciel gratuit <a href=\"http:\/\/midisheetmusic.sourceforge.net\/download.html\">MidiSheetMusic<\/a> dans ses diff\u00e9rentes versions pour ordinateur, tablette ou t\u00e9l\u00e9phone qui permet un affichage des partitions coordonn\u00e9 avec l&rsquo;\u00e9mission du son).<br \/>&#8211; les fichiers <strong>MUS<\/strong> peuvent \u00eatre lus par le logiciel <a href=\"http:\/\/www.finalemusic.com\/\">Finale<\/a> 2012 et versions ult\u00e9rieures ; celui-ci (dont on peut t\u00e9l\u00e9charger une <a href=\"http:\/\/voxcampus.free.fr\/\">version de d\u00e9monstration<\/a>) permet la lecture coordonn\u00e9e du son, de la partition et des paroles \u00e9ventuelles (chaque port\u00e9e pouvant \u00eatre s\u00e9lectionn\u00e9e dans \u00ab\u00a0fen\u00eatre\/Table de mixage\u00a0\u00bb) ;<\/p>\n\n\n<div class=\"wp-block-media-text is-stacked-on-mobile\"><figure class=\"wp-block-media-text__media\"><\/figure><div class=\"wp-block-media-text__content\">\n<p><\/p>\n<\/div><\/div>\n\n\n\n<figure class=\"wp-block-gallery has-nested-images columns-default is-cropped wp-block-gallery-1 is-layout-flex wp-block-gallery-is-layout-flex\"><\/figure>\n","protected":false},"excerpt":{"rendered":"<p>PARTITIONS DU DOMAINE PUBLIC EN LIGNE Partitions de la chorale travaill\u00e9es r\u00e9cemment : \u2013 Everybody sing Freedom : PDF\u2013 Lully, Lulla, Lullay : PDF\u2013 Mary had a baby : PDF\u2013 Hegoak (chant basque) : PDF, MUS, MIDI, MP3 ;\u2013 Maitia &hellip; <a href=\"https:\/\/blog.univ-angers.fr\/voxcampus\/partitions\/\">Continuer la lecture <span class=\"meta-nav\">&rarr;<\/span><\/a><\/p>\n","protected":false},"author":7672,"featured_media":0,"parent":0,"menu_order":5,"comment_status":"closed","ping_status":"closed","template":"","meta":{"footnotes":""},"class_list":["post-23","page","type-page","status-publish","hentry"],"_links":{"self":[{"href":"https:\/\/blog.univ-angers.fr\/voxcampus\/wp-json\/wp\/v2\/pages\/23","targetHints":{"allow":["GET"]}}],"collection":[{"href":"https:\/\/blog.univ-angers.fr\/voxcampus\/wp-json\/wp\/v2\/pages"}],"about":[{"href":"https:\/\/blog.univ-angers.fr\/voxcampus\/wp-json\/wp\/v2\/types\/page"}],"author":[{"embeddable":true,"href":"https:\/\/blog.univ-angers.fr\/voxcampus\/wp-json\/wp\/v2\/users\/7672"}],"replies":[{"embeddable":true,"href":"https:\/\/blog.univ-angers.fr\/voxcampus\/wp-json\/wp\/v2\/comments?post=23"}],"version-history":[{"count":49,"href":"https:\/\/blog.univ-angers.fr\/voxcampus\/wp-json\/wp\/v2\/pages\/23\/revisions"}],"predecessor-version":[{"id":1071,"href":"https:\/\/blog.univ-angers.fr\/voxcampus\/wp-json\/wp\/v2\/pages\/23\/revisions\/1071"}],"wp:attachment":[{"href":"https:\/\/blog.univ-angers.fr\/voxcampus\/wp-json\/wp\/v2\/media?parent=23"}],"curies":[{"name":"wp","href":"https:\/\/api.w.org\/{rel}","templated":true}]}}