{"id":19,"date":"2015-09-09T10:42:52","date_gmt":"2015-09-09T09:42:52","guid":{"rendered":"https:\/\/blog.univ-angers.fr\/voxcampus\/?page_id=19"},"modified":"2022-09-20T09:09:27","modified_gmt":"2022-09-20T08:09:27","slug":"festival-doremifac","status":"publish","type":"page","link":"https:\/\/blog.univ-angers.fr\/voxcampus\/presentation\/historique\/festival-doremifac\/","title":{"rendered":"Festival Doremifac"},"content":{"rendered":"<p>La F\u00e9d\u00e9ration des Ch\u0153urs et Orchestres Universitaires de France a r\u00e9uni un certain nombre d\u2019ensembles universitaires : Angers, Caen, Le Mans, Nantes, Saint Etienne, Strasbourg\u2026 Son objectif \u00e9tait d\u2019organiser des Festivals inter-universitaires et de faire partager les exp\u00e9riences et les plaisirs de la musique au plus grand nombre d&rsquo;\u00e9tudiants et d&rsquo;universitaires possible. Olivier Villeret fut pr\u00e9sident de la FCOUF.<\/p>\n<p><a href=\"https:\/\/blog.univ-angers.fr\/voxcampus\/files\/2015\/09\/doremifac1.jpg\"><img loading=\"lazy\" decoding=\"async\" src=\"https:\/\/blog.univ-angers.fr\/voxcampus\/files\/2015\/09\/doremifac1.jpg\" alt=\"doremifac1\" class=\"alignnone size-full wp-image-78\" width=\"146\" height=\"93\"><\/a><\/p>\n<p>Dans le cadre de la FCOUF, Vox Campus mit en place le Festival universitaire DOREMIFAC. Interrompu ces derni\u00e8res ann\u00e9es, ne d\u00e9sesp\u00e9rons pas qu&rsquo;il puisse reprendre un jour !<\/p>\n<p>&#8211; 1er Festival \u00e0 Angers (Eglise Sainte Th\u00e9r\u00e8se) le 16 mai 1998 (Chorale Universitaire de Nantes, Choeur de l&rsquo;Universit\u00e9 du Maine, Orchestre Universitaire de Besan\u00e7on, Choeur et orchestre de l&rsquo;Universit\u00e9 d&rsquo;Angers-Vox Campus).<\/p>\n<p>&#8211; 2e Festival \u00e0 Angers et Cholet, du 20 au 28 mars 1999 (avec Vox Campus, la Chorale Universitaire de Nantes, l&rsquo;Orchestre Universitaire de Tours, les choeur et orchestre de l&rsquo;Universit\u00e9 Autonome de Madrid ; voir la liste des concerts 1998-1999) et \u00e0 Pornic (Loire-Atlantique) les 26 et 27 juin 1999 (atelier chorale, et orchestre, rallye musical et touristique, concert-festival \u00e0 Sainte Marie sur Mer, avec les chorales universitaires de Nantes, Angers, Le Mans, Saint Etienne, Caen et Strasbourg, des instrumentistes des orchestres universitaires d&rsquo;Angers et Caen, et le Big Band de l&rsquo;Universit\u00e9 de Nantes).<\/p>\n<p>&#8211; 3e Festival \u00e0 Angers, du 3 au 8 mai 2000 ; <em>cf<\/em>. liste des concerts 1999-2000.<\/p>\n<p>&#8211; 4e Festival \u00e0 Angers, du 28 avril au 12 mai 2001 ; <em>cf<\/em>. liste des concerts 2000-2001.<\/p>\n<p>&#8211; 5e Festival \u00e0 Angers, du 27 avril au 4 mai 2002 ; <em>cf<\/em>. liste des concerts 2001-2002.<\/p>\n<p>&#8211; 6e Festival \u00e0 Angers, du 11 au 12 avril 2003 ; <em>cf<\/em>. liste des concerts 2002-2003.<\/p>\n<p>&#8211; 7e Festival \u00e0 Angers, les 8, 9 et 10 avril 2005 ; cf. liste des concerts 2004-2005<\/p>\n","protected":false},"excerpt":{"rendered":"<p>La F\u00e9d\u00e9ration des Ch\u0153urs et Orchestres Universitaires de France a r\u00e9uni un certain nombre d\u2019ensembles universitaires : Angers, Caen, Le Mans, Nantes, Saint Etienne, Strasbourg\u2026 Son objectif \u00e9tait d\u2019organiser des Festivals inter-universitaires et de faire partager les exp\u00e9riences et les &hellip; <a href=\"https:\/\/blog.univ-angers.fr\/voxcampus\/presentation\/historique\/festival-doremifac\/\">Continuer la lecture <span class=\"meta-nav\">&rarr;<\/span><\/a><\/p>\n","protected":false},"author":15657,"featured_media":0,"parent":17,"menu_order":3,"comment_status":"closed","ping_status":"closed","template":"","meta":{"footnotes":""},"class_list":["post-19","page","type-page","status-publish","hentry"],"_links":{"self":[{"href":"https:\/\/blog.univ-angers.fr\/voxcampus\/wp-json\/wp\/v2\/pages\/19","targetHints":{"allow":["GET"]}}],"collection":[{"href":"https:\/\/blog.univ-angers.fr\/voxcampus\/wp-json\/wp\/v2\/pages"}],"about":[{"href":"https:\/\/blog.univ-angers.fr\/voxcampus\/wp-json\/wp\/v2\/types\/page"}],"author":[{"embeddable":true,"href":"https:\/\/blog.univ-angers.fr\/voxcampus\/wp-json\/wp\/v2\/users\/15657"}],"replies":[{"embeddable":true,"href":"https:\/\/blog.univ-angers.fr\/voxcampus\/wp-json\/wp\/v2\/comments?post=19"}],"version-history":[{"count":1,"href":"https:\/\/blog.univ-angers.fr\/voxcampus\/wp-json\/wp\/v2\/pages\/19\/revisions"}],"predecessor-version":[{"id":664,"href":"https:\/\/blog.univ-angers.fr\/voxcampus\/wp-json\/wp\/v2\/pages\/19\/revisions\/664"}],"up":[{"embeddable":true,"href":"https:\/\/blog.univ-angers.fr\/voxcampus\/wp-json\/wp\/v2\/pages\/17"}],"wp:attachment":[{"href":"https:\/\/blog.univ-angers.fr\/voxcampus\/wp-json\/wp\/v2\/media?parent=19"}],"curies":[{"name":"wp","href":"https:\/\/api.w.org\/{rel}","templated":true}]}}