{"id":17,"date":"2015-09-09T10:16:35","date_gmt":"2015-09-09T09:16:35","guid":{"rendered":"https:\/\/blog.univ-angers.fr\/voxcampus\/?page_id=17"},"modified":"2022-09-20T09:09:11","modified_gmt":"2022-09-20T08:09:11","slug":"historique","status":"publish","type":"page","link":"https:\/\/blog.univ-angers.fr\/voxcampus\/presentation\/historique\/","title":{"rendered":"Historique"},"content":{"rendered":"<p>Vox Campus est n\u00e9 en janvier 1991 \u00e0 la demande d&rsquo;un groupe d&rsquo;\u00e9tudiant.e.s de l&rsquo;UFR Sciences de l&rsquo;Universit\u00e9 d&rsquo;Angers et sous l&rsquo;impulsion d&rsquo;Olivier VILLERET, Ma\u00eetre de Conf\u00e9rences de Physique \u00e0 l&rsquo;Universit\u00e9 d&rsquo;Angers. La chorale du d\u00e9part (des \u00e9tudiant.e.s et une poign\u00e9e d&rsquo;enseignant.e.s de l&rsquo;Universit\u00e9) faisait ses r\u00e9p\u00e9titions dans les salles de TP de physique de l&rsquo;UFR Sciences. Elle s&rsquo;est tr\u00e8s vite adjointe un petit ensemble instrumental. Le premier concert (avec la Spatzenmesse de Mozart) fut donn\u00e9 le 16 mai 1991 dans l&rsquo;ancien cin\u00e9ma L\u2019\u00c9lys\u00e9e du quartier Belle Beille (ancien cin\u00e9ma qui allait peu apr\u00e8s \u00eatre reconverti en amphith\u00e9\u00e2tre avant d&rsquo;\u00eatre d\u00e9truit).<\/p>\n<p><a href=\"https:\/\/blog.univ-angers.fr\/voxcampus\/files\/2015\/09\/vox92.jpg\"><img loading=\"lazy\" decoding=\"async\" src=\"https:\/\/blog.univ-angers.fr\/voxcampus\/files\/2015\/09\/vox92-300x224.jpg\" alt=\"vox92\" class=\"alignnone size-medium wp-image-80\" width=\"300\" height=\"224\" srcset=\"https:\/\/blog.univ-angers.fr\/voxcampus\/files\/2015\/09\/vox92-300x224.jpg 300w, https:\/\/blog.univ-angers.fr\/voxcampus\/files\/2015\/09\/vox92-1024x766.jpg 1024w, https:\/\/blog.univ-angers.fr\/voxcampus\/files\/2015\/09\/vox92-400x300.jpg 400w, https:\/\/blog.univ-angers.fr\/voxcampus\/files\/2015\/09\/vox92.jpg 1208w\" sizes=\"auto, (max-width: 300px) 100vw, 300px\" \/><\/a><\/p>\n<p style=\"text-align: left\" align=\"center\"><span style=\"color: #000000\">D\u00e8s les premi\u00e8res ann\u00e9es apr\u00e8s sa cr\u00e9ation, <em><b>Vox Campus<\/b><\/em> vit cro\u00eetre ses effectifs des 35 participants initiaux (et essentiellement scientifiques) \u00e0 largement plus d&rsquo;une centaine venus de toute l&rsquo;Universit\u00e9 !<\/span><\/p>\n<p style=\"text-align: left\" align=\"center\"><span style=\"color: #000000\">La croissance fut particuli\u00e8rement importante pour l&rsquo;orchestre qui, du quatuor \u00e0 cordes initial, finit par acqu\u00e9rir la dimension d&rsquo;un petit orchestre symphonique. Depuis 2010, l&rsquo;orchestre est inter-universitaire et regroupe des \u00e9tudiants de l&rsquo;Universit\u00e9 d&rsquo;Angers et des Facult\u00e9s libres de l&rsquo;Ouest (UCO).<\/span><\/p>\n<p><a href=\"https:\/\/www.youtube.com\/watch?v=-CYYp0VQako\">On peut voir ici un extrait du concert c\u00e9l\u00e9brant son 25e anniversaire.<\/a><\/p>\n","protected":false},"excerpt":{"rendered":"<p>Vox Campus est n\u00e9 en janvier 1991 \u00e0 la demande d&rsquo;un groupe d&rsquo;\u00e9tudiant.e.s de l&rsquo;UFR Sciences de l&rsquo;Universit\u00e9 d&rsquo;Angers et sous l&rsquo;impulsion d&rsquo;Olivier VILLERET, Ma\u00eetre de Conf\u00e9rences de Physique \u00e0 l&rsquo;Universit\u00e9 d&rsquo;Angers. La chorale du d\u00e9part (des \u00e9tudiant.e.s et une &hellip; <a href=\"https:\/\/blog.univ-angers.fr\/voxcampus\/presentation\/historique\/\">Continuer la lecture <span class=\"meta-nav\">&rarr;<\/span><\/a><\/p>\n","protected":false},"author":15657,"featured_media":0,"parent":4,"menu_order":2,"comment_status":"closed","ping_status":"open","template":"","meta":{"footnotes":""},"class_list":["post-17","page","type-page","status-publish","hentry"],"_links":{"self":[{"href":"https:\/\/blog.univ-angers.fr\/voxcampus\/wp-json\/wp\/v2\/pages\/17","targetHints":{"allow":["GET"]}}],"collection":[{"href":"https:\/\/blog.univ-angers.fr\/voxcampus\/wp-json\/wp\/v2\/pages"}],"about":[{"href":"https:\/\/blog.univ-angers.fr\/voxcampus\/wp-json\/wp\/v2\/types\/page"}],"author":[{"embeddable":true,"href":"https:\/\/blog.univ-angers.fr\/voxcampus\/wp-json\/wp\/v2\/users\/15657"}],"replies":[{"embeddable":true,"href":"https:\/\/blog.univ-angers.fr\/voxcampus\/wp-json\/wp\/v2\/comments?post=17"}],"version-history":[{"count":1,"href":"https:\/\/blog.univ-angers.fr\/voxcampus\/wp-json\/wp\/v2\/pages\/17\/revisions"}],"predecessor-version":[{"id":663,"href":"https:\/\/blog.univ-angers.fr\/voxcampus\/wp-json\/wp\/v2\/pages\/17\/revisions\/663"}],"up":[{"embeddable":true,"href":"https:\/\/blog.univ-angers.fr\/voxcampus\/wp-json\/wp\/v2\/pages\/4"}],"wp:attachment":[{"href":"https:\/\/blog.univ-angers.fr\/voxcampus\/wp-json\/wp\/v2\/media?parent=17"}],"curies":[{"name":"wp","href":"https:\/\/api.w.org\/{rel}","templated":true}]}}