{"id":14,"date":"2015-09-09T08:27:06","date_gmt":"2015-09-09T07:27:06","guid":{"rendered":"https:\/\/blog.univ-angers.fr\/voxcampus\/?page_id=14"},"modified":"2025-11-02T16:50:27","modified_gmt":"2025-11-02T15:50:27","slug":"tous-nos-concerts","status":"publish","type":"page","link":"https:\/\/blog.univ-angers.fr\/voxcampus\/tous-nos-concerts\/","title":{"rendered":"Nos concerts"},"content":{"rendered":"<p>Pr\u00e9sentation g\u00e9n\u00e9rale :<\/p>\n<p>\u00c9labor\u00e9 en fonction des aspirations et du niveau de chacun, le programme des concerts de Vox Campus couvre volontairement un large \u00e9ventail de styles, depuis le Moyen-\u00c2ge jusqu&rsquo;au XX\u00b0 si\u00e8cle. <em><b>Vox Campus<\/b><\/em> \u00a0affectionne d&rsquo;abord la musique, aussi bien la musique dite sacr\u00e9e pour sa profondeur ou les negro-spirituals pour leur ambiance chaleureuse et leur dynamisme que la musique classique profane. Chaque ann\u00e9e une \u0153uvre ma\u00eetresse pour Ch\u0153ur et Orchestre vient couronner plusieurs mois de travail acharn\u00e9. En 2008-2009, comme en 2007-2008, la principale \u0153uvre au programme \u00e9tait le King Arthur de <b>Purcell <\/b>.\u00a0En 2009-2010, c&rsquo;\u00e9tait le Te Deum de Marc-Antoine <b> Charpentier<\/b> ainsi que des \u0153uvres purement orchestrales (1e symphonie de Beethoven, 2e concerto pour piano de Rachmaninov&#8230;) ou chorales qui \u00e9taient au programme. Pour le 20e anniversaire en 2011, ch\u0153ur et orchestre ont (notamment) \u00e9tudi\u00e9 la Messe br\u00e8ve K.V. 258 de <b>Mozart<\/b>, en \u00e9cho \u00e0 une autre <i>missa brevis<\/i> de Mozart, celle des moineaux, chant\u00e9e 20 ans plus t\u00f4t ! En 2011-2012, deux \u0153uvres majeures \u00e9taient au programme : le <b> <a href=\"http:\/\/fr.wikipedia.org\/wiki\/Gloria_%28Vivaldi%29\">Gloria<\/a><\/b> (RV589) de <b> Vivaldi<\/b> et la <b> <a href=\"http:\/\/fr.wikipedia.org\/wiki\/Misa_Criolla\">Misa Criola<\/a><\/b> d&rsquo;<b>Ariel Ramirez<\/b>. En 2012-2013, ce fut la <b>Missa gallica<\/b> de Bernard Lallement. La Messe des moineaux de Mozart, qui fut la premi\u00e8re \u0153uvre donn\u00e9e en concert par Vox Campus en 1991 fut \u00e0 nouveau donn\u00e9e en 2013-2014. L&rsquo;ann\u00e9e suivante, c&rsquo;est en particulier Purcell (avec <strong>Didon et \u00c9n\u00e9e<\/strong>) et Anthony Burgess qui furent au programme. En 2015-2016, le ch\u0153ur et l&rsquo;orchestre se sont attaqu\u00e9s principalement aux <strong>Carmina Burana<\/strong> de Carl Orff. En 2016-2017 et 2017-2018, Vox Campus a, notamment, mont\u00e9 le <strong>Te Deum de Dettingen<\/strong> de G. F. H\u00e4ndel. Parall\u00e8lement, les petits ensembles choraux et orchestraux ont pr\u00e9par\u00e9 la <strong>Messe des morts<\/strong> de Jean Gilles. Entre fin 2018 et le d\u00e9but 2021, le <strong>Canto general<\/strong> de Mikis Theodorakis a \u00e9t\u00e9 au programme, mais son ex\u00e9cution a \u00e9t\u00e9 fortement perturb\u00e9e par la crise du COVID. En 2022-2023, <strong>L&rsquo;Homme arm\u00e9<\/strong> de Karl Jenkins a pu \u00eatre donn\u00e9 au Centre des congr\u00e8s d&rsquo;Angers pour le trenti\u00e8me anniversaire de Vox Campus. L&rsquo;ann\u00e9e suivante, ce fut le tour du <strong>Jubilate Deo<\/strong> de D. Forrest. En 2024-2025, l&rsquo;ensemble a repris la <strong>Messe du couronnement<\/strong> de Mozart. Cette ann\u00e9e, retour \u00e0 D. Forrest avec le <strong>Requiem pour les vivants<\/strong>.<\/p>\n<p>&nbsp;<\/p>\n","protected":false},"excerpt":{"rendered":"<p>Pr\u00e9sentation g\u00e9n\u00e9rale : \u00c9labor\u00e9 en fonction des aspirations et du niveau de chacun, le programme des concerts de Vox Campus couvre volontairement un large \u00e9ventail de styles, depuis le Moyen-\u00c2ge jusqu&rsquo;au XX\u00b0 si\u00e8cle. Vox Campus \u00a0affectionne d&rsquo;abord la musique, aussi &hellip; <a href=\"https:\/\/blog.univ-angers.fr\/voxcampus\/tous-nos-concerts\/\">Continuer la lecture <span class=\"meta-nav\">&rarr;<\/span><\/a><\/p>\n","protected":false},"author":15657,"featured_media":0,"parent":0,"menu_order":2,"comment_status":"closed","ping_status":"closed","template":"","meta":{"footnotes":""},"class_list":["post-14","page","type-page","status-publish","hentry"],"_links":{"self":[{"href":"https:\/\/blog.univ-angers.fr\/voxcampus\/wp-json\/wp\/v2\/pages\/14","targetHints":{"allow":["GET"]}}],"collection":[{"href":"https:\/\/blog.univ-angers.fr\/voxcampus\/wp-json\/wp\/v2\/pages"}],"about":[{"href":"https:\/\/blog.univ-angers.fr\/voxcampus\/wp-json\/wp\/v2\/types\/page"}],"author":[{"embeddable":true,"href":"https:\/\/blog.univ-angers.fr\/voxcampus\/wp-json\/wp\/v2\/users\/15657"}],"replies":[{"embeddable":true,"href":"https:\/\/blog.univ-angers.fr\/voxcampus\/wp-json\/wp\/v2\/comments?post=14"}],"version-history":[{"count":4,"href":"https:\/\/blog.univ-angers.fr\/voxcampus\/wp-json\/wp\/v2\/pages\/14\/revisions"}],"predecessor-version":[{"id":1043,"href":"https:\/\/blog.univ-angers.fr\/voxcampus\/wp-json\/wp\/v2\/pages\/14\/revisions\/1043"}],"wp:attachment":[{"href":"https:\/\/blog.univ-angers.fr\/voxcampus\/wp-json\/wp\/v2\/media?parent=14"}],"curies":[{"name":"wp","href":"https:\/\/api.w.org\/{rel}","templated":true}]}}