{"id":91,"date":"2015-05-04T18:04:28","date_gmt":"2015-05-04T17:04:28","guid":{"rendered":"https:\/\/blog.univ-angers.fr\/tonevenementducoin\/?page_id=91"},"modified":"2015-05-04T18:04:28","modified_gmt":"2015-05-04T17:04:28","slug":"melissa","status":"publish","type":"page","link":"https:\/\/blog.univ-angers.fr\/tonevenementducoin\/accueil\/melissa\/","title":{"rendered":"M\u00e9lissa"},"content":{"rendered":"<p><a href=\"https:\/\/blog.univ-angers.fr\/tonevenementducoin\/files\/2015\/05\/url.png\"><img loading=\"lazy\" decoding=\"async\" src=\"https:\/\/blog.univ-angers.fr\/tonevenementducoin\/files\/2015\/05\/url.png\" alt=\"url\" width=\"621\" height=\"640\" class=\"aligncenter size-full wp-image-93\" srcset=\"https:\/\/blog.univ-angers.fr\/tonevenementducoin\/files\/2015\/05\/url.png 621w, https:\/\/blog.univ-angers.fr\/tonevenementducoin\/files\/2015\/05\/url-291x300.png 291w\" sizes=\"auto, (max-width: 621px) 100vw, 621px\" \/><\/a><\/p>\n<p>\u00c9tudiante en premi\u00e8re ann\u00e9e de licence Sciences Sociales, parcours m\u00e9tiers de l&rsquo;animation sociale, culturelle et de loisirs, et dans le cadre de notre cours d&rsquo;informatique, je te ferai partager nos diff\u00e9rentes recherches concernant les animations propos\u00e9es aupr\u00e8s de chez toi. Tu retrouveras donc les villes o\u00f9 tu \u00e9tudies et o\u00f9 tu es susceptible d&rsquo;aller facilement c&rsquo;est-\u00e0-dire : Angers, Cholet, Saumur et Segr\u00e9 ! N&rsquo;h\u00e9site pas \u00e0 faire partager ton avis si jamais tu as particip\u00e9 \u00e0 un des \u00e9v\u00e9nements que j&rsquo;ai propos\u00e9. C&rsquo;est toujours utile d&rsquo;avoir l&rsquo;avis des autres pour sauter le pas ! En g\u00e9n\u00e9ral, je met les sites sources donc n&rsquo;ai pas peur, fonce et cultive toi \ud83d\ude09<\/p>\n<p>M\u00e9lissa !<\/p>\n<!-- AddThis Advanced Settings generic via filter on the_content --><!-- AddThis Share Buttons generic via filter on the_content -->","protected":false},"excerpt":{"rendered":"<p>\u00c9tudiante en premi\u00e8re ann\u00e9e de licence Sciences Sociales, parcours m\u00e9tiers de l&rsquo;animation sociale, culturelle et de loisirs, et dans le cadre de notre cours d&rsquo;informatique, je te ferai partager nos diff\u00e9rentes recherches concernant les animations propos\u00e9es aupr\u00e8s de chez toi. Tu retrouveras donc les villes o\u00f9 tu \u00e9tudies et o\u00f9 tu es susceptible d&rsquo;aller facilement &hellip; <a href=\"https:\/\/blog.univ-angers.fr\/tonevenementducoin\/accueil\/melissa\/\" class=\"more-link\">Continuer la lecture de <span class=\"screen-reader-text\">M\u00e9lissa<\/span> <span class=\"meta-nav\">&rarr;<\/span><\/a><!-- AddThis Advanced Settings generic via filter on get_the_excerpt --><!-- AddThis Share Buttons generic via filter on get_the_excerpt --><\/p>\n","protected":false},"author":26954,"featured_media":0,"parent":10,"menu_order":1,"comment_status":"open","ping_status":"open","template":"","meta":{"footnotes":""},"class_list":["post-91","page","type-page","status-publish","hentry"],"_links":{"self":[{"href":"https:\/\/blog.univ-angers.fr\/tonevenementducoin\/wp-json\/wp\/v2\/pages\/91","targetHints":{"allow":["GET"]}}],"collection":[{"href":"https:\/\/blog.univ-angers.fr\/tonevenementducoin\/wp-json\/wp\/v2\/pages"}],"about":[{"href":"https:\/\/blog.univ-angers.fr\/tonevenementducoin\/wp-json\/wp\/v2\/types\/page"}],"author":[{"embeddable":true,"href":"https:\/\/blog.univ-angers.fr\/tonevenementducoin\/wp-json\/wp\/v2\/users\/26954"}],"replies":[{"embeddable":true,"href":"https:\/\/blog.univ-angers.fr\/tonevenementducoin\/wp-json\/wp\/v2\/comments?post=91"}],"version-history":[{"count":0,"href":"https:\/\/blog.univ-angers.fr\/tonevenementducoin\/wp-json\/wp\/v2\/pages\/91\/revisions"}],"up":[{"embeddable":true,"href":"https:\/\/blog.univ-angers.fr\/tonevenementducoin\/wp-json\/wp\/v2\/pages\/10"}],"wp:attachment":[{"href":"https:\/\/blog.univ-angers.fr\/tonevenementducoin\/wp-json\/wp\/v2\/media?parent=91"}],"curies":[{"name":"wp","href":"https:\/\/api.w.org\/{rel}","templated":true}]}}