{"id":7,"date":"2015-02-27T14:07:43","date_gmt":"2015-02-27T13:07:43","guid":{"rendered":"https:\/\/blog.univ-angers.fr\/tonevenementducoin\/?page_id=7"},"modified":"2015-05-04T18:16:06","modified_gmt":"2015-05-04T17:16:06","slug":"cholet","status":"publish","type":"page","link":"https:\/\/blog.univ-angers.fr\/tonevenementducoin\/cholet\/","title":{"rendered":"Cholet"},"content":{"rendered":"<p>A Cholet, l&rsquo;ann\u00e9e est ponctu\u00e9e d&rsquo;\u00e9v\u00e9nements culturels ! On peut notamment assister au Festival des Arlequins en avril, aux Z&rsquo;allum\u00e9s en mai etc. Il y en a pour tous les \u00e2ges et tous les styles ! La ville et son agglom\u00e9ration poss\u00e8dent \u00e9galement des espaces culturels divers, tels que la Ludoth\u00e8que des 3D, les mus\u00e9es etc. qui organisent diff\u00e9rentes animations.<\/p>\n<p><a href=\"https:\/\/blog.univ-angers.fr\/tonevenementducoin\/files\/2015\/02\/Cholet_-_Jardin_du_Mail_1.jpg\"><img loading=\"lazy\" decoding=\"async\" src=\"https:\/\/blog.univ-angers.fr\/tonevenementducoin\/files\/2015\/02\/Cholet_-_Jardin_du_Mail_1-300x198.jpg\" alt=\"Jardin du Mail de Cholet\" width=\"300\" height=\"198\" class=\"alignnone size-medium wp-image-79\" srcset=\"https:\/\/blog.univ-angers.fr\/tonevenementducoin\/files\/2015\/02\/Cholet_-_Jardin_du_Mail_1-300x198.jpg 300w, https:\/\/blog.univ-angers.fr\/tonevenementducoin\/files\/2015\/02\/Cholet_-_Jardin_du_Mail_1-1024x678.jpg 1024w\" sizes=\"auto, (max-width: 300px) 100vw, 300px\" \/><\/a><br \/>\nPhoto avec autorisation de publication<\/p>\n<!-- AddThis Advanced Settings generic via filter on the_content --><!-- AddThis Share Buttons generic via filter on the_content -->","protected":false},"excerpt":{"rendered":"<p>A Cholet, l&rsquo;ann\u00e9e est ponctu\u00e9e d&rsquo;\u00e9v\u00e9nements culturels ! On peut notamment assister au Festival des Arlequins en avril, aux Z&rsquo;allum\u00e9s en mai etc. Il y en a pour tous les \u00e2ges et tous les styles ! La ville et son agglom\u00e9ration poss\u00e8dent \u00e9galement des espaces culturels divers, tels que la Ludoth\u00e8que des 3D, les mus\u00e9es &hellip; <a href=\"https:\/\/blog.univ-angers.fr\/tonevenementducoin\/cholet\/\" class=\"more-link\">Continuer la lecture de <span class=\"screen-reader-text\">Cholet<\/span> <span class=\"meta-nav\">&rarr;<\/span><\/a><!-- AddThis Advanced Settings generic via filter on get_the_excerpt --><!-- AddThis Share Buttons generic via filter on get_the_excerpt --><\/p>\n","protected":false},"author":26954,"featured_media":0,"parent":0,"menu_order":0,"comment_status":"open","ping_status":"open","template":"","meta":{"footnotes":""},"class_list":["post-7","page","type-page","status-publish","hentry"],"_links":{"self":[{"href":"https:\/\/blog.univ-angers.fr\/tonevenementducoin\/wp-json\/wp\/v2\/pages\/7","targetHints":{"allow":["GET"]}}],"collection":[{"href":"https:\/\/blog.univ-angers.fr\/tonevenementducoin\/wp-json\/wp\/v2\/pages"}],"about":[{"href":"https:\/\/blog.univ-angers.fr\/tonevenementducoin\/wp-json\/wp\/v2\/types\/page"}],"author":[{"embeddable":true,"href":"https:\/\/blog.univ-angers.fr\/tonevenementducoin\/wp-json\/wp\/v2\/users\/26954"}],"replies":[{"embeddable":true,"href":"https:\/\/blog.univ-angers.fr\/tonevenementducoin\/wp-json\/wp\/v2\/comments?post=7"}],"version-history":[{"count":1,"href":"https:\/\/blog.univ-angers.fr\/tonevenementducoin\/wp-json\/wp\/v2\/pages\/7\/revisions"}],"predecessor-version":[{"id":69,"href":"https:\/\/blog.univ-angers.fr\/tonevenementducoin\/wp-json\/wp\/v2\/pages\/7\/revisions\/69"}],"wp:attachment":[{"href":"https:\/\/blog.univ-angers.fr\/tonevenementducoin\/wp-json\/wp\/v2\/media?parent=7"}],"curies":[{"name":"wp","href":"https:\/\/api.w.org\/{rel}","templated":true}]}}