{"id":5,"date":"2015-02-27T14:07:20","date_gmt":"2015-02-27T13:07:20","guid":{"rendered":"https:\/\/blog.univ-angers.fr\/tonevenementducoin\/?page_id=5"},"modified":"2015-05-04T18:16:51","modified_gmt":"2015-05-04T17:16:51","slug":"saumur","status":"publish","type":"page","link":"https:\/\/blog.univ-angers.fr\/tonevenementducoin\/saumur\/","title":{"rendered":"Saumur"},"content":{"rendered":"<p>Ville d&rsquo;art et d&rsquo;histoire, Saumur est une ville qui poss\u00e8de de nombreux lieux culturels et de patrimoines reconnus qu&rsquo;elle met en valeur en faisant de nombreuses animations. Elle participe notamment \u00e0 la Nuit des Mus\u00e9es ! Son ch\u00e2teau est aussi c\u00e9l\u00e8bre, ainsi que le Cadre Noir et ses fameux cavaliers !<\/p>\n<p><a href=\"https:\/\/blog.univ-angers.fr\/tonevenementducoin\/files\/2015\/02\/saumur.jpg\"><img loading=\"lazy\" decoding=\"async\" src=\"https:\/\/blog.univ-angers.fr\/tonevenementducoin\/files\/2015\/02\/saumur-300x199.jpg\" alt=\"saumur\" width=\"300\" height=\"199\" class=\"alignnone size-medium wp-image-80\" srcset=\"https:\/\/blog.univ-angers.fr\/tonevenementducoin\/files\/2015\/02\/saumur-300x199.jpg 300w, https:\/\/blog.univ-angers.fr\/tonevenementducoin\/files\/2015\/02\/saumur.jpg 997w\" sizes=\"auto, (max-width: 300px) 100vw, 300px\" \/><\/a><br \/>\nPhoto avec autorisation de publication<\/p>\n<!-- AddThis Advanced Settings generic via filter on the_content --><!-- AddThis Share Buttons generic via filter on the_content -->","protected":false},"excerpt":{"rendered":"<p>Ville d&rsquo;art et d&rsquo;histoire, Saumur est une ville qui poss\u00e8de de nombreux lieux culturels et de patrimoines reconnus qu&rsquo;elle met en valeur en faisant de nombreuses animations. Elle participe notamment \u00e0 la Nuit des Mus\u00e9es ! Son ch\u00e2teau est aussi c\u00e9l\u00e8bre, ainsi que le Cadre Noir et ses fameux cavaliers ! Photo avec autorisation de &hellip; <a href=\"https:\/\/blog.univ-angers.fr\/tonevenementducoin\/saumur\/\" class=\"more-link\">Continuer la lecture de <span class=\"screen-reader-text\">Saumur<\/span> <span class=\"meta-nav\">&rarr;<\/span><\/a><!-- AddThis Advanced Settings generic via filter on get_the_excerpt --><!-- AddThis Share Buttons generic via filter on get_the_excerpt --><\/p>\n","protected":false},"author":26954,"featured_media":0,"parent":0,"menu_order":0,"comment_status":"open","ping_status":"open","template":"","meta":{"footnotes":""},"class_list":["post-5","page","type-page","status-publish","hentry"],"_links":{"self":[{"href":"https:\/\/blog.univ-angers.fr\/tonevenementducoin\/wp-json\/wp\/v2\/pages\/5","targetHints":{"allow":["GET"]}}],"collection":[{"href":"https:\/\/blog.univ-angers.fr\/tonevenementducoin\/wp-json\/wp\/v2\/pages"}],"about":[{"href":"https:\/\/blog.univ-angers.fr\/tonevenementducoin\/wp-json\/wp\/v2\/types\/page"}],"author":[{"embeddable":true,"href":"https:\/\/blog.univ-angers.fr\/tonevenementducoin\/wp-json\/wp\/v2\/users\/26954"}],"replies":[{"embeddable":true,"href":"https:\/\/blog.univ-angers.fr\/tonevenementducoin\/wp-json\/wp\/v2\/comments?post=5"}],"version-history":[{"count":1,"href":"https:\/\/blog.univ-angers.fr\/tonevenementducoin\/wp-json\/wp\/v2\/pages\/5\/revisions"}],"predecessor-version":[{"id":76,"href":"https:\/\/blog.univ-angers.fr\/tonevenementducoin\/wp-json\/wp\/v2\/pages\/5\/revisions\/76"}],"wp:attachment":[{"href":"https:\/\/blog.univ-angers.fr\/tonevenementducoin\/wp-json\/wp\/v2\/media?parent=5"}],"curies":[{"name":"wp","href":"https:\/\/api.w.org\/{rel}","templated":true}]}}