{"id":2,"date":"2015-02-27T12:53:53","date_gmt":"2015-02-27T12:53:53","guid":{"rendered":"https:\/\/blog.univ-angers.fr\/tonevenementducoin\/?page_id=2"},"modified":"2015-05-05T18:01:54","modified_gmt":"2015-05-05T17:01:54","slug":"page-d-exemple","status":"publish","type":"page","link":"https:\/\/blog.univ-angers.fr\/tonevenementducoin\/page-d-exemple\/","title":{"rendered":"Angers"},"content":{"rendered":"<p><a href=\"https:\/\/blog.univ-angers.fr\/tonevenementducoin\/files\/2015\/02\/url.jpeg\"><img loading=\"lazy\" decoding=\"async\" src=\"https:\/\/blog.univ-angers.fr\/tonevenementducoin\/files\/2015\/02\/url.jpeg\" alt=\"url\" width=\"947\" height=\"600\" class=\"aligncenter size-full wp-image-96\" srcset=\"https:\/\/blog.univ-angers.fr\/tonevenementducoin\/files\/2015\/02\/url.jpeg 947w, https:\/\/blog.univ-angers.fr\/tonevenementducoin\/files\/2015\/02\/url-300x190.jpeg 300w\" sizes=\"auto, (max-width: 947px) 100vw, 947px\" \/><\/a>Image: Libre de droits d\u2019usage ou de distribution<\/p>\n<p>Un seul coup d\u2019\u0153il sur l\u2019agenda\u2026 et vous verrez que la culture angevine s\u2019ouvre \u00e0 tous les publics et \u00e0 tous les go\u00fbts. Des salles de th\u00e9\u00e2tre et de concerts au festival de cin\u00e9ma \u00ab Premiers Plans \u00bb en passant par les animations de rue des \u00abAccroche-C\u0153urs\u00bb (Site d&rsquo;Angers &#8211; Culture)<\/p>\n<!-- AddThis Advanced Settings generic via filter on the_content --><!-- AddThis Share Buttons generic via filter on the_content -->","protected":false},"excerpt":{"rendered":"<p>Image: Libre de droits d\u2019usage ou de distribution Un seul coup d\u2019\u0153il sur l\u2019agenda\u2026 et vous verrez que la culture angevine s\u2019ouvre \u00e0 tous les publics et \u00e0 tous les go\u00fbts. Des salles de th\u00e9\u00e2tre et de concerts au festival de cin\u00e9ma \u00ab Premiers Plans \u00bb en passant par les animations de rue des \u00abAccroche-C\u0153urs\u00bb &hellip; <a href=\"https:\/\/blog.univ-angers.fr\/tonevenementducoin\/page-d-exemple\/\" class=\"more-link\">Continuer la lecture de <span class=\"screen-reader-text\">Angers<\/span> <span class=\"meta-nav\">&rarr;<\/span><\/a><!-- AddThis Advanced Settings generic via filter on get_the_excerpt --><!-- AddThis Share Buttons generic via filter on get_the_excerpt --><\/p>\n","protected":false},"author":26954,"featured_media":0,"parent":0,"menu_order":0,"comment_status":"open","ping_status":"open","template":"","meta":{"footnotes":""},"class_list":["post-2","page","type-page","status-publish","hentry"],"_links":{"self":[{"href":"https:\/\/blog.univ-angers.fr\/tonevenementducoin\/wp-json\/wp\/v2\/pages\/2","targetHints":{"allow":["GET"]}}],"collection":[{"href":"https:\/\/blog.univ-angers.fr\/tonevenementducoin\/wp-json\/wp\/v2\/pages"}],"about":[{"href":"https:\/\/blog.univ-angers.fr\/tonevenementducoin\/wp-json\/wp\/v2\/types\/page"}],"author":[{"embeddable":true,"href":"https:\/\/blog.univ-angers.fr\/tonevenementducoin\/wp-json\/wp\/v2\/users\/26954"}],"replies":[{"embeddable":true,"href":"https:\/\/blog.univ-angers.fr\/tonevenementducoin\/wp-json\/wp\/v2\/comments?post=2"}],"version-history":[{"count":0,"href":"https:\/\/blog.univ-angers.fr\/tonevenementducoin\/wp-json\/wp\/v2\/pages\/2\/revisions"}],"wp:attachment":[{"href":"https:\/\/blog.univ-angers.fr\/tonevenementducoin\/wp-json\/wp\/v2\/media?parent=2"}],"curies":[{"name":"wp","href":"https:\/\/api.w.org\/{rel}","templated":true}]}}