{"id":10,"date":"2015-02-27T14:12:08","date_gmt":"2015-02-27T13:12:08","guid":{"rendered":"https:\/\/blog.univ-angers.fr\/tonevenementducoin\/?page_id=10"},"modified":"2015-03-16T13:30:00","modified_gmt":"2015-03-16T12:30:00","slug":"accueil","status":"publish","type":"page","link":"https:\/\/blog.univ-angers.fr\/tonevenementducoin\/accueil\/","title":{"rendered":"Accueil"},"content":{"rendered":"<p>Nous vous souhaitons la bienvenue sur le blog \u00ab Ton \u00e9v\u00e9nement du coin \u00bb ! Tu pourras trouver ici les diff\u00e9rents \u00e9v\u00e9nements pr\u00e8s de chez toi dans ce joli d\u00e9partement du Maine-et-Loire qui est le tien. N\u2019h\u00e9site pas \u00e0 donner ton avis si jamais tu as particip\u00e9 \u00e0 un des \u00e9v\u00e9nements !<\/p>\n<!-- AddThis Advanced Settings generic via filter on the_content --><!-- AddThis Share Buttons generic via filter on the_content -->","protected":false},"excerpt":{"rendered":"<p>Nous vous souhaitons la bienvenue sur le blog \u00ab Ton \u00e9v\u00e9nement du coin \u00bb ! Tu pourras trouver ici les diff\u00e9rents \u00e9v\u00e9nements pr\u00e8s de chez toi dans ce joli d\u00e9partement du Maine-et-Loire qui est le tien. N\u2019h\u00e9site pas \u00e0 donner ton avis si jamais tu as particip\u00e9 \u00e0 un des \u00e9v\u00e9nements !<!-- AddThis Advanced Settings generic via filter on get_the_excerpt --><!-- AddThis Share Buttons generic via filter on get_the_excerpt --><\/p>\n","protected":false},"author":26954,"featured_media":0,"parent":0,"menu_order":0,"comment_status":"open","ping_status":"open","template":"","meta":{"footnotes":""},"class_list":["post-10","page","type-page","status-publish","hentry"],"_links":{"self":[{"href":"https:\/\/blog.univ-angers.fr\/tonevenementducoin\/wp-json\/wp\/v2\/pages\/10","targetHints":{"allow":["GET"]}}],"collection":[{"href":"https:\/\/blog.univ-angers.fr\/tonevenementducoin\/wp-json\/wp\/v2\/pages"}],"about":[{"href":"https:\/\/blog.univ-angers.fr\/tonevenementducoin\/wp-json\/wp\/v2\/types\/page"}],"author":[{"embeddable":true,"href":"https:\/\/blog.univ-angers.fr\/tonevenementducoin\/wp-json\/wp\/v2\/users\/26954"}],"replies":[{"embeddable":true,"href":"https:\/\/blog.univ-angers.fr\/tonevenementducoin\/wp-json\/wp\/v2\/comments?post=10"}],"version-history":[{"count":0,"href":"https:\/\/blog.univ-angers.fr\/tonevenementducoin\/wp-json\/wp\/v2\/pages\/10\/revisions"}],"wp:attachment":[{"href":"https:\/\/blog.univ-angers.fr\/tonevenementducoin\/wp-json\/wp\/v2\/media?parent=10"}],"curies":[{"name":"wp","href":"https:\/\/api.w.org\/{rel}","templated":true}]}}