{"id":426,"date":"2015-03-23T14:19:31","date_gmt":"2015-03-23T13:19:31","guid":{"rendered":"https:\/\/blog.univ-angers.fr\/sumpps\/?page_id=426"},"modified":"2015-03-23T14:19:31","modified_gmt":"2015-03-23T13:19:31","slug":"bio","status":"publish","type":"page","link":"https:\/\/blog.univ-angers.fr\/sumpps\/bio\/","title":{"rendered":"Bio!"},"content":{"rendered":"<p><a href=\"https:\/\/blog.univ-angers.fr\/sumpps\/files\/2015\/03\/agribio.jpg\"><img loading=\"lazy\" decoding=\"async\" class=\"aligncenter size-medium wp-image-427\" alt=\"agribio\" src=\"https:\/\/blog.univ-angers.fr\/sumpps\/files\/2015\/03\/agribio-300x160.jpg\" width=\"300\" height=\"160\" srcset=\"https:\/\/blog.univ-angers.fr\/sumpps\/files\/2015\/03\/agribio-300x160.jpg 300w, https:\/\/blog.univ-angers.fr\/sumpps\/files\/2015\/03\/agribio.jpg 307w\" sizes=\"auto, (max-width: 300px) 100vw, 300px\" \/><\/a><\/p>\n<p style=\"text-align: center\">Toutes les recettes que nous vous proposons peuvent bien s\u00fbr \u00eatre <span style=\"color: #ff00ff\">bio <span style=\"color: #000000\">\u00e0 partir du moment o\u00f9 vous les r\u00e9aliser avec des ingr\u00e9dients issus de l&rsquo;<span style=\"color: #99cc00\">Agriculture Biologique<\/span>! Ils portent le logo <span style=\"color: #99cc00\">AB <span style=\"color: #000000\">comme l&rsquo;image. <\/span><\/span><\/span><\/span><\/p>\n","protected":false},"excerpt":{"rendered":"<p>Toutes les recettes que nous vous proposons peuvent bien s\u00fbr \u00eatre bio \u00e0 partir du moment o\u00f9 vous les r\u00e9aliser avec des ingr\u00e9dients issus de l&rsquo;Agriculture Biologique! Ils portent le logo AB comme l&rsquo;image.<\/p>\n","protected":false},"author":10930,"featured_media":0,"parent":0,"menu_order":0,"comment_status":"open","ping_status":"open","template":"","meta":{"footnotes":""},"class_list":["post-426","page","type-page","status-publish","hentry"],"_links":{"self":[{"href":"https:\/\/blog.univ-angers.fr\/sumpps\/wp-json\/wp\/v2\/pages\/426","targetHints":{"allow":["GET"]}}],"collection":[{"href":"https:\/\/blog.univ-angers.fr\/sumpps\/wp-json\/wp\/v2\/pages"}],"about":[{"href":"https:\/\/blog.univ-angers.fr\/sumpps\/wp-json\/wp\/v2\/types\/page"}],"author":[{"embeddable":true,"href":"https:\/\/blog.univ-angers.fr\/sumpps\/wp-json\/wp\/v2\/users\/10930"}],"replies":[{"embeddable":true,"href":"https:\/\/blog.univ-angers.fr\/sumpps\/wp-json\/wp\/v2\/comments?post=426"}],"version-history":[{"count":0,"href":"https:\/\/blog.univ-angers.fr\/sumpps\/wp-json\/wp\/v2\/pages\/426\/revisions"}],"wp:attachment":[{"href":"https:\/\/blog.univ-angers.fr\/sumpps\/wp-json\/wp\/v2\/media?parent=426"}],"curies":[{"name":"wp","href":"https:\/\/api.w.org\/{rel}","templated":true}]}}