{"id":41,"date":"2014-10-10T13:43:33","date_gmt":"2014-10-10T12:43:33","guid":{"rendered":"https:\/\/blog.univ-angers.fr\/sumpps\/?page_id=41"},"modified":"2015-04-07T09:17:04","modified_gmt":"2015-04-07T08:17:04","slug":"actualites","status":"publish","type":"page","link":"https:\/\/blog.univ-angers.fr\/sumpps\/actualites\/","title":{"rendered":"Actualit\u00e9s"},"content":{"rendered":"<p style=\"text-align: center\"><span style=\"color: #99cc00\"><strong>Bienvenue sur le blog des recettes du SUMPPS!<\/strong><\/span><\/p>\n<p style=\"text-align: center\">Toute l&rsquo;ann\u00e9e des id\u00e9es pour manger vari\u00e9, et sortir des p\u00e2tes au beurre!<\/p>\n<p style=\"text-align: center\">\n<p style=\"text-align: justify\"><a href=\"https:\/\/blog.univ-angers.fr\/sumpps\/files\/2014\/10\/macaroni.jpg\"><img loading=\"lazy\" decoding=\"async\" class=\"size-full wp-image-372 alignright\" alt=\"macaroni\" src=\"https:\/\/blog.univ-angers.fr\/sumpps\/files\/2014\/10\/macaroni.jpg\" width=\"296\" height=\"180\" \/><\/a>Vous nous avez retrouv\u00e9s sur nos stands de pr\u00e9vention dans vos facs, et avez appr\u00e9ci\u00e9s nos recettes, retrouvez les toutes ici! N&rsquo;h\u00e9sitez pas \u00e0 nous laisser vos commentaires, suggestions ou id\u00e9es.<\/p>\n<p style=\"text-align: justify\">Plus d&rsquo;infos sur le SUMPPS d&rsquo;Angers, auteur du blog, c&rsquo;est par l\u00e0 -&gt; <a href=\"http:\/\/www.univ-angers.fr\/fr\/vie-a-l-universite\/medecine-preventive.html\">SUMPPS <\/a><\/p>\n","protected":false},"excerpt":{"rendered":"<p>Bienvenue sur le blog des recettes du SUMPPS! Toute l&rsquo;ann\u00e9e des id\u00e9es pour manger vari\u00e9, et sortir des p\u00e2tes au beurre! Vous nous avez retrouv\u00e9s sur nos stands de pr\u00e9vention dans vos facs, et avez appr\u00e9ci\u00e9s nos recettes, retrouvez les toutes ici! N&rsquo;h\u00e9sitez pas \u00e0 nous laisser vos commentaires, suggestions ou id\u00e9es. Plus d&rsquo;infos sur &hellip; <a href=\"https:\/\/blog.univ-angers.fr\/sumpps\/actualites\/\" class=\"more-link\">Continuer la lecture de <span class=\"screen-reader-text\">Actualit\u00e9s<\/span>  <span class=\"meta-nav\">&rarr;<\/span><\/a><\/p>\n","protected":false},"author":2775,"featured_media":0,"parent":0,"menu_order":1,"comment_status":"open","ping_status":"closed","template":"","meta":{"footnotes":""},"class_list":["post-41","page","type-page","status-publish","hentry"],"_links":{"self":[{"href":"https:\/\/blog.univ-angers.fr\/sumpps\/wp-json\/wp\/v2\/pages\/41","targetHints":{"allow":["GET"]}}],"collection":[{"href":"https:\/\/blog.univ-angers.fr\/sumpps\/wp-json\/wp\/v2\/pages"}],"about":[{"href":"https:\/\/blog.univ-angers.fr\/sumpps\/wp-json\/wp\/v2\/types\/page"}],"author":[{"embeddable":true,"href":"https:\/\/blog.univ-angers.fr\/sumpps\/wp-json\/wp\/v2\/users\/2775"}],"replies":[{"embeddable":true,"href":"https:\/\/blog.univ-angers.fr\/sumpps\/wp-json\/wp\/v2\/comments?post=41"}],"version-history":[{"count":1,"href":"https:\/\/blog.univ-angers.fr\/sumpps\/wp-json\/wp\/v2\/pages\/41\/revisions"}],"predecessor-version":[{"id":465,"href":"https:\/\/blog.univ-angers.fr\/sumpps\/wp-json\/wp\/v2\/pages\/41\/revisions\/465"}],"wp:attachment":[{"href":"https:\/\/blog.univ-angers.fr\/sumpps\/wp-json\/wp\/v2\/media?parent=41"}],"curies":[{"name":"wp","href":"https:\/\/api.w.org\/{rel}","templated":true}]}}