{"id":331,"date":"2015-01-16T15:16:50","date_gmt":"2015-01-16T14:16:50","guid":{"rendered":"https:\/\/blog.univ-angers.fr\/sumpps\/?page_id=331"},"modified":"2015-03-19T09:39:58","modified_gmt":"2015-03-19T08:39:58","slug":"cocktails-sans-alcool","status":"publish","type":"page","link":"https:\/\/blog.univ-angers.fr\/sumpps\/cocktails-sans-alcool\/","title":{"rendered":"Cocktails sans alcool"},"content":{"rendered":"<p>&nbsp;<\/p>\n<p><strong><span style=\"color: #99cc00\"><a title=\"Anjou brut\" href=\"https:\/\/blog.univ-angers.fr\/sumpps\/2015\/01\/16\/anjou-brut\/\"><span style=\"color: #99cc00\"><a href=\"https:\/\/blog.univ-angers.fr\/sumpps\/files\/2015\/01\/cocktail-.jpg\"><img loading=\"lazy\" decoding=\"async\" class=\" wp-image-408 alignright\" alt=\"cocktail-\" src=\"https:\/\/blog.univ-angers.fr\/sumpps\/files\/2015\/01\/cocktail-.jpg\" width=\"294\" height=\"225\" \/><\/a>Anjou brut<\/span><\/a><\/span><\/strong><\/p>\n<p><strong><span style=\"color: #99cc00\">Apple cobbler<\/span><\/strong><\/p>\n<p><strong><span style=\"color: #99cc00\"><a title=\"Cocktail de la Martinique\" href=\"https:\/\/blog.univ-angers.fr\/sumpps\/2015\/01\/16\/cocktail-de-la-martinique\/\"><span style=\"color: #99cc00\">Cocktail de la Martinique<\/span><\/a><\/span><\/strong><\/p>\n<p><strong><span style=\"color: #99cc00\"><a title=\"Coconut kiss\" href=\"https:\/\/blog.univ-angers.fr\/sumpps\/2015\/02\/27\/coconut-kiss\/\"><span style=\"color: #99cc00\">Coconut kiss<\/span><\/a><\/span><\/strong><\/p>\n<p><strong><span style=\"color: #99cc00\"><a title=\"Coupe aux fruits\" href=\"https:\/\/blog.univ-angers.fr\/sumpps\/2015\/02\/27\/coupe-aux-fruits\/\"><span style=\"color: #99cc00\">Coupe aux fruits<\/span><\/a><\/span><\/strong><\/p>\n<p><strong><span style=\"color: #99cc00\"><a title=\"DBK \u2013 Diabolo Banane Kiwi\" href=\"https:\/\/blog.univ-angers.fr\/sumpps\/2015\/02\/27\/dbk-diabolo-banane-kiwi\/\"><span style=\"color: #99cc00\">DBK<\/span><\/a><\/span><\/strong><\/p>\n<p><strong><span style=\"color: #99cc00\"><a title=\"Fruits des \u00eeles\" href=\"https:\/\/blog.univ-angers.fr\/sumpps\/2015\/01\/16\/fruits-des-iles\/\"><span style=\"color: #99cc00\">Fruit des \u00eeles<\/span><\/a><\/span><\/strong><\/p>\n<p><strong><span style=\"color: #99cc00\"><a title=\"Fleur c\u00e9leste\" href=\"https:\/\/blog.univ-angers.fr\/sumpps\/2015\/01\/16\/fleur-celeste\/\"><span style=\"color: #99cc00\">Fleur c\u00e9leste<\/span><\/a><\/span><\/strong><\/p>\n<p><strong><span style=\"color: #99cc00\"><a title=\"Ile d\u2019Ischia\" href=\"https:\/\/blog.univ-angers.fr\/sumpps\/2015\/02\/27\/ile-dischia\/\"><span style=\"color: #99cc00\">Ile d&rsquo;Ischia<\/span><\/a><\/span><\/strong><\/p>\n<p><strong><span style=\"color: #99cc00\"><a title=\"Incorruptible champagne\" href=\"https:\/\/blog.univ-angers.fr\/sumpps\/2015\/02\/27\/incorruptible-champagne\/\"><span style=\"color: #99cc00\">Incorruptible champagne<\/span><\/a><\/span><\/strong><\/p>\n<p><strong><span style=\"color: #99cc00\"><a title=\"Le feu vert\" href=\"https:\/\/blog.univ-angers.fr\/sumpps\/2015\/02\/27\/le-feu-vert\/\"><span style=\"color: #99cc00\">Le feu vert<\/span><\/a><\/span><\/strong><\/p>\n<p><strong><span style=\"color: #99cc00\"><a title=\"Le fouesnantais\" href=\"https:\/\/blog.univ-angers.fr\/sumpps\/2015\/01\/16\/le-fouesnantais\/\"><span style=\"color: #99cc00\">Le fouesnantais<\/span><\/a><\/span><\/strong><\/p>\n<p><strong><span style=\"color: #99cc00\"><a title=\"Le Monte Carlo\" href=\"https:\/\/blog.univ-angers.fr\/sumpps\/2015\/01\/16\/le-monte-carlo\/\"><span style=\"color: #99cc00\">Le Monte Carlo<\/span><\/a><\/span><\/strong><\/p>\n<p><strong><span style=\"color: #99cc00\"><a title=\"Le rayon de soleil\" href=\"https:\/\/blog.univ-angers.fr\/sumpps\/2015\/01\/16\/le-rayon-de-soleil\/\"><span style=\"color: #99cc00\">Le rayon de soleil<\/span><\/a><\/span><\/strong><\/p>\n<p><strong><span style=\"color: #99cc00\"><a title=\"Le sportif\" href=\"https:\/\/blog.univ-angers.fr\/sumpps\/2015\/02\/27\/le-sportif\/\"><span style=\"color: #99cc00\">Le sportif<\/span><\/a><\/span><\/strong><\/p>\n<p><strong><span style=\"color: #99cc00\"><a title=\"Le super vitamin\u00e9\" href=\"https:\/\/blog.univ-angers.fr\/sumpps\/2015\/01\/16\/le-super-vitamine\/\"><span style=\"color: #99cc00\">Le super vitamin\u00e9<\/span><\/a><\/span><\/strong><\/p>\n<p><strong><span style=\"color: #99cc00\"><a title=\"Le tropic\" href=\"https:\/\/blog.univ-angers.fr\/sumpps\/2015\/01\/16\/le-tropic\/\"><span style=\"color: #99cc00\">Le tropic<\/span><\/a><\/span><\/strong><\/p>\n<p><strong><span style=\"color: #99cc00\"><a title=\"Le v\u00e9suve\" href=\"https:\/\/blog.univ-angers.fr\/sumpps\/2015\/02\/27\/le-vesuve\/\"><span style=\"color: #99cc00\">Le v\u00e9suve<\/span><\/a><\/span><\/strong><\/p>\n<p><strong><span style=\"color: #99cc00\"><a title=\"Lemon mint\" href=\"https:\/\/blog.univ-angers.fr\/sumpps\/2015\/02\/27\/lemon-mint\/\"><span style=\"color: #99cc00\">Lemon mint<\/span><\/a><\/span><\/strong><\/p>\n<p><strong><span style=\"color: #99cc00\"><a title=\"Pierre pr\u00e9cieuse\" href=\"https:\/\/blog.univ-angers.fr\/sumpps\/2015\/02\/27\/pierre-precieuse\/\"><span style=\"color: #99cc00\">Pierre pr\u00e9cieuse<\/span><\/a><\/span><\/strong><\/p>\n<p><strong><span style=\"color: #99cc00\"><a title=\"Prune shake\" href=\"https:\/\/blog.univ-angers.fr\/sumpps\/2015\/02\/27\/prune-shake\/\"><span style=\"color: #99cc00\">Prune shake<\/span><\/a><\/span><\/strong><\/p>\n<p><strong><span style=\"color: #99cc00\"><a title=\"Rolling peach\" href=\"https:\/\/blog.univ-angers.fr\/sumpps\/2015\/02\/27\/rolling-peach\/\"><span style=\"color: #99cc00\">Rolling peach<\/span><\/a><\/span><\/strong><\/p>\n<p><strong><span style=\"color: #99cc00\"><a title=\"Sangria\" href=\"https:\/\/blog.univ-angers.fr\/sumpps\/2015\/01\/16\/sangria\/\"><span style=\"color: #99cc00\">Sangria<\/span><\/a><\/span><\/strong><\/p>\n<p><strong><span style=\"color: #99cc00\">\u00a0<\/span><\/strong><\/p>\n<p><strong><span style=\"color: #99cc00\">\u00a0<\/span><\/strong><\/p>\n","protected":false},"excerpt":{"rendered":"<p>&nbsp; Anjou brut Apple cobbler Cocktail de la Martinique Coconut kiss Coupe aux fruits DBK Fruit des \u00eeles Fleur c\u00e9leste Ile d&rsquo;Ischia Incorruptible champagne Le feu vert Le fouesnantais Le Monte Carlo Le rayon de soleil Le sportif Le super vitamin\u00e9 Le tropic Le v\u00e9suve Lemon mint Pierre pr\u00e9cieuse Prune shake Rolling peach Sangria \u00a0 &hellip; <a href=\"https:\/\/blog.univ-angers.fr\/sumpps\/cocktails-sans-alcool\/\" class=\"more-link\">Continuer la lecture de <span class=\"screen-reader-text\">Cocktails sans alcool<\/span>  <span class=\"meta-nav\">&rarr;<\/span><\/a><\/p>\n","protected":false},"author":10930,"featured_media":0,"parent":0,"menu_order":0,"comment_status":"open","ping_status":"closed","template":"","meta":{"footnotes":""},"class_list":["post-331","page","type-page","status-publish","hentry"],"_links":{"self":[{"href":"https:\/\/blog.univ-angers.fr\/sumpps\/wp-json\/wp\/v2\/pages\/331","targetHints":{"allow":["GET"]}}],"collection":[{"href":"https:\/\/blog.univ-angers.fr\/sumpps\/wp-json\/wp\/v2\/pages"}],"about":[{"href":"https:\/\/blog.univ-angers.fr\/sumpps\/wp-json\/wp\/v2\/types\/page"}],"author":[{"embeddable":true,"href":"https:\/\/blog.univ-angers.fr\/sumpps\/wp-json\/wp\/v2\/users\/10930"}],"replies":[{"embeddable":true,"href":"https:\/\/blog.univ-angers.fr\/sumpps\/wp-json\/wp\/v2\/comments?post=331"}],"version-history":[{"count":1,"href":"https:\/\/blog.univ-angers.fr\/sumpps\/wp-json\/wp\/v2\/pages\/331\/revisions"}],"predecessor-version":[{"id":373,"href":"https:\/\/blog.univ-angers.fr\/sumpps\/wp-json\/wp\/v2\/pages\/331\/revisions\/373"}],"wp:attachment":[{"href":"https:\/\/blog.univ-angers.fr\/sumpps\/wp-json\/wp\/v2\/media?parent=331"}],"curies":[{"name":"wp","href":"https:\/\/api.w.org\/{rel}","templated":true}]}}