{"id":329,"date":"2015-01-16T14:24:37","date_gmt":"2015-01-16T13:24:37","guid":{"rendered":"https:\/\/blog.univ-angers.fr\/sumpps\/?page_id=329"},"modified":"2015-05-26T15:03:11","modified_gmt":"2015-05-26T14:03:11","slug":"recettes-sucrees","status":"publish","type":"page","link":"https:\/\/blog.univ-angers.fr\/sumpps\/recettes-sucrees\/","title":{"rendered":"Recettes sucr\u00e9es"},"content":{"rendered":"<h1><a href=\"http:\/\/s.plurielles.fr\/mmdia\/i\/47\/4\/millefeuille-10409474wuaxf_2041.jpg\"><img loading=\"lazy\" decoding=\"async\" class=\"aligncenter\" alt=\"\" src=\"http:\/\/s.plurielles.fr\/mmdia\/i\/47\/4\/millefeuille-10409474wuaxf_2041.jpg\" width=\"370\" height=\"370\" \/><\/a><span style=\"color: #ff00ff\"><strong>B<\/strong><\/span><\/h1>\n<p style=\"padding-left: 30px\"><strong><span style=\"color: #99cc00\"><a title=\"Boulgour aux bananes et aux raisins secs\" href=\"https:\/\/blog.univ-angers.fr\/sumpps\/2014\/11\/12\/boulgour-aux-bananes-et-aux-raisins-secs\/\"><span style=\"color: #99cc00\">Boulgour aux bananes et aux raisins secs<\/span><\/a><\/span><\/strong><\/p>\n<h1><span style=\"color: #ff00ff\">C<\/span><\/h1>\n<p style=\"padding-left: 30px\"><strong><span style=\"color: #99cc00\"><a title=\"Clafoutis aux fruits\" href=\"https:\/\/blog.univ-angers.fr\/sumpps\/2014\/11\/12\/clafoutis-aux-fruits\/\"><span style=\"color: #99cc00\">Clafoutis aux fruits<\/span><\/a><\/span><\/strong><\/p>\n<p style=\"padding-left: 30px\"><strong><span style=\"color: #99cc00\"><a title=\"Cr\u00eape gourmande \u00e9conomique\" href=\"https:\/\/blog.univ-angers.fr\/sumpps\/2014\/11\/12\/crepe-gourmande-economique\/\"><span style=\"color: #99cc00\">Cr\u00eape gourmande \u00e9conomique<\/span><\/a><\/span><\/strong><\/p>\n<p style=\"padding-left: 30px\"><strong><span style=\"color: #99cc00\"><a title=\"Compote de pommes\" href=\"https:\/\/blog.univ-angers.fr\/sumpps\/2014\/11\/12\/compote-de-pommes\/\"><span style=\"color: #99cc00\">Compote de pommes<\/span><\/a><\/span><\/strong><\/p>\n<p style=\"padding-left: 30px\"><strong><span style=\"color: #99cc00\"><a title=\"Crumble aux pommes et aux poires\" href=\"https:\/\/blog.univ-angers.fr\/sumpps\/2014\/11\/12\/crumble-aux-pommes-et-aux-poires\/\"><span style=\"color: #99cc00\">Crumble aux pommes et aux poires<\/span><\/a><\/span><\/strong><\/p>\n<p style=\"padding-left: 30px\"><strong><span style=\"color: #99cc00\"><a title=\"Crumble express pour \u00e9tudiant press\u00e9\" href=\"https:\/\/blog.univ-angers.fr\/sumpps\/2014\/11\/12\/crumble-express-pour-etudiant-presse\/\"><span style=\"color: #99cc00\">Crumble express pour \u00e9tudiant press\u00e9<\/span><\/a><\/span><\/strong><\/p>\n<p style=\"padding-left: 30px\"><strong><span style=\"color: #99cc00\"><a title=\"Crumble pommes poires sans beurre\" href=\"https:\/\/blog.univ-angers.fr\/sumpps\/2014\/11\/12\/crumble-pommes-poires-sans-beurre\/\"><span style=\"color: #99cc00\">Crumble pommes poires sans beurre<\/span><\/a><\/span><\/strong><\/p>\n<h1><strong><span style=\"color: #ff00ff\">G<\/span><\/strong><\/h1>\n<p style=\"padding-left: 30px\"><span style=\"color: #99cc00\"><strong><a title=\"G\u00e2teau \u00e0 la carotte\" href=\"https:\/\/blog.univ-angers.fr\/sumpps\/2015\/05\/26\/gateau-a-la-carotte\/\"><span style=\"color: #99cc00\">G\u00e2teau aux carottes<\/span><\/a><\/strong><\/span><\/p>\n<p style=\"padding-left: 30px\"><span style=\"color: #99cc00\"><strong><a title=\"G\u00e2teau d\u2019avoine\" href=\"https:\/\/blog.univ-angers.fr\/sumpps\/2015\/03\/23\/gateau-davoine\/\"><span style=\"color: #99cc00\">G\u00e2teau aux flocons d&rsquo;avoine<\/span><\/a><\/strong><\/span><\/p>\n<p style=\"padding-left: 30px\"><strong><span style=\"color: #99cc00\"><a title=\"G\u00e2teau \u00e0 la banane\" href=\"https:\/\/blog.univ-angers.fr\/sumpps\/2014\/10\/10\/gateau-a-la-banane\/\"><span style=\"color: #99cc00\">G\u00e2teau \u00e0 la banane<\/span><\/a><\/span><\/strong><\/p>\n<p style=\"padding-left: 30px\"><strong><span style=\"color: #99cc00\"><a title=\"G\u00e2teau aux pommes\" href=\"https:\/\/blog.univ-angers.fr\/sumpps\/2014\/11\/12\/gateau-aux-pommes\/\"><span style=\"color: #99cc00\">G\u00e2teau aux pommes<\/span><\/a><\/span><\/strong><\/p>\n<p style=\"padding-left: 30px\"><strong><span style=\"color: #99cc00\"><a title=\"G\u00e2teau au chocolat\" href=\"https:\/\/blog.univ-angers.fr\/sumpps\/2014\/11\/12\/gateau-au-chocolat\/\"><span style=\"color: #99cc00\">G\u00e2teau au chocolat<\/span><\/a><\/span><\/strong><\/p>\n<h1><span style=\"color: #ff00ff\">F<\/span><\/h1>\n<p style=\"padding-left: 30px\"><strong><span style=\"color: #99cc00\"><a title=\"Flan aux \u00e9pices\" href=\"https:\/\/blog.univ-angers.fr\/sumpps\/2015\/05\/26\/flan-aux-epices\/\"><span style=\"color: #99cc00\">Flan aux \u00e9pices<\/span><\/a><\/span><\/strong><\/p>\n<p style=\"padding-left: 30px\"><strong><span style=\"color: #99cc00\"><a title=\"Fondant \u00e0 la noix de coco\" href=\"https:\/\/blog.univ-angers.fr\/sumpps\/2014\/11\/12\/fondant-a-la-noix-de-coco\/\"><span style=\"color: #99cc00\">Fondant \u00e0 la noix de coco<\/span><\/a><\/span><\/strong><\/p>\n<h1><strong><span style=\"color: #ff00ff\">M<\/span><\/strong><\/h1>\n<p style=\"padding-left: 30px\"><strong><span style=\"color: #99cc00\"><a title=\"Moelleux au sirop d\u2019orange\" href=\"https:\/\/blog.univ-angers.fr\/sumpps\/2015\/05\/26\/moelleux-au-sirop-dorange\/\"><span style=\"color: #99cc00\">Mo\u00eblleux chocolat au sirop d&rsquo;orange<\/span><\/a><\/span><\/strong><\/p>\n<p style=\"padding-left: 30px\"><strong><span style=\"color: #99cc00\"><a title=\"Moelleux pralin\u00e9\" href=\"https:\/\/blog.univ-angers.fr\/sumpps\/2014\/11\/12\/moelleux-praline\/\"><span style=\"color: #99cc00\">Moelleux pralin\u00e9<\/span><\/a><\/span><\/strong><\/p>\n<h1><span style=\"color: #ff00ff\">P<\/span><\/h1>\n<p style=\"padding-left: 30px\"><strong><span style=\"color: #99cc00\"><a title=\"Pain Perdu\" href=\"https:\/\/blog.univ-angers.fr\/sumpps\/2014\/11\/12\/pain-perdu\/\"><span style=\"color: #99cc00\">Pain Perdu<\/span><\/a><\/span><\/strong><\/p>\n<p style=\"padding-left: 30px\"><strong><span style=\"color: #99cc00\"><a title=\"Pancakes\" href=\"https:\/\/blog.univ-angers.fr\/sumpps\/2014\/10\/10\/pancakes\/\"><span style=\"color: #99cc00\">Pancakes<\/span><\/a><\/span><\/strong><\/p>\n<h1><strong><span style=\"color: #ff00ff\">S<\/span><\/strong><\/h1>\n<p style=\"padding-left: 30px\"><span style=\"color: #99cc00\"><strong>Salade d&rsquo;agrumes<\/strong><\/span><\/p>\n<p style=\"padding-left: 30px\"><strong><span style=\"color: #99cc00\"><a title=\"Salade de fruits\" href=\"https:\/\/blog.univ-angers.fr\/sumpps\/2014\/11\/12\/salade-de-fruits\/\"><span style=\"color: #99cc00\">Salade de fruits<\/span><\/a><\/span><\/strong><\/p>\n<p><a href=\"http:\/\/s.plurielles.fr\/mmdia\/i\/47\/4\/millefeuille-10409474wuaxf_2041.jpg?v=1\">Source image<\/a><\/p>\n","protected":false},"excerpt":{"rendered":"<p>B Boulgour aux bananes et aux raisins secs C Clafoutis aux fruits Cr\u00eape gourmande \u00e9conomique Compote de pommes Crumble aux pommes et aux poires Crumble express pour \u00e9tudiant press\u00e9 Crumble pommes poires sans beurre G G\u00e2teau aux carottes G\u00e2teau aux flocons d&rsquo;avoine G\u00e2teau \u00e0 la banane G\u00e2teau aux pommes G\u00e2teau au chocolat F Flan aux &hellip; <a href=\"https:\/\/blog.univ-angers.fr\/sumpps\/recettes-sucrees\/\" class=\"more-link\">Continuer la lecture de <span class=\"screen-reader-text\">Recettes sucr\u00e9es<\/span>  <span class=\"meta-nav\">&rarr;<\/span><\/a><\/p>\n","protected":false},"author":10930,"featured_media":0,"parent":0,"menu_order":0,"comment_status":"open","ping_status":"open","template":"","meta":{"footnotes":""},"class_list":["post-329","page","type-page","status-publish","hentry"],"_links":{"self":[{"href":"https:\/\/blog.univ-angers.fr\/sumpps\/wp-json\/wp\/v2\/pages\/329","targetHints":{"allow":["GET"]}}],"collection":[{"href":"https:\/\/blog.univ-angers.fr\/sumpps\/wp-json\/wp\/v2\/pages"}],"about":[{"href":"https:\/\/blog.univ-angers.fr\/sumpps\/wp-json\/wp\/v2\/types\/page"}],"author":[{"embeddable":true,"href":"https:\/\/blog.univ-angers.fr\/sumpps\/wp-json\/wp\/v2\/users\/10930"}],"replies":[{"embeddable":true,"href":"https:\/\/blog.univ-angers.fr\/sumpps\/wp-json\/wp\/v2\/comments?post=329"}],"version-history":[{"count":1,"href":"https:\/\/blog.univ-angers.fr\/sumpps\/wp-json\/wp\/v2\/pages\/329\/revisions"}],"predecessor-version":[{"id":330,"href":"https:\/\/blog.univ-angers.fr\/sumpps\/wp-json\/wp\/v2\/pages\/329\/revisions\/330"}],"wp:attachment":[{"href":"https:\/\/blog.univ-angers.fr\/sumpps\/wp-json\/wp\/v2\/media?parent=329"}],"curies":[{"name":"wp","href":"https:\/\/api.w.org\/{rel}","templated":true}]}}