{"id":323,"date":"2014-11-28T10:00:14","date_gmt":"2014-11-28T09:00:14","guid":{"rendered":"https:\/\/blog.univ-angers.fr\/sumpps\/?page_id=323"},"modified":"2014-11-28T10:04:25","modified_gmt":"2014-11-28T09:04:25","slug":"les-marches-sur-angers","status":"publish","type":"page","link":"https:\/\/blog.univ-angers.fr\/sumpps\/actualites\/les-marches-sur-angers\/","title":{"rendered":"Les march\u00e9s sur Angers!"},"content":{"rendered":"<p><img loading=\"lazy\" decoding=\"async\" src=\"https:\/\/encrypted-tbn0.gstatic.com\/images?q=tbn:ANd9GcTdriskVxegfQvVMBD9l4lEr-hAd6US8yaxaGPJZGRQtGU92t9K\" width=\"259\" height=\"194\" class=\"aligncenter\" \/><\/p>\n<p>De 8 h \u00e0 13 h 30* les :<\/p>\n<p><strong>MARDI<\/strong><\/p>\n<p>Quartier BELLE BEILLE, place Marcel Vigne<br \/>\nQuartier JUSTICES MADELEINE-SAINT LEONARD, rue des Ponts de C\u00e9<br \/>\nQuartier NEY CHALOUERE, place Ney<\/p>\n<p><strong>MERCREDI<\/strong><\/p>\n<p>Quartier CENTRE VILLE, place La Fayette, plus de 50 commer\u00e7ants<br \/>\nQuartier MONPLAISIR, boulevard Auguste Allonneau, plus de 50 commer\u00e7ants<\/p>\n<p><strong>JEUDI<\/strong><\/p>\n<p>Quartier DOUTRE SAINT-JACQUES, place du docteur Bichon, plus de 50 commer\u00e7ants<br \/>\nQuartier CENTRE VILLE, square Jeanne d&rsquo;Arc<\/p>\n<p><strong>VENDREDI<\/strong><\/p>\n<p>Quartier BELLE BEILLE, place Marcel Vigne<br \/>\nQuartier DEUX-CROIX BANCHAIS, Place Camille Claudel<br \/>\nQuartier CENTRE VILLE, Square Jean Chevillard, march\u00e9 des producteurs, de 16 h \u00e0 19 h<\/p>\n<p><strong>SAMEDI<\/strong><\/p>\n<p>Quartier CENTRE VILLE, le grand march\u00e9, place du g\u00e9n\u00e9ral Leclerc, place Louis Imbach, place Pierre Mend\u00e8s France et boulevard Bessonneau, plus de 150 commer\u00e7ants.<br \/>\nQuartier CENTRE VILLE, place La Fayette, plus de 50 commer\u00e7ants<br \/>\nQuartier DOUTRE SAINT-JACQUES, place Gr\u00e9goire Bordillon<br \/>\nQuartier CENTRE VILLE, place Moli\u00e8re, march\u00e9 biologique<br \/>\nQuartier LA ROSERAIE, place Jean XXIII<\/p>\n<p><strong>DIMANCHE<\/strong><\/p>\n<p>Quartier MONPLAISIR, boulevard Auguste Allonneau, plus de 100 commer\u00e7ants<\/p>\n<p>* : sauf march\u00e9 des producteurs, square Jean Chevillard<\/p>\n<p><a href=\"http:\/\/www.angers.fr\/vie-pratique\/vie-quotidienne\/voirie-deplacements\/la-gestion-des-voies-publiques\/les-marches-d-angers\/index.html\" title=\"Site Ville d'Angers\"><\/a><\/p>\n","protected":false},"excerpt":{"rendered":"<p>De 8 h \u00e0 13 h 30* les : MARDI Quartier BELLE BEILLE, place Marcel Vigne Quartier JUSTICES MADELEINE-SAINT LEONARD, rue des Ponts de C\u00e9 Quartier NEY CHALOUERE, place Ney MERCREDI Quartier CENTRE VILLE, place La Fayette, plus de 50 commer\u00e7ants Quartier MONPLAISIR, boulevard Auguste Allonneau, plus de 50 commer\u00e7ants JEUDI Quartier DOUTRE SAINT-JACQUES, place &hellip; <a href=\"https:\/\/blog.univ-angers.fr\/sumpps\/actualites\/les-marches-sur-angers\/\" class=\"more-link\">Continuer la lecture de <span class=\"screen-reader-text\">Les march\u00e9s sur Angers!<\/span>  <span class=\"meta-nav\">&rarr;<\/span><\/a><\/p>\n","protected":false},"author":10930,"featured_media":0,"parent":41,"menu_order":3,"comment_status":"open","ping_status":"closed","template":"","meta":{"footnotes":""},"class_list":["post-323","page","type-page","status-publish","hentry"],"_links":{"self":[{"href":"https:\/\/blog.univ-angers.fr\/sumpps\/wp-json\/wp\/v2\/pages\/323","targetHints":{"allow":["GET"]}}],"collection":[{"href":"https:\/\/blog.univ-angers.fr\/sumpps\/wp-json\/wp\/v2\/pages"}],"about":[{"href":"https:\/\/blog.univ-angers.fr\/sumpps\/wp-json\/wp\/v2\/types\/page"}],"author":[{"embeddable":true,"href":"https:\/\/blog.univ-angers.fr\/sumpps\/wp-json\/wp\/v2\/users\/10930"}],"replies":[{"embeddable":true,"href":"https:\/\/blog.univ-angers.fr\/sumpps\/wp-json\/wp\/v2\/comments?post=323"}],"version-history":[{"count":0,"href":"https:\/\/blog.univ-angers.fr\/sumpps\/wp-json\/wp\/v2\/pages\/323\/revisions"}],"up":[{"embeddable":true,"href":"https:\/\/blog.univ-angers.fr\/sumpps\/wp-json\/wp\/v2\/pages\/41"}],"wp:attachment":[{"href":"https:\/\/blog.univ-angers.fr\/sumpps\/wp-json\/wp\/v2\/media?parent=323"}],"curies":[{"name":"wp","href":"https:\/\/api.w.org\/{rel}","templated":true}]}}