{"id":321,"date":"2014-11-28T10:03:40","date_gmt":"2014-11-28T09:03:40","guid":{"rendered":"https:\/\/blog.univ-angers.fr\/sumpps\/?page_id=321"},"modified":"2015-05-26T15:08:20","modified_gmt":"2015-05-26T14:08:20","slug":"recettes-salees","status":"publish","type":"page","link":"https:\/\/blog.univ-angers.fr\/sumpps\/recettes-salees\/","title":{"rendered":"Recettes sal\u00e9es"},"content":{"rendered":"<p><img loading=\"lazy\" decoding=\"async\" class=\"aligncenter\" alt=\"\" src=\"http:\/\/www.cuisson-basse-temperature.fr\/images\/recette-basse-temperature.jpg\" width=\"445\" height=\"299\" \/><\/p>\n<h1><span style=\"color: #ff00ff\">A<\/span><\/h1>\n<p style=\"text-align: left;padding-left: 30px\"><strong><span style=\"color: #99cc00\"><a title=\"Ailes de dinde au curry\" href=\"https:\/\/blog.univ-angers.fr\/sumpps\/2014\/11\/12\/ailes-de-dinde-au-curry\/\"><span style=\"color: #99cc00\">Ailes de dinde au curry<\/span><\/a><\/span><\/strong><\/p>\n<p style=\"text-align: left;padding-left: 30px\"><strong><span style=\"color: #99cc00\"><a title=\"Amuse-bouches de surimi au fromage frais\" href=\"https:\/\/blog.univ-angers.fr\/sumpps\/2014\/11\/13\/amuse-bouches-de-surimi-au-fromage-frais\/\"><span style=\"color: #99cc00\">Amuse-bouches de surimi au fromage frais<\/span><\/a><\/span><\/strong><\/p>\n<h1 style=\"text-align: left\"><span style=\"color: #ff00ff\">B<\/span><\/h1>\n<p style=\"padding-left: 30px\"><strong><span style=\"color: #99cc00\"><a title=\"Bl\u00e9 aux petits l\u00e9gumes\" href=\"https:\/\/blog.univ-angers.fr\/sumpps\/2014\/10\/10\/ble-aux-petits-legumes\/\"><span style=\"color: #99cc00\">Bl\u00e9 aux petits l\u00e9gumes<\/span><\/a><\/span><\/strong><\/p>\n<p style=\"padding-left: 30px\"><strong><span style=\"color: #99cc00\"><a title=\"Bolognaise aux lentilles\" href=\"https:\/\/blog.univ-angers.fr\/sumpps\/2014\/10\/10\/bolognaise-aux-lentilles\/\"><span style=\"color: #99cc00\">Bolognaise aux lentilles<\/span><\/a><\/span><\/strong><\/p>\n<p style=\"padding-left: 30px\"><strong><span style=\"color: #99cc00\"><a title=\"Bouch\u00e9es fra\u00eecheur\" href=\"https:\/\/blog.univ-angers.fr\/sumpps\/2014\/11\/13\/bouchees-fraicheur\/\"><span style=\"color: #99cc00\">Bouch\u00e9e fra\u00eecheur<\/span><\/a><\/span><\/strong><\/p>\n<p style=\"padding-left: 30px\"><strong><span style=\"color: #99cc00\"><a title=\"Bouch\u00e9es aux patates douces et aux poireaux\" href=\"https:\/\/blog.univ-angers.fr\/sumpps\/2014\/11\/10\/bouchees-aux-patates-douces-et-aux-poireaux-2\/\"><span style=\"color: #99cc00\">Bouch\u00e9es aux patates douces et aux poireaux<\/span><\/a><\/span><\/strong><\/p>\n<p style=\"padding-left: 30px\"><strong><span style=\"color: #99cc00\"><a title=\"Boulettes aux \u00e9pinards\" href=\"https:\/\/blog.univ-angers.fr\/sumpps\/2015\/05\/26\/boulettes-aux-epinards\/\"><span style=\"color: #99cc00\">Boulettes aux \u00e9pinards<\/span><\/a><\/span><\/strong><\/p>\n<p style=\"padding-left: 30px\"><strong><span style=\"color: #99cc00\"><a title=\"BOULGOUR AUX LARDONS ET AUX OIGNONS\" href=\"https:\/\/blog.univ-angers.fr\/sumpps\/2014\/11\/12\/boulgour-aux-lardons-et-aux-oignons\/\"><span style=\"color: #99cc00\">Boulgour aux lardons et aux oignons<\/span><\/a><\/span><\/strong><\/p>\n<p style=\"padding-left: 30px\"><strong><span style=\"color: #99cc00\"><a title=\"Boulgour \u00e0 la bolognaise\" href=\"https:\/\/blog.univ-angers.fr\/sumpps\/2014\/11\/12\/boulgour-a-la-bolognaise\/\"><span style=\"color: #99cc00\">Boulgour \u00e0 la bolognaise<\/span><\/a><\/span><\/strong><\/p>\n<h1><span style=\"color: #ff00ff\">C<\/span><\/h1>\n<p style=\"padding-left: 30px\"><strong><span style=\"color: #99cc00\"><a title=\"Champignons farcis au Boursin\" href=\"https:\/\/blog.univ-angers.fr\/sumpps\/2014\/11\/13\/champignons-farcis-au-boursin\/\"><span style=\"color: #99cc00\">Champignons farcis au Boursin<\/span><\/a><\/span><\/strong><\/p>\n<p style=\"padding-left: 30px\"><strong><span style=\"color: #99cc00\">\u00a0<a title=\"Crevettes au curry\" href=\"https:\/\/blog.univ-angers.fr\/sumpps\/2014\/11\/12\/crevettes-au-curry\/\"><span style=\"color: #99cc00\">Crevettes au curry<\/span><\/a><\/span><\/strong><\/p>\n<p style=\"padding-left: 30px\"><span style=\"color: #99cc00\"><strong><a title=\"Croquettes de riz\" href=\"https:\/\/blog.univ-angers.fr\/sumpps\/2015\/03\/23\/croquettes-de-riz\/\"><span style=\"color: #99cc00\">Croquettes de riz<\/span><\/a><\/strong><\/span><\/p>\n<p style=\"padding-left: 30px\"><strong><span style=\"color: #99cc00\"><a title=\"Curry de brocolis aux carottes\" href=\"https:\/\/blog.univ-angers.fr\/sumpps\/2014\/11\/12\/curry-de-brocolis-aux-carottes\/\"><span style=\"color: #99cc00\">Curry de brocolis aux carottes<\/span><\/a><\/span><\/strong><\/p>\n<h1><span style=\"color: #ff00ff\">E<\/span><\/h1>\n<p style=\"padding-left: 30px\"><strong><span style=\"color: #99cc00\"><a title=\"Endives gratin\u00e9es au saumon\" href=\"https:\/\/blog.univ-angers.fr\/sumpps\/2014\/11\/12\/endives-gratinees-au-saumon\/\"><span style=\"color: #99cc00\">Endives gratin\u00e9es au saumon<\/span><\/a><\/span><\/strong><\/p>\n<p style=\"padding-left: 30px\"><strong><span style=\"color: #99cc00\"><a title=\"Escalope de volaille citron-basilic au micro-ondes\" href=\"https:\/\/blog.univ-angers.fr\/sumpps\/2014\/11\/13\/escalope-de-volaille-citron-basilic-au-micro-ondes\/\"><span style=\"color: #99cc00\">Escalope de volaille citron-basilic au micro-ondes<\/span><\/a><\/span><\/strong><\/p>\n<p style=\"padding-left: 30px\"><span style=\"color: #99cc00\"><strong><a title=\"Escalope de c\u00e9r\u00e9ales\" href=\"https:\/\/blog.univ-angers.fr\/sumpps\/2015\/03\/23\/escalope-de-cereales\/\"><span style=\"color: #99cc00\">Escalope de c\u00e9r\u00e9ales<\/span><\/a><\/strong><\/span><\/p>\n<h1><span style=\"color: #ff00ff\">F<\/span><\/h1>\n<p style=\"padding-left: 30px\"><strong><span style=\"color: #99cc00\"><a title=\"Feuillet\u00e9 au jambon\" href=\"https:\/\/blog.univ-angers.fr\/sumpps\/2014\/11\/12\/feuillete-au-jambon\/\"><span style=\"color: #99cc00\">Feuillet\u00e9 au jambon<\/span><\/a><\/span><\/strong><\/p>\n<p style=\"padding-left: 30px\"><strong><span style=\"color: #99cc00\"><a title=\"Flan de carottes et pommes de terre\" href=\"https:\/\/blog.univ-angers.fr\/sumpps\/2014\/11\/10\/flan-de-carottes-et-pommes-de-terre\/\"><span style=\"color: #99cc00\">Flan de carottes et pommes de terre<\/span><\/a><\/span><\/strong><\/p>\n<p style=\"padding-left: 30px\"><strong><span style=\"color: #99cc00\"><a title=\"Flan de courgettes aux herbes\" href=\"https:\/\/blog.univ-angers.fr\/sumpps\/2014\/11\/12\/flan-de-courgettes-aux-herbes\/\"><span style=\"color: #99cc00\">Flan de courgettes aux herbes<\/span><\/a><\/span><\/strong><\/p>\n<h1><span style=\"color: #ff00ff\">G<\/span><\/h1>\n<p style=\"padding-left: 30px\"><strong><span style=\"color: #99cc00\"><a title=\"Granit\u00e9 de tomates au basilic\" href=\"https:\/\/blog.univ-angers.fr\/sumpps\/2014\/11\/13\/granite-de-tomates-au-basilic\/\"><span style=\"color: #99cc00\">Granit\u00e9 de tomate basilic<\/span><\/a><\/span><\/strong><\/p>\n<p style=\"padding-left: 30px\"><strong><span style=\"color: #99cc00\"><a title=\"Gratin Dauphinois\" href=\"https:\/\/blog.univ-angers.fr\/sumpps\/2014\/11\/12\/gratin-dauphinois\/\"><span style=\"color: #99cc00\">Gratin Dauphinois<\/span><\/a><\/span><\/strong><\/p>\n<p style=\"padding-left: 30px\"><strong><span style=\"color: #99cc00\"><a title=\"Gratin de brocolis\" href=\"https:\/\/blog.univ-angers.fr\/sumpps\/2015\/05\/26\/gratin-de-brocolis\/\"><span style=\"color: #99cc00\">Gratin de brocolis<\/span><\/a><\/span><\/strong><\/p>\n<p style=\"padding-left: 30px\"><strong><span style=\"color: #99cc00\"><a title=\"Gratin de p\u00e2tes \u00ab pennes \u00bb et \u00e9pinards au Comt\u00e9\" href=\"https:\/\/blog.univ-angers.fr\/sumpps\/2014\/11\/12\/gratin-de-pates-pennes-et-epinards-au-comte\/\"><span style=\"color: #99cc00\">Gratin de p\u00e2tes \u00ab pennes \u00bb et \u00e9pinards au Comt\u00e9<\/span><\/a><\/span><\/strong><\/p>\n<h1><span style=\"color: #ff00ff\">H<\/span><\/h1>\n<p style=\"padding-left: 30px\"><strong><span style=\"color: #99cc00\"><a title=\"Hamburger au tofu\" href=\"https:\/\/blog.univ-angers.fr\/sumpps\/2015\/03\/19\/hamburger-au-tofu\/\"><span style=\"color: #99cc00\">Hamburger au tofu<\/span><\/a><\/span><\/strong><\/p>\n<h1><span style=\"color: #ff00ff\">M<\/span><\/h1>\n<p style=\"padding-left: 30px\"><span style=\"color: #99cc00\"><strong><a title=\"Millefeuille de brique v\u00e9g\u00e9tarien\" href=\"https:\/\/blog.univ-angers.fr\/sumpps\/2015\/03\/19\/millefeuille-de-brique-vegetarien\/\"><span style=\"color: #99cc00\">Millefeuille de bricks v\u00e9g\u00e9tarien<\/span><\/a><\/strong><\/span><\/p>\n<p style=\"padding-left: 30px\"><strong><span style=\"color: #99cc00\"><a title=\"Minis burgers aux b\u00e2tonnets de crabe\" href=\"https:\/\/blog.univ-angers.fr\/sumpps\/2014\/11\/13\/minis-burgers-aux-batonnets-de-crabe\/\"><span style=\"color: #99cc00\">Minis burgers aux b\u00e2tonnets de crabe<\/span><\/a><\/span><\/strong><\/p>\n<p style=\"padding-left: 30px\"><strong><span style=\"color: #99cc00\"><a title=\"Minis flans au thon\" href=\"https:\/\/blog.univ-angers.fr\/sumpps\/2014\/10\/14\/minis-flans-au-thon\/\"><span style=\"color: #99cc00\">Minis flans au thon<\/span><\/a><\/span><\/strong><\/p>\n<p style=\"padding-left: 30px\"><strong><span style=\"color: #99cc00\"><a title=\"Minis pizzas\" href=\"https:\/\/blog.univ-angers.fr\/sumpps\/2014\/11\/12\/minis-pizzas\/\"><span style=\"color: #99cc00\">Minis pizza<\/span><\/a><\/span><\/strong><\/p>\n<p style=\"padding-left: 30px\"><span style=\"color: #99cc00\"><strong><a title=\"Moussaka v\u00e9g\u00e9tarienne\" href=\"https:\/\/blog.univ-angers.fr\/sumpps\/2015\/05\/26\/moussaka-vegetarienne\/\"><span style=\"color: #99cc00\">Moussaka (v\u00e9g\u00e9tarienne)<\/span><\/a><\/strong><\/span><\/p>\n<h1><span style=\"color: #ff00ff\">N<\/span><\/h1>\n<p style=\"padding-left: 30px\"><strong><span style=\"color: #99cc00\"><a title=\"Nouilles chinoises aux l\u00e9gumes et aux \u00e9pices\" href=\"https:\/\/blog.univ-angers.fr\/sumpps\/2015\/03\/19\/nouilles-chinoises-aux-legumes-et-aux-epices\/\"><span style=\"color: #99cc00\">Nouilles chinoises aux l\u00e9gumes et \u00e9pices<\/span><\/a><\/span><\/strong><\/p>\n<h1><span style=\"color: #ff00ff\">O<\/span><\/h1>\n<p style=\"padding-left: 30px\"><strong><span style=\"color: #99cc00\"><a title=\"\u0152ufs \u00e0 la tomate et chorizo\" href=\"https:\/\/blog.univ-angers.fr\/sumpps\/2014\/11\/13\/oeufs-a-la-tomate-et-chorizo\/\"><span style=\"color: #99cc00\">\u0152ufs \u00e0 la tomate et chorizo<\/span><\/a><\/span><\/strong><\/p>\n<p style=\"padding-left: 30px\"><strong><span style=\"color: #99cc00\"><a title=\"\u0152ufs souffl\u00e9s au gruy\u00e8re\" href=\"https:\/\/blog.univ-angers.fr\/sumpps\/2014\/11\/13\/oeufs-souffles-au-gruyere\/\"><span style=\"color: #99cc00\">\u0152ufs souffl\u00e9s au gruy\u00e8re<\/span><\/a><\/span><\/strong><\/p>\n<p style=\"padding-left: 30px\"><strong><span style=\"color: #99cc00\"><a title=\"\u0152uf mollet au micro-onde\" href=\"https:\/\/blog.univ-angers.fr\/sumpps\/2014\/11\/13\/oeuf-mollet-au-micro-onde\/\"><span style=\"color: #99cc00\">Oeuf mollet au micro-onde<\/span><\/a><\/span><\/strong><\/p>\n<p style=\"padding-left: 30px\"><strong><span style=\"color: #99cc00\"><a title=\"Omelette minute souffl\u00e9e au fromage\" href=\"https:\/\/blog.univ-angers.fr\/sumpps\/2014\/11\/12\/omelette-minute-soufflee-au-fromage\/\"><span style=\"color: #99cc00\">Omelette minute souffl\u00e9e au fromage<\/span><\/a><\/span><\/strong><\/p>\n<h1><span style=\"color: #ff00ff\">P<\/span><\/h1>\n<p style=\"padding-left: 30px\"><span style=\"color: #99cc00\"><strong><a title=\"Pa\u00eblla v\u00e9g\u00e9tarienne\" href=\"https:\/\/blog.univ-angers.fr\/sumpps\/2015\/05\/26\/paella-vegetarienne\/\"><span style=\"color: #99cc00\">Pa\u00eblla v\u00e9g\u00e9tarienne<\/span><\/a><\/strong><\/span><\/p>\n<p style=\"padding-left: 30px\"><strong><span style=\"color: #99cc00\"><a title=\"Panais sauce \u00e9pic\u00e9e\" href=\"https:\/\/blog.univ-angers.fr\/sumpps\/2015\/03\/23\/panais-sauce-epicee\/\"><span style=\"color: #99cc00\">Panais sauce aux \u00e9pices<\/span><\/a><\/span><\/strong><\/p>\n<p style=\"padding-left: 30px\"><span style=\"color: #99cc00\"><strong><a title=\"Petites bouch\u00e9es au thon\" href=\"https:\/\/blog.univ-angers.fr\/sumpps\/2014\/11\/13\/petites-bouchees-au-thon\/\"><span style=\"color: #99cc00\">Petites bouch\u00e9es au thon<\/span><\/a><\/strong><\/span><\/p>\n<p style=\"padding-left: 30px\"><span style=\"color: #99cc00\"><strong><a title=\"Petites pizzas ch\u00e8vre poire miel\" href=\"https:\/\/blog.univ-angers.fr\/sumpps\/2015\/05\/26\/petites-pizzas-chevre-poire-miel\/\"><span style=\"color: #99cc00\">Petites pizzas ch\u00e8vre miel poire<\/span><\/a><\/strong><\/span><\/p>\n<p style=\"padding-left: 30px\"><strong><span style=\"color: #99cc00\"><a title=\"Potage au c\u00e9leri rave\" href=\"https:\/\/blog.univ-angers.fr\/sumpps\/2014\/10\/10\/potage-au-celeri-rave\/\"><span style=\"color: #99cc00\">Potage au c\u00e9leri rave<\/span><\/a><\/span><\/strong><\/p>\n<p style=\"padding-left: 30px\"><strong><span style=\"color: #99cc00\"><a title=\"Poulet au lait de coco\" href=\"https:\/\/blog.univ-angers.fr\/sumpps\/2015\/01\/16\/poulet-au-lait-de-coco\/\"><span style=\"color: #99cc00\">Poulet au lait de coco<\/span><\/a><\/span><\/strong><\/p>\n<h1><span style=\"color: #ff00ff\">R<\/span><\/h1>\n<p style=\"padding-left: 30px\"><strong><span style=\"color: #99cc00\"><a title=\"Riz basmati au micro-ondes\" href=\"https:\/\/blog.univ-angers.fr\/sumpps\/2014\/11\/13\/riz-basmati-au-micro-ondes\/\"><span style=\"color: #99cc00\">Riz basmati au micro-ondes<\/span><\/a><\/span><\/strong><\/p>\n<p style=\"padding-left: 30px\"><strong><span style=\"color: #99cc00\"><a title=\"Riz cantonais\" href=\"https:\/\/blog.univ-angers.fr\/sumpps\/2015\/05\/26\/riz-cantonais\/\"><span style=\"color: #99cc00\">Riz cantonais<\/span><\/a><\/span><\/strong><\/p>\n<p style=\"padding-left: 30px\"><span style=\"color: #99cc00\"><strong><a title=\"Riz Tandoori v\u00e9g\u00e9tarien\" href=\"https:\/\/blog.univ-angers.fr\/sumpps\/2015\/05\/26\/riz-tandoori-vegetarien\/\"><span style=\"color: #99cc00\">Riz tandoori v\u00e9g\u00e9tarien<\/span><\/a><\/strong><\/span><\/p>\n<p style=\"padding-left: 30px\"><strong><span style=\"color: #99cc00\"><a title=\"R\u00f4ti de dinde au four\" href=\"https:\/\/blog.univ-angers.fr\/sumpps\/2014\/11\/12\/roti-de-dinde-au-four\/\"><span style=\"color: #99cc00\">R\u00f4ti de dinde au four<\/span><\/a><\/span><\/strong><\/p>\n<h1><span style=\"color: #ff00ff\">S<\/span><\/h1>\n<p style=\"padding-left: 30px\"><strong><span style=\"color: #99cc00\"><a title=\"Salade d\u2019hiver\" href=\"https:\/\/blog.univ-angers.fr\/sumpps\/2014\/10\/10\/salade-dhiver\/\"><span style=\"color: #99cc00\">Salade d\u2019hiver<\/span><\/a><\/span><\/strong><\/p>\n<p style=\"padding-left: 30px\"><strong><span style=\"color: #99cc00\"><a title=\"Salade d\u2019hiver n\u00b02\" href=\"https:\/\/blog.univ-angers.fr\/sumpps\/2015\/03\/23\/salade-dhiver-n2\/\"><span style=\"color: #99cc00\">Salade d&rsquo;hiver n\u00b02<\/span><\/a><\/span><\/strong><\/p>\n<p style=\"padding-left: 30px\"><strong><span style=\"color: #99cc00\"><a title=\"Salade de thon aux coquillettes\" href=\"https:\/\/blog.univ-angers.fr\/sumpps\/2014\/11\/13\/salade-de-thon-aux-coquillettes\/\"><span style=\"color: #99cc00\">Salade de thon aux coquillettes<\/span><\/a><\/span><\/strong><\/p>\n<p style=\"padding-left: 30px\"><strong><span style=\"color: #99cc00\"><a title=\"Salades de haricots verts, lardons et tomates\" href=\"https:\/\/blog.univ-angers.fr\/sumpps\/2014\/11\/13\/salades-de-haricots-verts-lardons-et-tomates\/\"><span style=\"color: #99cc00\">Salade de haricots verts, lardons et tomates<\/span><\/a><\/span><\/strong><\/p>\n<p style=\"padding-left: 30px\"><strong><span style=\"color: #99cc00\"><a title=\"Salade printani\u00e8re\" href=\"https:\/\/blog.univ-angers.fr\/sumpps\/2014\/11\/13\/salade-printaniere\/\"><span style=\"color: #99cc00\">Salade printani\u00e8re<\/span><\/a><\/span><\/strong><\/p>\n<p style=\"padding-left: 30px\"><span style=\"color: #99cc00\"><strong><a title=\"Semoule de couscous rapide\" href=\"https:\/\/blog.univ-angers.fr\/sumpps\/2015\/03\/23\/semoule-de-couscous-rapide\/\"><span style=\"color: #99cc00\">Semoule de couscous rapide<\/span><\/a><\/strong><\/span><\/p>\n<p style=\"padding-left: 30px\"><strong><span style=\"color: #99cc00\">\u00a0<a title=\"Soupe aux choux\" href=\"https:\/\/blog.univ-angers.fr\/sumpps\/2014\/10\/10\/soupe-aux-choux\/\"><span style=\"color: #99cc00\">Soupe aux choux<\/span><\/a><\/span><\/strong><\/p>\n<p style=\"padding-left: 30px\"><strong><span style=\"color: #99cc00\"><a title=\"Soupe de champignons ultra-facile\" href=\"https:\/\/blog.univ-angers.fr\/sumpps\/2014\/11\/13\/soupe-de-champignons-ultra-facile\/\"><span style=\"color: #99cc00\">Soupe de champignons ultra-facile<\/span><\/a><\/span><\/strong><\/p>\n<p style=\"padding-left: 30px\"><span style=\"color: #99cc00\"><strong><a title=\"Soupe lentille corail\" href=\"https:\/\/blog.univ-angers.fr\/sumpps\/2015\/03\/23\/soupe-lentille-corail\/\"><span style=\"color: #99cc00\">Soupe lentilles corail<\/span><\/a><\/strong><\/span><\/p>\n<h1><span style=\"color: #ff00ff\">T<\/span><\/h1>\n<p style=\"padding-left: 30px\"><strong><span style=\"color: #99cc00\"><a title=\"Tagliatelles de concombre\" href=\"https:\/\/blog.univ-angers.fr\/sumpps\/2014\/11\/13\/tagliatelles-de-concombre\/\"><span style=\"color: #99cc00\">Tagliatelles de concombre<\/span><\/a><\/span><\/strong><\/p>\n<p style=\"padding-left: 30px\"><strong><span style=\"color: #99cc00\"><a title=\"Tagliatelles au poisson\" href=\"https:\/\/blog.univ-angers.fr\/sumpps\/2014\/11\/13\/tagliatelles-au-poisson\/\"><span style=\"color: #99cc00\">Tagliatelles au poisson<\/span><\/a><\/span><\/strong><\/p>\n<p style=\"padding-left: 30px\"><strong><span style=\"color: #99cc00\">\u00a0<a title=\"Tarte \u00e0 la tomate rapide\" href=\"https:\/\/blog.univ-angers.fr\/sumpps\/2014\/11\/13\/tarte-a-la-tomate-rapide\/\"><span style=\"color: #99cc00\">Tarte \u00e0 la tomate rapide<\/span><\/a><\/span><\/strong><\/p>\n<p style=\"padding-left: 30px\"><strong><span style=\"color: #99cc00\"><a title=\"Tourte au fromage\" href=\"https:\/\/blog.univ-angers.fr\/sumpps\/2014\/11\/13\/tourte-au-fromage\/\"><span style=\"color: #99cc00\">Tourte au fromage<\/span><\/a><\/span><\/strong><\/p>\n<h1><span style=\"color: #ff00ff\">V<\/span><\/h1>\n<p style=\"padding-left: 30px\"><strong><span style=\"color: #99cc00\"><a title=\"Velout\u00e9 d\u2019avocat en verrine\" href=\"https:\/\/blog.univ-angers.fr\/sumpps\/2014\/11\/13\/veloute-davocat-en-verrine\/\"><span style=\"color: #99cc00\">Velout\u00e9 d&rsquo;avocat en verrine<\/span><\/a><\/span><\/strong><\/p>\n<p style=\"padding-left: 30px\"><strong><span style=\"color: #99cc00\"><a title=\"Verrine concombre, jambon et Vache qui rit\" href=\"https:\/\/blog.univ-angers.fr\/sumpps\/2014\/11\/13\/verrine-concombre-jambon-et-vache-qui-rit\/\"><span style=\"color: #99cc00\">Verrine concombre, jambon et Vache qui rit<\/span><\/a><\/span><\/strong><\/p>\n<p style=\"padding-left: 30px\"><strong><span style=\"color: #99cc00\"><a title=\"Verrine en rouge et blanc\" href=\"https:\/\/blog.univ-angers.fr\/sumpps\/2014\/11\/13\/verrine-en-rouge-et-blanc\/\"><span style=\"color: #99cc00\">Verrine en rouge et blanc<\/span><\/a><\/span><\/strong><\/p>\n<p style=\"padding-left: 30px\"><strong><span style=\"color: #99cc00\"><a title=\"Verrine de saumon fum\u00e9 et ricotta\" href=\"https:\/\/blog.univ-angers.fr\/sumpps\/2014\/11\/13\/verrine-de-saumon-fume-et-ricotta\/\"><span style=\"color: #99cc00\">Verrine de saumon fum\u00e9 et ricotta<\/span><\/a><\/span><\/strong><\/p>\n<p style=\"padding-left: 30px\"><strong><span style=\"color: #99cc00\"><a title=\"Verrine fra\u00eecheur concombre \u2013 tomate\" href=\"https:\/\/blog.univ-angers.fr\/sumpps\/2014\/11\/13\/verrine-fraicheur-concombre-tomate\/\"><span style=\"color: #99cc00\">Verrine fraicheur concombre-tomate<\/span><\/a><\/span><\/strong><\/p>\n<p style=\"padding-left: 30px\"><strong><span style=\"color: #99cc00\"><a href=\"https:\/\/blog.univ-angers.fr\/sumpps\/2014\/11\/18\/volaille-aux-endives-et-au-curry\/\"><span style=\"color: #99cc00\">Volaille aux endives et au curry<\/span><\/a><\/span><\/strong><\/p>\n<h1><span style=\"color: #ff00ff\">W<\/span><\/h1>\n<p style=\"padding-left: 30px\"><strong><span style=\"color: #99cc00\"><a title=\"Wraps au saumon fum\u00e9\" href=\"https:\/\/blog.univ-angers.fr\/sumpps\/2014\/11\/13\/wraps-au-saumon-fume\/\"><span style=\"color: #99cc00\">Wraps au saumon fum\u00e9<\/span><\/a><\/span><\/strong><\/p>\n<p style=\"padding-left: 30px\"><a title=\"Wok de quinoa fa\u00e7on max\" href=\"https:\/\/blog.univ-angers.fr\/sumpps\/2015\/05\/26\/wok-de-quinoa-facon-max\/\"><strong><span style=\"color: #99cc00\">Wok de quinoa fa\u00e7on max<\/span><\/strong><\/a><\/p>\n<p>&nbsp;<\/p>\n<p><a href=\"http:\/\/www.cuisson-basse-temperature.fr\/images\/recette-basse-temperature.jpg\">Source image<\/a><\/p>\n","protected":false},"excerpt":{"rendered":"<p>A Ailes de dinde au curry Amuse-bouches de surimi au fromage frais B Bl\u00e9 aux petits l\u00e9gumes Bolognaise aux lentilles Bouch\u00e9e fra\u00eecheur Bouch\u00e9es aux patates douces et aux poireaux Boulettes aux \u00e9pinards Boulgour aux lardons et aux oignons Boulgour \u00e0 la bolognaise C Champignons farcis au Boursin \u00a0Crevettes au curry Croquettes de riz Curry de &hellip; <a href=\"https:\/\/blog.univ-angers.fr\/sumpps\/recettes-salees\/\" class=\"more-link\">Continuer la lecture de <span class=\"screen-reader-text\">Recettes sal\u00e9es<\/span>  <span class=\"meta-nav\">&rarr;<\/span><\/a><\/p>\n","protected":false},"author":10930,"featured_media":0,"parent":0,"menu_order":0,"comment_status":"open","ping_status":"closed","template":"","meta":{"footnotes":""},"class_list":["post-321","page","type-page","status-publish","hentry"],"_links":{"self":[{"href":"https:\/\/blog.univ-angers.fr\/sumpps\/wp-json\/wp\/v2\/pages\/321","targetHints":{"allow":["GET"]}}],"collection":[{"href":"https:\/\/blog.univ-angers.fr\/sumpps\/wp-json\/wp\/v2\/pages"}],"about":[{"href":"https:\/\/blog.univ-angers.fr\/sumpps\/wp-json\/wp\/v2\/types\/page"}],"author":[{"embeddable":true,"href":"https:\/\/blog.univ-angers.fr\/sumpps\/wp-json\/wp\/v2\/users\/10930"}],"replies":[{"embeddable":true,"href":"https:\/\/blog.univ-angers.fr\/sumpps\/wp-json\/wp\/v2\/comments?post=321"}],"version-history":[{"count":1,"href":"https:\/\/blog.univ-angers.fr\/sumpps\/wp-json\/wp\/v2\/pages\/321\/revisions"}],"predecessor-version":[{"id":326,"href":"https:\/\/blog.univ-angers.fr\/sumpps\/wp-json\/wp\/v2\/pages\/321\/revisions\/326"}],"wp:attachment":[{"href":"https:\/\/blog.univ-angers.fr\/sumpps\/wp-json\/wp\/v2\/media?parent=321"}],"curies":[{"name":"wp","href":"https:\/\/api.w.org\/{rel}","templated":true}]}}