{"id":5,"date":"2012-09-30T07:57:48","date_gmt":"2012-09-30T06:57:48","guid":{"rendered":"https:\/\/blog.univ-angers.fr\/rj45\/?page_id=5"},"modified":"2024-12-24T11:20:13","modified_gmt":"2024-12-24T10:20:13","slug":"a-propos","status":"publish","type":"page","link":"https:\/\/blog.univ-angers.fr\/rj45\/a-propos\/","title":{"rendered":"\u00c0 propos"},"content":{"rendered":"<p>Ce blog est anim\u00e9 par Daniel Bourrion, conservateur en chef des biblioth\u00e8ques (<a href=\"https:\/\/www.face-ecran.fr\/sites\/default\/files\/2024-12\/CV-Daniel-Bourrion&amp;Annexes-RJ45.pdf\" target=\"_blank\" rel=\"noopener\">CV Int\u00e9gral<\/a>), successivement :<\/p>\n<ul>\n<li>responsable de la section Biblioth\u00e8que num\u00e9rique pour la <a style=\"font-style: normal;font-weight: normal\" href=\"http:\/\/bu.univ-angers.fr\" target=\"_blank\" rel=\"noopener\">biblioth\u00e8que universitaire d&rsquo;Angers (BUA)<\/a> de 2007 \u00e0 2014 ;<\/li>\n<li>responsable du p\u00f4le Donn\u00e9es et Publications de la Recherche au sein de la Direction du D\u00e9veloppement Num\u00e9rique (DDN) dans le cadre du <a style=\"font-style: normal;font-weight: normal\" href=\"http:\/\/labua.univ-angers.fr\">lab&rsquo;UA<\/a>\u00a0de 2015 \u00e0 2016 ;<\/li>\n<li>actuellement CDO (Chief Digital Officer) et responsable du <a title=\"A new goodbye\" href=\"https:\/\/blog.univ-angers.fr\/rj45\/2017\/03\/30\/a-new-goodbye\/\">Service de Transformation Num\u00e9rique<\/a>\u00a0au sein de la Direction du D\u00e9veloppement Num\u00e9rique (DDN) de l&rsquo;Universit\u00e9 d&rsquo;Angers<\/li>\n<\/ul>\n<p>L&rsquo;image d&rsquo;en-t\u00eate a \u00e9t\u00e9 cr\u00e9\u00e9e \u00e0 partir de <a href=\"http:\/\/www.flickr.com\/photos\/mattmackenzie\/93334743\/\" target=\"_blank\" rel=\"noopener\">Netwerk<\/a>, contenu plac\u00e9 sous licence <a href=\"http:\/\/creativecommons.org\/licenses\/by-nc-sa\/2.0\/deed.fr\" target=\"_blank\" rel=\"noopener\">Creative Commons BY-NC-SA<\/a> par <a href=\"http:\/\/www.flickr.com\/photos\/mattmackenzie\/\" target=\"_blank\" rel=\"noopener\">M. MacKenzie<\/a>.<\/p>\n<p>Les propos ici tenus n&rsquo;engagent que leur auteur et en aucune mani\u00e8re la structure \u00e0 laquelle il appartient.<\/p>\n<p>Les contenus d\u00e9pos\u00e9s sur RJ45 sont mis \u00e0 disposition selon les termes de la <a href=\"http:\/\/creativecommons.org\/licenses\/by-nc-sa\/3.0\/fr\/\" rel=\"license\">licence Creative Commons Attribution &#8211; Pas d\u2019Utilisation Commerciale &#8211; Partage dans les M\u00eames Conditions 3.0 France<\/a>.<br \/>\n<a href=\"http:\/\/creativecommons.org\/licenses\/by-nc-sa\/3.0\/fr\/\" rel=\"license\"><img decoding=\"async\" class=\"aligncenter\" style=\"border-width: 0\" src=\"http:\/\/i.creativecommons.org\/l\/by-nc-sa\/3.0\/fr\/88x31.png\" alt=\"Licence Creative Commons\" \/><\/a><\/p>\n<!-- AddThis Advanced Settings generic via filter on the_content --><!-- AddThis Share Buttons generic via filter on the_content -->","protected":false},"excerpt":{"rendered":"<p>Ce blog est anim\u00e9 par Daniel Bourrion, conservateur en chef des biblioth\u00e8ques (CV Int\u00e9gral), successivement : responsable de la section Biblioth\u00e8que num\u00e9rique pour la biblioth\u00e8que universitaire d&rsquo;Angers (BUA) de 2007 \u00e0 2014 ; responsable du p\u00f4le Donn\u00e9es et Publications de &hellip; <a href=\"https:\/\/blog.univ-angers.fr\/rj45\/a-propos\/\">Continuer la lecture <span class=\"meta-nav\">&rarr;<\/span><\/a><!-- AddThis Advanced Settings generic via filter on get_the_excerpt --><!-- AddThis Share Buttons generic via filter on get_the_excerpt --><\/p>\n","protected":false},"author":4543,"featured_media":0,"parent":0,"menu_order":0,"comment_status":"closed","ping_status":"closed","template":"","meta":{"footnotes":""},"class_list":["post-5","page","type-page","status-publish","hentry"],"_links":{"self":[{"href":"https:\/\/blog.univ-angers.fr\/rj45\/wp-json\/wp\/v2\/pages\/5","targetHints":{"allow":["GET"]}}],"collection":[{"href":"https:\/\/blog.univ-angers.fr\/rj45\/wp-json\/wp\/v2\/pages"}],"about":[{"href":"https:\/\/blog.univ-angers.fr\/rj45\/wp-json\/wp\/v2\/types\/page"}],"author":[{"embeddable":true,"href":"https:\/\/blog.univ-angers.fr\/rj45\/wp-json\/wp\/v2\/users\/4543"}],"replies":[{"embeddable":true,"href":"https:\/\/blog.univ-angers.fr\/rj45\/wp-json\/wp\/v2\/comments?post=5"}],"version-history":[{"count":21,"href":"https:\/\/blog.univ-angers.fr\/rj45\/wp-json\/wp\/v2\/pages\/5\/revisions"}],"predecessor-version":[{"id":1007,"href":"https:\/\/blog.univ-angers.fr\/rj45\/wp-json\/wp\/v2\/pages\/5\/revisions\/1007"}],"wp:attachment":[{"href":"https:\/\/blog.univ-angers.fr\/rj45\/wp-json\/wp\/v2\/media?parent=5"}],"curies":[{"name":"wp","href":"https:\/\/api.w.org\/{rel}","templated":true}]}}