{"id":8,"date":"2012-10-17T12:47:30","date_gmt":"2012-10-17T11:47:30","guid":{"rendered":"https:\/\/blog.univ-angers.fr\/projetao\/?page_id=8"},"modified":"2015-11-09T09:42:39","modified_gmt":"2015-11-09T08:42:39","slug":"a-propos","status":"publish","type":"page","link":"https:\/\/blog.univ-angers.fr\/projetao\/a-propos\/","title":{"rendered":"\u00c0 propos"},"content":{"rendered":"<p>Le projet d&rsquo;archive ouverte recherche a fait l&rsquo;objet d&rsquo;une pr\u00e9sentation en conseil scientifique le 21 mai 2012 (cf. <a href=\"http:\/\/www.univ-angers.fr\/intranet\/fr\/acces-directs\/instances\/cs\/_attachments\/2012\/CS%2020120521%20PV%20-%20Proc%C3%A8s%20verbal%20du%2021%20mai%202012.pdf?download=true\" target=\"_blank\">proc\u00e8s verbal<\/a>). <\/p>\n<h3>Objectifs<\/h3>\n<ul>\n<li>Am\u00e9liorer le signalement de la production des chercheurs de l&rsquo;UA, et faciliter autant que possible la mise \u00e0 disposition du contenu des publications ; de ce point de vue l&rsquo;archive s&rsquo;inscrit pleinement dans le mouvement international de l&rsquo;<a href=\"http:\/\/fr.wikipedia.org\/wiki\/Open_access\" target=\"_blank\">Open access<\/a>.<\/li>\n<li>S&rsquo;appuyer sur l&rsquo;archive pour valoriser les chercheurs et les laboratoires.<\/li>\n<\/ul>\n<!-- AddThis Advanced Settings generic via filter on the_content --><!-- AddThis Share Buttons generic via filter on the_content -->","protected":false},"excerpt":{"rendered":"<p>Le projet d&rsquo;archive ouverte recherche a fait l&rsquo;objet d&rsquo;une pr\u00e9sentation en conseil scientifique le 21 mai 2012 (cf. proc\u00e8s verbal). Objectifs Am\u00e9liorer le signalement de la production des chercheurs de l&rsquo;UA, et faciliter autant que possible la mise \u00e0 disposition &hellip; <a href=\"https:\/\/blog.univ-angers.fr\/projetao\/a-propos\/\">Continuer la lecture <span class=\"meta-nav\">&rarr;<\/span><\/a><!-- AddThis Advanced Settings generic via filter on get_the_excerpt --><!-- AddThis Share Buttons generic via filter on get_the_excerpt --><\/p>\n","protected":false},"author":14310,"featured_media":0,"parent":0,"menu_order":0,"comment_status":"open","ping_status":"open","template":"","meta":{"footnotes":""},"class_list":["post-8","page","type-page","status-publish","hentry"],"_links":{"self":[{"href":"https:\/\/blog.univ-angers.fr\/projetao\/wp-json\/wp\/v2\/pages\/8","targetHints":{"allow":["GET"]}}],"collection":[{"href":"https:\/\/blog.univ-angers.fr\/projetao\/wp-json\/wp\/v2\/pages"}],"about":[{"href":"https:\/\/blog.univ-angers.fr\/projetao\/wp-json\/wp\/v2\/types\/page"}],"author":[{"embeddable":true,"href":"https:\/\/blog.univ-angers.fr\/projetao\/wp-json\/wp\/v2\/users\/14310"}],"replies":[{"embeddable":true,"href":"https:\/\/blog.univ-angers.fr\/projetao\/wp-json\/wp\/v2\/comments?post=8"}],"version-history":[{"count":11,"href":"https:\/\/blog.univ-angers.fr\/projetao\/wp-json\/wp\/v2\/pages\/8\/revisions"}],"predecessor-version":[{"id":21,"href":"https:\/\/blog.univ-angers.fr\/projetao\/wp-json\/wp\/v2\/pages\/8\/revisions\/21"}],"wp:attachment":[{"href":"https:\/\/blog.univ-angers.fr\/projetao\/wp-json\/wp\/v2\/media?parent=8"}],"curies":[{"name":"wp","href":"https:\/\/api.w.org\/{rel}","templated":true}]}}