{"id":108,"date":"2013-01-11T22:21:36","date_gmt":"2013-01-11T21:21:36","guid":{"rendered":"https:\/\/blog.univ-angers.fr\/popshoveit\/?page_id=108"},"modified":"2013-01-12T23:24:37","modified_gmt":"2013-01-12T22:24:37","slug":"fight-club","status":"publish","type":"page","link":"https:\/\/blog.univ-angers.fr\/popshoveit\/page-d-exemple\/fight-club\/","title":{"rendered":"Fight Club, les marginaux du fol espoir"},"content":{"rendered":"<p style=\"text-align: center\"><strong>Fight Club<a href=\"https:\/\/blog.univ-angers.fr\/popshoveit\/files\/2013\/01\/DSC_00321-e1357938053214.jpg\"><img loading=\"lazy\" decoding=\"async\" class=\"alignleft size-medium wp-image-99\" src=\"https:\/\/blog.univ-angers.fr\/popshoveit\/files\/2013\/01\/DSC_00321-e1357938053214-168x300.jpg\" alt=\"\" width=\"168\" height=\"300\" srcset=\"https:\/\/blog.univ-angers.fr\/popshoveit\/files\/2013\/01\/DSC_00321-e1357938053214-168x300.jpg 168w, https:\/\/blog.univ-angers.fr\/popshoveit\/files\/2013\/01\/DSC_00321-e1357938053214-576x1024.jpg 576w\" sizes=\"auto, (max-width: 168px) 100vw, 168px\" \/><\/a><\/strong><\/p>\n<p><strong>Sysnopsis<\/strong> : Le narrateur, sans identit\u00e9 pr\u00e9cise, vit seul, travaille seul, dort seul, mange seul ses plateaux-repas pour une personne comme beaucoup d&rsquo;autres personnes seules qui connaissent la mis\u00e8re humaine, morale et sexuelle. C&rsquo;est pourquoi il va devenir membre du Fight club, un lieu clandestin ou il va pouvoir retrouver sa virilit\u00e9, l&rsquo;\u00e9change et la communication. Ce club est dirig\u00e9 par Tyler Durden, une sorte d&rsquo;anarchiste entre gourou et philosophe qui pr\u00eache l&rsquo;amour de son prochain.<\/p>\n<p>&nbsp;<\/p>\n<p>Bande-annonce :<\/p>\n<p>http:\/\/youtu.be\/1UqSD-jSC58<\/p>\n<p>&nbsp;<\/p>\n<p>&nbsp;<\/p>\n<p>&nbsp;<\/p>\n<!-- AddThis Advanced Settings generic via filter on the_content --><!-- AddThis Share Buttons generic via filter on the_content -->","protected":false},"excerpt":{"rendered":"<p>Fight Club Sysnopsis : Le narrateur, sans identit\u00e9 pr\u00e9cise, vit seul, travaille seul, dort seul, mange seul ses plateaux-repas pour une personne comme beaucoup d&rsquo;autres personnes seules qui connaissent la mis\u00e8re humaine, morale et sexuelle. C&rsquo;est pourquoi il va devenir &hellip; <a href=\"https:\/\/blog.univ-angers.fr\/popshoveit\/page-d-exemple\/fight-club\/\">Continuer la lecture <span class=\"meta-nav\">&rarr;<\/span><\/a><!-- AddThis Advanced Settings generic via filter on get_the_excerpt --><!-- AddThis Share Buttons generic via filter on get_the_excerpt --><\/p>\n","protected":false},"author":2325,"featured_media":0,"parent":2,"menu_order":0,"comment_status":"open","ping_status":"open","template":"","meta":{"footnotes":""},"class_list":["post-108","page","type-page","status-publish","hentry"],"_links":{"self":[{"href":"https:\/\/blog.univ-angers.fr\/popshoveit\/wp-json\/wp\/v2\/pages\/108","targetHints":{"allow":["GET"]}}],"collection":[{"href":"https:\/\/blog.univ-angers.fr\/popshoveit\/wp-json\/wp\/v2\/pages"}],"about":[{"href":"https:\/\/blog.univ-angers.fr\/popshoveit\/wp-json\/wp\/v2\/types\/page"}],"author":[{"embeddable":true,"href":"https:\/\/blog.univ-angers.fr\/popshoveit\/wp-json\/wp\/v2\/users\/2325"}],"replies":[{"embeddable":true,"href":"https:\/\/blog.univ-angers.fr\/popshoveit\/wp-json\/wp\/v2\/comments?post=108"}],"version-history":[{"count":4,"href":"https:\/\/blog.univ-angers.fr\/popshoveit\/wp-json\/wp\/v2\/pages\/108\/revisions"}],"predecessor-version":[{"id":114,"href":"https:\/\/blog.univ-angers.fr\/popshoveit\/wp-json\/wp\/v2\/pages\/108\/revisions\/114"}],"up":[{"embeddable":true,"href":"https:\/\/blog.univ-angers.fr\/popshoveit\/wp-json\/wp\/v2\/pages\/2"}],"wp:attachment":[{"href":"https:\/\/blog.univ-angers.fr\/popshoveit\/wp-json\/wp\/v2\/media?parent=108"}],"curies":[{"name":"wp","href":"https:\/\/api.w.org\/{rel}","templated":true}]}}