{"id":2,"date":"2012-10-02T10:39:24","date_gmt":"2012-10-02T10:39:24","guid":{"rendered":"https:\/\/blog.univ-angers.fr\/mxsz\/?page_id=2"},"modified":"2013-10-17T07:26:19","modified_gmt":"2013-10-17T06:26:19","slug":"a-propos","status":"publish","type":"page","link":"https:\/\/blog.univ-angers.fr\/mxsz\/a-propos\/","title":{"rendered":"A propos"},"content":{"rendered":"<p>Ce blog est anim\u00e9 par Max Szczepanski, conservateur des biblioth\u00e8ques responsable de la <a href=\"http:\/\/bu.univ-angers.fr\/page\/bu-belle-beille-lettres-sciences-humaines-et-sciences\" target=\"_blank\">Bu Belle Beille<\/a> pour la <a href=\"http:\/\/bu.univ-angers.fr\" target=\"_blank\">biblioth\u00e8que universitaire d\u2019Angers (BUA)<\/a>.<\/p>\n<p>L&rsquo;<a href=\"http:\/\/www.flickr.com\/photos\/eleni_pap\/6219963265\/sizes\/l\/in\/photostream\/\" target=\"_blank\">image<\/a> d&rsquo;en-t\u00eate a \u00e9t\u00e9 prise par <a href=\"http:\/\/www.flickr.com\/photos\/eleni_pap\/\" target=\"_blank\">eleni pap<\/a>. Elle est sous licence <a href=\"http:\/\/creativecommons.org\/licenses\/by-sa\/2.0\/\" target=\"_blank\">CC BY-SA 2.0<\/a>.<\/p>\n<p>Les propos ici tenus n\u2019engagent que leur auteur et en aucune mani\u00e8re la structure \u00e0 laquelle il appartient.<\/p>\n<p>Les contenus d\u00e9pos\u00e9s sur On|Off sont mis \u00e0 disposition selon les termes de la <a href=\"http:\/\/creativecommons.org\/licenses\/by-nc-sa\/3.0\/fr\/\" rel=\"license\">licence Creative Commons Attribution \u2013 Pas d\u2019Utilisation Commerciale \u2013 Partage dans les M\u00eames Conditions 3.0 France<\/a>.<\/p>\n","protected":false},"excerpt":{"rendered":"<p>Ce blog est anim\u00e9 par Max Szczepanski, conservateur des biblioth\u00e8ques responsable de la Bu Belle Beille pour la biblioth\u00e8que universitaire d\u2019Angers (BUA). L&rsquo;image d&rsquo;en-t\u00eate a \u00e9t\u00e9 prise par eleni pap. Elle est sous licence CC BY-SA 2.0. Les propos ici &hellip; <a href=\"https:\/\/blog.univ-angers.fr\/mxsz\/a-propos\/\">Continuer la lecture <span class=\"meta-nav\">&rarr;<\/span><\/a><\/p>\n","protected":false},"author":10270,"featured_media":0,"parent":0,"menu_order":0,"comment_status":"open","ping_status":"open","template":"","meta":{"footnotes":""},"class_list":["post-2","page","type-page","status-publish","hentry"],"_links":{"self":[{"href":"https:\/\/blog.univ-angers.fr\/mxsz\/wp-json\/wp\/v2\/pages\/2","targetHints":{"allow":["GET"]}}],"collection":[{"href":"https:\/\/blog.univ-angers.fr\/mxsz\/wp-json\/wp\/v2\/pages"}],"about":[{"href":"https:\/\/blog.univ-angers.fr\/mxsz\/wp-json\/wp\/v2\/types\/page"}],"author":[{"embeddable":true,"href":"https:\/\/blog.univ-angers.fr\/mxsz\/wp-json\/wp\/v2\/users\/10270"}],"replies":[{"embeddable":true,"href":"https:\/\/blog.univ-angers.fr\/mxsz\/wp-json\/wp\/v2\/comments?post=2"}],"version-history":[{"count":7,"href":"https:\/\/blog.univ-angers.fr\/mxsz\/wp-json\/wp\/v2\/pages\/2\/revisions"}],"predecessor-version":[{"id":156,"href":"https:\/\/blog.univ-angers.fr\/mxsz\/wp-json\/wp\/v2\/pages\/2\/revisions\/156"}],"wp:attachment":[{"href":"https:\/\/blog.univ-angers.fr\/mxsz\/wp-json\/wp\/v2\/media?parent=2"}],"curies":[{"name":"wp","href":"https:\/\/api.w.org\/{rel}","templated":true}]}}