{"id":61,"date":"2021-11-27T17:58:36","date_gmt":"2021-11-27T16:58:36","guid":{"rendered":"https:\/\/blog.univ-angers.fr\/mathsinfo\/?page_id=61"},"modified":"2021-11-29T17:44:55","modified_gmt":"2021-11-29T16:44:55","slug":"divers","status":"publish","type":"page","link":"https:\/\/blog.univ-angers.fr\/mathsinfo\/divers\/","title":{"rendered":"Divers"},"content":{"rendered":"<p>Enigmes Facebook<\/p>\n<table border=\"0\" cellspacing=\"0\" cellpadding=\"0\">\n<col \/>\n<tbody>\n<tr>\n<td height=\"21\"><a title=\"Version imprimable\" href=\"https:\/\/blog.univ-angers.fr\/mathsinfo\/files\/2021\/11\/rebulles.pdf\" target=\"_blank\">Version imprimable des \u00e9nigmes<\/a><\/td>\n<\/tr>\n<tr>\n<td height=\"21\"><a title=\"Partie 1\" href=\"https:\/\/youtu.be\/HM5FS5QJhuM\" target=\"_blank\">Corrig\u00e9 en vid\u00e9o des 6 premi\u00e8res \u00e9nigmes<\/a><\/td>\n<\/tr>\n<tr>\n<td height=\"21\"><a title=\"Partie 2\" href=\"https:\/\/youtu.be\/LYHz_sZKGE0\" target=\"_blank\">Corrig\u00e9 des 6 suivantes<\/a><\/td>\n<\/tr>\n<\/tbody>\n<\/table>\n<p>Outils<\/p>\n<table border=\"0\" cellspacing=\"0\" cellpadding=\"0\">\n<col \/>\n<tbody>\n<tr>\n<td height=\"21\"><a href=\"https:\/\/www.youtube.com\/watch?v=NIn9naOrfOA\" target=\"_parent\">Choisir une suite bureautique gratuite : quelle alternative au pack Office ?<\/a><\/td>\n<\/tr>\n<tr>\n<td height=\"21\"><a href=\"https:\/\/www.youtube.com\/watch?v=dHnLONf9flE\" target=\"_parent\">2 outils pour planifier tous vos projets de voyages, f\u00eates, travaux&#8230;<\/a><\/td>\n<\/tr>\n<\/tbody>\n<\/table>\n<p>Autour des calendriers<\/p>\n<table border=\"0\" cellspacing=\"0\" cellpadding=\"0\">\n<col \/>\n<tbody>\n<tr>\n<td height=\"21\"><a href=\"https:\/\/www.youtube.com\/watch?v=D5-Rdc2Jg90\" target=\"_parent\">Th\u00e9orie des calendriers perp\u00e9tuels portatifs<\/a><\/td>\n<\/tr>\n<tr>\n<td height=\"21\"><a href=\"https:\/\/www.youtube.com\/watch?v=L9ZjvRQjm5A\" target=\"_parent\">Astuce pour retrouver le jour de la semaine d&rsquo;une date quelconque<\/a><\/td>\n<\/tr>\n<\/tbody>\n<\/table>\n<p>Montages LEGO<\/p>\n<table border=\"0\" cellspacing=\"0\" cellpadding=\"0\">\n<col \/>\n<tbody>\n<tr>\n<td height=\"21\"><a href=\"https:\/\/www.youtube.com\/watch?v=qOrsKUvoTfw\" target=\"_parent\">5 petits montages pour Lego Architecture 21050<\/a><\/td>\n<\/tr>\n<tr>\n<td height=\"21\"><a href=\"https:\/\/www.youtube.com\/watch?v=IeML1qp8KN8\" target=\"_parent\">1 petite villa pour Lego Architecture 21050<\/a><\/td>\n<\/tr>\n<tr>\n<td height=\"21\"><a href=\"https:\/\/www.youtube.com\/watch?v=597wV-roMrs\" target=\"_parent\">2 petits immeubles pour Lego Architecture 21050<\/a><\/td>\n<\/tr>\n<tr>\n<td height=\"21\"><a href=\"https:\/\/www.youtube.com\/watch?v=0xq2mcna-4I\" target=\"_parent\">3 mini constructions pour Lego Architecture 21050<\/a><\/td>\n<\/tr>\n<\/tbody>\n<\/table>\n","protected":false},"excerpt":{"rendered":"<p>Enigmes Facebook Version imprimable des \u00e9nigmes Corrig\u00e9 en vid\u00e9o des 6 premi\u00e8res \u00e9nigmes Corrig\u00e9 des 6 suivantes Outils Choisir une suite bureautique gratuite : quelle alternative au pack Office ? 2 outils pour planifier tous vos projets de voyages, f\u00eates, &hellip; <a href=\"https:\/\/blog.univ-angers.fr\/mathsinfo\/divers\/\">Continuer la lecture <span class=\"meta-nav\">&rarr;<\/span><\/a><\/p>\n","protected":false},"author":4913,"featured_media":0,"parent":0,"menu_order":0,"comment_status":"closed","ping_status":"closed","template":"","meta":{"footnotes":""},"class_list":["post-61","page","type-page","status-publish","hentry"],"_links":{"self":[{"href":"https:\/\/blog.univ-angers.fr\/mathsinfo\/wp-json\/wp\/v2\/pages\/61","targetHints":{"allow":["GET"]}}],"collection":[{"href":"https:\/\/blog.univ-angers.fr\/mathsinfo\/wp-json\/wp\/v2\/pages"}],"about":[{"href":"https:\/\/blog.univ-angers.fr\/mathsinfo\/wp-json\/wp\/v2\/types\/page"}],"author":[{"embeddable":true,"href":"https:\/\/blog.univ-angers.fr\/mathsinfo\/wp-json\/wp\/v2\/users\/4913"}],"replies":[{"embeddable":true,"href":"https:\/\/blog.univ-angers.fr\/mathsinfo\/wp-json\/wp\/v2\/comments?post=61"}],"version-history":[{"count":1,"href":"https:\/\/blog.univ-angers.fr\/mathsinfo\/wp-json\/wp\/v2\/pages\/61\/revisions"}],"predecessor-version":[{"id":71,"href":"https:\/\/blog.univ-angers.fr\/mathsinfo\/wp-json\/wp\/v2\/pages\/61\/revisions\/71"}],"wp:attachment":[{"href":"https:\/\/blog.univ-angers.fr\/mathsinfo\/wp-json\/wp\/v2\/media?parent=61"}],"curies":[{"name":"wp","href":"https:\/\/api.w.org\/{rel}","templated":true}]}}