{"id":6,"date":"2021-11-27T15:31:00","date_gmt":"2021-11-27T14:31:00","guid":{"rendered":"https:\/\/blog.univ-angers.fr\/mathsinfo\/?page_id=6"},"modified":"2022-06-02T17:11:35","modified_gmt":"2022-06-02T16:11:35","slug":"mathematiques","status":"publish","type":"page","link":"https:\/\/blog.univ-angers.fr\/mathsinfo\/mathematiques\/","title":{"rendered":"Mise \u00e0 niveau"},"content":{"rendered":"<table border=\"0\" cellspacing=\"0\" cellpadding=\"0\">\n<colgroup>\n<col>\n<\/colgroup>\n<tbody>\n<tr>\n<td height=\"21\"><a href=\"https:\/\/www.youtube.com\/watch?v=8Y-1W5WE3q0\" target=\"_parent\" rel=\"noopener\">1. Exercices corrig\u00e9s de math\u00e9matiques (mise \u00e0 niveau, concours) : Techniques de r\u00e9solution<\/a><\/td>\n<\/tr>\n<tr>\n<td height=\"21\"><a href=\"https:\/\/www.youtube.com\/watch?v=wxJZXXFPNSk\" target=\"_parent\" rel=\"noopener\">2. Exercices corrig\u00e9s de math\u00e9matiques (mise \u00e0 niveau, concours) : Mesure du temps, vitesse<\/a><\/td>\n<\/tr>\n<tr>\n<td height=\"21\"><a href=\"https:\/\/www.youtube.com\/watch?v=bkdbK3WchKA\" target=\"_parent\" rel=\"noopener\">3. Exercices corrig\u00e9s de math\u00e9matiques (mise \u00e0 niveau, concours) : Partages et m\u00e9langes<\/a><\/td>\n<\/tr>\n<tr>\n<td height=\"21\"><a href=\"https:\/\/www.youtube.com\/watch?v=VlOOed_X_zA\" target=\"_parent\" rel=\"noopener\">4. Exercices corrig\u00e9s de math\u00e9matiques (mise \u00e0 niveau, concours) : Mouvements uniformes<\/a><\/td>\n<\/tr>\n<\/tbody>\n<\/table>\n","protected":false},"excerpt":{"rendered":"<p>1. Exercices corrig\u00e9s de math\u00e9matiques (mise \u00e0 niveau, concours) : Techniques de r\u00e9solution 2. Exercices corrig\u00e9s de math\u00e9matiques (mise \u00e0 niveau, concours) : Mesure du temps, vitesse 3. Exercices corrig\u00e9s de math\u00e9matiques (mise \u00e0 niveau, concours) : Partages et m\u00e9langes &hellip; <a href=\"https:\/\/blog.univ-angers.fr\/mathsinfo\/mathematiques\/\">Continuer la lecture <span class=\"meta-nav\">&rarr;<\/span><\/a><\/p>\n","protected":false},"author":4913,"featured_media":0,"parent":0,"menu_order":0,"comment_status":"closed","ping_status":"closed","template":"","meta":{"footnotes":""},"class_list":["post-6","page","type-page","status-publish","hentry"],"_links":{"self":[{"href":"https:\/\/blog.univ-angers.fr\/mathsinfo\/wp-json\/wp\/v2\/pages\/6","targetHints":{"allow":["GET"]}}],"collection":[{"href":"https:\/\/blog.univ-angers.fr\/mathsinfo\/wp-json\/wp\/v2\/pages"}],"about":[{"href":"https:\/\/blog.univ-angers.fr\/mathsinfo\/wp-json\/wp\/v2\/types\/page"}],"author":[{"embeddable":true,"href":"https:\/\/blog.univ-angers.fr\/mathsinfo\/wp-json\/wp\/v2\/users\/4913"}],"replies":[{"embeddable":true,"href":"https:\/\/blog.univ-angers.fr\/mathsinfo\/wp-json\/wp\/v2\/comments?post=6"}],"version-history":[{"count":1,"href":"https:\/\/blog.univ-angers.fr\/mathsinfo\/wp-json\/wp\/v2\/pages\/6\/revisions"}],"predecessor-version":[{"id":207,"href":"https:\/\/blog.univ-angers.fr\/mathsinfo\/wp-json\/wp\/v2\/pages\/6\/revisions\/207"}],"wp:attachment":[{"href":"https:\/\/blog.univ-angers.fr\/mathsinfo\/wp-json\/wp\/v2\/media?parent=6"}],"curies":[{"name":"wp","href":"https:\/\/api.w.org\/{rel}","templated":true}]}}