{"id":53,"date":"2021-11-27T17:43:05","date_gmt":"2021-11-27T16:43:05","guid":{"rendered":"https:\/\/blog.univ-angers.fr\/mathsinfo\/?page_id=53"},"modified":"2021-11-27T17:43:35","modified_gmt":"2021-11-27T16:43:35","slug":"thymio","status":"publish","type":"page","link":"https:\/\/blog.univ-angers.fr\/mathsinfo\/thymio\/","title":{"rendered":"Thymio"},"content":{"rendered":"<table border=\"0\" cellspacing=\"0\" cellpadding=\"0\">\n<col \/>\n<tbody>\n<tr>\n<td height=\"21\"><a href=\"https:\/\/www.youtube.com\/watch?v=WW06C_eHdeg\" target=\"_parent\">Thymio s&rsquo;anime sur la musique (Programmation avec Blockly)<\/a><\/td>\n<\/tr>\n<tr>\n<td height=\"21\"><a href=\"https:\/\/www.youtube.com\/watch?v=lxCRCzIC3XE\" target=\"_parent\">Visite du mus\u00e9e<\/a><\/td>\n<\/tr>\n<tr>\n<td height=\"21\"><a href=\"https:\/\/www.youtube.com\/watch?v=PAg6TQjYvuk\" target=\"_parent\">La caverne au tr\u00e9sor<\/a><\/td>\n<\/tr>\n<tr>\n<td height=\"21\"><a href=\"https:\/\/www.youtube.com\/watch?v=oMJzGZGMKDI\" target=\"_parent\">Initiation aux m\u00e9moires<\/a><\/td>\n<\/tr>\n<tr>\n<td height=\"21\"><a href=\"https:\/\/www.youtube.com\/watch?v=6JlQecC69r0\" target=\"_parent\">Le thymio devient rouge<\/a><\/td>\n<\/tr>\n<tr>\n<td height=\"21\"><a href=\"https:\/\/www.youtube.com\/watch?v=OT7YlsXxhVU\" target=\"_parent\">Le passage pi\u00e9tons<\/a><\/td>\n<\/tr>\n<tr>\n<td height=\"21\"><a href=\"https:\/\/www.youtube.com\/watch?v=rXausyX0cyA\" target=\"_parent\">Les mains sales<\/a><\/td>\n<\/tr>\n<tr>\n<td height=\"21\"><a href=\"https:\/\/www.youtube.com\/watch?v=0OueZL1CJzg\" target=\"_parent\">Jouez \u00e0 \u00ab\u00a0Permutations\u00a0\u00bb avec votre Thymio (Programmation Aseba Studio)<\/a><\/td>\n<\/tr>\n<tr>\n<td height=\"21\"><a href=\"https:\/\/www.youtube.com\/watch?v=9ErY7XQBFOo\" target=\"_parent\">Code-barres<\/a><\/td>\n<\/tr>\n<tr>\n<td height=\"21\"><a href=\"https:\/\/www.youtube.com\/watch?v=qbdC0Ba6e1Q\" target=\"_parent\">Lumi\u00e8re d&rsquo;ambiance<\/a><\/td>\n<\/tr>\n<tr>\n<td height=\"21\"><a href=\"https:\/\/www.youtube.com\/watch?v=igbf0ZTQG4I\" target=\"_parent\">Acc\u00e9l\u00e9rations<\/a><\/td>\n<\/tr>\n<tr>\n<td height=\"21\"><a href=\"https:\/\/www.youtube.com\/watch?v=Pgdqk5GqH9I\" target=\"_parent\">Le thymio avance<\/a><\/td>\n<\/tr>\n<tr>\n<td height=\"21\"><a href=\"https:\/\/www.youtube.com\/watch?v=EI9A3cDTsjU\" target=\"_parent\">Jouez au Blackjack avec votre Thymio (Programmation Aseba Studio)<\/a><\/td>\n<\/tr>\n<tr>\n<td height=\"21\"><a href=\"https:\/\/www.youtube.com\/watch?v=Q3iGs78lSV0\" target=\"_parent\">Le thymio avance et recule<\/a><\/td>\n<\/tr>\n<\/tbody>\n<\/table>\n","protected":false},"excerpt":{"rendered":"<p>Thymio s&rsquo;anime sur la musique (Programmation avec Blockly) Visite du mus\u00e9e La caverne au tr\u00e9sor Initiation aux m\u00e9moires Le thymio devient rouge Le passage pi\u00e9tons Les mains sales Jouez \u00e0 \u00ab\u00a0Permutations\u00a0\u00bb avec votre Thymio (Programmation Aseba Studio) Code-barres Lumi\u00e8re d&rsquo;ambiance &hellip; <a href=\"https:\/\/blog.univ-angers.fr\/mathsinfo\/thymio\/\">Continuer la lecture <span class=\"meta-nav\">&rarr;<\/span><\/a><\/p>\n","protected":false},"author":4913,"featured_media":0,"parent":0,"menu_order":0,"comment_status":"closed","ping_status":"closed","template":"","meta":{"footnotes":""},"class_list":["post-53","page","type-page","status-publish","hentry"],"_links":{"self":[{"href":"https:\/\/blog.univ-angers.fr\/mathsinfo\/wp-json\/wp\/v2\/pages\/53","targetHints":{"allow":["GET"]}}],"collection":[{"href":"https:\/\/blog.univ-angers.fr\/mathsinfo\/wp-json\/wp\/v2\/pages"}],"about":[{"href":"https:\/\/blog.univ-angers.fr\/mathsinfo\/wp-json\/wp\/v2\/types\/page"}],"author":[{"embeddable":true,"href":"https:\/\/blog.univ-angers.fr\/mathsinfo\/wp-json\/wp\/v2\/users\/4913"}],"replies":[{"embeddable":true,"href":"https:\/\/blog.univ-angers.fr\/mathsinfo\/wp-json\/wp\/v2\/comments?post=53"}],"version-history":[{"count":0,"href":"https:\/\/blog.univ-angers.fr\/mathsinfo\/wp-json\/wp\/v2\/pages\/53\/revisions"}],"wp:attachment":[{"href":"https:\/\/blog.univ-angers.fr\/mathsinfo\/wp-json\/wp\/v2\/media?parent=53"}],"curies":[{"name":"wp","href":"https:\/\/api.w.org\/{rel}","templated":true}]}}