{"id":48,"date":"2021-11-27T17:20:21","date_gmt":"2021-11-27T16:20:21","guid":{"rendered":"https:\/\/blog.univ-angers.fr\/mathsinfo\/?page_id=48"},"modified":"2021-11-27T17:21:19","modified_gmt":"2021-11-27T16:21:19","slug":"javascript","status":"publish","type":"page","link":"https:\/\/blog.univ-angers.fr\/mathsinfo\/javascript\/","title":{"rendered":"JavaScript"},"content":{"rendered":"<table border=\"0\" cellspacing=\"0\" cellpadding=\"0\">\n<col \/>\n<tbody>\n<tr>\n<td height=\"21\"><a href=\"https:\/\/www.youtube.com\/watch?v=z9ZTQZm2O0Q\" target=\"_parent\">Programmation fonctionnelle avec JavaScript &#8211; \u00ab\u00a0A la ferme\u00a0\u00bb<\/a><\/td>\n<\/tr>\n<tr>\n<td height=\"21\"><a href=\"https:\/\/www.youtube.com\/watch?v=L-qZYgoRXnc\" target=\"_parent\">Programmation fonctionnelle : quelques exercices corrig\u00e9s en JavaScript<\/a><\/td>\n<\/tr>\n<tr>\n<td height=\"21\"><a href=\"https:\/\/www.youtube.com\/watch?v=tWgo7zHoJDs\" target=\"_parent\">2 exercices corrig\u00e9s<\/a><\/td>\n<\/tr>\n<tr>\n<td height=\"21\"><a href=\"https:\/\/www.youtube.com\/watch?v=dV3yoXu5NgE\" target=\"_parent\">3 exercices corrig\u00e9s<\/a><\/td>\n<\/tr>\n<tr>\n<td height=\"21\"><a href=\"https:\/\/www.youtube.com\/watch?v=5Bi_xn5Wu2U\" target=\"_parent\">4 challenges \u00e0 r\u00e9soudre en une seule ligne de code<\/a><\/td>\n<\/tr>\n<tr>\n<td height=\"21\"><a href=\"https:\/\/www.youtube.com\/watch?v=dfroPGi6KIU\" target=\"_parent\">Programmation fonctionnelle avec JavaScript &#8211; \u00ab\u00a0Machine \u00e0 sous\u00a0\u00bb<\/a><\/td>\n<\/tr>\n<tr>\n<td height=\"21\"><a href=\"https:\/\/www.youtube.com\/watch?v=IKENadtB4kM\" target=\"_parent\">Programmation fonctionnelle JavaScript &#8211; Cr\u00e9er une petite biblioth\u00e8que<\/a><\/td>\n<\/tr>\n<tr>\n<td height=\"21\"><a href=\"https:\/\/www.youtube.com\/watch?v=s2YFOLC7sPY\" target=\"_parent\">Programmation fonctionnelle JavaScript &#8211; Comparaison de m\u00e9thodes et de vitesses<\/a><\/td>\n<\/tr>\n<tr>\n<td height=\"21\"><a href=\"https:\/\/www.youtube.com\/watch?v=jGI21XtzrsY\" target=\"_parent\">Programmation fonctionnelle JavaScript &#8211; Simuler des automates reconnaissant un langage<\/a><\/td>\n<\/tr>\n<tr>\n<td height=\"21\"><a href=\"https:\/\/www.youtube.com\/watch?v=RfPR9978bFg\" target=\"_parent\">Programmation fonctionnelle avec JavaScript &#8211; \u00ab\u00a0Jouons avec les mots\u00a0\u00bb<\/a><\/td>\n<\/tr>\n<tr>\n<td height=\"21\"><a href=\"https:\/\/www.youtube.com\/watch?v=ofItDH70L8c\" target=\"_parent\">Mot le plus court dans une phrase (Exercice corrig\u00e9)<\/a><\/td>\n<\/tr>\n<tr>\n<td height=\"21\"><a href=\"https:\/\/www.youtube.com\/watch?v=3ax4V7Q4yXc\" target=\"_parent\">Crypto JavaScript 1 : (D\u00e9)Chiffrer le code de C\u00e9sar<\/a><\/td>\n<\/tr>\n<tr>\n<td height=\"21\"><a href=\"https:\/\/www.youtube.com\/watch?v=sRUyEXf_UkE\" target=\"_parent\">Crypto JavaScript 2 : (D\u00e9)Chiffrer le code de Vigen\u00e8re<\/a><\/td>\n<\/tr>\n<tr>\n<td height=\"21\"><a href=\"https:\/\/www.youtube.com\/watch?v=PAGsPv0Z1HY\" target=\"_parent\">Quelques outils pour l&rsquo;Intelligence artificielle<\/a><\/td>\n<\/tr>\n<tr>\n<td height=\"21\"><a href=\"https:\/\/www.youtube.com\/watch?v=0LUYKJ4rxbQ\" target=\"_parent\">Intelligence artificielle &#8211; Algorithmes de recommandation<\/a><\/td>\n<\/tr>\n<tr>\n<td height=\"21\"><a href=\"https:\/\/www.youtube.com\/watch?v=LVaCkEUtOew\" target=\"_parent\">Intelligence artificielle &#8211; recherche d&rsquo;une hypoth\u00e8se<\/a><\/td>\n<\/tr>\n<tr>\n<td height=\"21\"><a href=\"https:\/\/www.youtube.com\/watch?v=yoOa8DbyeJg\" target=\"_parent\">Coloration d&rsquo;un graphe et applications (Welsh-Powell)<\/a><\/td>\n<\/tr>\n<tr>\n<td height=\"21\"><a href=\"https:\/\/www.youtube.com\/watch?v=da-YsqVfpQc\" target=\"_parent\">Algorithme de Prim<\/a><\/td>\n<\/tr>\n<tr>\n<td height=\"21\"><a href=\"https:\/\/www.youtube.com\/watch?v=V-7KIORYiwE\" target=\"_parent\">Algorithme Soundex (reconnaissance phon\u00e9tique)<\/a><\/td>\n<\/tr>\n<tr>\n<td height=\"21\"><a href=\"https:\/\/www.youtube.com\/watch?v=1BTBqt5tIFU\" target=\"_parent\">Probl\u00e8me des mariages stables (Gale-Shapley)<\/a><\/td>\n<\/tr>\n<tr>\n<td height=\"21\"><a href=\"https:\/\/www.youtube.com\/watch?v=ghGy1nDDNxQ\" target=\"_parent\">Reconna\u00eetre les majuscules ou minuscules et exercice corrig\u00e9<\/a><\/td>\n<\/tr>\n<tr>\n<td height=\"21\"><a href=\"https:\/\/www.youtube.com\/watch?v=L6X0I6iuPa4\" target=\"_parent\">G\u00e9n\u00e9rateur de textes al\u00e9atoires \u00e0 partir de po\u00e9sies<\/a><\/td>\n<\/tr>\n<tr>\n<td height=\"21\"><a href=\"https:\/\/www.youtube.com\/watch?v=eCSBw7BVj5o\" target=\"_parent\">JavaScript &amp; Maths &#8211; Chaines, r\u00e9curvisit\u00e9, axiomes de Peano<\/a><\/td>\n<\/tr>\n<tr>\n<td height=\"21\"><a href=\"https:\/\/www.youtube.com\/watch?v=1MWIAwxyB3o\" target=\"_parent\">Alerte au virus ! Corrig\u00e9 en JavaScript<\/a><\/td>\n<\/tr>\n<tr>\n<td height=\"21\"><a href=\"https:\/\/www.youtube.com\/watch?v=-4FEz5s9akw\" target=\"_parent\">JavaScript &amp; SVG &#8211; Montre RADIOACTIVE<\/a><\/td>\n<\/tr>\n<tr>\n<td height=\"21\"><a href=\"https:\/\/www.youtube.com\/watch?v=ERD7aYsN6z8\" target=\"_parent\">JavaScript &#8211; Simulation de la montre TENMETSU de TokyoFlash<\/a><\/td>\n<\/tr>\n<tr>\n<td height=\"21\"><a href=\"https:\/\/www.youtube.com\/watch?v=0yCPulJOMaE\" target=\"_parent\">JavaScript &#8211; Simulation de montres TokyoFlash<\/a><\/td>\n<\/tr>\n<tr>\n<td height=\"21\"><a href=\"https:\/\/www.youtube.com\/watch?v=tC7h4soL5v0\" target=\"_parent\">JavaScript &amp; SVG &#8211; Simulation de la montre STENCIL TokyoFlash<\/a><\/td>\n<\/tr>\n<\/tbody>\n<\/table>\n","protected":false},"excerpt":{"rendered":"<p>Programmation fonctionnelle avec JavaScript &#8211; \u00ab\u00a0A la ferme\u00a0\u00bb Programmation fonctionnelle : quelques exercices corrig\u00e9s en JavaScript 2 exercices corrig\u00e9s 3 exercices corrig\u00e9s 4 challenges \u00e0 r\u00e9soudre en une seule ligne de code Programmation fonctionnelle avec JavaScript &#8211; \u00ab\u00a0Machine \u00e0 sous\u00a0\u00bb &hellip; <a href=\"https:\/\/blog.univ-angers.fr\/mathsinfo\/javascript\/\">Continuer la lecture <span class=\"meta-nav\">&rarr;<\/span><\/a><\/p>\n","protected":false},"author":4913,"featured_media":0,"parent":0,"menu_order":0,"comment_status":"closed","ping_status":"closed","template":"","meta":{"footnotes":""},"class_list":["post-48","page","type-page","status-publish","hentry"],"_links":{"self":[{"href":"https:\/\/blog.univ-angers.fr\/mathsinfo\/wp-json\/wp\/v2\/pages\/48","targetHints":{"allow":["GET"]}}],"collection":[{"href":"https:\/\/blog.univ-angers.fr\/mathsinfo\/wp-json\/wp\/v2\/pages"}],"about":[{"href":"https:\/\/blog.univ-angers.fr\/mathsinfo\/wp-json\/wp\/v2\/types\/page"}],"author":[{"embeddable":true,"href":"https:\/\/blog.univ-angers.fr\/mathsinfo\/wp-json\/wp\/v2\/users\/4913"}],"replies":[{"embeddable":true,"href":"https:\/\/blog.univ-angers.fr\/mathsinfo\/wp-json\/wp\/v2\/comments?post=48"}],"version-history":[{"count":1,"href":"https:\/\/blog.univ-angers.fr\/mathsinfo\/wp-json\/wp\/v2\/pages\/48\/revisions"}],"predecessor-version":[{"id":50,"href":"https:\/\/blog.univ-angers.fr\/mathsinfo\/wp-json\/wp\/v2\/pages\/48\/revisions\/50"}],"wp:attachment":[{"href":"https:\/\/blog.univ-angers.fr\/mathsinfo\/wp-json\/wp\/v2\/media?parent=48"}],"curies":[{"name":"wp","href":"https:\/\/api.w.org\/{rel}","templated":true}]}}