{"id":44,"date":"2021-11-27T17:12:43","date_gmt":"2021-11-27T16:12:43","guid":{"rendered":"https:\/\/blog.univ-angers.fr\/mathsinfo\/?page_id=44"},"modified":"2022-05-03T07:13:23","modified_gmt":"2022-05-03T06:13:23","slug":"apl","status":"publish","type":"page","link":"https:\/\/blog.univ-angers.fr\/mathsinfo\/apl\/","title":{"rendered":"APL"},"content":{"rendered":"<table border=\"0\" cellspacing=\"0\" cellpadding=\"0\"><colgroup><col \/> <\/colgroup>\n<tbody>\n<tr>\n<td height=\"21\"><a href=\"https:\/\/www.youtube.com\/watch?v=Nxq1BUUXobM\" target=\"_parent\" rel=\"noopener\">\u00a0Fonctions de base et exercices corrig\u00e9s<\/a><\/td>\n<\/tr>\n<tr>\n<td height=\"21\"><a href=\"https:\/\/www.youtube.com\/watch?v=s-E7BsMg_Qc\" target=\"_parent\" rel=\"noopener\">\u00a02e partie avec exercices corrig\u00e9s<\/a><\/td>\n<\/tr>\n<tr>\n<td height=\"21\"><a href=\"https:\/\/www.youtube.com\/watch?v=csx2Z-GEGPw\" target=\"_parent\" rel=\"noopener\">3e et derni\u00e8re partie avec exercices corrig\u00e9s<\/a><\/td>\n<\/tr>\n<\/tbody>\n<\/table>\n\n\n<figure class=\"wp-block-table\"><table><tbody><tr><td>APL et les calculatrices HP<\/td><\/tr><tr><td><a href=\"https:\/\/blog.univ-angers.fr\/mathsinfo\/apl-et-rpl\/\">S\u00e9lection<\/a><br><a href=\"https:\/\/blog.univ-angers.fr\/mathsinfo\/apl-et-rpl-reduction\/\"> R\u00e9duction<\/a><br><a href=\"https:\/\/blog.univ-angers.fr\/mathsinfo\/apl-et-rpl-caracteres\/\">Caract\u00e8res<\/a><br><a href=\"https:\/\/blog.univ-angers.fr\/mathsinfo\/apl-et-rpl-produit-interne\/\">Produit interne<\/a><br><a href=\"https:\/\/blog.univ-angers.fr\/mathsinfo\/apl-et-rpl-extraire\/\">Extraire<\/a><br><a href=\"https:\/\/blog.univ-angers.fr\/mathsinfo\/apl-et-rpl-scan\/\">Scan<\/a><br><a href=\"https:\/\/blog.univ-angers.fr\/mathsinfo\/apl-et-rpl-produit-externe\/\">Produit externe<\/a><br><a href=\"https:\/\/blog.univ-angers.fr\/mathsinfo\/et-rpl-exo-robinson\/\">Exo Robinson<\/a><br><a href=\"https:\/\/blog.univ-angers.fr\/mathsinfo\/et-rpl-resume-en-images\/\">R\u00e9sum\u00e9 en images<\/a><\/td><\/tr><\/tbody><\/table><\/figure>\n","protected":false},"excerpt":{"rendered":"<p>\u00a0Fonctions de base et exercices corrig\u00e9s \u00a02e partie avec exercices corrig\u00e9s 3e et derni\u00e8re partie avec exercices corrig\u00e9s APL et les calculatrices HP S\u00e9lection R\u00e9ductionCaract\u00e8resProduit interneExtraireScanProduit externeExo RobinsonR\u00e9sum\u00e9 en images<\/p>\n","protected":false},"author":4913,"featured_media":0,"parent":0,"menu_order":0,"comment_status":"closed","ping_status":"closed","template":"","meta":{"footnotes":""},"class_list":["post-44","page","type-page","status-publish","hentry"],"_links":{"self":[{"href":"https:\/\/blog.univ-angers.fr\/mathsinfo\/wp-json\/wp\/v2\/pages\/44","targetHints":{"allow":["GET"]}}],"collection":[{"href":"https:\/\/blog.univ-angers.fr\/mathsinfo\/wp-json\/wp\/v2\/pages"}],"about":[{"href":"https:\/\/blog.univ-angers.fr\/mathsinfo\/wp-json\/wp\/v2\/types\/page"}],"author":[{"embeddable":true,"href":"https:\/\/blog.univ-angers.fr\/mathsinfo\/wp-json\/wp\/v2\/users\/4913"}],"replies":[{"embeddable":true,"href":"https:\/\/blog.univ-angers.fr\/mathsinfo\/wp-json\/wp\/v2\/comments?post=44"}],"version-history":[{"count":2,"href":"https:\/\/blog.univ-angers.fr\/mathsinfo\/wp-json\/wp\/v2\/pages\/44\/revisions"}],"predecessor-version":[{"id":172,"href":"https:\/\/blog.univ-angers.fr\/mathsinfo\/wp-json\/wp\/v2\/pages\/44\/revisions\/172"}],"wp:attachment":[{"href":"https:\/\/blog.univ-angers.fr\/mathsinfo\/wp-json\/wp\/v2\/media?parent=44"}],"curies":[{"name":"wp","href":"https:\/\/api.w.org\/{rel}","templated":true}]}}