{"id":39,"date":"2021-11-27T16:57:48","date_gmt":"2021-11-27T15:57:48","guid":{"rendered":"https:\/\/blog.univ-angers.fr\/mathsinfo\/?page_id=39"},"modified":"2023-05-14T10:14:05","modified_gmt":"2023-05-14T09:14:05","slug":"lycee-daeu","status":"publish","type":"page","link":"https:\/\/blog.univ-angers.fr\/mathsinfo\/lycee-daeu\/","title":{"rendered":"Lyc\u00e9e \/ DAEU"},"content":{"rendered":"<table border=\"0\" cellspacing=\"0\" cellpadding=\"0\"><colgroup> <col> <\/colgroup>\n<tbody>\n<tr>\n<td height=\"21\"><a href=\"https:\/\/www.youtube.com\/watch?v=kA3_McjQX_o\" target=\"_parent\" rel=\"noopener\">1 &#8211; Maths pour adultes : Les nombres<\/a><\/td>\n<\/tr>\n<tr>\n<td height=\"21\"><a href=\"https:\/\/www.youtube.com\/watch?v=y0dCb4KF9Rg\" target=\"_parent\" rel=\"noopener\">2 &#8211; Maths pour adultes : Op\u00e9rations et fractions<\/a><\/td>\n<\/tr>\n<tr>\n<td height=\"21\"><a href=\"https:\/\/www.youtube.com\/watch?v=sZDktnPLEWE\" target=\"_parent\" rel=\"noopener\">3 &#8211; Maths pour adultes : Les puissances<\/a><\/td>\n<\/tr>\n<tr>\n<td height=\"21\"><a href=\"https:\/\/www.youtube.com\/watch?v=4Pxyi4kTlD4\" target=\"_parent\" rel=\"noopener\">4 &#8211; Maths pour adultes : Calcul litt\u00e9ral &#8211; D\u00e9veloppement<\/a><\/td>\n<\/tr>\n<tr>\n<td height=\"21\"><a href=\"https:\/\/www.youtube.com\/watch?v=lapfFhBsEGw\" target=\"_parent\" rel=\"noopener\">5 &#8211; Maths pour adultes : Calcul litt\u00e9ral &#8211; Factorisation<\/a><\/td>\n<\/tr>\n<tr>\n<td height=\"21\"><a href=\"https:\/\/www.youtube.com\/watch?v=z_iiFZx2UqQ\" target=\"_parent\" rel=\"noopener\">6 &#8211; Maths pour adultes : Equations<\/a><\/td>\n<\/tr>\n<tr>\n<td height=\"21\"><a href=\"https:\/\/www.youtube.com\/watch?v=2bAy-W_W4yc\" target=\"_parent\" rel=\"noopener\">Le point sur&#8230; : Les \u00e9quations du 1er degr\u00e9 &#8211; Partie 1<\/a><\/td>\n<\/tr>\n<tr>\n<td height=\"21\"><a href=\"https:\/\/www.youtube.com\/watch?v=HWdLEte-NgI\" target=\"_parent\" rel=\"noopener\">Le point sur&#8230; : Les \u00e9quations du 1er degr\u00e9 &#8211; Partie 2<\/a><\/td>\n<\/tr>\n<tr>\n<td height=\"21\"><a href=\"https:\/\/www.youtube.com\/watch?v=0gILhNLQuSE\" target=\"_parent\" rel=\"noopener\">Le point sur&#8230; : Les droites<\/a><\/td>\n<\/tr>\n<tr>\n<td height=\"21\"><a href=\"https:\/\/www.youtube.com\/watch?v=uPemgBMPbyU\" target=\"_parent\" rel=\"noopener\">7 &#8211; Maths pour adultes : Equations du second degr\u00e9<\/a><\/td>\n<\/tr>\n<tr>\n<td height=\"21\"><a href=\"https:\/\/www.youtube.com\/watch?v=C0eVKbqWBtk\" target=\"_parent\" rel=\"noopener\">Le point sur&#8230; : Les paraboles et le second degr\u00e9<\/a><\/td>\n<\/tr>\n<tr>\n<td height=\"21\"><a href=\"https:\/\/www.youtube.com\/watch?v=usA724ThYrA\" target=\"_parent\" rel=\"noopener\">Le point sur&#8230; : Tracer une parabole (sommet, point d&rsquo;intersection&#8230;)<\/a><\/td>\n<\/tr>\n<tr>\n<td height=\"21\"><a href=\"https:\/\/www.youtube.com\/watch?v=TkFGedDcb1s\" target=\"_parent\" rel=\"noopener\">8 &#8211; Maths pour adultes : Syst\u00e8mes lin\u00e9aires<\/a><\/td>\n<\/tr>\n<tr>\n<td height=\"21\"><a href=\"https:\/\/www.youtube.com\/watch?v=zBaDee4GXLg\" target=\"_parent\" rel=\"noopener\">8b &#8211; Maths pour adultes : Exemple d&rsquo;un syst\u00e8me 3&#215;3 sans pivot \u00e9vident<\/a><\/td>\n<\/tr>\n<tr>\n<td height=\"21\"><a href=\"https:\/\/www.youtube.com\/watch?v=CV5j_MeKAag\" target=\"_parent\" rel=\"noopener\">9 &#8211; Maths pour adultes : Les polyn\u00f4mes<\/a><\/td>\n<\/tr>\n<tr>\n<td height=\"21\"><a href=\"https:\/\/youtu.be\/TamMHsPP05g\" target=\"_parent\" rel=\"noopener\">Inventons des r\u00e8gles \u00e0 calculs !<\/a><\/td>\n<\/tr>\n<tr>\n<td height=\"21\"><a href=\"https:\/\/youtu.be\/fpnDd75MyPs\" target=\"_parent\" rel=\"noopener\">Maths 1ere &#8211; Corrig\u00e9 \u00ab\u00a0Parabole, tangente et aire minimale\u00a0\u00bb (S\u00e9samath)<\/a><\/td>\n<\/tr>\n<tr>\n<td height=\"21\"><a href=\"https:\/\/youtu.be\/DRZeS2RZ-I0\" target=\"_parent\" rel=\"noopener\">Maths 1ere &#8211; Corrig\u00e9 d&rsquo;un exercice sur les suites (S\u00e9samath)<\/a><\/td>\n<\/tr>\n<tr>\n<td height=\"21\"><a href=\"https:\/\/youtu.be\/perDMPoiRkI\" target=\"_parent\" rel=\"noopener\">Maths 1ere &#8211; Corrig\u00e9 d&rsquo;une fonction avec exponentielle (S\u00e9samath)<\/a><\/td>\n<\/tr>\n<tr>\n<td height=\"21\"><a href=\"https:\/\/blog.univ-angers.fr\/mathsinfo\/exercices-autour-des-pyramides\/\" target=\"_parent\" rel=\"noopener\">Exercices autour des pyramides<\/a><\/td>\n<\/tr>\n<tr>\n<td height=\"21\"><a href=\"https:\/\/youtu.be\/Q0zRF9hiT7k\" target=\"_parent\" rel=\"noopener\">Initiation aux probabilit\u00e9s en seconde et premi\u00e8re &#8211; Partie 1<\/a><\/td>\n<\/tr>\n<tr>\n<td height=\"21\"><a href=\"https:\/\/blog.univ-angers.fr\/mathsinfo\/exercices-autour-des-pyramides\/\" rel=\"noopener\">Exercices autour des pyramides<\/a><\/td>\n<\/tr>\n<tr>\n<td height=\"21\"><a href=\"https:\/\/blog.univ-angers.fr\/mathsinfo\/dessiner-en-perspective\/\" rel=\"noopener\">Dessiner en perspective<\/a><\/td>\n<\/tr>\n<\/tbody>\n<\/table>\n\n\n\n\n<p><\/p>\n","protected":false},"excerpt":{"rendered":"<p>1 &#8211; Maths pour adultes : Les nombres 2 &#8211; Maths pour adultes : Op\u00e9rations et fractions 3 &#8211; Maths pour adultes : Les puissances 4 &#8211; Maths pour adultes : Calcul litt\u00e9ral &#8211; D\u00e9veloppement 5 &#8211; Maths pour adultes &hellip; <a href=\"https:\/\/blog.univ-angers.fr\/mathsinfo\/lycee-daeu\/\">Continuer la lecture <span class=\"meta-nav\">&rarr;<\/span><\/a><\/p>\n","protected":false},"author":4913,"featured_media":0,"parent":0,"menu_order":0,"comment_status":"closed","ping_status":"closed","template":"","meta":{"footnotes":""},"class_list":["post-39","page","type-page","status-publish","hentry"],"_links":{"self":[{"href":"https:\/\/blog.univ-angers.fr\/mathsinfo\/wp-json\/wp\/v2\/pages\/39","targetHints":{"allow":["GET"]}}],"collection":[{"href":"https:\/\/blog.univ-angers.fr\/mathsinfo\/wp-json\/wp\/v2\/pages"}],"about":[{"href":"https:\/\/blog.univ-angers.fr\/mathsinfo\/wp-json\/wp\/v2\/types\/page"}],"author":[{"embeddable":true,"href":"https:\/\/blog.univ-angers.fr\/mathsinfo\/wp-json\/wp\/v2\/users\/4913"}],"replies":[{"embeddable":true,"href":"https:\/\/blog.univ-angers.fr\/mathsinfo\/wp-json\/wp\/v2\/comments?post=39"}],"version-history":[{"count":3,"href":"https:\/\/blog.univ-angers.fr\/mathsinfo\/wp-json\/wp\/v2\/pages\/39\/revisions"}],"predecessor-version":[{"id":1527,"href":"https:\/\/blog.univ-angers.fr\/mathsinfo\/wp-json\/wp\/v2\/pages\/39\/revisions\/1527"}],"wp:attachment":[{"href":"https:\/\/blog.univ-angers.fr\/mathsinfo\/wp-json\/wp\/v2\/media?parent=39"}],"curies":[{"name":"wp","href":"https:\/\/api.w.org\/{rel}","templated":true}]}}