{"id":36,"date":"2021-11-27T16:50:17","date_gmt":"2021-11-27T15:50:17","guid":{"rendered":"https:\/\/blog.univ-angers.fr\/mathsinfo\/?page_id=36"},"modified":"2023-04-06T18:03:53","modified_gmt":"2023-04-06T17:03:53","slug":"numworks","status":"publish","type":"page","link":"https:\/\/blog.univ-angers.fr\/mathsinfo\/numworks\/","title":{"rendered":"NUMWORKS"},"content":{"rendered":"\n<p><a href=\"https:\/\/blog.univ-angers.fr\/mathsinfo\/astuces-avec-la-numworks\">Trucs et astuces avec la NUMWORKS<\/a><\/p>\n\n\n<table border=\"0\" cellspacing=\"0\" cellpadding=\"0\"><colgroup> <col \/> <\/colgroup>\n<tbody>\n<tr>\n<td height=\"21\"><a href=\"https:\/\/www.youtube.com\/watch?v=hvbLPv4Hun8\" target=\"_parent\" rel=\"noopener\">1 &#8211; Exercice \u00ab\u00a0Duplik\u00a0\u00bb (Python sur NUMWORKS)<\/a><\/td>\n<\/tr>\n<tr>\n<td height=\"21\"><a href=\"https:\/\/www.youtube.com\/watch?v=9oObhfHvFUg\" target=\"_parent\" rel=\"noopener\">2 &#8211; Exercice \u00ab\u00a0Les jumeaux\u00a0\u00bb (Python sur NUMWORKS)<\/a><\/td>\n<\/tr>\n<tr>\n<td height=\"21\"><a href=\"https:\/\/www.youtube.com\/watch?v=pNrHZn_lZrY\" target=\"_parent\" rel=\"noopener\">3 &#8211; Exercice \u00ab\u00a0Machine \u00e0 sous\u00a0\u00bb (Python sur NUMWORKS)<\/a><\/td>\n<\/tr>\n<tr>\n<td height=\"21\"><a href=\"https:\/\/www.youtube.com\/watch?v=hRDpt6f9ED0\" target=\"_parent\" rel=\"noopener\">4 &#8211; Parlez-vous LEET SPEAK ? (Python sur NUMWORKS)<\/a><\/td>\n<\/tr>\n<tr>\n<td height=\"21\"><a href=\"https:\/\/www.youtube.com\/watch?v=9QV7TPpN41c\" target=\"_parent\" rel=\"noopener\">5 &#8211; Classement dans un forum (Python sur NUMWORKS)<\/a><\/td>\n<\/tr>\n<tr>\n<td height=\"21\"><a href=\"https:\/\/www.youtube.com\/watch?v=skTbOsXBwuI\" target=\"_parent\" rel=\"noopener\">6 &#8211; Exercice \u00ab\u00a0Jeu de fl\u00e9chettes\u00a0\u00bb (Python sur NUMWORKS)<\/a><\/td>\n<\/tr>\n<tr>\n<td height=\"21\"><a href=\"https:\/\/www.youtube.com\/watch?v=KrBu9NBzx0U\" target=\"_parent\" rel=\"noopener\">7 &#8211; Exercice \u00ab\u00a0Supprimer des lettres\u00a0\u00bb (Python sur NUMWORKS)<\/a><\/td>\n<\/tr>\n<tr>\n<td height=\"21\"><a href=\"https:\/\/www.youtube.com\/watch?v=BGNZLycJdmM\" target=\"_parent\" rel=\"noopener\">8 &#8211; Exercice \u00ab\u00a0S\u00e9curit\u00e9 routi\u00e8re\u00a0\u00bb (Python sur NUMWORKS)<\/a><\/td>\n<\/tr>\n<tr>\n<td height=\"21\"><a href=\"https:\/\/www.youtube.com\/watch?v=BuPpA1LQhrY\" target=\"_parent\" rel=\"noopener\">9 &#8211; Cr\u00e9er le jeu de r\u00e9flexion KIBUR (Python sur NUMWORKS)<\/a><\/td>\n<\/tr>\n<tr>\n<td height=\"21\"><a href=\"https:\/\/www.youtube.com\/watch?v=bWyejGnQrVk\" target=\"_parent\" rel=\"noopener\">10 &#8211; Deux effets \u00ab\u00a0MATRIX\u00a0\u00bb (Python sur NUMWORKS)<\/a><\/td>\n<\/tr>\n<tr>\n<td height=\"21\"><a href=\"https:\/\/www.youtube.com\/watch?v=CqcnEANnQoo\" target=\"_parent\" rel=\"noopener\">11 &#8211; Exercice \u00ab\u00a0Distribution de bonbons\u00a0\u00bb (Python sur NUMWORKS)<\/a><\/td>\n<\/tr>\n<tr>\n<td height=\"21\"><a href=\"https:\/\/www.youtube.com\/watch?v=BI6SbyaFrBU\" target=\"_parent\" rel=\"noopener\">12 &#8211;\u00a0 \u00ab\u00a0Course de natation\u00a0\u00bb pour simuler un d\u00e9 (Python sur NUMWORKS)<\/a><\/td>\n<\/tr>\n<tr>\n<td height=\"21\"><a href=\"https:\/\/www.youtube.com\/watch?v=_IP0ltE5ha4\" target=\"_parent\" rel=\"noopener\">13 &#8211; G\u00e9rer vos comptes apr\u00e8s les vacances (Python sur NUMWORKS)<\/a><\/td>\n<\/tr>\n<tr>\n<td height=\"21\"><a href=\"https:\/\/www.youtube.com\/watch?v=C93ZaqXT-K0\" target=\"_parent\" rel=\"noopener\">14 &#8211; Installer un \u00e9mulateur de jeux sur la NUMWORKS<\/a><\/td>\n<\/tr>\n<tr>\n<td height=\"21\"><a href=\"https:\/\/www.youtube.com\/watch?v=3gKOPRjxFpg\" target=\"_parent\" rel=\"noopener\">14 bis &#8211; Mise \u00e0 jour de l&rsquo;\u00e9mulateur pour Numworks derni\u00e8re g\u00e9n\u00e9ration<\/a><\/td>\n<\/tr>\n<tr>\n<td height=\"21\"><a href=\"https:\/\/www.youtube.com\/watch?v=IIhG7VJh584\" target=\"_parent\" rel=\"noopener\">15 &#8211; Jeu pour apprendre les drapeaux (Python sur NUMWORKS)<\/a><\/td>\n<\/tr>\n<tr>\n<td height=\"21\"><a href=\"https:\/\/www.youtube.com\/watch?v=p_9IlrRpFyU\" target=\"_parent\" rel=\"noopener\">16 &#8211; Mettre une photo sur la calculatrice NUMWORKS<\/a><\/td>\n<\/tr>\n<tr>\n<td height=\"21\"><a href=\"https:\/\/www.youtube.com\/watch?v=-5MgqMgIMe4\" target=\"_parent\" rel=\"noopener\">17 &#8211; Simuler un \u00e9cran de veille (Python sur NUMWORKS)<\/a><\/td>\n<\/tr>\n<tr>\n<td height=\"21\"><a href=\"https:\/\/www.youtube.com\/watch?v=%20-yUBUvie6C0\" target=\"_parent\" rel=\"noopener\">18 &#8211; Plateau et pi\u00e8ces d&rsquo;un jeu d&rsquo;\u00e9checs (Python sur NUMWORKS)<\/a><\/td>\n<\/tr>\n<tr>\n<td height=\"21\"><a href=\"https:\/\/www.youtube.com\/watch?v=5zLtFIwwU98\" target=\"_parent\" rel=\"noopener\">19 &#8211; Exercice \u00ab\u00a0Numworks City\u00a0\u00bb (Python sur NUMWORKS)<\/a><\/td>\n<\/tr>\n<tr>\n<td height=\"21\"><a href=\"https:\/\/www.youtube.com\/watch?v=yx-j5JTHGUY\" target=\"_parent\" rel=\"noopener\">20 &#8211; Cr\u00e9er des montres Tokyoflash (Python sur NUMWORKS)<\/a><\/td>\n<\/tr>\n<tr>\n<td height=\"21\"><a href=\"https:\/\/www.youtube.com\/watch?v=Ehy0cpLJYjQ\" target=\"_parent\" rel=\"noopener\">21 &#8211; Images 3D (Python sur NUMWORKS)<\/a><\/td>\n<\/tr>\n<tr>\n<td height=\"21\"><a href=\"https:\/\/www.youtube.com\/watch?v=oCzQNm-y4Y8\" target=\"_parent\" rel=\"noopener\">22 &#8211; Recherche dans un brin d&rsquo;ADN (Python sur NUMWORKS)<\/a><\/td>\n<\/tr>\n<tr>\n<td height=\"21\"><a href=\"https:\/\/www.youtube.com\/watch?v=A391WfYl5t0\" target=\"_parent\" rel=\"noopener\">23 &#8211; Rubik&rsquo;s cube &amp; anneaux hongrois (Python sur NUMWORKS)<\/a><\/td>\n<\/tr>\n<tr>\n<td height=\"21\"><a href=\"https:\/\/www.youtube.com\/watch?v=6FCEcvlPkgQ\" target=\"_parent\" rel=\"noopener\">24 &#8211; Pr\u00e9visions m\u00e9t\u00e9o (Python sur NUMWORKS)<\/a><\/td>\n<\/tr>\n<tr>\n<td height=\"21\"><a href=\"https:\/\/www.youtube.com\/watch?v=igvd6wbSAXw\" target=\"_parent\" rel=\"noopener\">25 &#8211; Art g\u00e9n\u00e9ratif (Python sur NUMWORKS)<\/a><\/td>\n<\/tr>\n<tr>\n<td height=\"21\"><a href=\"https:\/\/www.youtube.com\/watch?v=LdxkXWwXWbs\" target=\"_parent\" rel=\"noopener\">26 &#8211; Code Morse (Python sur NUMWORKS)<\/a><\/td>\n<\/tr>\n<tr>\n<td height=\"21\"><a href=\"https:\/\/www.youtube.com\/watch?v=M3GNgQoAbDQ\" target=\"_parent\" rel=\"noopener\">27 &#8211; Transformer la NUMWORKS en boussole<\/a><\/td>\n<\/tr>\n<tr>\n<td height=\"21\"><a href=\"https:\/\/www.youtube.com\/watch?v=sIuEKKW-nP4\" target=\"_parent\" rel=\"noopener\">28 &#8211; Programmons le jeu Snake en Python sur la Numworks !<\/a><\/td>\n<\/tr>\n<tr>\n<td height=\"21\"><a href=\"https:\/\/www.youtube.com\/watch?v=GtBpzRtrdoA\" target=\"_parent\" rel=\"noopener\">29 &#8211; Programmons le jeu 2048 en Python sur la Numworks !<\/a><\/td>\n<\/tr>\n<tr>\n<td height=\"21\"><a href=\"https:\/\/www.youtube.com\/watch?v=9ujM4tPoSbs\" target=\"_parent\" rel=\"noopener\">30 &#8211; Sp\u00e9cial fin d&rsquo;ann\u00e9e avec votre Numworks<\/a><\/td>\n<\/tr>\n<tr>\n<td height=\"21\"><a href=\"https:\/\/www.youtube.com\/watch?v=hpeFV41P0Ys\" target=\"_parent\" rel=\"noopener\">31 d\u00e9cembre &#8211; Votre Numworks d\u00e9compte les secondes jusqu&rsquo;\u00e0 minuit !<\/a><\/td>\n<\/tr>\n<tr>\n<td height=\"21\"><a href=\"https:\/\/www.youtube.com\/watch?v=4CbeTh5vsQA\" target=\"_parent\" rel=\"noopener\">32 &#8211; Transformez votre Numworks en panneau LED d\u00e9filant<\/a><\/td>\n<\/tr>\n<tr>\n<td height=\"21\"><a href=\"https:\/\/www.youtube.com\/watch?v=90j16zFXB6o\" target=\"_parent\" rel=\"noopener\">33 &#8211; Programmons les jeux \u00ab\u00a0Fire\u00a0\u00bb et \u00ab\u00a0M\u00e9t\u00e9orites\u00a0\u00bb sur la NUMWORKS<\/a><\/td>\n<\/tr>\n<tr>\n<td height=\"21\"><a href=\"https:\/\/www.youtube.com\/watch?v=9DzgqWhKblw\" target=\"_parent\" rel=\"noopener\">33 &#8211; Sp\u00e9cial Saint-Valentin : votre Numworks trace pas \u00e0 pas vos dessins faits sous Gimp<\/a><\/td>\n<\/tr>\n<tr>\n<td height=\"21\"><a href=\"https:\/\/www.youtube.com\/watch?v=_ZCrjkkMCR4\" target=\"_parent\" rel=\"noopener\">Apprenez le braille gr\u00e2ce \u00e0 votre calculatrice Numworks, Ti83 ou Casio 90+E<\/a><\/td>\n<\/tr>\n<tr>\n<td height=\"21\"><a href=\"https:\/\/www.youtube.com\/watch?v=qt-QdtZQ1Pk\" target=\"_parent\" rel=\"noopener\">Biorythmes et calculs de compatibilit\u00e9s entre amis sur Ti83 et Casio graphiques<\/a><\/td>\n<\/tr>\n<tr>\n<td height=\"21\"><a href=\"https:\/\/www.youtube.com\/watch?v=JV9U-6WZRo8\" target=\"_parent\" rel=\"noopener\">Exercice Python : Initiales et doublons<\/a><\/td>\n<\/tr>\n<tr>\n<td height=\"21\"><a href=\"https:\/\/www.youtube.com\/watch?v=jUmqwBqaaC8\" target=\"_parent\" rel=\"noopener\">34 &#8211; Jeu de r\u00e9flexion \u00ab\u00a0Carr\u00e9 magique\u00a0\u00bb pour la NUMWORKS<\/a><\/td>\n<\/tr>\n<tr>\n<td height=\"21\"><a href=\"https:\/\/www.youtube.com\/watch?v=LAzu7m9SF-E\" target=\"_parent\" rel=\"noopener\">35 &#8211; Programmons un jeu D\u00e9mineur en Python sur la Numworks !<\/a><\/td>\n<\/tr>\n<tr>\n<td height=\"21\"><a href=\"https:\/\/www.youtube.com\/watch?v=3v0x1DSNLe0\" target=\"_parent\" rel=\"noopener\">36 &#8211; Programmons le jeu \u00ab\u00a0Pixel Art\u00a0\u00bb sur la Numworks !<\/a><\/td>\n<\/tr>\n<tr>\n<td height=\"21\"><a href=\"https:\/\/www.youtube.com\/watch?v=EDtHlnrS3_8\" target=\"_parent\" rel=\"noopener\">37 &#8211; Programmons le jeu \u00ab\u00a0Mission Missile\u00a0\u00bb sur la Numworks !<\/a><\/td>\n<\/tr>\n<tr>\n<td height=\"21\"><a href=\"https:\/\/www.youtube.com\/watch?v=j174hbnHyEs\" target=\"_parent\" rel=\"noopener\">Numworks v14.4 : Installation de jeux + un logiciel de maths<\/a><\/td>\n<\/tr>\n<tr>\n<td height=\"21\"><a href=\"https:\/\/www.youtube.com\/watch?v=v3OQ-p8oFUI\" target=\"_parent\" rel=\"noopener\">Python &#8211; Jeu \u00ab\u00a0Les anneaux hongrois\u00a0\u00bb sur la NUMWORKS<\/a><\/td>\n<\/tr>\n<tr>\n<td height=\"21\"><a href=\"https:\/\/www.youtube.com\/watch?v=vBx7WumAqGk\" target=\"_parent\" rel=\"noopener\">Python &#8211; Jeu Puissance 4 &#8211; Numworks et Ti-83 Premium<\/a><\/td>\n<\/tr>\n<tr>\n<td height=\"21\"><a href=\"https:\/\/www.youtube.com\/watch?v=D_WB40tjHqQ\" target=\"_parent\" rel=\"noopener\">Python &#8211; Jeu de cartes Tripeaks &#8211; Exemple sur la Numworks<\/a><\/td>\n<\/tr>\n<tr>\n<td height=\"21\"><a href=\"https:\/\/www.youtube.com\/watch?v=bg0m2PkHOMQ\" target=\"_parent\" rel=\"noopener\">Python &#8211; Jeu de solitaire &#8211; Numworks et Ti-83 Premium<\/a><\/td>\n<\/tr>\n<tr>\n<td height=\"21\"><a href=\"https:\/\/www.youtube.com\/watch?v=RgvOqYkDqWo\" target=\"_parent\" rel=\"noopener\">Jeu du Pendu sur Numworks et Ti 83 Edition Python<\/a><\/td>\n<\/tr>\n<tr>\n<td height=\"21\"><a href=\"https:\/\/www.youtube.com\/watch?v=b1y_OMR3tck\" target=\"_parent\" rel=\"noopener\">JEU DE LA VIE en Python pour la Numworks<\/a><\/td>\n<\/tr>\n<tr>\n<td height=\"21\"><a href=\"https:\/\/www.youtube.com\/watch?v=hUxm5qIoNHI\" target=\"_parent\" rel=\"noopener\">NUMWORKS : 4 petits jeux inspir\u00e9s des d\u00e9fis de Blanche (Fort Boyard)<\/a><\/td>\n<\/tr>\n<tr>\n<td height=\"21\"><a href=\"https:\/\/www.youtube.com\/watch?v=vNd1yUsmNSY\" target=\"_parent\" rel=\"noopener\">Python &#8211; Jeu TRON sur la NUMWORKS<\/a><\/td>\n<\/tr>\n<tr>\n<td height=\"21\"><a href=\"https:\/\/www.youtube.com\/watch?v=aumBFWrJw7k\" target=\"_parent\" rel=\"noopener\">Jeu RUBIKA sur NUMWORKS et TI-83 Premium Edition Python<\/a><\/td>\n<\/tr>\n<tr>\n<td height=\"21\"><a href=\"https:\/\/www.youtube.com\/watch?v=7PzcPoPXi7E\" target=\"_parent\" rel=\"noopener\">Jeu RUBPIX sur NUMWORKS et TI-83 Premium Edition Python<\/a><\/td>\n<\/tr>\n<tr>\n<td height=\"21\"><a href=\"https:\/\/www.youtube.com\/watch?v=VoGBeUO-C9A\" target=\"_parent\" rel=\"noopener\">D\u00e9fiez votre calculatrice \u00e0 ce jeu de hasard ! Programme Python pour Numworks, Ti83, Casio<\/a><\/td>\n<\/tr>\n<tr>\n<td height=\"21\"><a href=\"https:\/\/www.youtube.com\/watch?v=hNmYiFHioRc\" target=\"_parent\" rel=\"noopener\">Second tour de magie pour les Numworks, Ti83 Premium et Casio 90+E<\/a><\/td>\n<\/tr>\n<tr>\n<td height=\"21\"><a href=\"https:\/\/www.youtube.com\/watch?v=fd4nZWgxnQM\" target=\"_parent\" rel=\"noopener\">Troisi\u00e8me tour de magie pour les Numworks, Ti83 Premium et Casio 90+E<\/a><\/td>\n<\/tr>\n<tr>\n<td height=\"21\"><a href=\"https:\/\/www.youtube.com\/watch?v=dMhQU3HHR-I\" target=\"_parent\" rel=\"noopener\">Convertir un nombre d\u00e9cimal en fraction pour Numworks et Ti83 Premium<\/a><\/td>\n<\/tr>\n<tr>\n<td height=\"21\"><a href=\"https:\/\/www.youtube.com\/watch?v=wykeOAVYMFI\" target=\"_parent\" rel=\"noopener\">Calcul symbolique sur Casio 90+E, 35+eii et Numworks N110 &#8211; Trucs et astuces<\/a><\/td>\n<\/tr>\n<tr>\n<td height=\"21\"><a href=\"https:\/\/www.youtube.com\/watch?v=oXJubFcoR_U\" target=\"_parent\" rel=\"noopener\">fun : 1860 d\u00e9cimales de Pi<\/a><\/td>\n<\/tr>\n<tr>\n<td height=\"21\"><a href=\"https:\/\/www.youtube.com\/watch?v=9L5JUftCysk\" target=\"_parent\" rel=\"noopener\">fun :\u00a0Jeu de la vie<\/a><\/td>\n<\/tr>\n<tr>\n<td height=\"21\"><a href=\"https:\/\/www.youtube.com\/watch?v=CMJtvDgTZ2Y\" target=\"_parent\" rel=\"noopener\">fun : Shuffle Dance<\/a><\/td>\n<\/tr>\n<tr>\n<td height=\"21\"><a href=\"https:\/\/www.youtube.com\/watch?v=mazXPvL_qEQ\" target=\"_parent\" rel=\"noopener\">fun : Matrix<\/a><\/td>\n<\/tr>\n<tr>\n<td height=\"21\"><a href=\"https:\/\/www.youtube.com\/watch?v=13t58TmJnDA\" target=\"_parent\" rel=\"noopener\">fun : 3D<\/a><\/td>\n<\/tr>\n<tr>\n<td height=\"21\"><a href=\"https:\/\/www.youtube.com\/watch?v=3ihVv9AL_3M\" target=\"_parent\" rel=\"noopener\">fun : Art<\/a><\/td>\n<\/tr>\n<tr>\n<td height=\"21\"><a href=\"https:\/\/www.youtube.com\/watch?v=e4FCHGj1Kmc\" target=\"_parent\" rel=\"noopener\">fun : Happy Halloween<\/a><\/td>\n<\/tr>\n<tr>\n<td height=\"21\"><a href=\"https:\/\/www.youtube.com\/watch?v=YHJQxvb4c2g\" target=\"_parent\" rel=\"noopener\">fun : Danse<\/a><\/td>\n<\/tr>\n<tr>\n<td height=\"21\"><a href=\"https:\/\/www.youtube.com\/watch?v=xz9Kr8evxiQ\" target=\"_parent\" rel=\"noopener\">fun : Mondrian<\/a><\/td>\n<\/tr>\n<tr>\n<td height=\"21\"><a href=\"https:\/\/blog.univ-angers.fr\/mathsinfo\/motifs-de-remplissage\/\" target=\"_parent\" rel=\"noopener\">Cr\u00e9er des motifs \u00e0 l&rsquo;aide de PowerPoint et Gimp<\/a><\/td>\n<\/tr>\n<\/tbody>\n<\/table>","protected":false},"excerpt":{"rendered":"<p>Trucs et astuces avec la NUMWORKS 1 &#8211; Exercice \u00ab\u00a0Duplik\u00a0\u00bb (Python sur NUMWORKS) 2 &#8211; Exercice \u00ab\u00a0Les jumeaux\u00a0\u00bb (Python sur NUMWORKS) 3 &#8211; Exercice \u00ab\u00a0Machine \u00e0 sous\u00a0\u00bb (Python sur NUMWORKS) 4 &#8211; Parlez-vous LEET SPEAK ? (Python sur NUMWORKS) 5 &hellip; <a href=\"https:\/\/blog.univ-angers.fr\/mathsinfo\/numworks\/\">Continuer la lecture <span class=\"meta-nav\">&rarr;<\/span><\/a><\/p>\n","protected":false},"author":4913,"featured_media":0,"parent":0,"menu_order":0,"comment_status":"closed","ping_status":"closed","template":"","meta":{"footnotes":""},"class_list":["post-36","page","type-page","status-publish","hentry"],"_links":{"self":[{"href":"https:\/\/blog.univ-angers.fr\/mathsinfo\/wp-json\/wp\/v2\/pages\/36","targetHints":{"allow":["GET"]}}],"collection":[{"href":"https:\/\/blog.univ-angers.fr\/mathsinfo\/wp-json\/wp\/v2\/pages"}],"about":[{"href":"https:\/\/blog.univ-angers.fr\/mathsinfo\/wp-json\/wp\/v2\/types\/page"}],"author":[{"embeddable":true,"href":"https:\/\/blog.univ-angers.fr\/mathsinfo\/wp-json\/wp\/v2\/users\/4913"}],"replies":[{"embeddable":true,"href":"https:\/\/blog.univ-angers.fr\/mathsinfo\/wp-json\/wp\/v2\/comments?post=36"}],"version-history":[{"count":5,"href":"https:\/\/blog.univ-angers.fr\/mathsinfo\/wp-json\/wp\/v2\/pages\/36\/revisions"}],"predecessor-version":[{"id":1334,"href":"https:\/\/blog.univ-angers.fr\/mathsinfo\/wp-json\/wp\/v2\/pages\/36\/revisions\/1334"}],"wp:attachment":[{"href":"https:\/\/blog.univ-angers.fr\/mathsinfo\/wp-json\/wp\/v2\/media?parent=36"}],"curies":[{"name":"wp","href":"https:\/\/api.w.org\/{rel}","templated":true}]}}