{"id":32,"date":"2021-11-27T16:29:44","date_gmt":"2021-11-27T15:29:44","guid":{"rendered":"https:\/\/blog.univ-angers.fr\/mathsinfo\/?page_id=32"},"modified":"2021-11-27T16:53:50","modified_gmt":"2021-11-27T15:53:50","slug":"powerpoint","status":"publish","type":"page","link":"https:\/\/blog.univ-angers.fr\/mathsinfo\/powerpoint\/","title":{"rendered":"PowerPoint"},"content":{"rendered":"<table border=\"0\" cellspacing=\"0\" cellpadding=\"0\">\n<col \/>\n<tbody>\n<tr>\n<td height=\"21\"><a href=\"https:\/\/www.youtube.com\/watch?v=Dnwe67B8usI\" target=\"_parent\">1 &#8211; Mod\u00e8les et masque<\/a><\/td>\n<\/tr>\n<tr>\n<td height=\"21\"><a href=\"https:\/\/www.youtube.com\/watch?v=uwtxzCjnFPg\" target=\"_parent\">2 &#8211; Diff\u00e9rents types de contenus<\/a><\/td>\n<\/tr>\n<tr>\n<td height=\"21\"><a href=\"https:\/\/www.youtube.com\/watch?v=%20-H9lxhONjSk\" target=\"_parent\">3 &#8211; Animations simples et complexes\u00a0<\/a><\/td>\n<\/tr>\n<tr>\n<td height=\"21\"><a href=\"https:\/\/www.youtube.com\/watch?v=V86CjtNzd7I\" target=\"_parent\">4 &#8211; Ressources \u00e0 t\u00e9l\u00e9charger<\/a><\/td>\n<\/tr>\n<tr>\n<td height=\"21\"><a href=\"https:\/\/www.youtube.com\/watch?v=Lc9l6cHFUNI\" target=\"_parent\">Cr\u00e9ez des cartes mentales avec PowerPoint (+ initiation \u00e0 FreePlane)<\/a><\/td>\n<\/tr>\n<tr>\n<td height=\"21\"><a href=\"https:\/\/www.youtube.com\/watch?v=%20-GwpZpRtbhk\" target=\"_parent\">Infographie : Cr\u00e9er facilement des ic\u00f4nes avec PowerPoint<\/a><\/td>\n<\/tr>\n<\/tbody>\n<\/table>\n","protected":false},"excerpt":{"rendered":"<p>1 &#8211; Mod\u00e8les et masque 2 &#8211; Diff\u00e9rents types de contenus 3 &#8211; Animations simples et complexes\u00a0 4 &#8211; Ressources \u00e0 t\u00e9l\u00e9charger Cr\u00e9ez des cartes mentales avec PowerPoint (+ initiation \u00e0 FreePlane) Infographie : Cr\u00e9er facilement des ic\u00f4nes avec PowerPoint<\/p>\n","protected":false},"author":4913,"featured_media":0,"parent":0,"menu_order":0,"comment_status":"closed","ping_status":"closed","template":"","meta":{"footnotes":""},"class_list":["post-32","page","type-page","status-publish","hentry"],"_links":{"self":[{"href":"https:\/\/blog.univ-angers.fr\/mathsinfo\/wp-json\/wp\/v2\/pages\/32","targetHints":{"allow":["GET"]}}],"collection":[{"href":"https:\/\/blog.univ-angers.fr\/mathsinfo\/wp-json\/wp\/v2\/pages"}],"about":[{"href":"https:\/\/blog.univ-angers.fr\/mathsinfo\/wp-json\/wp\/v2\/types\/page"}],"author":[{"embeddable":true,"href":"https:\/\/blog.univ-angers.fr\/mathsinfo\/wp-json\/wp\/v2\/users\/4913"}],"replies":[{"embeddable":true,"href":"https:\/\/blog.univ-angers.fr\/mathsinfo\/wp-json\/wp\/v2\/comments?post=32"}],"version-history":[{"count":0,"href":"https:\/\/blog.univ-angers.fr\/mathsinfo\/wp-json\/wp\/v2\/pages\/32\/revisions"}],"wp:attachment":[{"href":"https:\/\/blog.univ-angers.fr\/mathsinfo\/wp-json\/wp\/v2\/media?parent=32"}],"curies":[{"name":"wp","href":"https:\/\/api.w.org\/{rel}","templated":true}]}}