{"id":29,"date":"2021-11-27T16:27:06","date_gmt":"2021-11-27T15:27:06","guid":{"rendered":"https:\/\/blog.univ-angers.fr\/mathsinfo\/?page_id=29"},"modified":"2021-11-27T16:53:56","modified_gmt":"2021-11-27T15:53:56","slug":"word","status":"publish","type":"page","link":"https:\/\/blog.univ-angers.fr\/mathsinfo\/word\/","title":{"rendered":"Word"},"content":{"rendered":"<table border=\"0\" cellspacing=\"0\" cellpadding=\"0\">\n<col \/>\n<tbody>\n<tr>\n<td height=\"21\"><a href=\"https:\/\/www.youtube.com\/watch?v=GZNskjr_Jm0\" target=\"_parent\">1 &#8211; Rapport, m\u00e9moire&#8230; avec Word : L&rsquo;essentiel \u00e0 connaitre<\/a><\/td>\n<\/tr>\n<tr>\n<td height=\"21\"><a href=\"https:\/\/www.youtube.com\/watch?v=Z9ao4Im5dCs\" target=\"_parent\">2 &#8211; Rapport, m\u00e9moire&#8230; avec Word : Num\u00e9rotations des titres et des pages<\/a><\/td>\n<\/tr>\n<tr>\n<td height=\"21\"><a href=\"https:\/\/www.youtube.com\/watch?v=XorXMWuKnyk\" target=\"_parent\">3 &#8211; Rapport, m\u00e9moire&#8230; avec Word : Cr\u00e9er des sections pour&#8230;<\/a><\/td>\n<\/tr>\n<tr>\n<td height=\"21\"><a href=\"https:\/\/www.youtube.com\/watch?v=ayyZLJUipfA\" target=\"_parent\">4 &#8211; Publipostage Word (mailing) : Pourquoi, comment et astuces<\/a><\/td>\n<\/tr>\n<tr>\n<td height=\"21\"><a href=\"https:\/\/www.youtube.com\/watch?v=3QOkDycVCvk\" target=\"_parent\">5 &#8211; Recherche et remplacement avanc\u00e9s dans Word<\/a><\/td>\n<\/tr>\n<tr>\n<td height=\"21\"><a href=\"https:\/\/www.youtube.com\/watch?v=gWUef9bmLcQ\" target=\"_parent\">6 &#8211; Word : Cr\u00e9ez un trombinoscope par publipostage<\/a><\/td>\n<\/tr>\n<tr>\n<td height=\"21\"><a href=\"https:\/\/www.youtube.com\/watch?v=ZbPc0cZobtA\" target=\"_parent\">7 &#8211; Rapport, m\u00e9moire&#8230; avec Word : Des erreurs classiques<\/a><\/td>\n<\/tr>\n<\/tbody>\n<\/table>\n","protected":false},"excerpt":{"rendered":"<p>1 &#8211; Rapport, m\u00e9moire&#8230; avec Word : L&rsquo;essentiel \u00e0 connaitre 2 &#8211; Rapport, m\u00e9moire&#8230; avec Word : Num\u00e9rotations des titres et des pages 3 &#8211; Rapport, m\u00e9moire&#8230; avec Word : Cr\u00e9er des sections pour&#8230; 4 &#8211; Publipostage Word (mailing) : &hellip; <a href=\"https:\/\/blog.univ-angers.fr\/mathsinfo\/word\/\">Continuer la lecture <span class=\"meta-nav\">&rarr;<\/span><\/a><\/p>\n","protected":false},"author":4913,"featured_media":0,"parent":0,"menu_order":0,"comment_status":"closed","ping_status":"closed","template":"","meta":{"footnotes":""},"class_list":["post-29","page","type-page","status-publish","hentry"],"_links":{"self":[{"href":"https:\/\/blog.univ-angers.fr\/mathsinfo\/wp-json\/wp\/v2\/pages\/29","targetHints":{"allow":["GET"]}}],"collection":[{"href":"https:\/\/blog.univ-angers.fr\/mathsinfo\/wp-json\/wp\/v2\/pages"}],"about":[{"href":"https:\/\/blog.univ-angers.fr\/mathsinfo\/wp-json\/wp\/v2\/types\/page"}],"author":[{"embeddable":true,"href":"https:\/\/blog.univ-angers.fr\/mathsinfo\/wp-json\/wp\/v2\/users\/4913"}],"replies":[{"embeddable":true,"href":"https:\/\/blog.univ-angers.fr\/mathsinfo\/wp-json\/wp\/v2\/comments?post=29"}],"version-history":[{"count":0,"href":"https:\/\/blog.univ-angers.fr\/mathsinfo\/wp-json\/wp\/v2\/pages\/29\/revisions"}],"wp:attachment":[{"href":"https:\/\/blog.univ-angers.fr\/mathsinfo\/wp-json\/wp\/v2\/media?parent=29"}],"curies":[{"name":"wp","href":"https:\/\/api.w.org\/{rel}","templated":true}]}}