{"id":21,"date":"2021-11-27T16:18:27","date_gmt":"2021-11-27T15:18:27","guid":{"rendered":"https:\/\/blog.univ-angers.fr\/mathsinfo\/?page_id=21"},"modified":"2022-08-19T06:53:47","modified_gmt":"2022-08-19T05:53:47","slug":"machines-anciennes","status":"publish","type":"page","link":"https:\/\/blog.univ-angers.fr\/mathsinfo\/machines-anciennes\/","title":{"rendered":"Machines anciennes"},"content":{"rendered":"<table border=\"0\" cellspacing=\"0\" cellpadding=\"0\">\n<colgroup>\n<col> <\/colgroup>\n<tbody>\n<tr>\n<td height=\"21\"><a href=\"https:\/\/blog.univ-angers.fr\/mathsinfo\/beghilos\/\" target=\"_parent\" rel=\"noopener\">Calculatrices \u00e0 LED et l\u2019orthographe BEGHILOS<\/a><\/td>\n<\/tr>\n<tr>\n<td height=\"21\"><a href=\"https:\/\/www.youtube.com\/watch?v=Bw0XosrCgRE\" target=\"_parent\" rel=\"noopener\">1 &#8211; Calculatrices programmables : Ti 57<\/a><\/td>\n<\/tr>\n<tr>\n<td height=\"21\"><a href=\"https:\/\/youtu.be\/lJln-9UW9cI\" target=\"_parent\" rel=\"noopener\">Programmation avanc\u00e9e avec une TI-57 (1977)<\/a><\/td>\n<\/tr>\n<tr>\n<td height=\"21\"><a href=\"https:\/\/www.youtube.com\/watch?v=oxBTEypCLDc\" target=\"_parent\" rel=\"noopener\">2 &#8211; Calculatrices programmables : HP41C, HP11C et HP15C<\/a><\/td>\n<\/tr>\n<tr>\n<td height=\"21\"><a href=\"https:\/\/www.youtube.com\/watch?v=T9EAC25Gauw\" target=\"_parent\" rel=\"noopener\">3 &#8211; Calculatrices programmables : SHARP PC-1500 et CASIO FX-702P<\/a><\/td>\n<\/tr>\n<tr>\n<td height=\"21\"><a href=\"https:\/\/www.youtube.com\/watch?v=Hm8bhDgjkkc\" target=\"_parent\" rel=\"noopener\">4 &#8211; Calculatrices programmables : Les graphiques<\/a><\/td>\n<\/tr>\n<tr>\n<td height=\"21\"><a href=\"https:\/\/www.youtube.com\/watch?v=EXmuSYPeEkQ\" target=\"_parent\" rel=\"noopener\">5 &#8211; Calculatrices programmables : PSION Organiser ii<\/a><\/td>\n<\/tr>\n<tr>\n<td height=\"21\"><a href=\"https:\/\/www.youtube.com\/watch?v=a0UdRmO7BEU\" target=\"_parent\" rel=\"noopener\">D\u00e9couvrons et programmons : CASIO fx-180P (1985)<\/a><\/td>\n<\/tr>\n<tr>\n<td height=\"21\"><a href=\"https:\/\/www.youtube.com\/watch?v=I_xJoXYb2aM\" target=\"_parent\" rel=\"noopener\">D\u00e9couvrons et programmons : CASIO fx-4500P (1989)<\/a><\/td>\n<\/tr>\n<tr>\n<td height=\"21\"><a href=\"https:\/\/www.youtube.com\/watch?v=Amr1J8thV_s\" target=\"_parent\" rel=\"noopener\">D\u00e9couvrons et programmons : PSION revo (1999)<\/a><\/td>\n<\/tr>\n<tr>\n<td height=\"21\"><a href=\"https:\/\/www.youtube.com\/watch?v=dikKYrp2asc\" target=\"_parent\" rel=\"noopener\">D\u00e9couvrons et programmons : SHARP EL-512H (1989)<\/a><\/td>\n<\/tr>\n<tr>\n<td height=\"21\"><a href=\"https:\/\/www.youtube.com\/watch?v=GKpPRt_K-bk\" target=\"_parent\" rel=\"noopener\">D\u00e9couvrons et programmons : HP 12C (3 exemples non financiers)<\/a><\/td>\n<\/tr>\n<tr>\n<td height=\"21\"><a href=\"https:\/\/www.youtube.com\/watch?v=oHT7EG42xS0\" target=\"_parent\" rel=\"noopener\">D\u00e9couvrons et programmons : HP-41C\/CV (Partie 1)<\/a><\/td>\n<\/tr>\n<tr>\n<td height=\"21\"><a href=\"https:\/\/www.youtube.com\/watch?v=__7qJF3vgkg\" target=\"_parent\" rel=\"noopener\">D\u00e9couvrons et programmons : HP-41C\/CV (Partie 2)<\/a><\/td>\n<\/tr>\n<tr>\n<td height=\"21\"><a href=\"https:\/\/youtu.be\/G3QAJYd7mnI\" target=\"_parent\" rel=\"noopener\">D\u00e9couvrons et programmons : HP-28C et HP-28S<\/a><\/td>\n<\/tr>\n<tr>\n<td height=\"21\"><a href=\"https:\/\/www.youtube.com\/watch?v=DR5-Nh_ax6c\" target=\"_parent\" rel=\"noopener\">D\u00e9couvrons et programmons : HP 38G<\/a><\/td>\n<\/tr>\n<tr>\n<td height=\"21\"><a href=\"https:\/\/www.youtube.com\/watch?v=NH_E8PSwMuc\" target=\"_parent\" rel=\"noopener\">D\u00e9couvrons et programmons : Les HP-48 (Partie 1)<\/a><\/td>\n<\/tr>\n<tr>\n<td height=\"21\"><a href=\"https:\/\/www.youtube.com\/watch?v=7dXGBrysy1E\" target=\"_parent\" rel=\"noopener\">D\u00e9couvrons et programmons : Les HP-48 (Partie 2)<\/a><\/td>\n<\/tr>\n<tr>\n<td height=\"21\"><a href=\"https:\/\/www.youtube.com\/watch?v=Ojkx2uEVP2M\" target=\"_parent\" rel=\"noopener\">D\u00e9couvrons et programmons : TI-74 BASICALC et TI-74S<\/a><\/td>\n<\/tr>\n<tr>\n<td height=\"21\"><a href=\"https:\/\/www.youtube.com\/watch?v=zZ7_cb_wRYw\" target=\"_parent\" rel=\"noopener\">D\u00e9couvrons et programmons : TI GALAXY 67<\/a><\/td>\n<\/tr>\n<tr>\n<td height=\"21\"><a href=\"https:\/\/www.youtube.com\/watch?v=v8pwcWLz5Yk\" target=\"_parent\" rel=\"noopener\">D\u00e9couvrons et programmons : Canon X-07 (Partie 1)<\/a><\/td>\n<\/tr>\n<tr>\n<td height=\"21\"><a href=\"https:\/\/www.youtube.com\/watch?v=F8MaywepW-g\" target=\"_parent\" rel=\"noopener\">D\u00e9couvrons et programmons : Les palm &#8211; Partie 1 d\u00e9couverte<\/a><\/td>\n<\/tr>\n<tr>\n<td height=\"21\"><a href=\"https:\/\/www.youtube.com\/watch?v=oCgXhUfFb5w\" target=\"_parent\" rel=\"noopener\">D\u00e9couvrons et programmons : Calculatrice Sinclair Cambridge Programmable (1977)<\/a><\/td>\n<\/tr>\n<tr>\n<td height=\"21\"><a href=\"https:\/\/www.youtube.com\/watch?v=SCUi4OYU9tg\" target=\"_parent\" rel=\"noopener\">R\u00e9solvons 4 probl\u00e8mes propos\u00e9s par \u00ab\u00a0Texas Instruments\u00a0\u00bb (n\u00b07,16,23,24)<\/a><\/td>\n<\/tr>\n<tr>\n<td height=\"21\"><a href=\"https:\/\/www.youtube.com\/watch?v=rCECb_L6CEE\" target=\"_parent\" rel=\"noopener\">R\u00e9solvons 4 nouveaux probl\u00e8mes propos\u00e9s par \u00ab\u00a0Texas Instruments\u00a0\u00bb (n\u00b05,11,22,25)<\/a><\/td>\n<\/tr>\n<tr>\n<td height=\"21\"><a href=\"https:\/\/www.youtube.com\/watch?v=zkM0epc2nKs\" target=\"_parent\" rel=\"noopener\">R\u00e9solvons 3 probl\u00e8mes propos\u00e9s par \u00ab\u00a0Texas Instruments\u00a0\u00bb (n\u00b012,15,21)<\/a><\/td>\n<\/tr>\n<\/tbody>\n<\/table>\n","protected":false},"excerpt":{"rendered":"<p>Calculatrices \u00e0 LED et l\u2019orthographe BEGHILOS 1 &#8211; Calculatrices programmables : Ti 57 Programmation avanc\u00e9e avec une TI-57 (1977) 2 &#8211; Calculatrices programmables : HP41C, HP11C et HP15C 3 &#8211; Calculatrices programmables : SHARP PC-1500 et CASIO FX-702P 4 &#8211; &hellip; <a href=\"https:\/\/blog.univ-angers.fr\/mathsinfo\/machines-anciennes\/\">Continuer la lecture <span class=\"meta-nav\">&rarr;<\/span><\/a><\/p>\n","protected":false},"author":4913,"featured_media":0,"parent":0,"menu_order":0,"comment_status":"closed","ping_status":"closed","template":"","meta":{"footnotes":""},"class_list":["post-21","page","type-page","status-publish","hentry"],"_links":{"self":[{"href":"https:\/\/blog.univ-angers.fr\/mathsinfo\/wp-json\/wp\/v2\/pages\/21","targetHints":{"allow":["GET"]}}],"collection":[{"href":"https:\/\/blog.univ-angers.fr\/mathsinfo\/wp-json\/wp\/v2\/pages"}],"about":[{"href":"https:\/\/blog.univ-angers.fr\/mathsinfo\/wp-json\/wp\/v2\/types\/page"}],"author":[{"embeddable":true,"href":"https:\/\/blog.univ-angers.fr\/mathsinfo\/wp-json\/wp\/v2\/users\/4913"}],"replies":[{"embeddable":true,"href":"https:\/\/blog.univ-angers.fr\/mathsinfo\/wp-json\/wp\/v2\/comments?post=21"}],"version-history":[{"count":2,"href":"https:\/\/blog.univ-angers.fr\/mathsinfo\/wp-json\/wp\/v2\/pages\/21\/revisions"}],"predecessor-version":[{"id":745,"href":"https:\/\/blog.univ-angers.fr\/mathsinfo\/wp-json\/wp\/v2\/pages\/21\/revisions\/745"}],"wp:attachment":[{"href":"https:\/\/blog.univ-angers.fr\/mathsinfo\/wp-json\/wp\/v2\/media?parent=21"}],"curies":[{"name":"wp","href":"https:\/\/api.w.org\/{rel}","templated":true}]}}