{"id":2,"date":"2021-11-27T13:56:13","date_gmt":"2021-11-27T13:56:13","guid":{"rendered":"https:\/\/blog.univ-angers.fr\/mathsinfo\/?page_id=2"},"modified":"2022-01-23T10:54:09","modified_gmt":"2022-01-23T09:54:09","slug":"page-d-exemple","status":"publish","type":"page","link":"https:\/\/blog.univ-angers.fr\/mathsinfo\/page-d-exemple\/","title":{"rendered":"Excel"},"content":{"rendered":"<table border=\"0\" cellspacing=\"0\" cellpadding=\"0\">\n<col \/>\n<tbody>\n<tr>\n<td height=\"21\"><a href=\"https:\/\/www.youtube.com\/watch?v=OteKGr3dr60\" target=\"_parent\">L&rsquo;indispensable pour Excel &#8211; Partie 1<\/a><\/td>\n<\/tr>\n<tr>\n<td height=\"21\"><a href=\"https:\/\/www.youtube.com\/watch?v=dzcEIY7FZ20\" target=\"_parent\">L&rsquo;indispensable pour Excel &#8211; Partie 2<\/a><\/td>\n<\/tr>\n<tr>\n<td height=\"21\"><a href=\"https:\/\/www.youtube.com\/watch?v=kFAHkSG4RtY\" target=\"_parent\">Cr\u00e9er un tableau de bord Excel &#8211; niveau 1<\/a><\/td>\n<\/tr>\n<tr>\n<td height=\"21\"><a href=\"https:\/\/www.youtube.com\/watch?v=5HNlqud-wEs\" target=\"_parent\">D\u00e9pouillez vos questionnaires ou enqu\u00eates avec Excel &#8211; Sp\u00e9cial d\u00e9butants<\/a><\/td>\n<\/tr>\n<tr>\n<td height=\"21\"><a href=\"https:\/\/www.youtube.com\/watch?v=0WJjUJGQ2dA\" target=\"_parent\">Excel &#8211; Matrices de d\u00e9cision (multicrit\u00e8res)<\/a><\/td>\n<\/tr>\n<tr>\n<td height=\"21\"><a href=\"https:\/\/www.youtube.com\/watch?v=h1J_zz9uKvI\" target=\"_parent\">Prise de d\u00e9cisions avec des formules Excel simples<\/a><\/td>\n<\/tr>\n<tr>\n<td height=\"21\"><a href=\"https:\/\/www.youtube.com\/watch?v=csQm3rBVWvs\" target=\"_parent\">Excel : D\u00e9couvrez toute la puissance des tableaux structur\u00e9s<\/a><\/td>\n<\/tr>\n<tr>\n<td height=\"21\"><a href=\"https:\/\/www.youtube.com\/watch?v=py38QrUnYJs\" target=\"_parent\">Nouvelles fonctions Excel : SI.CONDITIONS, SI.MULTIPLE, etc.<\/a><\/td>\n<\/tr>\n<tr>\n<td height=\"21\"><a href=\"https:\/\/www.youtube.com\/watch?v=UsYp_i9ANh4\" target=\"_parent\">Excel &#8211; R\u00e9pondre facilement \u00e0 des questions complexes (BDfonctions)<\/a><\/td>\n<\/tr>\n<tr>\n<td height=\"21\"><a href=\"https:\/\/www.youtube.com\/watch?v=bwMvaA7GbCw\" target=\"_parent\">Excel : extraire des donn\u00e9es SANS les doublons (4 techniques)<\/a><\/td>\n<\/tr>\n<tr>\n<td height=\"21\"><a href=\"https:\/\/www.youtube.com\/watch?v=vMBlbQsBIxA\" target=\"_parent\">Calculez le co\u00fbt d&rsquo;un cr\u00e9dit avec Excel ou une calculatrice<\/a><\/td>\n<\/tr>\n<tr>\n<td height=\"21\"><a href=\"https:\/\/www.youtube.com\/watch?v=1bRQtdew77A\" target=\"_parent\">Excel &#8211; Faire facilement les comptes entre amis apr\u00e8s les vacances<\/a><\/td>\n<\/tr>\n<tr>\n<td height=\"21\"><a href=\"https:\/\/www.youtube.com\/watch?v=XYEqDjvkmZI\" target=\"_parent\">Excel : G\u00e9rez facilement vos stocks et distribution de masques, gel&#8230; (fichier fourni)<\/a><\/td>\n<\/tr>\n<tr>\n<td height=\"21\"><a href=\"https:\/\/www.youtube.com\/watch?v=R5BM2PwYwWY\" target=\"_parent\">Excel pour l&rsquo;infographie : Cr\u00e9ez des histogrammes 3D<\/a><\/td>\n<\/tr>\n<tr>\n<td height=\"21\"><a href=\"https:\/\/www.youtube.com\/watch?v=P5x2_12Fzjc\" target=\"_parent\">Excel pour l&rsquo;infographie : Cr\u00e9ez des graphiques originaux avec des images rempli\u00e7ables<\/a><\/td>\n<\/tr>\n<tr>\n<td height=\"21\"><a href=\"https:\/\/www.youtube.com\/watch?v=johWlxnWHS8\" target=\"_parent\">Excel + Gimp : Transformer une photo en tableau de coloriage avec num\u00e9ros<\/a><\/td>\n<\/tr>\n<tr>\n<td height=\"21\"><a href=\"https:\/\/www.youtube.com\/watch?v=l9ZgZoMN7zI\" target=\"_parent\">Se former \u00e0 Excel par la pratique &#8211; sujet corrig\u00e9 n\u00b01<\/a><\/td>\n<\/tr>\n<tr>\n<td height=\"21\"><a href=\"https:\/\/www.youtube.com\/watch?v=hKWV7HO7xvg\" target=\"_parent\">Se former \u00e0 Excel par la pratique &#8211; sujet corrig\u00e9 n\u00b02<\/a><\/td>\n<\/tr>\n<tr>\n<td height=\"21\"><a href=\"https:\/\/www.youtube.com\/watch?v=bVvEv0e-Wy8\" target=\"_parent\">Se former \u00e0 Excel par la pratique &#8211; sujet corrig\u00e9 n\u00b03<\/a><\/td>\n<\/tr>\n<tr>\n<td height=\"21\"><a href=\"https:\/\/www.youtube.com\/watch?v=ObyeE7b_7NY\" target=\"_parent\">Se former \u00e0 Excel par la pratique &#8211; sujet corrig\u00e9 n\u00b04<\/a><\/td>\n<\/tr>\n<tr>\n<td height=\"21\"><a href=\"https:\/\/www.youtube.com\/watch?v=OJDhfuPdZkg\" target=\"_parent\">Se former \u00e0 Excel par la pratique &#8211; sujet corrig\u00e9 n\u00b05<\/a><\/td>\n<\/tr>\n<tr>\n<td height=\"21\"><a href=\"https:\/\/www.youtube.com\/watch?v=a4MjXZ3q5CY\" target=\"_parent\">Excel + Gimp : Transformer une image en points \u00e0 relier<\/a><\/td>\n<\/tr>\n<tr>\n<td height=\"21\"><a href=\"https:\/\/www.youtube.com\/watch?v=EuxPBUvLWXI\" target=\"_parent\">R\u00e9soudre rapidement des probl\u00e8mes d&rsquo;optimisation avec Excel<\/a><\/td>\n<\/tr>\n<tr>\n<td height=\"21\"><a href=\"https:\/\/youtu.be\/B_HlU-BGagE\" target=\"_parent\">Excel : Transformez un tableau en planning\/calendrier<\/a><\/td>\n<\/tr>\n<\/tbody>\n<\/table>\n","protected":false},"excerpt":{"rendered":"<p>L&rsquo;indispensable pour Excel &#8211; Partie 1 L&rsquo;indispensable pour Excel &#8211; Partie 2 Cr\u00e9er un tableau de bord Excel &#8211; niveau 1 D\u00e9pouillez vos questionnaires ou enqu\u00eates avec Excel &#8211; Sp\u00e9cial d\u00e9butants Excel &#8211; Matrices de d\u00e9cision (multicrit\u00e8res) Prise de d\u00e9cisions &hellip; <a href=\"https:\/\/blog.univ-angers.fr\/mathsinfo\/page-d-exemple\/\">Continuer la lecture <span class=\"meta-nav\">&rarr;<\/span><\/a><\/p>\n","protected":false},"author":4913,"featured_media":0,"parent":0,"menu_order":0,"comment_status":"closed","ping_status":"closed","template":"page-templates\/full-width.php","meta":{"footnotes":""},"class_list":["post-2","page","type-page","status-publish","hentry"],"_links":{"self":[{"href":"https:\/\/blog.univ-angers.fr\/mathsinfo\/wp-json\/wp\/v2\/pages\/2","targetHints":{"allow":["GET"]}}],"collection":[{"href":"https:\/\/blog.univ-angers.fr\/mathsinfo\/wp-json\/wp\/v2\/pages"}],"about":[{"href":"https:\/\/blog.univ-angers.fr\/mathsinfo\/wp-json\/wp\/v2\/types\/page"}],"author":[{"embeddable":true,"href":"https:\/\/blog.univ-angers.fr\/mathsinfo\/wp-json\/wp\/v2\/users\/4913"}],"replies":[{"embeddable":true,"href":"https:\/\/blog.univ-angers.fr\/mathsinfo\/wp-json\/wp\/v2\/comments?post=2"}],"version-history":[{"count":0,"href":"https:\/\/blog.univ-angers.fr\/mathsinfo\/wp-json\/wp\/v2\/pages\/2\/revisions"}],"wp:attachment":[{"href":"https:\/\/blog.univ-angers.fr\/mathsinfo\/wp-json\/wp\/v2\/media?parent=2"}],"curies":[{"name":"wp","href":"https:\/\/api.w.org\/{rel}","templated":true}]}}