{"id":1685,"date":"2023-08-16T14:16:26","date_gmt":"2023-08-16T13:16:26","guid":{"rendered":"https:\/\/blog.univ-angers.fr\/mathsinfo\/?page_id=1685"},"modified":"2023-12-05T13:33:38","modified_gmt":"2023-12-05T12:33:38","slug":"initiation-au-langage-rpn-sur-le-calculateur-hp-11c","status":"publish","type":"page","link":"https:\/\/blog.univ-angers.fr\/mathsinfo\/initiation-au-langage-rpn-sur-le-calculateur-hp-11c\/","title":{"rendered":"Initiation au langage RPN sur le calculateur HP 11C"},"content":{"rendered":"<div class=\"wp-block-image\">\n<figure class=\"aligncenter size-full is-resized\"><a href=\"https:\/\/blog.univ-angers.fr\/mathsinfo\/files\/2023\/08\/image-4.png\"><img loading=\"lazy\" decoding=\"async\" width=\"717\" height=\"442\" src=\"https:\/\/blog.univ-angers.fr\/mathsinfo\/files\/2023\/08\/image-4.png\" alt=\"\" class=\"wp-image-1693\" style=\"width:344px;height:212px\" srcset=\"https:\/\/blog.univ-angers.fr\/mathsinfo\/files\/2023\/08\/image-4.png 717w, https:\/\/blog.univ-angers.fr\/mathsinfo\/files\/2023\/08\/image-4-300x185.png 300w, https:\/\/blog.univ-angers.fr\/mathsinfo\/files\/2023\/08\/image-4-487x300.png 487w\" sizes=\"auto, (max-width: 717px) 100vw, 717px\" \/><\/a><\/figure>\n<\/div>\n\n\n<p>Simulateur&nbsp;: <a href=\"https:\/\/stendec.io\/ctb\/rpn_sci.html\">https:\/\/stendec.io\/ctb\/rpn_sci.html<\/a><\/p>\n\n\n\n<p>Ann\u00e9e&nbsp;: <strong>1981<\/strong> &#8211; Prix : 780 Francs en 1983 soit environ <strong>260 EUR<\/strong><\/p>\n\n\n\n<p>Le \u00ab&nbsp;C&nbsp;\u00bb de <strong>11C<\/strong> pour pr\u00e9ciser que la m\u00e9moire est <strong>continue<\/strong> (les donn\u00e9es ne s\u2019effacent pas en \u00e9teignant la machine). Beaucoup de calculatrices \u00e9taient \u00e0 m\u00e9moire volatile (comme actuellement la CASIO fx-92), c&rsquo;est-\u00e0-dire que le programme tap\u00e9 disparait lorsque l&rsquo;on \u00e9teint la machine !<\/p>\n\n\n\n<p><strong>63 lignes de programme + 20 registres<\/strong> jusqu\u2019\u00e0 203 lignes et 1 unique registre.<\/p>\n\n\n\n<h2 class=\"wp-block-heading\">Pile et programme<\/h2>\n\n\n\n<p>Nous noterons <strong>ENT<\/strong> la touche <strong>ENTER<\/strong>.<\/p>\n\n\n\n<h2 class=\"wp-block-heading\">Quelques manipulations avec la pile \u00e0 4 niveaux<\/h2>\n\n\n\n<p>La pile (stack) peut contenir 4 valeurs not\u00e9es <strong>x<\/strong> (l\u2019affichage), <strong>y<\/strong>, <strong>z<\/strong> et <strong>t<\/strong>. Ajouter une valeur <strong>x<\/strong> ou appuyer sur <strong>ENT<\/strong> d\u00e9cale les autres registres \u00ab&nbsp;vers le haut&nbsp;\u00bb. Ainsi l\u2019ancien <strong>x<\/strong> se retrouve maintenant en <strong>y<\/strong>, le <strong>y<\/strong> en <strong>z<\/strong>, le <strong>z<\/strong> en <strong>t<\/strong> et le <strong>t<\/strong>\u2026 est perdu&nbsp;!<\/p>\n\n\n<div class=\"wp-block-image\">\n<figure class=\"aligncenter size-full\"><a href=\"https:\/\/blog.univ-angers.fr\/mathsinfo\/files\/2023\/08\/image-6.png\"><img loading=\"lazy\" decoding=\"async\" width=\"503\" height=\"156\" src=\"https:\/\/blog.univ-angers.fr\/mathsinfo\/files\/2023\/08\/image-6.png\" alt=\"\" class=\"wp-image-1701\" srcset=\"https:\/\/blog.univ-angers.fr\/mathsinfo\/files\/2023\/08\/image-6.png 503w, https:\/\/blog.univ-angers.fr\/mathsinfo\/files\/2023\/08\/image-6-300x93.png 300w, https:\/\/blog.univ-angers.fr\/mathsinfo\/files\/2023\/08\/image-6-500x155.png 500w\" sizes=\"auto, (max-width: 503px) 100vw, 503px\" \/><\/a><figcaption class=\"wp-element-caption\">Les diff\u00e9rents \u00e9tats de la pile dans le calcul de (3 + 7) * 5<\/figcaption><\/figure>\n<\/div>\n\n\n<p>Quels r\u00e9sultats obtenez-vous&nbsp;pour chacun de ces calculs ? Expliquez le d\u00e9roulement<\/p>\n\n\n\n<pre class=\"wp-block-code\"><code>2 ENT 3 * 5 +\n...................................................................\n\n2 ENT 3 ENT 5 * +\n...................................................................\n\n1 ENT 5 \u221a + 2 \u00f7\n...................................................................\n\nF FIX 6\n...................................................................\n\n0 ENT 1 ENT 2 ENT 3 x \u21c6 y\n...................................................................<\/code><\/pre>\n\n\n\n<p>\u00c9crivez sur une feuille le contenu de la pile XYZT apr\u00e8s cette derni\u00e8re manipulation.<\/p>\n\n\n\n<p>Sachant que la touche <strong>R\u2193<\/strong> fait tourner les 4 valeurs de la pile de fa\u00e7on circulaire (t \u2192 z \u2192 y \u2192 x \u2192 t), devinez quelles seront les valeurs qui s\u2019afficheront en appuyant plusieurs fois sur <strong>R\u2193<\/strong>.<\/p>\n\n\n\n<p>Se mettre en radians&nbsp;puis trouvez comment calculer&nbsp;: <\/p>\n\n\n<div class=\"wp-block-image\">\n<figure class=\"aligncenter size-full is-resized\"><a href=\"https:\/\/blog.univ-angers.fr\/mathsinfo\/files\/2023\/08\/image-5.png\"><img loading=\"lazy\" decoding=\"async\" width=\"240\" height=\"154\" src=\"https:\/\/blog.univ-angers.fr\/mathsinfo\/files\/2023\/08\/image-5.png\" alt=\"\" class=\"wp-image-1694\" style=\"width:107px;height:69px\" \/><\/a><\/figure>\n<\/div>\n\n\n<h3 class=\"wp-block-heading\">\ud83d\udcbb a regarder chez vous Si vous avez un mac&#8230;<\/h3>\n\n\n\n<p>Savez-vous que votre MAC poss\u00e8de une calculatrice travaillant en <strong>RPN<\/strong> ? Ouvrez le <strong>Terminal<\/strong> puis tapez <strong>dc<\/strong> (<strong>d<\/strong>esk <strong>c<\/strong>alculator). Ce programme existe depuis 1971 et a \u00e9t\u00e9 cr\u00e9\u00e9 \u00e0 l&rsquo;origine pour les syst\u00e8mes UNIX par <a href=\"https:\/\/fr.wikipedia.org\/wiki\/Lorinda_Cherry\" target=\"_blank\" rel=\"noreferrer noopener\">Lorinda Cherry<\/a> et Robert Morris.<\/p>\n\n\n\n<pre class=\"wp-block-code\"><code>% dc\n&gt;&gt;&gt; 2 3 * 5 + f     (f permet de voir la pile)\n11\n&gt;&gt;&gt; 100 k           (Travaillons avec 100 d\u00e9cimales, tester avec 1000 !)\n&gt;&gt;&gt; c               (on efface (clear) le contenu de la pile)\n&gt;&gt;&gt; 1 5 v + 2 \/ f   (v pour racine carr\u00e9e)\n1.618033988749894848204586834365638117720309179805762862135448622705\\\n2604628189024497072072041893911374\n<\/code><\/pre>\n\n\n\n<h2 class=\"wp-block-heading\">Saisir un programme&nbsp;: g P\/R<\/h2>\n\n\n\n<p>Effacer tout&nbsp;: <strong>g P\/R<\/strong> puis <strong>f PRGM<\/strong><\/p>\n\n\n\n<p>A <strong>gauche<\/strong> le <strong>n\u00b0 du pas<\/strong> 000 \u2013 001 \u2013 etc. et \u00e0 <strong>droite<\/strong> le <strong>code<\/strong> de la touche tap\u00e9e, correspondant aux coordonn\u00e9es physiques (ligne + colonne) sur la machine. Par exemple <strong>15<\/strong> est le code de la touche <strong>1\/x<\/strong> (<strong>1<\/strong><sup>ere<\/sup> ligne et <strong>5<\/strong><sup>e<\/sup> colonne).<\/p>\n\n\n\n<p>Que signifient ces 4 codes ?&nbsp;&nbsp;&nbsp;&nbsp;&nbsp;&nbsp;&nbsp;&nbsp;&nbsp;&nbsp;&nbsp;&nbsp;&nbsp;&nbsp;&nbsp;&nbsp;&nbsp;&nbsp;&nbsp;&nbsp;&nbsp;&nbsp;&nbsp;&nbsp;&nbsp;&nbsp;&nbsp;&nbsp;&nbsp;&nbsp;&nbsp;&nbsp;&nbsp;&nbsp;&nbsp;&nbsp;&nbsp;&nbsp;&nbsp;&nbsp;&nbsp;&nbsp;&nbsp;&nbsp;&nbsp;&nbsp;&nbsp;&nbsp;&nbsp;&nbsp;&nbsp;&nbsp;&nbsp;&nbsp;&nbsp;&nbsp;&nbsp;&nbsp;&nbsp;&nbsp;&nbsp;&nbsp;&nbsp;&nbsp;&nbsp;&nbsp;&nbsp;&nbsp;&nbsp;&nbsp;&nbsp;&nbsp;&nbsp;&nbsp;&nbsp;&nbsp;&nbsp;&nbsp;&nbsp;<\/p>\n\n\n\n<pre class=\"wp-block-code\"><code>25\n43 26\t\t\n20\t\t\n42,21,12\t\n<\/code><\/pre>\n\n\n\n<p>Se d\u00e9placer dans le programme&nbsp;: <strong>SST<\/strong> (Single STep) et <strong>BST<\/strong> (Back STep)<\/p>\n\n\n\n<p>Pour <strong>ins\u00e9rer<\/strong> une instruction, par exemple au pas n\u00b014&nbsp;: Se mettre au pas 13 et tapez l\u2019instruction, le reste du programme se d\u00e9calera automatiquement.<\/p>\n\n\n\n<p>Pour <strong>supprimer<\/strong> une instruction&nbsp;: Se mettre au pas concern\u00e9 puis touche <strong>\u2190<\/strong><\/p>\n\n\n\n<p>Sortir de la saisie du programme&nbsp;: <strong>g P\/R<\/strong><\/p>\n\n\n\n<p>Revenir au pas n\u00b0000&nbsp;: <strong>g RTN<\/strong><\/p>\n\n\n\n<p>Ex\u00e9cuter un programme en utilisant un label (Etiquette)&nbsp;: <strong>LBL<\/strong> suivi d\u2019une lettre entre <strong>A<\/strong> et <strong>E<\/strong> ou d\u2019un chiffre entre <strong>0<\/strong> et <strong>9<\/strong>. On peut alors effectuer un branchement inconditionnel (c\u2019est-\u00e0-dire sans condition) vers cette \u00e9tiquette en utilisant <strong>GTO<\/strong> (GOTO). Exemple&nbsp;:<\/p>\n\n\n\n<pre class=\"wp-block-code\"><code>g P\/R ; f PRGM (Mode programme et effacement)\n\n001 \u2013 42,21,11\tLBL A\n002 \u2013 1\t        1\n003 \u2013 40\t+\n004 \u2013 42 31\tPSE\n005 \u2013 22 11\tGTO A\n\ng P\/R ; 0 f A pour lancer le programme qui est au label A\n<\/code><\/pre>\n\n\n\n<p><strong>R\/S<\/strong>&nbsp;: Run \/ Stop pour lancer ou arr\u00eater un programme.<\/p>\n\n\n\n<h2 class=\"wp-block-heading\">Exercices<\/h2>\n\n\n\n<h3 class=\"wp-block-heading\">Somme des N premiers entiers<\/h3>\n\n\n\n<p>But&nbsp;: Vous entrez un entier N sur la pile puis lancez le programme <strong>A<\/strong>, la somme 1+2+&#8230;+N = N * (N+1) \/ 2&nbsp;s\u2019affiche.<\/p>\n\n\n\n<p>Exemples&nbsp;: 10 <strong>f A<\/strong> donne 55 et 5421 <strong>f A<\/strong> donne 14 696 331<\/p>\n\n\n\n<h3 class=\"wp-block-heading\">Lancer d\u2019un d\u00e9<\/h3>\n\n\n\n<p><strong>f A<\/strong> doit donner un nombre entier entre 1 et 6<\/p>\n\n\n\n<p>Fonctions utiles&nbsp;: RAN#, INT<\/p>\n\n\n\n<h3 class=\"wp-block-heading\">Pythagore<\/h3>\n\n\n\n<p>Comme vous le savez depuis longtemps, dans un triangle rectangle, le carr\u00e9 de la longueur de l&rsquo;hypot\u00e9nuse est \u00e9gal \u00e0 la somme des carr\u00e9s des longueurs des deux autres c\u00f4t\u00e9s. C&rsquo;est le th\u00e9or\u00e8me de Pythagore. <\/p>\n\n\n\n<p>But : L&rsquo;utilisateur tape 2 valeurs, par exemple <strong>3 ENT 4<\/strong> et lance le programme <strong>A<\/strong> qui lui donne la longueur de l&rsquo;hypot\u00e9nuse. Le r\u00e9sultat sera pour l&rsquo;exemple \u221a(3\u00b2 + 4\u00b2) = <strong>5<\/strong><\/p>\n\n\n\n<p>Autre exemple : <strong>48 ENT 55 f A<\/strong> doit vous renvoyer <strong>73<\/strong><\/p>\n\n\n\n<h3 class=\"wp-block-heading\">Une suite qui converge vers\u2026<\/h3>\n\n\n\n<p>On pose u(0) = 0 et u(n+1) = 1 \/ (1 + u(n))<\/p>\n\n\n\n<p>En partant de 0 \u00e0 l\u2019affichage, quelle combinaison de touches permet de trouver u(1) puis d\u2019enchainer sur u(2) etc.&nbsp;? Programmez cette combinaison pour qu\u2019en partant de 0, on voit s\u2019afficher successivement (avec une pause) les premiers termes de cette suite. Lorsque l\u2019affichage sera stabilis\u00e9 sur une m\u00eame valeur, appuyez sur <strong>R\/S<\/strong> pour arr\u00eater. Calculez ensuite l\u2019inverse de ce nombre, le reconnaissez-vous&nbsp;?<\/p>\n\n\n\n<h2 class=\"wp-block-heading\">Boucles, tests et m\u00e9moires<\/h2>\n\n\n\n<p>Rep\u00e9rez les diff\u00e9rents tests disponibles \u00e0 droite de la machine, par exemple <strong>x=y<\/strong>. Combien en voyez-vous\u00a0?<\/p>\n\n\n\n<p>Lorsqu\u2019un test est VRAI, la machine ex\u00e9cute l\u2019instruction situ\u00e9e au pas suivant sinon elle saute ce pas.<\/p>\n\n\n\n<pre class=\"wp-block-code\"><code>g P\/R ; f PRGM (Mode programme et effacement)\n\n001 \u2013 42,21,11\tLBL A\n002 \u2013 42 31\tf PSE\n003 \u2013 1\t        1\n004 \u2013 30\t-\n005 \u2013 43 40\tg x \u2260 0\n006 \u2013 22 11\tGTO A\tSi x \u2260 0 alors retourner au label A\n\ng P\/R ; g RTN ; 5 SST SST SST\u2026 pour d\u00e9rouler le programme pas \u00e0 pas.\n<\/code><\/pre>\n\n\n\n<p>On utilise souvent plusieurs sauts et labels dans un m\u00eame programme pour g\u00e9rer les diff\u00e9rents cas possibles.<\/p>\n\n\n\n<p>Il y a 20 registres (de 0 \u00e0 9 et de .0 \u00e0 .9) avec possibilit\u00e9s d\u2019en ajouter ou d\u2019en enlever pour gagner des pas de programme (nous n\u2019en parlerons pas ici). Que font ces manipulations&nbsp;?<\/p>\n\n\n\n<pre class=\"wp-block-code\"><code>5 STO 0\t\t\t\n4 STO + 0\t\t\nRCL 0\n10 RCL * 0\nRCL 0\n<\/code><\/pre>\n\n\n\n<h2 class=\"wp-block-heading\">Exercices<\/h2>\n\n\n\n<h3 class=\"wp-block-heading\">Maximum entre 2 valeurs<\/h3>\n\n\n\n<p>But&nbsp;: L\u2019utilisateur saisie 2 valeurs, par exemple 7 ENT 3 et lance le programme. La calculatrice doit afficher 7 car c\u2019est la plus grande des 2 valeurs. Si l\u2019on avait tap\u00e9 3 ENT 7, la machine aurait \u00e9galement affich\u00e9 7. \u00c9crivez le programme !<\/p>\n\n\n\n<h3 class=\"wp-block-heading\">Conjecture de Syracuse<\/h3>\n\n\n\n<p>La conjecture affirme qu\u2019en partant d\u2019un entier non nul N, on arrivera toujours \u00e0 1 en r\u00e9p\u00e9tant l\u2019algorithme suivant&nbsp;: Si le nombre est pair on le divise par 2 sinon on le multiplie par 3 et on ajoute 1.<\/p>\n\n\n\n<p>Exemples&nbsp;:<\/p>\n\n\n\n<p>N = 5 \u00e0 <strong>16<\/strong> \u00e0 8 \u00e0 4 \u00e0 2 \u00e0 <strong>1<\/strong>. Le maximum est 16 et il aura fallu 5 it\u00e9rations.<\/p>\n\n\n\n<p>N = 27 \u00e0 82 \u00e0 41 \u00e0 123 \u00e0 \u2026 \u00e0 4 \u00e0 2 \u00e0 1. Le maximum est&nbsp;?? et il faut&nbsp;?? it\u00e9rations.<\/p>\n\n\n\n<p>Il est possible d\u2019\u00e9crire un programme en utilisant la pile et aucune des m\u00e9moires mais cela demande une bonne connaissance du langage RPN. Vous allez donc cr\u00e9er un programme o\u00f9 le nombre en cours sera enregistr\u00e9 dans le registre n\u00b00, le maximum dans le registre n\u00b01 et le nombre d\u2019it\u00e9rations dans le registre n\u00b02.<\/p>\n\n\n\n<ul class=\"wp-block-list\">\n<li>Par quelles valeurs peut-on initialiser les registres 1 et 2&nbsp;?<\/li>\n\n\n\n<li>Comment tester si un nombre est pair sachant que la machine ne poss\u00e8de pas la fonction modulo&nbsp;mais seulement INT (partie enti\u00e8re) et FRAC (partie d\u00e9cimale)&nbsp;?<\/li>\n\n\n\n<li>Comment mettre \u00e0 jour le maximum&nbsp;?<\/li>\n\n\n\n<li>\u00c9crire le programme affichant \u00e0 la fin le maximum puis le nombre d\u2019it\u00e9rations avant d\u2019arriver \u00e0 1.<\/li>\n\n\n\n<li>Quel est le maximum et le nombre d\u2019it\u00e9rations lorsque N = 27 ?<\/li>\n<\/ul>\n\n\n\n<p>La version ci-dessous n\u2019utilise que 2 registres (<strong>maximum<\/strong> dans registre n\u00b00 et nombre d\u2019<strong>it\u00e9rations<\/strong> dans registre n\u00b01)&nbsp;&nbsp;&nbsp;&nbsp;&nbsp;&nbsp;&nbsp;&nbsp;&nbsp;&nbsp;&nbsp;&nbsp;&nbsp;&nbsp;&nbsp;&nbsp;&nbsp;&nbsp;&nbsp;&nbsp;&nbsp;<\/p>\n\n\n<div class=\"wp-block-image\">\n<figure class=\"aligncenter size-full is-resized\"><a href=\"https:\/\/blog.univ-angers.fr\/mathsinfo\/files\/2023\/08\/image-3.png\"><img loading=\"lazy\" decoding=\"async\" width=\"566\" height=\"582\" src=\"https:\/\/blog.univ-angers.fr\/mathsinfo\/files\/2023\/08\/image-3.png\" alt=\"\" class=\"wp-image-1691\" style=\"width:469px;height:482px\" srcset=\"https:\/\/blog.univ-angers.fr\/mathsinfo\/files\/2023\/08\/image-3.png 566w, https:\/\/blog.univ-angers.fr\/mathsinfo\/files\/2023\/08\/image-3-292x300.png 292w\" sizes=\"auto, (max-width: 566px) 100vw, 566px\" \/><\/a><\/figure>\n<\/div>\n\n\n<p>Remarques&nbsp;:<\/p>\n\n\n\n<p><strong>x &gt;&lt; y<\/strong> est la touche <strong>x \u21c6 y<\/strong><\/p>\n\n\n\n<p><strong>R down<\/strong> est la touche <strong>R\u2193<\/strong><\/p>\n\n\n\n<p>Questions&nbsp;:<\/p>\n\n\n\n<p>Quelles sont les 2 utilisations du <strong>1<\/strong> que l\u2019on a au pas n\u00b07&nbsp;?<\/p>\n\n\n\n<p>Pourquoi y a-t-il un <strong>6<\/strong> au pas n\u00b019 au lieu d\u2019un <strong>3<\/strong>&nbsp;?<\/p>\n\n\n\n<p>A quels pas le maximum est-il mis \u00e0 jour&nbsp;?<\/p>\n\n\n\n<p>Un utilisateur tape 3 et lance le programme <strong>A<\/strong> :<\/p>\n\n\n\n<figure class=\"wp-block-table\"><table><tbody><tr><td>T<\/td><td>&nbsp;<\/td><td>&nbsp;<\/td><td>&nbsp;<\/td><td>&nbsp;<\/td><td>&nbsp;<\/td><td>&nbsp;<\/td><td>&nbsp;<\/td><td>&nbsp;<\/td><td>&nbsp;<\/td><\/tr><tr><td>Z<\/td><td>&nbsp;<\/td><td>&nbsp;<\/td><td>&nbsp;<\/td><td>&nbsp;<\/td><td>&nbsp;<\/td><td>&nbsp;<\/td><td>&nbsp;<\/td><td>&nbsp;<\/td><td>&nbsp;<\/td><\/tr><tr><td>Y<\/td><td>&nbsp;<\/td><td>&nbsp;<\/td><td>&nbsp;<\/td><td>&nbsp;<\/td><td>&nbsp;<\/td><td>&nbsp;<\/td><td>&nbsp;<\/td><td>&nbsp;<\/td><td>&nbsp;<\/td><\/tr><tr><td>X<\/td><td><strong>3<\/strong><\/td><td>&nbsp;<\/td><td>&nbsp;<\/td><td>&nbsp;<\/td><td>&nbsp;<\/td><td>&nbsp;<\/td><td>&nbsp;<\/td><td>&nbsp;<\/td><td>&nbsp;<\/td><\/tr><tr><td>Pas<\/td><td>00<\/td><td>&nbsp;<\/td><td>&nbsp;<\/td><td>&nbsp;<\/td><td>&nbsp;<\/td><td>&nbsp;<\/td><td>&nbsp;<\/td><td>&nbsp;<\/td><td>&nbsp;<\/td><\/tr><\/tbody><\/table><figcaption class=\"wp-element-caption\">\u00c9crire le contenu de la pile \u00e0 chaque \u00e9tape du programme<\/figcaption><\/figure>\n","protected":false},"excerpt":{"rendered":"<p>Simulateur&nbsp;: https:\/\/stendec.io\/ctb\/rpn_sci.html Ann\u00e9e&nbsp;: 1981 &#8211; Prix : 780 Francs en 1983 soit environ 260 EUR Le \u00ab&nbsp;C&nbsp;\u00bb de 11C pour pr\u00e9ciser que la m\u00e9moire est continue (les donn\u00e9es ne s\u2019effacent pas en \u00e9teignant la machine). Beaucoup de calculatrices \u00e9taient \u00e0 &hellip; <a href=\"https:\/\/blog.univ-angers.fr\/mathsinfo\/initiation-au-langage-rpn-sur-le-calculateur-hp-11c\/\">Continuer la lecture <span class=\"meta-nav\">&rarr;<\/span><\/a><\/p>\n","protected":false},"author":4913,"featured_media":0,"parent":0,"menu_order":0,"comment_status":"closed","ping_status":"closed","template":"","meta":{"footnotes":""},"class_list":["post-1685","page","type-page","status-publish","hentry"],"_links":{"self":[{"href":"https:\/\/blog.univ-angers.fr\/mathsinfo\/wp-json\/wp\/v2\/pages\/1685","targetHints":{"allow":["GET"]}}],"collection":[{"href":"https:\/\/blog.univ-angers.fr\/mathsinfo\/wp-json\/wp\/v2\/pages"}],"about":[{"href":"https:\/\/blog.univ-angers.fr\/mathsinfo\/wp-json\/wp\/v2\/types\/page"}],"author":[{"embeddable":true,"href":"https:\/\/blog.univ-angers.fr\/mathsinfo\/wp-json\/wp\/v2\/users\/4913"}],"replies":[{"embeddable":true,"href":"https:\/\/blog.univ-angers.fr\/mathsinfo\/wp-json\/wp\/v2\/comments?post=1685"}],"version-history":[{"count":34,"href":"https:\/\/blog.univ-angers.fr\/mathsinfo\/wp-json\/wp\/v2\/pages\/1685\/revisions"}],"predecessor-version":[{"id":1803,"href":"https:\/\/blog.univ-angers.fr\/mathsinfo\/wp-json\/wp\/v2\/pages\/1685\/revisions\/1803"}],"wp:attachment":[{"href":"https:\/\/blog.univ-angers.fr\/mathsinfo\/wp-json\/wp\/v2\/media?parent=1685"}],"curies":[{"name":"wp","href":"https:\/\/api.w.org\/{rel}","templated":true}]}}