{"id":151,"date":"2026-03-29T11:20:43","date_gmt":"2026-03-29T10:20:43","guid":{"rendered":"https:\/\/blog.univ-angers.fr\/magab\/?page_id=151"},"modified":"2026-04-18T22:09:32","modified_gmt":"2026-04-18T21:09:32","slug":"these-de-doctorat","status":"publish","type":"page","link":"https:\/\/blog.univ-angers.fr\/magab\/these-de-doctorat\/","title":{"rendered":"Th\u00e8se de doctorat"},"content":{"rendered":"\n<p>Pour plus d\u00e9tails, cliquer sur <a href=\"https:\/\/theses.fr\/291702821\" data-type=\"link\" data-id=\"https:\/\/theses.fr\/291702821\">Th\u00e8se<\/a> ou <a href=\"https:\/\/univ-angers.hal.science\/UNIV-ANGERS-THESE\/tel-05460067\" data-type=\"link\" data-id=\"https:\/\/univ-angers.hal.science\/UNIV-ANGERS-THESE\/tel-05460067\">Th\u00e8seHal<\/a>.<\/p>\n\n\n\n<div data-wp-interactive=\"core\/file\" class=\"wp-block-file\"><object data-wp-bind--hidden=\"!state.hasPdfPreview\" hidden class=\"wp-block-file__embed\" data=\"https:\/\/blog.univ-angers.fr\/magab\/files\/2026\/03\/THESE_ABOUBACRINE_ASSADEK_MOHAMED_ALFAKI.pdf\" type=\"application\/pdf\" style=\"width:100%;height:696px\" aria-label=\"Contenu embarqu\u00e9 THESE_ABOUBACRINE_ASSADEK_MOHAMED_ALFAKI.\"><\/object><a id=\"wp-block-file--media-60d02a96-f777-421a-a3aa-3186caf526f2\" href=\"https:\/\/blog.univ-angers.fr\/magab\/files\/2026\/03\/THESE_ABOUBACRINE_ASSADEK_MOHAMED_ALFAKI.pdf\" target=\"_blank\" rel=\"noreferrer noopener\">THESE_ABOUBACRINE_ASSADEK_MOHAMED_ALFAKI<\/a><a href=\"https:\/\/blog.univ-angers.fr\/magab\/files\/2026\/03\/THESE_ABOUBACRINE_ASSADEK_MOHAMED_ALFAKI.pdf\" class=\"wp-block-file__button wp-element-button\" download aria-describedby=\"wp-block-file--media-60d02a96-f777-421a-a3aa-3186caf526f2\">T\u00e9l\u00e9charger<\/a><\/div>\n\n\n\n<div data-wp-interactive=\"core\/file\" class=\"wp-block-file\"><object data-wp-bind--hidden=\"!state.hasPdfPreview\" hidden class=\"wp-block-file__embed\" data=\"https:\/\/blog.univ-angers.fr\/magab\/files\/2026\/04\/PRESENTATION-SOUTENANCE-THESE-ABOUBACRINE-ASSADEK.pdf\" type=\"application\/pdf\" style=\"width:100%;height:600px\" aria-label=\"Contenu embarqu\u00e9 PRESENTATION SOUTENANCE THESE ABOUBACRINE ASSADEK.\"><\/object><a id=\"wp-block-file--media-ab97f712-a08d-4849-a86c-733bae95dbf6\" href=\"https:\/\/blog.univ-angers.fr\/magab\/files\/2026\/04\/PRESENTATION-SOUTENANCE-THESE-ABOUBACRINE-ASSADEK.pdf\">PRESENTATION SOUTENANCE THESE ABOUBACRINE ASSADEK<\/a><a href=\"https:\/\/blog.univ-angers.fr\/magab\/files\/2026\/04\/PRESENTATION-SOUTENANCE-THESE-ABOUBACRINE-ASSADEK.pdf\" class=\"wp-block-file__button wp-element-button\" download aria-describedby=\"wp-block-file--media-ab97f712-a08d-4849-a86c-733bae95dbf6\">T\u00e9l\u00e9charger<\/a><\/div>\n","protected":false},"excerpt":{"rendered":"<p>Pour plus d\u00e9tails, cliquer sur Th\u00e8se ou Th\u00e8seHal.<\/p>\n","protected":false},"author":50956,"featured_media":0,"parent":0,"menu_order":0,"comment_status":"closed","ping_status":"closed","template":"","meta":{"footnotes":""},"class_list":["post-151","page","type-page","status-publish","hentry"],"_links":{"self":[{"href":"https:\/\/blog.univ-angers.fr\/magab\/wp-json\/wp\/v2\/pages\/151","targetHints":{"allow":["GET"]}}],"collection":[{"href":"https:\/\/blog.univ-angers.fr\/magab\/wp-json\/wp\/v2\/pages"}],"about":[{"href":"https:\/\/blog.univ-angers.fr\/magab\/wp-json\/wp\/v2\/types\/page"}],"author":[{"embeddable":true,"href":"https:\/\/blog.univ-angers.fr\/magab\/wp-json\/wp\/v2\/users\/50956"}],"replies":[{"embeddable":true,"href":"https:\/\/blog.univ-angers.fr\/magab\/wp-json\/wp\/v2\/comments?post=151"}],"version-history":[{"count":4,"href":"https:\/\/blog.univ-angers.fr\/magab\/wp-json\/wp\/v2\/pages\/151\/revisions"}],"predecessor-version":[{"id":200,"href":"https:\/\/blog.univ-angers.fr\/magab\/wp-json\/wp\/v2\/pages\/151\/revisions\/200"}],"wp:attachment":[{"href":"https:\/\/blog.univ-angers.fr\/magab\/wp-json\/wp\/v2\/media?parent=151"}],"curies":[{"name":"wp","href":"https:\/\/api.w.org\/{rel}","templated":true}]}}