{"id":84,"date":"2015-05-09T10:17:17","date_gmt":"2015-05-09T09:17:17","guid":{"rendered":"https:\/\/blog.univ-angers.fr\/legrillongrille\/?page_id=84"},"modified":"2015-05-19T11:01:05","modified_gmt":"2015-05-19T10:01:05","slug":"le-grillon-grille","status":"publish","type":"page","link":"https:\/\/blog.univ-angers.fr\/legrillongrille\/","title":{"rendered":"Le Grillon Grill\u00e9 !"},"content":{"rendered":"<h1 style=\"text-align: center\"><span style=\"color: #99cc00\">Le Grillon Grill\u00e9, votre nouveau restaurant plein d&rsquo;originalit\u00e9 \u00e0 Angers !<\/span><\/h1>\n<p>&nbsp;<\/p>\n<p><a href=\"https:\/\/blog.univ-angers.fr\/legrillongrille\/files\/2015\/05\/11216161_10203743709343054_779389247_n.jpg\"><img loading=\"lazy\" decoding=\"async\" class=\"size-medium wp-image-100 aligncenter\" alt=\"Logo du restaurant, une assiette verte avec un dessin d'insecte blanc, une fourchette \u00e0 gauche et un couteau \u00e0 droite\" src=\"https:\/\/blog.univ-angers.fr\/legrillongrille\/files\/2015\/05\/11216161_10203743709343054_779389247_n-300x190.jpg\" width=\"300\" height=\"190\" srcset=\"https:\/\/blog.univ-angers.fr\/legrillongrille\/files\/2015\/05\/11216161_10203743709343054_779389247_n-300x190.jpg 300w, https:\/\/blog.univ-angers.fr\/legrillongrille\/files\/2015\/05\/11216161_10203743709343054_779389247_n.jpg 666w\" sizes=\"auto, (max-width: 300px) 100vw, 300px\" \/><\/a><\/p>\n<p>&nbsp;<\/p>\n<p style=\"text-align: center\">Venez voyager avec nous et\u00a0d\u00e9couvrir nos plats \u00e0 base d&rsquo;insectes !<\/p>\n<p style=\"text-align: center\"><b><em>Le Grillon Grill\u00e9, de \u00a0l\u2019originalit\u00e9 \u00e0 manger !<\/em><br \/>\n<\/b><\/p>\n","protected":false},"excerpt":{"rendered":"<p>Le Grillon Grill\u00e9, votre nouveau restaurant plein d&rsquo;originalit\u00e9 \u00e0 Angers ! &nbsp; &nbsp; Venez voyager avec nous et\u00a0d\u00e9couvrir nos plats \u00e0 base d&rsquo;insectes ! Le Grillon Grill\u00e9, de \u00a0l\u2019originalit\u00e9 \u00e0 manger !<\/p>\n","protected":false},"author":27372,"featured_media":0,"parent":0,"menu_order":0,"comment_status":"open","ping_status":"open","template":"","meta":{"footnotes":""},"class_list":["post-84","page","type-page","status-publish","hentry"],"_links":{"self":[{"href":"https:\/\/blog.univ-angers.fr\/legrillongrille\/wp-json\/wp\/v2\/pages\/84","targetHints":{"allow":["GET"]}}],"collection":[{"href":"https:\/\/blog.univ-angers.fr\/legrillongrille\/wp-json\/wp\/v2\/pages"}],"about":[{"href":"https:\/\/blog.univ-angers.fr\/legrillongrille\/wp-json\/wp\/v2\/types\/page"}],"author":[{"embeddable":true,"href":"https:\/\/blog.univ-angers.fr\/legrillongrille\/wp-json\/wp\/v2\/users\/27372"}],"replies":[{"embeddable":true,"href":"https:\/\/blog.univ-angers.fr\/legrillongrille\/wp-json\/wp\/v2\/comments?post=84"}],"version-history":[{"count":1,"href":"https:\/\/blog.univ-angers.fr\/legrillongrille\/wp-json\/wp\/v2\/pages\/84\/revisions"}],"predecessor-version":[{"id":118,"href":"https:\/\/blog.univ-angers.fr\/legrillongrille\/wp-json\/wp\/v2\/pages\/84\/revisions\/118"}],"wp:attachment":[{"href":"https:\/\/blog.univ-angers.fr\/legrillongrille\/wp-json\/wp\/v2\/media?parent=84"}],"curies":[{"name":"wp","href":"https:\/\/api.w.org\/{rel}","templated":true}]}}