{"id":8,"date":"2015-04-07T08:00:02","date_gmt":"2015-04-07T07:00:02","guid":{"rendered":"https:\/\/blog.univ-angers.fr\/legrillongrille\/?page_id=8"},"modified":"2015-04-10T09:41:32","modified_gmt":"2015-04-10T08:41:32","slug":"a-propos-de-nous","status":"publish","type":"page","link":"https:\/\/blog.univ-angers.fr\/legrillongrille\/a-propos-de-nous\/","title":{"rendered":"A propos de nous !"},"content":{"rendered":"<p>Nous sommes une jeune \u00e9quipe f\u00e9minine, compos\u00e9e de 5 \u00e9tudiantes en DUT Techniques de Commercialisation \u00e0 Angers. Et nous sommes ravies, dans le cadre de nos \u00e9tudes de vous pr\u00e9senter un projet original et qui semble devenir un r\u00e9el d\u00e9veloppement dans les prochaines ann\u00e9es.<\/p>\n<h1 style=\"text-align: center\"><strong>Notre \u00e9quipe<\/strong><\/h1>\n<p>&nbsp;<\/p>\n<p style=\"text-align: center\"><span style=\"text-decoration: underline\"><em>Chef de projet :<\/em><\/span> Floriane R\u00e9tif<\/p>\n<p style=\"text-align: center\">Marion Boucard<\/p>\n<p style=\"text-align: center\">\u00c9loise Allard<\/p>\n<p style=\"text-align: center\">Louise Victoria<\/p>\n<p style=\"text-align: center\">Julie Brossard<\/p>\n<p style=\"text-align: center\">Candice Beluet<\/p>\n","protected":false},"excerpt":{"rendered":"<p>Nous sommes une jeune \u00e9quipe f\u00e9minine, compos\u00e9e de 5 \u00e9tudiantes en DUT Techniques de Commercialisation \u00e0 Angers. Et nous sommes ravies, dans le cadre de nos \u00e9tudes de vous pr\u00e9senter un projet original et qui semble devenir un r\u00e9el d\u00e9veloppement dans les prochaines ann\u00e9es. Notre \u00e9quipe &nbsp; Chef de projet : Floriane R\u00e9tif Marion Boucard &hellip; <a href=\"https:\/\/blog.univ-angers.fr\/legrillongrille\/a-propos-de-nous\/\" class=\"more-link\">Continuer la lecture de <span class=\"screen-reader-text\">A propos de nous !<\/span>  <span class=\"meta-nav\">&rarr;<\/span><\/a><\/p>\n","protected":false},"author":31165,"featured_media":0,"parent":0,"menu_order":0,"comment_status":"open","ping_status":"open","template":"","meta":{"footnotes":""},"class_list":["post-8","page","type-page","status-publish","hentry"],"_links":{"self":[{"href":"https:\/\/blog.univ-angers.fr\/legrillongrille\/wp-json\/wp\/v2\/pages\/8","targetHints":{"allow":["GET"]}}],"collection":[{"href":"https:\/\/blog.univ-angers.fr\/legrillongrille\/wp-json\/wp\/v2\/pages"}],"about":[{"href":"https:\/\/blog.univ-angers.fr\/legrillongrille\/wp-json\/wp\/v2\/types\/page"}],"author":[{"embeddable":true,"href":"https:\/\/blog.univ-angers.fr\/legrillongrille\/wp-json\/wp\/v2\/users\/31165"}],"replies":[{"embeddable":true,"href":"https:\/\/blog.univ-angers.fr\/legrillongrille\/wp-json\/wp\/v2\/comments?post=8"}],"version-history":[{"count":1,"href":"https:\/\/blog.univ-angers.fr\/legrillongrille\/wp-json\/wp\/v2\/pages\/8\/revisions"}],"predecessor-version":[{"id":49,"href":"https:\/\/blog.univ-angers.fr\/legrillongrille\/wp-json\/wp\/v2\/pages\/8\/revisions\/49"}],"wp:attachment":[{"href":"https:\/\/blog.univ-angers.fr\/legrillongrille\/wp-json\/wp\/v2\/media?parent=8"}],"curies":[{"name":"wp","href":"https:\/\/api.w.org\/{rel}","templated":true}]}}