{"id":2,"date":"2015-04-07T06:13:19","date_gmt":"2015-04-07T06:13:19","guid":{"rendered":"https:\/\/blog.univ-angers.fr\/legrillongrille\/?page_id=2"},"modified":"2015-04-10T09:20:53","modified_gmt":"2015-04-10T08:20:53","slug":"page-d-exemple","status":"publish","type":"page","link":"https:\/\/blog.univ-angers.fr\/legrillongrille\/page-d-exemple\/","title":{"rendered":"Accueil"},"content":{"rendered":"<p>Bienvenue sur le blog du grillon grill\u00e9 !<\/p>\n<p>A l&rsquo;aide de celui-ci , nous allons vous pr\u00e9senter notre projet qui consiste \u00e0 mettre en place un restaurant \u00e0 base d&rsquo;insecte sur Angers. Vous allez pouvoir suivre notre avanc\u00e9e , nos prestations en terme de menus , prix etc.. et apprendre beaucoup de chose sur ces petits b\u00eates.<\/p>\n<p>L&rsquo;\u00e9quipe vous souhaite une bonne visite !<\/p>\n","protected":false},"excerpt":{"rendered":"<p>Bienvenue sur le blog du grillon grill\u00e9 ! A l&rsquo;aide de celui-ci , nous allons vous pr\u00e9senter notre projet qui consiste \u00e0 mettre en place un restaurant \u00e0 base d&rsquo;insecte sur Angers. Vous allez pouvoir suivre notre avanc\u00e9e , nos prestations en terme de menus , prix etc.. et apprendre beaucoup de chose sur ces &hellip; <a href=\"https:\/\/blog.univ-angers.fr\/legrillongrille\/page-d-exemple\/\" class=\"more-link\">Continuer la lecture de <span class=\"screen-reader-text\">Accueil<\/span>  <span class=\"meta-nav\">&rarr;<\/span><\/a><\/p>\n","protected":false},"author":31165,"featured_media":0,"parent":0,"menu_order":0,"comment_status":"open","ping_status":"open","template":"","meta":{"footnotes":""},"class_list":["post-2","page","type-page","status-publish","hentry"],"_links":{"self":[{"href":"https:\/\/blog.univ-angers.fr\/legrillongrille\/wp-json\/wp\/v2\/pages\/2","targetHints":{"allow":["GET"]}}],"collection":[{"href":"https:\/\/blog.univ-angers.fr\/legrillongrille\/wp-json\/wp\/v2\/pages"}],"about":[{"href":"https:\/\/blog.univ-angers.fr\/legrillongrille\/wp-json\/wp\/v2\/types\/page"}],"author":[{"embeddable":true,"href":"https:\/\/blog.univ-angers.fr\/legrillongrille\/wp-json\/wp\/v2\/users\/31165"}],"replies":[{"embeddable":true,"href":"https:\/\/blog.univ-angers.fr\/legrillongrille\/wp-json\/wp\/v2\/comments?post=2"}],"version-history":[{"count":1,"href":"https:\/\/blog.univ-angers.fr\/legrillongrille\/wp-json\/wp\/v2\/pages\/2\/revisions"}],"predecessor-version":[{"id":6,"href":"https:\/\/blog.univ-angers.fr\/legrillongrille\/wp-json\/wp\/v2\/pages\/2\/revisions\/6"}],"wp:attachment":[{"href":"https:\/\/blog.univ-angers.fr\/legrillongrille\/wp-json\/wp\/v2\/media?parent=2"}],"curies":[{"name":"wp","href":"https:\/\/api.w.org\/{rel}","templated":true}]}}