{"id":825,"date":"2023-06-02T17:38:09","date_gmt":"2023-06-02T15:38:09","guid":{"rendered":"https:\/\/blog.univ-angers.fr\/jardinspasserelle\/?page_id=825"},"modified":"2023-07-17T18:34:05","modified_gmt":"2023-07-17T16:34:05","slug":"protocoles","status":"publish","type":"page","link":"https:\/\/blog.univ-angers.fr\/jardinspasserelle\/protocoles\/","title":{"rendered":"Protocoles"},"content":{"rendered":"\n<div style=\"height:56px\" aria-hidden=\"true\" class=\"wp-block-spacer\"><\/div>\n\n\n\n<div class=\"wp-block-media-text alignwide has-media-on-the-right is-stacked-on-mobile is-vertically-aligned-center\"><div class=\"wp-block-media-text__content\">\n<div class=\"wp-block-group\" style=\"padding-top:2em;padding-right:2em;padding-bottom:2em;padding-left:2em\"><div class=\"wp-block-group__inner-container is-layout-flow wp-block-group-is-layout-flow\">\n<h2 class=\"wp-block-heading has-text-align-right\">Oiseaux<\/h2>\n\n\n\n<h5 class=\"wp-block-heading has-text-align-right\"><strong>Points d&rsquo;\u00e9coute<\/strong><\/h5>\n\n\n\n<p class=\"has-text-align-right\">Pendant 5 min, les oiseaux vus et\/ou entendus dans un rayon de 40 m\u00e8tres autour du point sont relev\u00e9s. Les observations sont enregistr\u00e9es sur l\u2019application <em>NaturaList<\/em> ce qui permettra leur synchronisation avec la base de donn\u00e9es Faune Anjou.<\/p>\n\n\n\n<h6 class=\"wp-block-heading has-text-align-right\" style=\"font-size:15px\">Nombre de points d&rsquo;\u00e9coute : 8  <\/h6>\n\n\n\n<h6 class=\"wp-block-heading has-text-align-right\" style=\"font-size:15px\">Nombre de sessions d&rsquo;\u00e9coute :<\/h6>\n\n\n\n<h6 class=\"wp-block-heading has-text-align-right\" style=\"font-size:15px\">fr\u00e9quence : 1 fois\/mois<\/h6>\n<\/div><\/div>\n<\/div><figure class=\"wp-block-media-text__media\"><img loading=\"lazy\" decoding=\"async\" width=\"1953\" height=\"1954\" src=\"https:\/\/blog.univ-angers.fr\/jardinspasserelle\/files\/2023\/07\/Etourneau.png\" alt=\"\" class=\"wp-image-967 size-full\" \/><\/figure><\/div>\n\n\n\n<div class=\"wp-block-media-text alignwide is-stacked-on-mobile is-vertically-aligned-center\"><figure class=\"wp-block-media-text__media\"><img loading=\"lazy\" decoding=\"async\" width=\"840\" height=\"840\" src=\"https:\/\/blog.univ-angers.fr\/jardinspasserelle\/files\/2023\/07\/Chiropteres.png\" alt=\"\" class=\"wp-image-977 size-full\" srcset=\"https:\/\/blog.univ-angers.fr\/jardinspasserelle\/files\/2023\/07\/Chiropteres.png 840w, https:\/\/blog.univ-angers.fr\/jardinspasserelle\/files\/2023\/07\/Chiropteres-300x300.png 300w, https:\/\/blog.univ-angers.fr\/jardinspasserelle\/files\/2023\/07\/Chiropteres-150x150.png 150w, https:\/\/blog.univ-angers.fr\/jardinspasserelle\/files\/2023\/07\/Chiropteres-768x768.png 768w\" sizes=\"auto, (max-width: 840px) 100vw, 840px\" \/><\/figure><div class=\"wp-block-media-text__content\">\n<div class=\"wp-block-group\" style=\"padding-top:2em;padding-right:2em;padding-bottom:2em;padding-left:2em\"><div class=\"wp-block-group__inner-container is-layout-flow wp-block-group-is-layout-flow\">\n<h2 class=\"wp-block-heading has-text-align-left\">Chiropt\u00e8res (chauve-souris) <\/h2>\n\n\n\n<h5 class=\"wp-block-heading has-text-align-left\"><strong>Points d&rsquo;\u00e9coute<\/strong><\/h5>\n\n\n\n<p class=\"has-text-align-left\">Pendant 5 minutes, les sons \u00e9mis par les chauves-souris sont relev\u00e9s gr\u00e2ce \u00e0 un enregistreur \u00e0 ultrasons. Une fois un son d\u00e9tect\u00e9, il est enregistr\u00e9 et identifi\u00e9 dans l\u2019application <em>Kal\u00e9idoscope<\/em>.<\/p>\n\n\n\n<h6 class=\"wp-block-heading has-text-align-left\" style=\"font-size:15px\">Nombre de points d&rsquo;\u00e9coute : 9<\/h6>\n\n\n\n<h6 class=\"wp-block-heading has-text-align-left\" style=\"font-size:15px\">Nombre de sessions d&rsquo;\u00e9coute : 3<\/h6>\n\n\n\n<h6 class=\"wp-block-heading has-text-align-left\" style=\"font-size:15px\">fr\u00e9quence : 1 fois\/an entre mai et juillet<\/h6>\n<\/div><\/div>\n<\/div><\/div>\n\n\n\n<div class=\"wp-block-media-text alignwide has-media-on-the-right is-stacked-on-mobile is-vertically-aligned-center\"><div class=\"wp-block-media-text__content\">\n<div class=\"wp-block-group\" style=\"padding-top:2em;padding-right:2em;padding-bottom:2em;padding-left:2em\"><div class=\"wp-block-group__inner-container is-layout-flow wp-block-group-is-layout-flow\">\n<h2 class=\"wp-block-heading has-text-align-right\">Insectes pollinisateurs<\/h2>\n\n\n\n<h5 class=\"wp-block-heading has-text-align-right\"><strong>Pi\u00e8ges coupelles color\u00e9es<\/strong> <\/h5>\n\n\n\n<p class=\"has-text-align-right\">Une coupelle jaune est plac\u00e9e \u00e0 1m du sol et est ensuite remplie d\u2019une substance comprenant de l\u2019eau, du liquide vaisselle et de sel. Les insectes relev\u00e9s seront ins\u00e9r\u00e9s dans des flacons (1 par pi\u00e8ge) contenant de l\u2019alcool \u00e0 70\u00b0. Un pi\u00e8ge est dispos\u00e9 par parcelle pendant 15j.<\/p>\n\n\n\n<h6 class=\"wp-block-heading has-text-align-right\" style=\"font-size:15px\">fr\u00e9quence : 1 fois tous les 2 mois entre mars et septembre<\/h6>\n\n\n\n<h6 class=\"wp-block-heading has-text-align-right\" style=\"font-size:15px\">nombre de pi\u00e8ges : 6 <\/h6>\n<\/div><\/div>\n<\/div><figure class=\"wp-block-media-text__media\"><img loading=\"lazy\" decoding=\"async\" width=\"1024\" height=\"1024\" src=\"https:\/\/blog.univ-angers.fr\/jardinspasserelle\/files\/2023\/07\/Insectes-pollinisateurs4-1024x1024.png\" alt=\"\" class=\"wp-image-952 size-full\" srcset=\"https:\/\/blog.univ-angers.fr\/jardinspasserelle\/files\/2023\/07\/Insectes-pollinisateurs4-1024x1024.png 1024w, https:\/\/blog.univ-angers.fr\/jardinspasserelle\/files\/2023\/07\/Insectes-pollinisateurs4-300x300.png 300w, https:\/\/blog.univ-angers.fr\/jardinspasserelle\/files\/2023\/07\/Insectes-pollinisateurs4-150x150.png 150w, https:\/\/blog.univ-angers.fr\/jardinspasserelle\/files\/2023\/07\/Insectes-pollinisateurs4-768x768.png 768w, https:\/\/blog.univ-angers.fr\/jardinspasserelle\/files\/2023\/07\/Insectes-pollinisateurs4-1200x1200.png 1200w, https:\/\/blog.univ-angers.fr\/jardinspasserelle\/files\/2023\/07\/Insectes-pollinisateurs4.png 1284w\" sizes=\"auto, (max-width: 1024px) 100vw, 1024px\" \/><\/figure><\/div>\n\n\n\n<div class=\"wp-block-media-text alignwide is-stacked-on-mobile is-vertically-aligned-center\"><figure class=\"wp-block-media-text__media\"><img loading=\"lazy\" decoding=\"async\" width=\"910\" height=\"1024\" src=\"https:\/\/blog.univ-angers.fr\/jardinspasserelle\/files\/2023\/07\/carabes-e1689608334222-910x1024.png\" alt=\"\" class=\"wp-image-956 size-full\" srcset=\"https:\/\/blog.univ-angers.fr\/jardinspasserelle\/files\/2023\/07\/carabes-e1689608334222-910x1024.png 910w, https:\/\/blog.univ-angers.fr\/jardinspasserelle\/files\/2023\/07\/carabes-e1689608334222-267x300.png 267w, https:\/\/blog.univ-angers.fr\/jardinspasserelle\/files\/2023\/07\/carabes-e1689608334222-768x864.png 768w, https:\/\/blog.univ-angers.fr\/jardinspasserelle\/files\/2023\/07\/carabes-e1689608334222.png 1010w\" sizes=\"auto, (max-width: 910px) 100vw, 910px\" \/><\/figure><div class=\"wp-block-media-text__content\">\n<div class=\"wp-block-group\" style=\"padding-top:2em;padding-right:2em;padding-bottom:2em;padding-left:2em\"><div class=\"wp-block-group__inner-container is-layout-flow wp-block-group-is-layout-flow\">\n<h2 class=\"wp-block-heading has-text-align-left\">Arthropodes rampants<\/h2>\n\n\n\n<h5 class=\"wp-block-heading has-text-align-left\"><strong>Pi\u00e8ges barber<\/strong> <\/h5>\n\n\n\n<p>Un pot de miel vide en plastique est plac\u00e9 et enterr\u00e9 \u00e0 la hauteur du sol. Il est rempli du m\u00eame m\u00e9lange que le pi\u00e8ge pr\u00e9c\u00e9dent. Un couvercle contre la pluie peut \u00eatre dispos\u00e9 (mais biais d\u2019attraction pour certaines esp\u00e8ces). Un pi\u00e8ge est dispos\u00e9 par parcelle pendant 15j.<\/p>\n\n\n\n<h6 class=\"wp-block-heading has-text-align-left\" style=\"font-size:15px\">fr\u00e9quence : 1 fois tous les 2 mois entre mars et septembre<\/h6>\n\n\n\n<h6 class=\"wp-block-heading\" style=\"font-size:15px\">Nombre de pi\u00e8ges :<\/h6>\n<\/div><\/div>\n<\/div><\/div>\n\n\n\n<div class=\"wp-block-media-text alignwide has-media-on-the-right is-stacked-on-mobile is-vertically-aligned-center\"><div class=\"wp-block-media-text__content\">\n<div class=\"wp-block-group\" style=\"padding-top:2em;padding-right:2em;padding-bottom:2em;padding-left:2em\"><div class=\"wp-block-group__inner-container is-layout-flow wp-block-group-is-layout-flow\">\n<h2 class=\"wp-block-heading has-text-align-right\">Papillons (l\u00e9pidopt\u00e8res et rhopaloc\u00e8res)<\/h2>\n\n\n\n<h5 class=\"wp-block-heading has-text-align-right\"><strong><strong>Capture au filet \u00e0 papillons<\/strong><\/strong><\/h5>\n\n\n\n<p class=\"has-text-align-right\">Pendant 30 minutes, les papillons sont captur\u00e9s gr\u00e2ce \u00e0 des filets et les esp\u00e8ces sont d\u00e9termin\u00e9es sur le terrain.<\/p>\n\n\n\n<h6 class=\"wp-block-heading has-text-align-right\" style=\"font-size:15px\"><strong>FR\u00c9QUENCE : 1 FOIS TOUS LES 2 MOIS ENTRE MARS ET SEPTEMBRE<\/strong><\/h6>\n<\/div><\/div>\n<\/div><figure class=\"wp-block-media-text__media\"><img loading=\"lazy\" decoding=\"async\" width=\"1024\" height=\"1024\" src=\"https:\/\/blog.univ-angers.fr\/jardinspasserelle\/files\/2023\/07\/PAPILLONS-1024x1024.png\" alt=\"\" class=\"wp-image-957 size-full\" srcset=\"https:\/\/blog.univ-angers.fr\/jardinspasserelle\/files\/2023\/07\/PAPILLONS-1024x1024.png 1024w, https:\/\/blog.univ-angers.fr\/jardinspasserelle\/files\/2023\/07\/PAPILLONS-300x300.png 300w, https:\/\/blog.univ-angers.fr\/jardinspasserelle\/files\/2023\/07\/PAPILLONS-150x150.png 150w, https:\/\/blog.univ-angers.fr\/jardinspasserelle\/files\/2023\/07\/PAPILLONS-768x768.png 768w, https:\/\/blog.univ-angers.fr\/jardinspasserelle\/files\/2023\/07\/PAPILLONS.png 1123w\" sizes=\"auto, (max-width: 1024px) 100vw, 1024px\" \/><\/figure><\/div>\n\n\n\n<div class=\"wp-block-media-text alignwide is-stacked-on-mobile is-vertically-aligned-center\"><figure class=\"wp-block-media-text__media\"><img loading=\"lazy\" decoding=\"async\" width=\"1024\" height=\"1024\" src=\"https:\/\/blog.univ-angers.fr\/jardinspasserelle\/files\/2023\/07\/lezards-1024x1024.png\" alt=\"\" class=\"wp-image-959 size-full\" srcset=\"https:\/\/blog.univ-angers.fr\/jardinspasserelle\/files\/2023\/07\/lezards-1024x1024.png 1024w, https:\/\/blog.univ-angers.fr\/jardinspasserelle\/files\/2023\/07\/lezards-300x300.png 300w, https:\/\/blog.univ-angers.fr\/jardinspasserelle\/files\/2023\/07\/lezards-150x150.png 150w, https:\/\/blog.univ-angers.fr\/jardinspasserelle\/files\/2023\/07\/lezards-768x768.png 768w, https:\/\/blog.univ-angers.fr\/jardinspasserelle\/files\/2023\/07\/lezards-1200x1200.png 1200w, https:\/\/blog.univ-angers.fr\/jardinspasserelle\/files\/2023\/07\/lezards.png 1284w\" sizes=\"auto, (max-width: 1024px) 100vw, 1024px\" \/><\/figure><div class=\"wp-block-media-text__content\">\n<div class=\"wp-block-group\" style=\"padding-top:2em;padding-right:2em;padding-bottom:2em;padding-left:2em\"><div class=\"wp-block-group__inner-container is-layout-flow wp-block-group-is-layout-flow\">\n<h2 class=\"wp-block-heading has-text-align-left\">Reptiles<\/h2>\n\n\n\n<h5 class=\"wp-block-heading has-text-align-left\"><strong>Transects<\/strong><\/h5>\n\n\n\n<p class=\"has-text-align-left\">Lors d&rsquo;une journ\u00e9e aux conditions m\u00e9t\u00e9os favorables \u00e0 la sortie des esp\u00e8ces, prospecter les bords du bois et les murets afin d\u2019essayer de d\u00e9tecter des individus en thermor\u00e9gulation.<\/p>\n\n\n\n<h6 class=\"wp-block-heading has-text-align-left\" style=\"font-size:15px\">fr\u00e9quence : 1 fois\/mois de mars \u00e0 la mi-octobre<\/h6>\n<\/div><\/div>\n<\/div><\/div>\n\n\n\n<div class=\"wp-block-media-text alignwide has-media-on-the-right is-stacked-on-mobile is-vertically-aligned-center\"><div class=\"wp-block-media-text__content\">\n<div class=\"wp-block-group\" style=\"padding-top:2em;padding-right:2em;padding-bottom:2em;padding-left:2em\"><div class=\"wp-block-group__inner-container is-layout-flow wp-block-group-is-layout-flow\">\n<h2 class=\"wp-block-heading has-text-align-right\">Micromammif\u00e8res<\/h2>\n\n\n\n<h5 class=\"wp-block-heading has-text-align-right\"><strong>Pi\u00e9geage<\/strong><\/h5>\n\n\n\n<p class=\"has-text-align-right\">Des pi\u00e8ges de type INRA sont dispos\u00e9s sur les parcelles. Durant une semaine, les pi\u00e8ges vont \u00eatre ouverts en fin de journ\u00e9e (17h-18h), puis relev\u00e9s le lendemain en d\u00e9but de matin\u00e9e (8h-9h). Les individus vont ensuite \u00eatre rel\u00e2ch\u00e9s au niveau du pi\u00e8ge o\u00f9 ils ont \u00e9t\u00e9 captur\u00e9s.<\/p>\n\n\n\n<h6 class=\"wp-block-heading has-text-align-right\" style=\"font-size:15px\">Nombre de pi\u00e8ges :  <\/h6>\n<\/div><\/div>\n<\/div><figure class=\"wp-block-media-text__media\"><img loading=\"lazy\" decoding=\"async\" width=\"1024\" height=\"1024\" src=\"https:\/\/blog.univ-angers.fr\/jardinspasserelle\/files\/2023\/07\/mammifere-3-1024x1024.png\" alt=\"\" class=\"wp-image-965 size-full\" srcset=\"https:\/\/blog.univ-angers.fr\/jardinspasserelle\/files\/2023\/07\/mammifere-3-1024x1024.png 1024w, https:\/\/blog.univ-angers.fr\/jardinspasserelle\/files\/2023\/07\/mammifere-3-300x300.png 300w, https:\/\/blog.univ-angers.fr\/jardinspasserelle\/files\/2023\/07\/mammifere-3-150x150.png 150w, https:\/\/blog.univ-angers.fr\/jardinspasserelle\/files\/2023\/07\/mammifere-3-768x768.png 768w, https:\/\/blog.univ-angers.fr\/jardinspasserelle\/files\/2023\/07\/mammifere-3-1536x1536.png 1536w, https:\/\/blog.univ-angers.fr\/jardinspasserelle\/files\/2023\/07\/mammifere-3-1200x1200.png 1200w, https:\/\/blog.univ-angers.fr\/jardinspasserelle\/files\/2023\/07\/mammifere-3.png 1687w\" sizes=\"auto, (max-width: 1024px) 100vw, 1024px\" \/><\/figure><\/div>\n\n\n\n<div class=\"wp-block-media-text alignwide is-stacked-on-mobile is-vertically-aligned-center\"><figure class=\"wp-block-media-text__media\"><img loading=\"lazy\" decoding=\"async\" width=\"1024\" height=\"1024\" src=\"https:\/\/blog.univ-angers.fr\/jardinspasserelle\/files\/2023\/07\/vers-de-terre-1024x1024.png\" alt=\"\" class=\"wp-image-960 size-full\" srcset=\"https:\/\/blog.univ-angers.fr\/jardinspasserelle\/files\/2023\/07\/vers-de-terre-1024x1024.png 1024w, https:\/\/blog.univ-angers.fr\/jardinspasserelle\/files\/2023\/07\/vers-de-terre-300x300.png 300w, https:\/\/blog.univ-angers.fr\/jardinspasserelle\/files\/2023\/07\/vers-de-terre-150x150.png 150w, https:\/\/blog.univ-angers.fr\/jardinspasserelle\/files\/2023\/07\/vers-de-terre-768x769.png 768w, https:\/\/blog.univ-angers.fr\/jardinspasserelle\/files\/2023\/07\/vers-de-terre-1200x1201.png 1200w, https:\/\/blog.univ-angers.fr\/jardinspasserelle\/files\/2023\/07\/vers-de-terre.png 1324w\" sizes=\"auto, (max-width: 1024px) 100vw, 1024px\" \/><\/figure><div class=\"wp-block-media-text__content\">\n<div class=\"wp-block-group\" style=\"padding-top:2em;padding-right:2em;padding-bottom:2em;padding-left:2em\"><div class=\"wp-block-group__inner-container is-layout-flow wp-block-group-is-layout-flow\">\n<h2 class=\"wp-block-heading has-text-align-left\">Lombrics<\/h2>\n\n\n\n<h5 class=\"wp-block-heading has-text-align-left\">Protocole moutarde<\/h5>\n\n\n\n<p class=\"has-text-align-left\">Des zones d&rsquo;1 m\u00b2 sont arros\u00e9es d&rsquo;un m\u00e9lange d&rsquo;eau et de moutarde. Cela fait remonter les lombrics \u00e0 la surface. Ensuite il faut creuser \u00e0 l\u2019aide de la b\u00eache des bottes de terre de 20 cm de profondeur et mettre les bottes de terre dans un bac avec de l\u2019eau pr\u00e9remplie<\/p>\n\n\n\n<h6 class=\"wp-block-heading\" style=\"font-size:15px\">Nombre de points d&rsquo;\u00e9chantillonage : 13<\/h6>\n<\/div><\/div>\n<\/div><\/div>\n\n\n\n<div class=\"wp-block-media-text alignwide has-media-on-the-right is-stacked-on-mobile is-vertically-aligned-center\"><div class=\"wp-block-media-text__content\">\n<div class=\"wp-block-group\" style=\"padding-top:2em;padding-right:2em;padding-bottom:2em;padding-left:2em\"><div class=\"wp-block-group__inner-container is-layout-flow wp-block-group-is-layout-flow\">\n<h2 class=\"wp-block-heading has-text-align-right\">Faune du sol<\/h2>\n\n\n\n<h5 class=\"wp-block-heading has-text-align-right\"><strong>M\u00e9thode de Berl\u00e8se<\/strong><\/h5>\n\n\n\n<p class=\"has-text-align-right\">L\u2019appareil de Berl\u00e8se est constitu\u00e9 d\u2019un entonnoir sur lequel est dispos\u00e9e une grille et sous lequel se trouve un flacon r\u00e9cepteur. L\u2019\u00e9chantillon de sol ou de liti\u00e8re est plac\u00e9 sur la grille. Une lampe \u00e0 incandescence (source de lumi\u00e8re et de chaleur) dispos\u00e9e au-dessus de l\u2019\u00e9chantillon de liti\u00e8re va provoquer la fuite des organismes vers le bas ; ils vont alors passer \u00e0 travers la grille. Ils tombent alors dans le flacon r\u00e9cepteur contenant de l\u2019\u00e9thanol.<\/p>\n<\/div><\/div>\n<\/div><figure class=\"wp-block-media-text__media\"><img loading=\"lazy\" decoding=\"async\" width=\"1024\" height=\"1024\" src=\"https:\/\/blog.univ-angers.fr\/jardinspasserelle\/files\/2023\/07\/collembole-1024x1024.png\" alt=\"\" class=\"wp-image-961 size-full\" srcset=\"https:\/\/blog.univ-angers.fr\/jardinspasserelle\/files\/2023\/07\/collembole-1024x1024.png 1024w, https:\/\/blog.univ-angers.fr\/jardinspasserelle\/files\/2023\/07\/collembole-300x300.png 300w, https:\/\/blog.univ-angers.fr\/jardinspasserelle\/files\/2023\/07\/collembole-150x150.png 150w, https:\/\/blog.univ-angers.fr\/jardinspasserelle\/files\/2023\/07\/collembole-768x769.png 768w, https:\/\/blog.univ-angers.fr\/jardinspasserelle\/files\/2023\/07\/collembole.png 1119w\" sizes=\"auto, (max-width: 1024px) 100vw, 1024px\" \/><\/figure><\/div>\n","protected":false},"excerpt":{"rendered":"","protected":false},"author":107634,"featured_media":0,"parent":0,"menu_order":0,"comment_status":"closed","ping_status":"closed","template":"","meta":{"footnotes":""},"class_list":["post-825","page","type-page","status-publish","hentry"],"_links":{"self":[{"href":"https:\/\/blog.univ-angers.fr\/jardinspasserelle\/wp-json\/wp\/v2\/pages\/825","targetHints":{"allow":["GET"]}}],"collection":[{"href":"https:\/\/blog.univ-angers.fr\/jardinspasserelle\/wp-json\/wp\/v2\/pages"}],"about":[{"href":"https:\/\/blog.univ-angers.fr\/jardinspasserelle\/wp-json\/wp\/v2\/types\/page"}],"author":[{"embeddable":true,"href":"https:\/\/blog.univ-angers.fr\/jardinspasserelle\/wp-json\/wp\/v2\/users\/107634"}],"replies":[{"embeddable":true,"href":"https:\/\/blog.univ-angers.fr\/jardinspasserelle\/wp-json\/wp\/v2\/comments?post=825"}],"version-history":[{"count":21,"href":"https:\/\/blog.univ-angers.fr\/jardinspasserelle\/wp-json\/wp\/v2\/pages\/825\/revisions"}],"predecessor-version":[{"id":978,"href":"https:\/\/blog.univ-angers.fr\/jardinspasserelle\/wp-json\/wp\/v2\/pages\/825\/revisions\/978"}],"wp:attachment":[{"href":"https:\/\/blog.univ-angers.fr\/jardinspasserelle\/wp-json\/wp\/v2\/media?parent=825"}],"curies":[{"name":"wp","href":"https:\/\/api.w.org\/{rel}","templated":true}]}}